{"id":23582,"date":"2025-07-16T04:36:50","date_gmt":"2025-07-16T04:36:50","guid":{"rendered":"https:\/\/stage.jrfer.com\/uber-uns-2\/"},"modified":"2026-04-07T07:18:25","modified_gmt":"2026-04-07T07:18:25","slug":"about","status":"publish","type":"page","link":"https:\/\/stage.jrfer.com\/de\/about\/","title":{"rendered":"\u00dcber uns"},"content":{"rendered":"<div class=\"jr-page jr-page--about\">\n<section class=\"jr-hero\">\n<p class=\"jr-kicker\">Rico Vape<\/p>\n<h1>\u00dcber uns<\/h1>\n<div class=\"jr-hero-copy\">\n<p>Willkommen bei RicoVapes, Ihrer Anlaufstelle f\u00fcr hochwertige Einweg-E-Zigaretten und Vape-Produkte.<br \/>Unsere Mission ist es, qualitativ hochwertige, innovative Vaping-L\u00f6sungen anzubieten, die auf Ihre Bed\u00fcrfnisse zugeschnitten sind.<\/p>\n<\/div>\n<\/section>\n<div class=\"jr-card-grid\">\n<article class=\"jr-info-card\">\n<h3>Unsere Produkte<\/h3>\n<div class=\"jr-card-copy\">\n<div>Wir bieten hochwertige Einweg-E-Zigaretten und bieten OEM-Dienstleistungen f\u00fcr ma\u00dfgeschneiderte Vape-Produkte an. Alle unsere Produkte werden strengen Tests unterzogen, um sicherzustellen, dass sie den h\u00f6chsten Standards entsprechen.<\/div>\n<\/div>\n<\/article>\n<article class=\"jr-info-card\">\n<h3>Gro\u00dfhandels- und OEM-Dienstleistungen<\/h3>\n<div class=\"jr-card-copy\">\n<div>Wir bieten hochwertige Einweg-E-Zigaretten und bieten OEM-Dienstleistungen f\u00fcr ma\u00dfgeschneiderte Vape-Produkte an. Alle unsere Produkte werden strengen Tests unterzogen, um sicherzustellen, dass sie den h\u00f6chsten Standards entsprechen.<\/div>\n<\/div>\n<\/article>\n<article class=\"jr-info-card\">\n<h3>Schneller und sicherer Versand<\/h3>\n<div class=\"jr-card-copy\">\n<div>Wir bearbeiten Bestellungen innerhalb von 1\u20133 Werktagen und versenden mit zuverl\u00e4ssigen Spediteuren wie DHL, DPD, UPS und lokalen Postdiensten.\n<\/div>\n<div>Unser effizienter Versand gew\u00e4hrleistet eine schnelle und sichere Lieferung.<\/div>\n<\/div>\n<\/article>\n<article class=\"jr-info-card\">\n<h3>Sichere Zahlungen<\/h3>\n<div class=\"jr-card-copy\">\n<div>Wir unterst\u00fctzen PayPal, Kreditkarten, Bank\u00fcberweisungen und Kryptow\u00e4hrungszahlungen und verwenden SSL-Verschl\u00fcsselung f\u00fcr die Daten\u00fcbertragung.<\/div>\n<\/div>\n<\/article>\n<article class=\"jr-info-card\">\n<h3>Kundensupport<\/h3>\n<div class=\"jr-card-copy\">\n<div>Unser engagiertes Kundensupport-Team ist f\u00fcr Sie da. Kontaktieren Sie uns per E-Mail an support@ricovape.com oder WhatsApp <a href=\"https:\/\/api.whatsapp.com\/send?phone=8618241953968\" target=\"_blank\" rel=\"noopener\">+8618241953968<\/a>. Wir sind Montag bis Freitag von 9.00 \u2013 20.00 Uhr erreichbar. Chinesische Standardzeit.<\/div>\n<\/div>\n<\/article>\n<\/div>\n<\/div>\n","protected":false},"excerpt":{"rendered":"<p>Rico Vape \u00dcber uns Willkommen bei RicoVapes, Ihrer Anlaufstelle f\u00fcr hochwertige Einweg-E-Zigaretten und Vape-Produkte.Unsere Mission ist es, qualitativ hochwertige, innovative Vaping-L\u00f6sungen anzubieten, die auf Ihre Bed\u00fcrfnisse zugeschnitten sind. Unsere Produkte Wir bieten hochwertige Einweg-E-Zigaretten und bieten OEM-Dienstleistungen f\u00fcr ma\u00dfgeschneiderte Vape-Produkte an. Alle unsere Produkte werden strengen Tests unterzogen, um sicherzustellen, dass sie den h\u00f6chsten Standards [&hellip;]<\/p>\n","protected":false},"author":1,"featured_media":0,"parent":0,"menu_order":0,"comment_status":"closed","ping_status":"closed","template":"","meta":{"footnotes":""},"class_list":["post-23582","page","type-page","status-publish","hentry"],"_links":{"self":[{"href":"https:\/\/stage.jrfer.com\/de\/wp-json\/wp\/v2\/pages\/23582","targetHints":{"allow":["GET"]}}],"collection":[{"href":"https:\/\/stage.jrfer.com\/de\/wp-json\/wp\/v2\/pages"}],"about":[{"href":"https:\/\/stage.jrfer.com\/de\/wp-json\/wp\/v2\/types\/page"}],"author":[{"embeddable":true,"href":"https:\/\/stage.jrfer.com\/de\/wp-json\/wp\/v2\/users\/1"}],"replies":[{"embeddable":true,"href":"https:\/\/stage.jrfer.com\/de\/wp-json\/wp\/v2\/comments?post=23582"}],"version-history":[{"count":2,"href":"https:\/\/stage.jrfer.com\/de\/wp-json\/wp\/v2\/pages\/23582\/revisions"}],"predecessor-version":[{"id":69387,"href":"https:\/\/stage.jrfer.com\/de\/wp-json\/wp\/v2\/pages\/23582\/revisions\/69387"}],"wp:attachment":[{"href":"https:\/\/stage.jrfer.com\/de\/wp-json\/wp\/v2\/media?parent=23582"}],"curies":[{"name":"wp","href":"https:\/\/api.w.org\/{rel}","templated":true}]}}