{"id":23609,"date":"2025-07-16T05:44:51","date_gmt":"2025-07-16T05:44:51","guid":{"rendered":"https:\/\/stage.jrfer.com\/groshandel-2\/"},"modified":"2026-04-07T07:19:10","modified_gmt":"2026-04-07T07:19:10","slug":"wholesale","status":"publish","type":"page","link":"https:\/\/stage.jrfer.com\/de\/wholesale\/","title":{"rendered":"Gro\u00dfhandel"},"content":{"rendered":"<div class=\"jr-page jr-page--wholesale\">\n<section class=\"jr-hero\">\n<p class=\"jr-kicker\">Rico Vape B2B<\/p>\n<h1>Gro\u00dfhandel<\/h1>\n<p class=\"jr-subhead\">Einkauf im Gro\u00dfhandel<\/p>\n<div class=\"jr-hero-copy\">\n<p>Wir widmen uns der Bereitstellung hochwertiger E-Zigaretten und Zubeh\u00f6r f\u00fcr Einzelh\u00e4ndler und Distributoren weltweit. Als f\u00fchrender Anbieter der Branche bieten wir eine breite Produktpalette und wettbewerbsf\u00e4hige Gro\u00dfhandelspreise, um den vielf\u00e4ltigen Anforderungen Ihres Unternehmens gerecht zu werden.<\/p>\n<\/div>\n<\/section>\n<section class=\"jr-checklist-panel\">\n<h2>Warum Sie sich f\u00fcr uns entscheiden sollten?<\/h2>\n<ul class=\"jr-checklist\">\n<li><strong>Gro\u00dfe Produktauswahl<\/strong>: Von den neuesten E-Zigaretten-Ger\u00e4ten bis hin zu einer Vielzahl von E-Liquid-Geschmacksrichtungen haben wir alles, was Sie brauchen.<\/li>\n<li><strong>Premium-Qualit\u00e4t<\/strong>: Alle unsere Produkte werden strengen Qualit\u00e4tspr\u00fcfungen unterzogen, um Sicherheit und Sicherheit zu gew\u00e4hrleisten Zuverl\u00e4ssigkeit.<\/li>\n<li><strong>Flexible Bestellmengen<\/strong>: Egal, ob Sie ein kleiner Einzelh\u00e4ndler oder ein gro\u00dfer H\u00e4ndler sind, wir k\u00f6nnen auf Ihre Bestellanforderungen eingehen.<\/li>\n<li><strong>Schnelle Versanddienste<\/strong>: Durch die Zusammenarbeit mit mehreren globalen Logistikunternehmen stellen wir sicher, dass Ihre Bestellungen schnell und sicher geliefert werden, mit Online-Tracking in Echtzeit.<\/li>\n<li><strong>Exzellenter Kundensupport<\/strong>: Unser engagiertes Team steht Ihnen bei allen Fragen und Problemen zur Seite haben.<\/li>\n<\/ul>\n<\/section>\n<section class=\"jr-closing\">\n<p>Kontaktieren Sie noch heute unser Gro\u00dfhandelsteam, um mehr \u00fcber unsere Angebote und Gro\u00dfhandelsrabatte zu erfahren.<\/p>\n<p>Wir freuen uns auf die Zusammenarbeit mit Ihnen und auf den gemeinsamen gro\u00dfen Erfolg!<\/p>\n<\/section>\n<\/div>\n","protected":false},"excerpt":{"rendered":"<p>Rico Vape B2B Gro\u00dfhandel Einkauf im Gro\u00dfhandel Wir widmen uns der Bereitstellung hochwertiger E-Zigaretten und Zubeh\u00f6r f\u00fcr Einzelh\u00e4ndler und Distributoren weltweit. Als f\u00fchrender Anbieter der Branche bieten wir eine breite Produktpalette und wettbewerbsf\u00e4hige Gro\u00dfhandelspreise, um den vielf\u00e4ltigen Anforderungen Ihres Unternehmens gerecht zu werden. Warum Sie sich f\u00fcr uns entscheiden sollten? Gro\u00dfe Produktauswahl: Von den neuesten [&hellip;]<\/p>\n","protected":false},"author":1,"featured_media":0,"parent":0,"menu_order":0,"comment_status":"closed","ping_status":"closed","template":"","meta":{"footnotes":""},"class_list":["post-23609","page","type-page","status-publish","hentry"],"_links":{"self":[{"href":"https:\/\/stage.jrfer.com\/de\/wp-json\/wp\/v2\/pages\/23609","targetHints":{"allow":["GET"]}}],"collection":[{"href":"https:\/\/stage.jrfer.com\/de\/wp-json\/wp\/v2\/pages"}],"about":[{"href":"https:\/\/stage.jrfer.com\/de\/wp-json\/wp\/v2\/types\/page"}],"author":[{"embeddable":true,"href":"https:\/\/stage.jrfer.com\/de\/wp-json\/wp\/v2\/users\/1"}],"replies":[{"embeddable":true,"href":"https:\/\/stage.jrfer.com\/de\/wp-json\/wp\/v2\/comments?post=23609"}],"version-history":[{"count":2,"href":"https:\/\/stage.jrfer.com\/de\/wp-json\/wp\/v2\/pages\/23609\/revisions"}],"predecessor-version":[{"id":69405,"href":"https:\/\/stage.jrfer.com\/de\/wp-json\/wp\/v2\/pages\/23609\/revisions\/69405"}],"wp:attachment":[{"href":"https:\/\/stage.jrfer.com\/de\/wp-json\/wp\/v2\/media?parent=23609"}],"curies":[{"name":"wp","href":"https:\/\/api.w.org\/{rel}","templated":true}]}}