{"id":8664,"date":"2025-06-23T04:47:15","date_gmt":"2025-06-23T04:47:15","guid":{"rendered":"https:\/\/stage.jrfer.com\/startseite\/"},"modified":"2026-04-06T12:47:16","modified_gmt":"2026-04-06T12:47:16","slug":"startseite","status":"publish","type":"page","link":"https:\/\/stage.jrfer.com\/de\/","title":{"rendered":"Heim"},"content":{"rendered":"<h4>Sichere Zahlung<\/h4>\n<p>Kaufen Sie mit der Gewissheit ein, dass Ihre Zahlungsinformationen durch branchenf\u00fchrende Sicherheitsstandards gesch\u00fctzt sind.<\/p>\n<h4>Exzellenter Service<\/h4>\n<p>Erleben Sie erstklassigen Kundenservice mit unserem engagierten Team, das Ihnen bei allen Fragen und Anliegen behilflich ist.<\/p>\n<h4>Schnelle Lieferung<\/h4>\n<p>Genie\u00dfen Sie den schnellen und zuverl\u00e4ssigen Versand aller Bestellungen und stellen Sie sicher, dass Sie Ihre Produkte umgehend und in einwandfreiem Zustand erhalten.<\/p>\n<h4>Echte Produkte<\/h4>\n<p>Wir garantieren, dass alle unsere Produkte 100 % authentisch sind und direkt von vertrauensw\u00fcrdigen Herstellern stammen.<\/p>\n<h3 id=\"brxe-xhtvan\" class=\"brxe-heading\">Neuheiten<\/h3>\n<div id=\"brxe-aezrzz\" class=\"brxe-text-basic\">Bleiben Sie mit der neuesten und besten Dampftechnologie immer einen Schritt voraus.<\/div>\n<h3 id=\"brxe-kobdsx\" class=\"brxe-heading\">Die beliebtesten Produkte<\/em><\/h3>\n<div id=\"brxe-vxehmw\" class=\"brxe-text-basic\">HolaVapes bietet praktische, vorgef\u00fcllte Einweg-E-Zigaretten in verschiedenen Geschmacksrichtungen. Es ist einfach und wartungsfrei zu verwenden und bietet ein reibungsloses Dampferlebnis, was es sowohl f\u00fcr Anf\u00e4nger als auch f\u00fcr erfahrene Benutzer zu einer gro\u00dfartigen Alternative zum herk\u00f6mmlichen Rauchen macht. Kompakt und tragbar f\u00fcr den Einsatz unterwegs.<\/div>\n<h3 id=\"brxe-juvpfn\" class=\"brxe-heading\" style=\"text-align: center;\">Blog.  <em>F\u00fcr den Einstieg<\/em><\/h3>\n<p>WASPE Bar 60K: 60.000 Z\u00fcge langanhaltenden Geschmacks<\/p>\n<p>60.000 Z\u00fcge und 16 Geschmacksrichtungen. Mit der <em>WASPE Bar 60K<\/em> machen Sie keine Kompromisse \u2013 sie ist auf Langlebigkeit und Leistung ausgelegt. Erstklassige Verarbeitungsqualit\u00e4t, gleichm\u00e4\u00dfige Zugkonsistenz und eine Geschmackspalette, die alles von fruchtig bis eisig abdeckt. F\u00fcllen Sie den Riegel auf, der daf\u00fcr sorgt, dass Ihre Kunden wiederkommen.<\/p>\n<p>Jetzt kaufen<\/p>\n<p>Happ Bar GR100K Pro: 100.000 Z\u00fcge Mesh-Spulenleistung<\/p>\n<p>100.000 Z\u00fcge. 56 ml Premium-E-Liquid. Die <em>Happ Bar GR100K Pro<\/em> bringt die Mesh-Coil-Technologie in das High-Puff-Spiel \u2013 und sorgt vom ersten bis zum letzten Zug f\u00fcr reichhaltigeren Geschmack und dichtere Wolken. 15 Geschmacksrichtungen, keine Kompromisse. Das ist der Massendampf, den Ihr Regal braucht.<\/p>\n<p>Jetzt kaufen<\/p>\n<p>Happ Bar MT50000: 50.000 Z\u00fcge mit LCD-Display<\/p>\n<p>50.000 Z\u00fcge, ein gestochen scharfer LCD-Bildschirm und 45 ml Saft in einem eleganten Ger\u00e4t. Die <em>Happ Bar MT50000<\/em> sorgt daf\u00fcr, dass Dampfer informiert und zufrieden sind \u2013 wiederaufladbar vom Typ C, 15 Geschmacksoptionen und ein Design, das genauso gut aussieht wie seine Leistung. Gro\u00dfhandelspreise, die Sinn machen.<\/p>\n<p>Jetzt kaufen<\/p>\n","protected":false},"excerpt":{"rendered":"<p>Sichere Zahlung Kaufen Sie mit der Gewissheit ein, dass Ihre Zahlungsinformationen durch branchenf\u00fchrende Sicherheitsstandards gesch\u00fctzt sind. Exzellenter Service Erleben Sie erstklassigen Kundenservice mit unserem engagierten Team, das Ihnen bei allen Fragen und Anliegen behilflich ist. Schnelle Lieferung Genie\u00dfen Sie den schnellen und zuverl\u00e4ssigen Versand aller Bestellungen und stellen Sie sicher, dass Sie Ihre Produkte umgehend [&hellip;]<\/p>\n","protected":false},"author":1,"featured_media":0,"parent":0,"menu_order":0,"comment_status":"closed","ping_status":"open","template":"","meta":{"footnotes":""},"class_list":["post-8664","page","type-page","status-publish","hentry"],"_links":{"self":[{"href":"https:\/\/stage.jrfer.com\/de\/wp-json\/wp\/v2\/pages\/8664","targetHints":{"allow":["GET"]}}],"collection":[{"href":"https:\/\/stage.jrfer.com\/de\/wp-json\/wp\/v2\/pages"}],"about":[{"href":"https:\/\/stage.jrfer.com\/de\/wp-json\/wp\/v2\/types\/page"}],"author":[{"embeddable":true,"href":"https:\/\/stage.jrfer.com\/de\/wp-json\/wp\/v2\/users\/1"}],"replies":[{"embeddable":true,"href":"https:\/\/stage.jrfer.com\/de\/wp-json\/wp\/v2\/comments?post=8664"}],"version-history":[{"count":3,"href":"https:\/\/stage.jrfer.com\/de\/wp-json\/wp\/v2\/pages\/8664\/revisions"}],"predecessor-version":[{"id":23878,"href":"https:\/\/stage.jrfer.com\/de\/wp-json\/wp\/v2\/pages\/8664\/revisions\/23878"}],"wp:attachment":[{"href":"https:\/\/stage.jrfer.com\/de\/wp-json\/wp\/v2\/media?parent=8664"}],"curies":[{"name":"wp","href":"https:\/\/api.w.org\/{rel}","templated":true}]}}