{"id":21631,"date":"2026-03-12T04:24:33","date_gmt":"2026-03-12T04:24:33","guid":{"rendered":"https:\/\/stage.jrfer.com\/product\/bang-legend-geek-60k-einstellbarer-luftstrom-und-turbomodus-60-000-zuge-einweg-vaporizer-mit-hoher-kapazitat\/"},"modified":"2026-04-07T09:50:05","modified_gmt":"2026-04-07T09:50:05","slug":"bang-legend-geek-60k-adjustable-airflow-turbo-mode-60000-puffs-high-capacity-disposable-vape","status":"publish","type":"product","link":"https:\/\/stage.jrfer.com\/de\/produkt\/bang-legend-geek-60k-adjustable-airflow-turbo-mode-60000-puffs-high-capacity-disposable-vape\/","title":{"rendered":"Bang Legend Geek 60K | Einstellbarer Luftstrom und Turbomodus, 60.000 Z\u00fcge, Einweg-Vaporizer mit hoher Kapazit\u00e4t"},"content":{"rendered":"<h2>Bang Legend Geek 60000 60K Z\u00fcge Einweg-Vaporizer \u2013 Kraft, Kontrolle und Ausdauer<\/h2>\n<p>Der Einweg-Vaporizer Bang Legend Geek 60000 wurde f\u00fcr Dampfer entwickelt, die eine <strong>maximale Zuganzahl<\/strong> mit <strong>intelligenter Anpassung<\/strong> w\u00fcnschen. Mit bis zu 60.000 Z\u00fcgen, einstellbarem Luftstrom und einem exklusiven Turbo-Modus bietet dieses Ger\u00e4t ein kraftvolles und dennoch sanftes Dampferlebnis vom ersten bis zum letzten Zug \ud83d\udca8.<\/p>\n<p>Ausgestattet mit einer gro\u00dfen E-Liquid-Kapazit\u00e4t von 19 ml und einer fortschrittlichen 1,0-\u03a9-Mesh-Spule sorgt es f\u00fcr satten Geschmack, dichten Dampf und konstante Leistung. Der wiederaufladbare 850-mAh-Akku mit Typ-C-Schnellladung sorgt daf\u00fcr, dass Sie l\u00e4nger dampfen und weniger Ausfallzeiten haben \ud83d\udd0b.<\/p>\n<h3>Warum sollten Sie sich f\u00fcr Bang Legend Geek 60000 entscheiden?<\/h3>\n<ul>\n<li>\ud83d\udd25 Bis zu 60.000 Z\u00fcge f\u00fcr eine extrem lange Anwendung<\/li>\n<li>\ud83c\udf9b Einstellbarer Luftstrom f\u00fcr enge oder luftige Z\u00fcge<\/li>\n<li>\u26a1 Turbo-Modus f\u00fcr st\u00e4rkere Treffer und gr\u00f6\u00dfere Wolken<\/li>\n<li>\ud83e\uddea 19 ml gro\u00dfe E-Liquid-Kapazit\u00e4t reduziert den Austauschaufwand<\/li>\n<li>\ud83c\udf08 12 beliebte Geschmacksrichtungen f\u00fcr unterschiedliche Geschm\u00e4cker<\/li>\n<li>\ud83d\udc40 Klares E-Liquid-Fenster zur einfachen \u00dcberpr\u00fcfung des Saftf\u00fcllstands<\/li>\n<li>\ud83d\udce6 10 St\u00fcck pro Karton, perfekt f\u00fcr den Einzel- und Gro\u00dfhandel<\/li>\n<\/ul>\n<h3>Bang Legend Geek 60K-Spezifikationen<\/h3>\n<\/p>\n<tbody>\n<tr>\n<td>Puffanzahl<\/td>\n<td>Bis zu 60.000 Z\u00fcge<\/td>\n<\/tr>\n<tr>\n<td>Nikotinst\u00e4rke<\/td>\n<td>2 % \/ 3 % \/ 5 %<\/td>\n<\/tr>\n<tr>\n<td>E-Liquid-Kapazit\u00e4t<\/td>\n<td>19 ml<\/td>\n<\/tr>\n<tr>\n<td>Spulentyp<\/td>\n<td>1,0-\u03a9-Mesh-Spule<\/td>\n<\/tr>\n<tr>\n<td>Batterie<\/td>\n<td>850 mAh wiederaufladbar<\/td>\n<\/tr>\n<tr>\n<td>Ladeanschluss<\/td>\n<td>Typ-C-Schnellladung<\/td>\n<\/tr>\n<tr>\n<td>Luftstrom<\/td>\n<td>Einstellbar<\/td>\n<\/tr>\n<tr>\n<td>Spezialmodus<\/td>\n<td>Turbo-Modus<\/td>\n<\/tr>\n<tr>\n<td>Gr\u00f6\u00dfe<\/td>\n<td>48,5 \u00d7 27 \u00d7 100 mm<\/td>\n<\/tr>\n<tr>\n<td>Verpackung<\/td>\n<td>10 St\u00fcck \/ Karton<\/td>\n<\/tr>\n<\/tbody>\n<\/table>\n<h3>Bang Legend Geek 60K verf\u00fcgbare Geschmacksrichtungen \ud83c\udf53\ud83c\udf47\ud83c\udf51<\/h3>\n<ul>\n<li><strong>Erdbeer-Wassermelone<\/strong> \u2013 S\u00fc\u00dfe Erdbeeren gemischt mit saftiger Wassermelone<\/li>\n<li><strong>Blaubeereis<\/strong> \u2013 Frische Blaubeeren mit einem k\u00fchlen, eisigen Abgang<\/li>\n<li><strong>Blaubeer-Himbeere<\/strong> \u2013 Ausgewogene Mischung aus s\u00fc\u00dfen und s\u00e4uerlichen Beeren<\/li>\n<li><strong>Erdbeer-Kiwi<\/strong> \u2013 Fruchtige und erfrischende tropische Kombination<\/li>\n<li><strong>Erdbeer-Banane<\/strong> \u2013 Cremige Banane mit reifen Erdbeernoten<\/li>\n<li><strong>Traubeneis<\/strong> \u2013 Kr\u00e4ftiger Traubengeschmack mit k\u00fchlendem Menthol<\/li>\n<li><strong>Erdbeer-Mango<\/strong> \u2013 Sanfte Erdbeere trifft auf saftige Mango<\/li>\n<li><strong>Kiwi-Passionsfrucht-Guave<\/strong> \u2013 Exotische tropische Fruchtexplosion<\/li>\n<li><strong>Mamba<\/strong> \u2013 fruchtige S\u00fc\u00dfe im Candy-Stil<\/li>\n<li><strong>Liebe 66<\/strong> \u2013 Klassische Shisha-inspirierte Fruchtmischung<\/li>\n<li><strong>Gemischte Beeren<\/strong> \u2013 Reichhaltige Mischung aus mehreren Beerenaromen<\/li>\n<li><strong>Pfirsicheis<\/strong> \u2013 Saftiger Pfirsich mit einer erfrischenden, eisigen Note<\/li>\n<\/ul>\n<h3>Perfekt f\u00fcr Benutzer und Unternehmen<\/h3>\n<p>Der Bang Legend Geek 60K ist ideal f\u00fcr <strong>starke Benutzer<\/strong>, die langanhaltende Leistung w\u00fcnschen, <strong>Geschmacksj\u00e4ger<\/strong>, die starken Geschmack und dichten Dampf lieben, und <strong>Vape-Shops oder -H\u00e4ndler<\/strong>, die ein stark nachgefragtes Einwegprodukt in gro\u00dfen Mengen suchen \ud83d\udcbc. Seine Premium-Funktionen und die hohe Puffzahl machen es zu einem starken Verkaufsschlager sowohl im Einzel- als auch im Gro\u00dfhandel.<\/p>\n<h3>Bang Legend Geek 60K-FAQs<\/h3>\n<p><strong>Was unterscheidet den Bang Legend Geek 60K von normalen Einweg-Vaporizern?<\/strong><br \/>\nDer Bang Legend Geek 60K bietet bis zu 60.000 Z\u00fcge, einen einstellbaren Luftstrom und einen Turbo-Modus, sodass Benutzer die volle Kontrolle \u00fcber Zugst\u00e4rke, Dampfaussto\u00df und Geschmacksintensit\u00e4t haben \u2013 Funktionen, die bei Standard-Einwegartikeln selten zu finden sind.<\/p>\n<p><strong>Wie funktioniert der einstellbare Luftstrom?<\/strong><br \/>\nDie Luftstromsteuerung erm\u00f6glicht es Benutzern, zwischen einem festen, zigaretten\u00e4hnlichen Zug und einem lockeren, luftigen Inhalieren zu wechseln. Dadurch eignet sich das Ger\u00e4t sowohl f\u00fcr MTL- als auch f\u00fcr DTL-Dampfstile.<\/p>\n<p><strong>Was ist der Turbo-Modus und wann sollte er verwendet werden?<\/strong><br \/>\nDer Turbo-Modus erh\u00f6ht die Leistungsabgabe f\u00fcr st\u00e4rkere Treffer und gr\u00f6\u00dfere Wolken \u26a1. Es ist ideal f\u00fcr erfahrene Benutzer, Vieldampfer oder alle, die ein intensiveres Geschmackserlebnis w\u00fcnschen.<\/p>\n<p><strong>Wird der Geschmack bei einer so hohen Anzahl von Z\u00fcgen erhalten bleiben?<\/strong><br \/>\nJa \u2705. Die 1,0-\u03a9-Mesh-Spule und die gro\u00dfe E-Liquid-Kapazit\u00e4t von 19 ml sind darauf ausgelegt, vom ersten bis zum letzten Zug einen gleichm\u00e4\u00dfigen Dampf und ein reichhaltiges Aroma aufrechtzuerhalten.<\/p>\n<p><strong>Wie lange h\u00e4lt der Akku und kann er wieder aufgeladen werden?<\/strong><br \/>\nDer eingebaute 850-mAh-Akku ist \u00fcber Typ-C-Ladefunktion vollst\u00e4ndig wiederaufladbar, sodass Sie alle 60.000 Z\u00fcge ohne Stromprobleme verwenden k\u00f6nnen \ud83d\udd0b.<\/p>\n<p><strong>Kann ich sehen, wie viel E-Liquid noch \u00fcbrig ist?<\/strong><br \/>\nJa. Das klare E-Liquid-Fenster erm\u00f6glicht es Benutzern, den Saftstand einfach zu \u00fcberwachen, was dazu beitr\u00e4gt, Dry Hits zu verhindern und die Gesamtzuverl\u00e4ssigkeit zu verbessern.<\/p>\n<p><strong>Ist dieses Ger\u00e4t f\u00fcr Einzelhandelsgesch\u00e4fte und Gro\u00dfh\u00e4ndler geeignet?<\/strong><br \/>\nAbsolut \ud83d\udcbc. Mit stark nachgefragten Funktionen, 12 beliebten Geschmacksrichtungen und einer Verpackung mit 10 St\u00fcck pro Karton ist der Bang Legend Geek 60K eine ausgezeichnete Wahl f\u00fcr Vape-Shops, H\u00e4ndler und Gro\u00dfabnehmer.<\/p>\n","protected":false},"excerpt":{"rendered":"<p>Bang Legend Geek 60000 60K Z\u00fcge Einweg-Vaporizer \u2013 Kraft, Kontrolle und Ausdauer Der Einweg-Vaporizer Bang Legend Geek 60000 wurde f\u00fcr Dampfer entwickelt, die eine maximale Zuganzahl mit intelligenter Anpassung w\u00fcnschen. Mit bis zu 60.000 Z\u00fcgen, einstellbarem Luftstrom und einem exklusiven Turbo-Modus bietet dieses Ger\u00e4t ein kraftvolles und dennoch sanftes Dampferlebnis vom ersten bis zum letzten [&hellip;]<\/p>\n","protected":false},"featured_media":6880,"comment_status":"open","ping_status":"closed","template":"","meta":[],"product_brand":[],"product_cat":[345],"product_tag":[1343,1449,1379,1414,1019],"class_list":{"0":"post-21631","1":"product","2":"type-product","3":"status-publish","4":"has-post-thumbnail","6":"product_cat-bang","7":"product_tag-einstellbarer-luftstrom-vape","8":"product_tag-einweg-vapor-im-turbomodus","9":"product_tag-einweg-vaporizer-mit-60-000-zugen","10":"product_tag-einweg-vaporizer-mit-hoher-kapazitat","11":"product_tag-massen-einweg-vaporizer-im-gro-handel","13":"first","14":"instock","15":"shipping-taxable","16":"purchasable","17":"product-type-variable","18":"has-default-attributes"},"tiered_pricing_type":"fixed","tiered_pricing_fixed_rules":{"30":9.07000000000000028421709430404007434844970703125,"50":7.519999999999999573674358543939888477325439453125,"100":7,"200":6.61000000000000031974423109204508364200592041015625,"400":5.8300000000000000710542735760100185871124267578125},"tiered_pricing_product_settings":{"layout":"default","base_unit_name":{"singular":null,"plural":null},"default_variation":null},"tiered_pricing_minimum_quantity":10,"tiered_pricing_roles_data":[],"tiered_pricing_percentage_rules":[],"tiered_pricing_maximum_quantity":null,"tiered_pricing_quantity_step":"10","_links":{"self":[{"href":"https:\/\/stage.jrfer.com\/de\/wp-json\/wp\/v2\/product\/21631","targetHints":{"allow":["GET"]}}],"collection":[{"href":"https:\/\/stage.jrfer.com\/de\/wp-json\/wp\/v2\/product"}],"about":[{"href":"https:\/\/stage.jrfer.com\/de\/wp-json\/wp\/v2\/types\/product"}],"replies":[{"embeddable":true,"href":"https:\/\/stage.jrfer.com\/de\/wp-json\/wp\/v2\/comments?post=21631"}],"wp:featuredmedia":[{"embeddable":true,"href":"https:\/\/stage.jrfer.com\/de\/wp-json\/wp\/v2\/media\/6880"}],"wp:attachment":[{"href":"https:\/\/stage.jrfer.com\/de\/wp-json\/wp\/v2\/media?parent=21631"}],"wp:term":[{"taxonomy":"product_brand","embeddable":true,"href":"https:\/\/stage.jrfer.com\/de\/wp-json\/wp\/v2\/product_brand?post=21631"},{"taxonomy":"product_cat","embeddable":true,"href":"https:\/\/stage.jrfer.com\/de\/wp-json\/wp\/v2\/product_cat?post=21631"},{"taxonomy":"product_tag","embeddable":true,"href":"https:\/\/stage.jrfer.com\/de\/wp-json\/wp\/v2\/product_tag?post=21631"}],"curies":[{"name":"wp","href":"https:\/\/api.w.org\/{rel}","templated":true}]}}