{"id":31166,"date":"2025-07-07T09:21:41","date_gmt":"2025-07-07T09:21:41","guid":{"rendered":"https:\/\/stage.jrfer.com\/product\/okso-shisha-hookah-mega-50k-50-000-zuge-triple-mesh-coil-bulk-einweg-vaporizer\/"},"modified":"2026-04-07T13:01:44","modified_gmt":"2026-04-07T13:01:44","slug":"okso-shisha-hookah-mega-50000","status":"publish","type":"product","link":"https:\/\/stage.jrfer.com\/de\/produkt\/okso-shisha-hookah-mega-50000\/","title":{"rendered":"OKSO Shisha Hookah Mega 50K | 50.000 Z\u00fcge Triple Mesh Coil Bulk Einweg-Vaporizer"},"content":{"rendered":"<h2>Warum sollten Sie sich f\u00fcr OKSO Shisha Hookah Mega 50000 entscheiden?<\/h2>\n<ul>\n<li><strong>Enorme Puffkapazit\u00e4t:<\/strong> Bis zu 50.000 Z\u00fcge f\u00fcr extrem lange Sitzungen \ud83d\ude80<\/li>\n<li><strong>Triple Mesh Coil:<\/strong> Dichter Dampf und kr\u00e4ftige Aromen bei jedem Zug \ud83c\udf2c\ufe0f<\/li>\n<li><strong>Riesiger 40-ml-E-Liquid-Tank:<\/strong> Vorgef\u00fcllt f\u00fcr wochenlanges ununterbrochenes Dampfen \ud83d\udce6<\/li>\n<li><strong>Flexible Nikotinoptionen:<\/strong> Erh\u00e4ltlich in 0 %, 2 %, 3 % und 5 % f\u00fcr alle Vorlieben \ud83d\udca7<\/li>\n<li><strong>Wiederaufladbarer 1100-mAh-Akku:<\/strong> Typ-C-Aufladung f\u00fcr schnelle und zuverl\u00e4ssige Stromversorgung \ud83d\udd0b\u26a1<\/li>\n<li><strong>LED-Smart-Screen:<\/strong> Verfolgen Sie Ihren Akku- und E-Liquid-F\u00fcllstand in Echtzeit \ud83d\udcca<\/li>\n<li><strong>Einstellbarer Luftstrom:<\/strong> Passen Sie Ihren Zugwiderstand f\u00fcr ein Shisha-\u00e4hnliches Erlebnis an \ud83c\udfaf<\/li>\n<li><strong>Premium-Design:<\/strong> Kompaktes 141-g-Geh\u00e4use, bequem zu tragen und \u00fcberall zu verwenden \ud83d\udc5c<\/li>\n<li><strong>Gro\u00dfhandelstauglich:<\/strong> Gro\u00dfverpackungen eignen sich perfekt f\u00fcr Gro\u00dfh\u00e4ndler und Einzelh\u00e4ndler \ud83c\udfea<\/li>\n<\/ul>\n<h3>Spezifikationen<\/h3>\n<tbody>\n<tr>\n<td><strong>Puffkapazit\u00e4t:<\/strong><\/td>\n<td>Bis zu 50.000 Z\u00fcge<\/td>\n<\/tr>\n<tr>\n<td><strong>E-Liquid-Kapazit\u00e4t:<\/strong><\/td>\n<td>40 ml<\/td>\n<\/tr>\n<tr>\n<td><strong>Spulentyp:<\/strong><\/td>\n<td>Triple-Mesh-Spule<\/td>\n<\/tr>\n<tr>\n<td><strong>Batterie:<\/strong><\/td>\n<td>1100 mAh wiederaufladbar, Typ-C-Aufladung<\/td>\n<\/tr>\n<tr>\n<td><strong>Nikotinoptionen:<\/strong><\/td>\n<td>0 %, 2 %, 3 %, 5 %<\/td>\n<\/tr>\n<tr>\n<td><strong>Anzeige:<\/strong><\/td>\n<td>LED-Smart-Display (Akku- und E-Liquid-Stand)<\/td>\n<\/tr>\n<tr>\n<td><strong>Luftstrom:<\/strong><\/td>\n<td>Einstellbarer Zugwiderstand<\/td>\n<\/tr>\n<tr>\n<td><strong>Gewicht und Gr\u00f6\u00dfe:<\/strong><\/td>\n<td>141g | 43\u00d743\u00d7135mm<\/td>\n<\/tr>\n<\/tbody>\n<\/table>\n<h3>Geschmacksauswahl<\/h3>\n<p>Die <strong>OKSO Shisha Hookah Mega 50K<\/strong> bietet Aromen im Shisha-Stil in kr\u00e4ftigen, erfrischenden Mischungen. Hier sind die Highlights:<\/p>\n<ul>\n<li><strong>\u00dcppiges Eis:<\/strong> S\u00fc\u00dfe Wassermelone mit einer eisig-k\u00fchlen Note \ud83c\udf49\u2744\ufe0f<\/li>\n<li><strong>Zwei Apfel:<\/strong> Klassischer Shisha-Geschmack mit doppeltem Apfel \ud83c\udf4f\ud83c\udf4e<\/li>\n<li><strong>Erdbeer-Wassermelonen-Kaugummi:<\/strong> Fruchtig, saftig und s\u00fc\u00df mit einem Hauch von S\u00fc\u00dfigkeiten \ud83c\udf53\ud83c\udf49\ud83c\udf6c<\/li>\n<li><strong>Pfirsicheis:<\/strong> Saftiger Pfirsich, abgerundet mit erfrischendem Eis \ud83c\udf51\u2744\ufe0f<\/li>\n<li><strong>Blaubeer-Himbeer-Kirsche:<\/strong> Eine dreifache Beerenexplosion \ud83e\uded0\ud83c\udf47\ud83c\udf52<\/li>\n<li><strong>Liebe 66:<\/strong> Exotische Shisha-inspirierte Mischung mit einem fruchtigen Kick \ud83d\udc95\ud83c\udf4d<\/li>\n<li><strong>Mango-Eis:<\/strong> Tropische Mango gepaart mit einem eisigen Abgang \ud83e\udd6d\u2744\ufe0f<\/li>\n<li><strong>Erdbeer-Kiwi:<\/strong> S\u00fc\u00df und w\u00fcrzig, ein erfrischendes Duo \ud83c\udf53\ud83e\udd5d<\/li>\n<li><strong>Dame Killa:<\/strong> Kr\u00e4ftige, tropische Fusion mit sanfter S\u00fc\u00dfe \ud83c\udf34\ud83c\udf53<\/li>\n<li><strong>Traubeneis:<\/strong> Klassischer Traubengeschmack mit einer frostigen Note \ud83c\udf47\u2744\ufe0f<\/li>\n<\/ul>\n<h3>Perfekt f\u00fcr Dampfer und H\u00e4ndler<\/h3>\n<p>Die <strong>OKSO Shisha Hookah Mega 50K<\/strong> ist f\u00fcr <strong>starke Nutzer, Geschmacksliebhaber und Shisha-Fans<\/strong> konzipiert. Mit seinen 50.000 Z\u00fcgen, der Triple-Mesh-Spule und den gro\u00dfen Nikotinoptionen ist es die perfekte Wahl f\u00fcr E-Zigarettenshops, H\u00e4ndler und Gro\u00dfh\u00e4ndler, die stark nachgefragte Produkte auf Lager haben m\u00f6chten. \ud83d\udce6\ud83d\udcaf<\/p>\n<h3>FAQ<\/h3>\n<ul>\n<li><strong>Wie lange h\u00e4lt der OKSO 50K?<\/strong><br \/>\nMit bis zu 50.000 Z\u00fcgen und 40 ml E-Liquid kann es je nach Nutzung mehrere Wochen halten.<\/li>\n<li><strong>Gibt es nikotinfreie Optionen?<\/strong><br \/>\nJa, es ist in den Nikotinkonzentrationen 0 %, 2 %, 3 % und 5 % erh\u00e4ltlich.<\/li>\n<li><strong>Ist es wiederaufladbar?<\/strong><br \/>\nJa, es verf\u00fcgt \u00fcber einen leistungsstarken 1100-mAh-Akku mit Typ-C-Aufladung.<\/li>\n<li><strong>Was unterscheidet es von anderen Einwegartikeln?<\/strong><br \/>\nDie dreifache Mesh-Spule, die Luftstromsteuerung, der LED-Bildschirm und die enorme Anzahl an Z\u00fcgen machen ihn zu einer Premium-Option.<\/li>\n<li><strong>Ist es f\u00fcr den Gro\u00dfhandel geeignet?<\/strong><br \/>\nAbsolut! Es ist in gro\u00dfen Mengen erh\u00e4ltlich und beliebt bei Liebhabern von Shisha-Geschmacksrichtungen. Es eignet sich ideal f\u00fcr Einzelhandelsregale und Gro\u00dfh\u00e4ndler.<\/li>\n<\/ul>\n","protected":false},"excerpt":{"rendered":"<p>Der <strong>OKSO Shisha Hookah Mega 50000<\/strong> \ud83d\udca8 ist ein leistungsstarker Einweg-Vaporizer mit enormer Zugzahl, Triple-Mesh-Spulenleistung und erstklassigen Shisha-inspirierten Aromen. Perfekt f\u00fcr Vieldampfer, E-Zigarettenshops und Gro\u00dfh\u00e4ndler.<\/p>\n","protected":false},"featured_media":1612,"comment_status":"open","ping_status":"closed","template":"","meta":[],"product_brand":[],"product_cat":[612,1841],"product_tag":[],"class_list":{"0":"post-31166","1":"product","2":"type-product","3":"status-publish","4":"has-post-thumbnail","6":"product_cat-40000-zuge-einweg-vape","7":"product_cat-okso","9":"first","10":"instock","11":"shipping-taxable","12":"purchasable","13":"product-type-variable","14":"has-default-attributes"},"tiered_pricing_type":"fixed","tiered_pricing_fixed_rules":{"30":9.5,"50":8.9000000000000003552713678800500929355621337890625,"100":7.9000000000000003552713678800500929355621337890625,"200":7.20000000000000017763568394002504646778106689453125},"tiered_pricing_product_settings":{"layout":"default","base_unit_name":{"singular":null,"plural":null},"default_variation":null},"tiered_pricing_minimum_quantity":10,"tiered_pricing_roles_data":[],"tiered_pricing_percentage_rules":[],"tiered_pricing_maximum_quantity":null,"tiered_pricing_quantity_step":"10","_links":{"self":[{"href":"https:\/\/stage.jrfer.com\/de\/wp-json\/wp\/v2\/product\/31166","targetHints":{"allow":["GET"]}}],"collection":[{"href":"https:\/\/stage.jrfer.com\/de\/wp-json\/wp\/v2\/product"}],"about":[{"href":"https:\/\/stage.jrfer.com\/de\/wp-json\/wp\/v2\/types\/product"}],"replies":[{"embeddable":true,"href":"https:\/\/stage.jrfer.com\/de\/wp-json\/wp\/v2\/comments?post=31166"}],"wp:featuredmedia":[{"embeddable":true,"href":"https:\/\/stage.jrfer.com\/de\/wp-json\/wp\/v2\/media\/1612"}],"wp:attachment":[{"href":"https:\/\/stage.jrfer.com\/de\/wp-json\/wp\/v2\/media?parent=31166"}],"wp:term":[{"taxonomy":"product_brand","embeddable":true,"href":"https:\/\/stage.jrfer.com\/de\/wp-json\/wp\/v2\/product_brand?post=31166"},{"taxonomy":"product_cat","embeddable":true,"href":"https:\/\/stage.jrfer.com\/de\/wp-json\/wp\/v2\/product_cat?post=31166"},{"taxonomy":"product_tag","embeddable":true,"href":"https:\/\/stage.jrfer.com\/de\/wp-json\/wp\/v2\/product_tag?post=31166"}],"curies":[{"name":"wp","href":"https:\/\/api.w.org\/{rel}","templated":true}]}}