{"id":42289,"date":"2025-07-07T09:28:39","date_gmt":"2025-07-07T09:28:39","guid":{"rendered":"https:\/\/stage.jrfer.com\/product\/bang-king-85k-3-in-1-85-000-zuge-einweg-vaporizer-mit-drei-geschmacksrichtungen\/"},"modified":"2026-04-07T08:54:07","modified_gmt":"2026-04-07T08:54:07","slug":"bang-king-85k","status":"publish","type":"product","link":"https:\/\/stage.jrfer.com\/de\/produkt\/bang-king-85k\/","title":{"rendered":"Bang King 85K 3-in-1 | 85.000 Z\u00fcge Einweg-Vaporizer mit drei Geschmacksrichtungen"},"content":{"rendered":"<h2>Warum sollten Sie sich f\u00fcr Bang King 85K 3-in-1 entscheiden?<\/h2>\n<ul>\n<li><strong>85.000 Z\u00fcge:<\/strong> Genie\u00dfen Sie bis zu 85.000 Z\u00fcge purer Zufriedenheit, perfekt f\u00fcr Langzeitdampfer und Vielnutzer \ud83d\udd25\ud83d\udca8<\/li>\n<li><strong>Dreifache Geschmacksanpassung:<\/strong> Wechseln Sie zwischen drei erstaunlichen Geschmacksrichtungen in einem Ger\u00e4t f\u00fcr jedes Mal ein einzigartiges Erlebnis \ud83c\udf53\ud83c\udf4d\ud83c\udf49<\/li>\n<li><strong>Triple-Mesh-Spule:<\/strong> Ausgestattet mit einer 1,0-\u03a9-Triple-Mesh-Spule, die f\u00fcr extrem sanfte Z\u00fcge und eine verbesserte Geschmacksabgabe sorgt \ud83d\udd25<\/li>\n<li><strong>Gro\u00dfz\u00fcgige E-Liquid-Kapazit\u00e4t:<\/strong> Eine riesige E-Liquid-Kapazit\u00e4t von 63 ml (21 ml x 3) sorgt f\u00fcr weniger Nachf\u00fcllen und unterbrechungsfreies Dampfen \u26fd<\/li>\n<li><strong>Wiederaufladbar und praktisch:<\/strong> Mit einem wiederaufladbaren 600-mAh-Akku mit Typ-C-Aufladung f\u00fcr schnelles Aufladen \u26a1\ud83d\udd0b<\/li>\n<li><strong>LED-Anzeige:<\/strong> Bleiben Sie auf dem Laufenden, indem der LED-Bildschirm des Ger\u00e4ts den Batterie- und Geschmacksstatus anzeigt \ud83d\udcca\u2728<\/li>\n<li><strong>Gro\u00dfverpackung:<\/strong> Erh\u00e4ltlich in 10er-Packungen, perfekt f\u00fcr Vape-Shops und den Gro\u00dfhandel \ud83d\udce6\ud83d\udcbc<\/li>\n<\/ul>\n<h3>Spezifikationen<\/h3>\n<tbody>\n<tr>\n<td><strong>Puffanzahl:<\/strong><\/td>\n<td>Bis zu 85.000 Z\u00fcge<\/td>\n<\/tr>\n<tr>\n<td><strong>Nikotinst\u00e4rke:<\/strong><\/td>\n<td>0 %, 2 %, 3 %, 5 %<\/td>\n<\/tr>\n<tr>\n<td><strong>E-Liquid-Kapazit\u00e4t:<\/strong><\/td>\n<td>63 ml (21 ml \u00d7 3 Geschmacksrichtungen)<\/td>\n<\/tr>\n<tr>\n<td><strong>Spulentyp:<\/strong><\/td>\n<td>Triple Mesh Coil (1,0 \u03a9)<\/td>\n<\/tr>\n<tr>\n<td><strong>Batteriekapazit\u00e4t:<\/strong><\/td>\n<td>600 mAh wiederaufladbar<\/td>\n<\/tr>\n<tr>\n<td><strong>Aufladen:<\/strong><\/td>\n<td>Typ-C<\/td>\n<\/tr>\n<tr>\n<td><strong>Anzeige:<\/strong><\/td>\n<td>LED-Bildschirm<\/td>\n<\/tr>\n<tr>\n<td><strong>Verpackung:<\/strong><\/td>\n<td>10 St\u00fcck pro Packung<\/td>\n<\/tr>\n<\/tbody>\n<\/table>\n<h3>Geschmackskollektion<\/h3>\n<p>Mit 16 aufregenden Dreifach-Geschmackskombinationen bietet jeder Vape ein einzigartiges, lebendiges Erlebnis. Hier sind einige der Top-Optionen:<\/p>\n<ul>\n<li><strong>Wassermelonen-Eis &amp; Red Bull &amp; Erdbeer-Kiwi:<\/strong> Erfrischende Wassermelone und k\u00fchles Eis, mit einem Hauch von belebendem Red Bull und s\u00fc\u00dfer Erdbeer-Kiwi \ud83c\udf49\ud83e\udd5d<\/li>\n<li><strong>Erdbeer-Vanille-Cola &amp; Black Dragon Ice &amp; Pfirsich-Eis:<\/strong> Eine cremige Vanille-Cola mit einer coolen Note aus Black Dragon Ice und saftigem Pfirsich \ud83c\udf53\ud83e\udd64<\/li>\n<li><strong>Blaubeer-Eis &amp; Zitronen-Limette &amp; Erdbeer-Wassermelone:<\/strong> Herbe Zitronen-Limette, s\u00fc\u00dfe Erdbeer-Wassermelone und eisige Blaubeeren f\u00fcr eine perfekte Balance \ud83e\uded0\ud83c\udf53\ud83c\udf4b<\/li>\n<li><strong>Kiwi Passion Fruit Guava &amp; Lush Ice &amp; Straw Mango:<\/strong> Tropische Passionsfrucht und Guave, gepaart mit einem erfrischenden eisigen Kick \ud83e\udd5d\ud83c\udf53<\/li>\n<li><strong>Erdbeer-Banane &amp; rosa Limonade &amp; Himbeer-Wassermelone:<\/strong> Eine s\u00fc\u00dfe Kombination aus Erdbeer-Banane und einer erfrischenden rosa Limonade \ud83c\udf53\ud83c\udf4c\ud83c\udf49<\/li>\n<li><strong>Blue Razz Ice &amp; Strawberry Watermelon &amp; Watermelon Ice:<\/strong> Eine kr\u00e4ftige Mischung aus Blaubeer-Razz mit saftiger Wassermelone und einem frostigen Abgang \ud83c\udf47\ud83c\udf49\u2744\ufe0f<\/li>\n<li><strong>Peach Mango &amp; Blue Razz Cherry &amp; Cool Mint:<\/strong> S\u00fc\u00dfer Pfirsich und Mango kombiniert mit einer s\u00e4uerlichen Blue Razz Cherry und einer k\u00fchlenden Minze \ud83c\udf51\ud83e\udd6d\ud83c\udf52<\/li>\n<li><strong>Beerenlimonade &amp; Erdbeer-Red Bull &amp; Erdbeer-Pomp:<\/strong> Eine pikante Beerenlimonade gemischt mit belebendem Erdbeer-Red Bull \ud83c\udf53\ud83c\udf4b\u26a1<\/li>\n<li><strong>Tropische Fr\u00fcchte &amp; Zitronenpfirsich &amp; Erdbeerwassermelone:<\/strong> Eine lebendige tropische Fruchtmischung mit erfrischendem Zitronenpfirsich und Erdbeerwassermelone \ud83c\udf4d\ud83c\udf53\ud83c\udf51<\/li>\n<li><strong>Double Apple &amp; Pineapple Ice &amp; Fruity Fusion:<\/strong> S\u00fc\u00dfer Apfel und tropische Ananas mit einem k\u00fchlen, eisigen Abgang \ud83c\udf4f\ud83c\udf4d\u2744\ufe0f<\/li>\n<li><strong>Ananas-Kokosnuss &amp; Blue Razz &amp; Erdbeer-Banane:<\/strong> Eine tropische Explosion aus Ananas-Kokosnuss, Blue Razz und Erdbeer-Banane \ud83e\udd65\ud83c\udf4d\ud83c\udf53<\/li>\n<li><strong>Cola Ice &amp; Cherry Cola &amp; Mr Blue:<\/strong> Eine lustige Mischung aus Cola-Eis, Cherry Cola und einem erfrischenden Mr Blue-Twist \ud83e\udd64\ud83c\udf52\ud83d\udc99<\/li>\n<li><strong>Erdbeerwassermelone &amp; Dreifachmelone &amp; Erdbeereis:<\/strong> Eine k\u00f6stliche Mischung aus Wassermelone, Melone und Erdbeere mit einem eisigen Hauch \ud83c\udf53\ud83c\udf49\ud83c\udf48<\/li>\n<li><strong>Erdbeer-Donut &amp; Love 66 &amp; Bananeneis:<\/strong> Ein s\u00fc\u00dfer und cremiger Erdbeer-Donut-Geschmack mit einem Hauch von Love 66 und Bananeneis \ud83c\udf69\ud83c\udf4c\ud83c\udf53<\/li>\n<li><strong>Gemischte Beeren &amp; Mango-Pfirsich &amp; Traubeneis:<\/strong> Eine reichhaltige Mischung aus gemischten Beeren, s\u00fc\u00dfem Mango-Pfirsich und k\u00fchlem Traubeneis \ud83c\udf47\ud83e\udd6d\ud83c\udf51<\/li>\n<li><strong>Ice Tea Lemon Ice &amp; Lychee Ice &amp; Mango On Ice:<\/strong> Ein erfrischender Eistee mit Zitrone, Litschi und tropischer Mango \ud83c\udf4b\ud83c\udf53\ud83e\udd6d\u2744\ufe0f<\/li>\n<\/ul>\n<h3>Perfekt f\u00fcr Vielkonsumenten, Geschmackssuchende und Gro\u00dfk\u00e4ufer<\/h3>\n<p>Der Bang King 85K ist f\u00fcr Geschmacksj\u00e4ger und Vielnutzer konzipiert, die eine langanhaltende Leistung ben\u00f6tigen. Mit gewaltigen 85.000 Z\u00fcgen, dreifach einstellbaren Geschmackseinstellungen und einer erstklassigen E-Liquid-Kapazit\u00e4t ist es perfekt f\u00fcr Vape-Shops und Gro\u00dfh\u00e4ndler, die ihren Kunden ein erstklassiges Erlebnis bieten m\u00f6chten. F\u00fcllen Sie Ihren Vorrat noch heute auf und steigern Sie Ihren Umsatz! \ud83d\udce6\ud83d\ude80<\/p>\n<h3>FAQ<\/h3>\n<ul>\n<li><strong>Wie lange h\u00e4lt der Bang King 85K?<\/strong><br \/>\nDas Ger\u00e4t bietet je nach Nutzung bis zu 85.000 Z\u00fcge und sorgt so f\u00fcr langanhaltende Zufriedenheit.<\/li>\n<li><strong>Welche Nikotinst\u00e4rken gibt es?<\/strong><br \/>\nSie k\u00f6nnen je nach Ihren Vorlieben zwischen einer Nikotinst\u00e4rke von 0 %, 2 %, 3 % oder 5 % w\u00e4hlen.<\/li>\n<li><strong>Wie lade ich das Ger\u00e4t auf?<\/strong><br \/>\nDer Bang King 85K verf\u00fcgt \u00fcber eine Typ-C-Schnellladefunktion, sodass Sie das Ger\u00e4t f\u00fcr den Dauereinsatz schnell aufladen k\u00f6nnen.<\/li>\n<li><strong>Welche Geschmacksrichtungen sind enthalten?<\/strong><br \/>\nDer Bang King 85K verf\u00fcgt \u00fcber 16 Dreifach-Geschmackskombinationen und bietet jedes Mal ein einzigartiges und aufregendes Dampferlebnis.<\/li>\n<li><strong>Kann ich das in gro\u00dfen Mengen f\u00fcr meinen Vape-Shop kaufen?<\/strong><br \/>\nJa, der Bang King 85K wird in 10er-Packungen geliefert und ist somit ideal f\u00fcr Vape-Shops und den Gro\u00dfhandel.<\/li>\n<\/ul>\n","protected":false},"excerpt":{"rendered":"<p>Entdecken Sie den Bang King 85K mit bis zu 85.000 Z\u00fcgen, einstellbaren Dreifach-Geschmackskombinationen und einem wiederaufladbaren 600-mAh-Akku. Perfekt f\u00fcr Vape-Shops, Gro\u00dfh\u00e4ndler und Vielnutzer, die ein anpassbares und langanhaltendes Vape-Erlebnis suchen. \ud83d\udca8\ud83c\udf53\ud83c\udf49<\/p>\n","protected":false},"featured_media":4002,"comment_status":"open","ping_status":"closed","template":"","meta":[],"product_brand":[],"product_cat":[345],"product_tag":[],"class_list":{"0":"post-42289","1":"product","2":"type-product","3":"status-publish","4":"has-post-thumbnail","6":"product_cat-bang","8":"first","9":"instock","10":"shipping-taxable","11":"purchasable","12":"product-type-variable","13":"has-default-attributes"},"tiered_pricing_type":"fixed","tiered_pricing_fixed_rules":{"30":7.9000000000000003552713678800500929355621337890625,"50":6.1699999999999999289457264239899814128875732421875,"100":5.54999999999999982236431605997495353221893310546875,"200":5.17999999999999971578290569595992565155029296875,"400":4.75},"tiered_pricing_product_settings":{"layout":"default","base_unit_name":{"singular":null,"plural":null},"default_variation":null},"tiered_pricing_minimum_quantity":10,"tiered_pricing_roles_data":[],"tiered_pricing_percentage_rules":[],"tiered_pricing_maximum_quantity":null,"tiered_pricing_quantity_step":"10","_links":{"self":[{"href":"https:\/\/stage.jrfer.com\/de\/wp-json\/wp\/v2\/product\/42289","targetHints":{"allow":["GET"]}}],"collection":[{"href":"https:\/\/stage.jrfer.com\/de\/wp-json\/wp\/v2\/product"}],"about":[{"href":"https:\/\/stage.jrfer.com\/de\/wp-json\/wp\/v2\/types\/product"}],"replies":[{"embeddable":true,"href":"https:\/\/stage.jrfer.com\/de\/wp-json\/wp\/v2\/comments?post=42289"}],"wp:featuredmedia":[{"embeddable":true,"href":"https:\/\/stage.jrfer.com\/de\/wp-json\/wp\/v2\/media\/4002"}],"wp:attachment":[{"href":"https:\/\/stage.jrfer.com\/de\/wp-json\/wp\/v2\/media?parent=42289"}],"wp:term":[{"taxonomy":"product_brand","embeddable":true,"href":"https:\/\/stage.jrfer.com\/de\/wp-json\/wp\/v2\/product_brand?post=42289"},{"taxonomy":"product_cat","embeddable":true,"href":"https:\/\/stage.jrfer.com\/de\/wp-json\/wp\/v2\/product_cat?post=42289"},{"taxonomy":"product_tag","embeddable":true,"href":"https:\/\/stage.jrfer.com\/de\/wp-json\/wp\/v2\/product_tag?post=42289"}],"curies":[{"name":"wp","href":"https:\/\/api.w.org\/{rel}","templated":true}]}}