{"id":47793,"date":"2025-06-28T05:43:28","date_gmt":"2025-06-28T05:43:28","guid":{"rendered":"https:\/\/stage.jrfer.com\/product\/waspe-60k-3-in-1-60000-puffs-bulk-einweg-vape-mit-drei-geschmacksrichtungen\/"},"modified":"2026-04-07T14:31:43","modified_gmt":"2026-04-07T14:31:43","slug":"waspe-60k-3-in-1-60000-puffs","status":"publish","type":"product","link":"https:\/\/stage.jrfer.com\/de\/produkt\/waspe-60k-3-in-1-60000-puffs\/","title":{"rendered":"WASPE 60K 3-in-1 60000 Puffs | Bulk-Einweg-Vape mit drei Geschmacksrichtungen"},"content":{"rendered":"<h2>Warum sollten Sie sich f\u00fcr WASPE 60K 3-in-1 entscheiden?<\/h2>\n<ul>\n<li><strong>Un\u00fcbertroffene Zuganzahl:<\/strong> Bis zu 60.000 Z\u00fcge f\u00fcr extrem lange Dampfsitzungen \ud83d\udd25<\/li>\n<li><strong>3-in-1-Geschmackssystem:<\/strong> Wechseln Sie sofort zwischen drei integrierten Geschmacksrichtungen \ud83c\udf53\ud83c\udf49\ud83c\udf47<\/li>\n<li><strong>Flexible Nikotinoptionen:<\/strong> Erh\u00e4ltlich mit 0 %, 2 % oder 5 % Nikotin \u2705<\/li>\n<li><strong>Riesige E-Liquid-Kapazit\u00e4t:<\/strong> 54-ml-Tank sorgt f\u00fcr ununterbrochenen Genuss \ud83d\udca7<\/li>\n<li><strong>Triple Mesh Coil:<\/strong> Glatte, gleichm\u00e4\u00dfige Wolken mit reichhaltigem Geschmack \ud83c\udf2c\ufe0f<\/li>\n<li><strong>LED-Bildschirm:<\/strong> \u00dcbersichtliche Batterie- und E-Liquid-\u00dcberwachung \ud83d\udd0b<\/li>\n<li><strong>Schnellladung:<\/strong> Typ-C-Akku f\u00fcr schnelles Aufladen \u26a1<\/li>\n<li><strong>Tragbar und stilvoll:<\/strong> Das kompakte 47 x 47 x 116 mm gro\u00dfe Design passt problemlos in die Hand oder Tasche \u2728<\/li>\n<li><strong>B2B-freundlich:<\/strong> Perfekt f\u00fcr Gro\u00dfhandelsm\u00e4rkte in den Niederlanden, Deutschland, Belgien und Spanien \ud83d\udce6<\/li>\n<\/ul>\n<h3>Spezifikationen<\/h3>\n<tbody>\n<tr>\n<td><strong>Puffanzahl:<\/strong><\/td>\n<td>Bis zu 60.000 Z\u00fcge<\/td>\n<\/tr>\n<tr>\n<td><strong>Geschmacksoptionen:<\/strong><\/td>\n<td>3-in-1 umschaltbare Geschmacksrichtungen<\/td>\n<\/tr>\n<tr>\n<td><strong>Nikotinst\u00e4rken:<\/strong><\/td>\n<td>0 %, 2 % oder 5 %<\/td>\n<\/tr>\n<tr>\n<td><strong>E-Liquid-Kapazit\u00e4t:<\/strong><\/td>\n<td>54 ml<\/td>\n<\/tr>\n<tr>\n<td><strong>Anzeige:<\/strong><\/td>\n<td>LED-Bildschirm (Batterie und E-Liquid)<\/td>\n<\/tr>\n<tr>\n<td><strong>Spulen:<\/strong><\/td>\n<td>Triple-Mesh-Spulen<\/td>\n<\/tr>\n<tr>\n<td><strong>Aufladen:<\/strong><\/td>\n<td>Typ-C wiederaufladbar<\/td>\n<\/tr>\n<tr>\n<td><strong>Portabilit\u00e4t:<\/strong><\/td>\n<td>47 mm x 47 mm x 116 mm<\/td>\n<\/tr>\n<\/tbody>\n<\/table>\n<h3>Geschmacksauswahl<\/h3>\n<p>Der <strong>WASPE 60K 3-in-1<\/strong> bietet <strong>\u00fcber 30 aufregende Geschmacksrichtungen<\/strong>, gruppiert in Dreiergruppen, sodass Sie drei Geschmacksrichtungen in einem Ger\u00e4t genie\u00dfen k\u00f6nnen \ud83c\udf89:<\/p>\n<ul>\n<li><strong>Wassermeloneneis, Erdbeer-Kiwi, Zitronen-Limette<\/strong> \u2013 Frische, fruchtige Klassiker \ud83c\udf49\ud83c\udf53\ud83c\udf4b<\/li>\n<li><strong>Erdbeer-Wassermelone, Erdbeer-Himbeer-Bonbon, Traubeneis<\/strong> \u2013 s\u00fc\u00dfe und eisige Balance \ud83c\udf53\ud83c\udf6c\ud83c\udf47<\/li>\n<li><strong>Blueberry Ice, Black Dragon Ice, Fizzy Cherry Ice<\/strong> \u2013 Kr\u00e4ftig, k\u00fchl und prickelnd \ud83e\uded0\ud83d\udc09\ud83c\udf52<\/li>\n<li><strong>Strawberry Raspberry Cherry, Love 666, Cherry Candy Ice<\/strong> \u2013 Exotische Shisha-inspirierte Mischungen \u2764\ufe0f\ud83c\udf52<\/li>\n<li><strong>Pfirsicheis, Ananas-Mango-Pfirsich, Cranberry-Zitrone<\/strong> \u2013 Saftig und pikant \ud83c\udf51\ud83c\udf4d\ud83c\udf4b<\/li>\n<li><strong>Red Bull Ice, Erdbeer-Mango, Erdbeer-Wassermelonen-Kaugummi<\/strong> \u2013 Energie und S\u00fc\u00dfe \u26a1\ud83c\udf53\ud83c\udf49<\/li>\n<li><strong>Gemischte Beeren, Gummib\u00e4rchen, gemischte Fr\u00fcchte<\/strong> \u2013 Lustige, bonbonartige Sorte \ud83c\udf53\ud83e\uddf8\ud83c\udf47<\/li>\n<li><strong>Triple Melon Ice, Rainbow Candy, Blueberry Candy<\/strong> \u2013 Verspielte fruchtige S\u00fc\u00dfigkeitenaromen \ud83c\udf48\ud83c\udf08\ud83c\udf6c<\/li>\n<li><strong>Traubeneis, Erdbeers\u00fc\u00dfigkeit, Erdbeer-Himbeer-Kirsche<\/strong> \u2013 S\u00fc\u00dfe Beeren-Trauben-Fusion \ud83c\udf47\ud83c\udf53<\/li>\n<li><strong>Erdbeer-Banane, Ananas-Kokos-Eis, Mango-Eis<\/strong> \u2013 Sanfte tropische Mischungen \ud83c\udf4c\ud83e\udd6d\ud83e\udd65<\/li>\n<li><strong>Cherry Cola Ice, Strawberry Cola, Cola Ice<\/strong> \u2013 von Limonade inspiriertes Trio \ud83e\udd64\ud83c\udf52<\/li>\n<li><strong>Blaubeer-Himbeere, Blaubeer-Zuckerwatte, doppeltes Apfeleis<\/strong> \u2013 s\u00fc\u00df und doch erfrischend \ud83e\uded0\ud83c\udf4f\ud83c\udf6d<\/li>\n<\/ul>\n<h3>Perfekt f\u00fcr Vielnutzer und den Gro\u00dfhandel<\/h3>\n<p>Der <strong>WASPE 60K 3-in-1<\/strong> ist eine unschlagbare Wahl f\u00fcr <strong>starke Dampfer, Geschmacksj\u00e4ger, Vape-Shops und H\u00e4ndler<\/strong>. Mit seiner <strong>gro\u00dfen Puffanzahl, den austauschbaren Geschmacksrichtungen und dem mengenfreundlichen Design<\/strong> ist es ma\u00dfgeschneidert f\u00fcr B2B-M\u00e4rkte in Europa.<\/p>\n<h3>FAQ<\/h3>\n<ul>\n<li><strong>Wie viele Geschmacksrichtungen sind enthalten?<\/strong><br \/>\nJedes Ger\u00e4t ist mit 3 Geschmacksrichtungen ausgestattet und bietet Abwechslung in einem Ger\u00e4t.<\/li>\n<li><strong>Ist es wiederaufladbar?<\/strong><br \/>\nJa, es verf\u00fcgt \u00fcber eine Schnellladefunktion vom Typ C.<\/li>\n<li><strong>Welche Nikotinst\u00e4rken gibt es?<\/strong><br \/>\nW\u00e4hlen Sie je nach Wunsch zwischen 0 %, 2 % oder 5 %.<\/li>\n<li><strong>Hat es ein Display?<\/strong><br \/>\nJa, der LED-Bildschirm zeigt sowohl den Batteriestand als auch den E-Liquid-Status an.<\/li>\n<li><strong>Wer sollte das kaufen?<\/strong><br \/>\nPerfekt f\u00fcr <strong>starke Benutzer, Gesch\u00e4fte und Gro\u00dfh\u00e4ndler<\/strong> in den Niederlanden, Deutschland, Belgien, Spanien und dar\u00fcber hinaus.<\/li>\n<\/ul>\n","protected":false},"excerpt":{"rendered":"<p>Der <strong>WASPE 60K 3-in-1<\/strong> \ud83d\udca8 ist ein bahnbrechender Einweg-Vaporizer mit <strong>60.000 Z\u00fcgen<\/strong>, <strong>3 umschaltbaren Geschmacksrichtungen in einem Ger\u00e4t<\/strong> und einer riesigen <strong>54 ml E-Liquid-Kapazit\u00e4t<\/strong>. Perfekt f\u00fcr H\u00e4ndler, Gro\u00dfh\u00e4ndler und Vielnutzer in ganz Europa.<\/p>\n","protected":false},"featured_media":753,"comment_status":"open","ping_status":"closed","template":"","meta":[],"product_brand":[],"product_cat":[390],"product_tag":[],"class_list":{"0":"post-47793","1":"product","2":"type-product","3":"status-publish","4":"has-post-thumbnail","6":"product_cat-waspe","8":"first","9":"instock","10":"shipping-taxable","11":"purchasable","12":"product-type-variable","13":"has-default-attributes"},"tiered_pricing_type":"fixed","tiered_pricing_fixed_rules":{"30":8.269999999999999573674358543939888477325439453125,"50":7.160000000000000142108547152020037174224853515625,"100":6.660000000000000142108547152020037174224853515625,"200":6.04999999999999982236431605997495353221893310546875,"400":5.7400000000000002131628207280300557613372802734375},"tiered_pricing_product_settings":{"layout":"default","base_unit_name":{"singular":null,"plural":null},"default_variation":null},"tiered_pricing_minimum_quantity":10,"tiered_pricing_roles_data":[],"tiered_pricing_percentage_rules":[],"tiered_pricing_maximum_quantity":null,"tiered_pricing_quantity_step":"10","_links":{"self":[{"href":"https:\/\/stage.jrfer.com\/de\/wp-json\/wp\/v2\/product\/47793","targetHints":{"allow":["GET"]}}],"collection":[{"href":"https:\/\/stage.jrfer.com\/de\/wp-json\/wp\/v2\/product"}],"about":[{"href":"https:\/\/stage.jrfer.com\/de\/wp-json\/wp\/v2\/types\/product"}],"replies":[{"embeddable":true,"href":"https:\/\/stage.jrfer.com\/de\/wp-json\/wp\/v2\/comments?post=47793"}],"wp:featuredmedia":[{"embeddable":true,"href":"https:\/\/stage.jrfer.com\/de\/wp-json\/wp\/v2\/media\/753"}],"wp:attachment":[{"href":"https:\/\/stage.jrfer.com\/de\/wp-json\/wp\/v2\/media?parent=47793"}],"wp:term":[{"taxonomy":"product_brand","embeddable":true,"href":"https:\/\/stage.jrfer.com\/de\/wp-json\/wp\/v2\/product_brand?post=47793"},{"taxonomy":"product_cat","embeddable":true,"href":"https:\/\/stage.jrfer.com\/de\/wp-json\/wp\/v2\/product_cat?post=47793"},{"taxonomy":"product_tag","embeddable":true,"href":"https:\/\/stage.jrfer.com\/de\/wp-json\/wp\/v2\/product_tag?post=47793"}],"curies":[{"name":"wp","href":"https:\/\/api.w.org\/{rel}","templated":true}]}}