{"id":52611,"date":"2025-06-28T04:29:19","date_gmt":"2025-06-28T04:29:19","guid":{"rendered":"https:\/\/stage.jrfer.com\/product\/bang-blaze-40k-dual-flavour-40000-puffs-einweg-vaporizer-mit-schiebeschalter-und-schalter\/"},"modified":"2026-04-07T14:47:05","modified_gmt":"2026-04-07T14:47:05","slug":"bang-blaze-40k-40000-puffs","status":"publish","type":"product","link":"https:\/\/stage.jrfer.com\/de\/produkt\/bang-blaze-40k-40000-puffs\/","title":{"rendered":"Bang Blaze 40K Dual Flavour 40000 Puffs | Einweg-Vaporizer mit Schiebeschalter und Schalter"},"content":{"rendered":"<h2>Warum sollten Sie sich f\u00fcr Bang Blaze 40K entscheiden?<\/h2>\n<ul>\n<li><strong>Enorme Zugzahl:<\/strong> Bis zu 40.000 Z\u00fcge f\u00fcr wochenlanges ununterbrochenes Dampfen \ud83d\ude80<\/li>\n<li><strong>Zwei Geschmacksrichtungen wechseln:<\/strong> Schieben Sie, um sofort zwischen zwei Geschmacksrichtungen zu wechseln \ud83c\udf49\ud83c\udf47<\/li>\n<li><strong>Gro\u00dfer Tank:<\/strong> 40 ml vorgef\u00fclltes E-Liquid f\u00fcr maximalen Komfort \ud83d\udca7<\/li>\n<li><strong>Nikotinoptionen:<\/strong> W\u00e4hlen Sie aus 0 %, 2 %, 3 % oder 5 % f\u00fcr mehr Flexibilit\u00e4t \u2705<\/li>\n<li><strong>Dual Mesh Coil:<\/strong> Sanfte Z\u00fcge, kr\u00e4ftige Aromen und dicke Wolken \ud83c\udf2c\ufe0f<\/li>\n<li><strong>Wiederaufladbare Leistung:<\/strong> 650-mAh-Akku mit Typ-C-Schnellladung \u26a1<\/li>\n<li><strong>Perfekt f\u00fcr B2B:<\/strong> Gefragtes Massenprodukt f\u00fcr Gro\u00df- und Einzelh\u00e4ndler \ud83d\udce6<\/li>\n<\/ul>\n<h3>Spezifikationen<\/h3>\n<tbody>\n<tr>\n<td><strong>Puffanzahl:<\/strong><\/td>\n<td>Bis zu 40.000 Z\u00fcge<\/td>\n<\/tr>\n<tr>\n<td><strong>E-Liquid-Kapazit\u00e4t:<\/strong><\/td>\n<td>40 ml vorgef\u00fcllt<\/td>\n<\/tr>\n<tr>\n<td><strong>Batterie:<\/strong><\/td>\n<td>650 mAh wiederaufladbar<\/td>\n<\/tr>\n<tr>\n<td><strong>Nikotinst\u00e4rken:<\/strong><\/td>\n<td>0 %, 2 %, 3 %, 5 %<\/td>\n<\/tr>\n<tr>\n<td><strong>Spulentyp:<\/strong><\/td>\n<td>Dual-Mesh-Spule (1,2 \u03a9)<\/td>\n<\/tr>\n<tr>\n<td><strong>Aufladen:<\/strong><\/td>\n<td>Typ-C-Schnellladung<\/td>\n<\/tr>\n<tr>\n<td><strong>Besonderheit:<\/strong><\/td>\n<td>Dual-Flavor-Slide-to-Switch<\/td>\n<\/tr>\n<\/tbody>\n<\/table>\n<h3>Geschmackskombinationen<\/h3>\n<p>Der <strong>Bang Blaze 40K<\/strong> bietet <strong>30 aufregende Optionen mit zwei Geschmacksrichtungen<\/strong>, sodass Ihnen nie langweilig wird \ud83c\udf89:<\/p>\n<ul>\n<li><strong>Wassermelone \/ Erdbeer-Wassermelone<\/strong> \u2013 Saftig und erfrischend \ud83c\udf49\ud83c\udf53<\/li>\n<li><strong>Blaubeereis \/ Blaubeer-Himbeere<\/strong> \u2013 Cooler Beeren-Kick \ud83e\uded0\u2744\ufe0f<\/li>\n<li><strong>Mango-Eis \/ Erdbeer-Mango<\/strong> \u2013 Tropische S\u00fc\u00dfe \ud83e\udd6d\ud83c\udf53<\/li>\n<li><strong>Wassermelone \/ Wassermelonen-Kaugummi<\/strong> \u2013 Klassische fruchtige S\u00fc\u00dfigkeit \ud83c\udf49\ud83c\udf6c<\/li>\n<li><strong>Ananas-Eis \/ Ananas-Kokosnuss<\/strong> \u2013 Exotisch und geschmeidig \ud83c\udf4d\ud83e\udd65<\/li>\n<li><strong>Gemischte Fr\u00fcchte \/ Dreifache Beere<\/strong> \u2013 Saftiges Fruchtgemisch \ud83c\udf47\ud83c\udf53<\/li>\n<li><strong>Pfirsicheis \/ Mango-Pfirsich<\/strong> \u2013 S\u00fc\u00df und gek\u00fchlt \ud83c\udf51\u2744\ufe0f<\/li>\n<li><strong>Kirsche \/ Kirsch-Cola<\/strong> \u2013 Kr\u00e4ftig und prickelnd \ud83c\udf52\ud83e\udd64<\/li>\n<li><strong>Traube \/ Blaubeertraube<\/strong> \u2013 Kr\u00e4ftige Traubenfusion \ud83c\udf47\ud83e\uded0<\/li>\n<li><strong>Minze \/ Blaubeerminze<\/strong> \u2013 K\u00fchl und erfrischend \ud83c\udf3f\ud83e\uded0<\/li>\n<li><strong>Schwarzes Dracheneis \/ Red Bull<\/strong> \u2013 Intensiv und energetisierend \ud83d\udc09\u26a1<\/li>\n<li><strong>Erdbeereis \/ Erdbeerkiwi<\/strong> \u2013 Fruchtiger Beerengenuss \ud83c\udf53\ud83e\udd5d<\/li>\n<li><strong>Tropische Fr\u00fcchte \/ Dreifache Wassermelone<\/strong> \u2013 Saftiges Paradies \ud83c\udfdd\ufe0f\ud83c\udf49<\/li>\n<li><strong>Saure Mango-Ananas \/ Zitronen-Limette<\/strong> \u2013 W\u00fcrzig und pikant \ud83e\udd6d\ud83c\udf4b<\/li>\n<li><strong>Sommerzeit \/ Apfeleis<\/strong> \u2013 Knackig und erfrischend \ud83c\udf4e\u2744\ufe0f<\/li>\n<li><strong>Regenbogen-S\u00fc\u00dfigkeit \/ Arktisches Einfrieren<\/strong> \u2013 S\u00fc\u00df und eisig \ud83c\udf08\u2744\ufe0f<\/li>\n<li><strong>Himbeer-Wassermelone \/ Jieshuang<\/strong> \u2013 Exotisch und erfrischend \ud83c\udf53\ud83c\udf49<\/li>\n<li><strong>Zitronenromantik \/ Kalifornische Kirsche<\/strong> \u2013 S\u00fc\u00dfe Zitrusliebe \ud83c\udf4b\ud83c\udf52<\/li>\n<li><strong>Mango-Pfirsich-Aprikose \/ Wei\u00dfe Gummib\u00e4rchen<\/strong> \u2013 Fruchtiges Bonbongl\u00fcck \ud83c\udf51\ud83c\udf6c<\/li>\n<li><strong>Mary\u2019s Dream \/ Aloe-Mango-Melonen-Eis<\/strong> \u2013 Geschmeidig und k\u00fchlend \ud83c\udf48\ud83e\udd6d<\/li>\n<li><strong>Kiwi-Passionsfrucht-Guave \/ Blaubeer-Kirsche<\/strong> \u2013 Exotische tropische Fusion \ud83e\udd5d\ud83c\udf52<\/li>\n<li><strong>Ananas-Mango \/ Ananas-Kokos-Eis<\/strong> \u2013 Doppelter tropischer Knaller \ud83c\udf4d\ud83e\udd6d<\/li>\n<li><strong>Himbeer-Wassermelone \/ Aloe Vera-Traube<\/strong> \u2013 S\u00fc\u00df und erfrischend \ud83e\uded0\ud83c\udf47<\/li>\n<li><strong>Litschi-Eis \/ Erdbeer-Litschi<\/strong> \u2013 Exotische S\u00fc\u00dfe \ud83c\udf38\ud83c\udf53<\/li>\n<li><strong>Strandsex \/ Himbeer-Wassermelone<\/strong> \u2013 Lustige und fruchtige Strandstimmung \ud83c\udfd6\ufe0f\ud83c\udf49<\/li>\n<li><strong>Gummib\u00e4rchen \/ Himbeerschwarzer Glitzer<\/strong> \u2013 ein Genuss im Bonbon-Stil \ud83c\udf6c\ud83e\uded0<\/li>\n<li><strong>Beeren K\u00fchle Wassermelone \/ Saurer Pfirsich<\/strong> \u2013 S\u00fc\u00df und w\u00fcrzig \ud83c\udf53\ud83c\udf51<\/li>\n<li><strong>Erdbeer-Banane \/ Passionsfrucht-Kiwi<\/strong> \u2013 Sanfte tropische Mischung \ud83c\udf4c\ud83e\udd5d<\/li>\n<li><strong>Acai-Sturmeis \/ Liebe 66<\/strong> \u2013 Mutiges exotisches Abenteuer \ud83c\udf2a\ufe0f\u2764\ufe0f<\/li>\n<li><strong>Rosa Limonade \/ Blaubeer-Kirsch-Zitrone<\/strong> \u2013 Pikant und fruchtig \ud83c\udf4b\ud83e\uded0<\/li>\n<li><strong>Erdbeereis \/ Erdbeer-Vanille<\/strong> \u2013 Cremig s\u00fc\u00df \ud83c\udf66\ud83c\udf53<\/li>\n<li><strong>Blaubeer-Cranberry-Kirsche \/ Wassermelonen-Kirsche<\/strong> \u2013 Beeren-Kirsch-Explosion \ud83c\udf52\ud83e\uded0<\/li>\n<\/ul>\n<h3>Perfekt f\u00fcr Vielnutzer und Gro\u00dfabnehmer<\/h3>\n<p>Der <strong>Bang Blaze 40K<\/strong> ist f\u00fcr <strong>starke Dampfer, Geschmacksliebhaber und den B2B-Vertrieb<\/strong> konzipiert. Mit seinen <strong>zwei Geschmacksrichtungen, der enormen Anzahl an Z\u00fcgen und der praktischen Wiederaufladbarkeit<\/strong> ist es ein stark nachgefragtes Produkt, das sowohl die Zufriedenheit als auch den Einzelhandelsgewinn maximiert.<\/p>\n<h3>FAQ<\/h3>\n<ul>\n<li><strong>Wie viele Geschmacksrichtungen pro Ger\u00e4t?<\/strong><br \/>\nJedes Ger\u00e4t verf\u00fcgt \u00fcber zwei Geschmacksrichtungen, zwischen denen Sie wechseln k\u00f6nnen.<\/li>\n<li><strong>Ist es wiederaufladbar?<\/strong><br \/>\nJa, mit einem 650-mAh-Akku und Typ-C-Aufladung.<\/li>\n<li><strong>Welche Nikotinmengen sind verf\u00fcgbar?<\/strong><br \/>\n0 %, 2 %, 3 % und 5 % Optionen verf\u00fcgbar.<\/li>\n<li><strong>Muss es nachgef\u00fcllt werden?<\/strong><br \/>\nKein Nachf\u00fcllen erforderlich \u2013 es ist mit 40 ml E-Liquid vorgef\u00fcllt.<\/li>\n<li><strong>Wer sollte dieses Produkt kaufen?<\/strong><br \/>\nPerfekt f\u00fcr <strong>Vape-Shops, H\u00e4ndler und Vielnutzer<\/strong>, die langanhaltende Zufriedenheit w\u00fcnschen.<\/li>\n<\/ul>\n","protected":false},"excerpt":{"rendered":"<p>Der <strong>Bang Blaze 40K<\/strong> \u26a1 ist ein erstklassiger <strong>Einweg-Vaporizer mit zwei Geschmacksrichtungen<\/strong>, der bis zu <strong>40.000 Z\u00fcge<\/strong>, einen riesigen <strong>40-ml-Tank<\/strong> und ein glattes Dual-Mesh-Spulensystem bietet. Es wurde f\u00fcr Geschmacksvielfalt, langanhaltende Sitzungen und den Gro\u00dfhandelsvertrieb entwickelt und eignet sich perfekt f\u00fcr Vape-Shops, H\u00e4ndler und Vieldampfer.<\/p>\n","protected":false},"featured_media":531,"comment_status":"open","ping_status":"closed","template":"","meta":[],"product_brand":[],"product_cat":[345],"product_tag":[],"class_list":{"0":"post-52611","1":"product","2":"type-product","3":"status-publish","4":"has-post-thumbnail","6":"product_cat-bang","8":"first","9":"instock","10":"shipping-taxable","11":"purchasable","12":"product-type-variable","13":"has-default-attributes"},"tiered_pricing_type":"fixed","tiered_pricing_fixed_rules":{"30":6.79000000000000003552713678800500929355621337890625,"50":5.67999999999999971578290569595992565155029296875,"100":4.80999999999999960920149533194489777088165283203125,"200":4.44000000000000039079850466805510222911834716796875,"400":3.890000000000000124344978758017532527446746826171875},"tiered_pricing_product_settings":{"layout":"default","base_unit_name":{"singular":null,"plural":null},"default_variation":null},"tiered_pricing_minimum_quantity":10,"tiered_pricing_roles_data":[],"tiered_pricing_percentage_rules":[],"tiered_pricing_maximum_quantity":null,"tiered_pricing_quantity_step":"10","_links":{"self":[{"href":"https:\/\/stage.jrfer.com\/de\/wp-json\/wp\/v2\/product\/52611","targetHints":{"allow":["GET"]}}],"collection":[{"href":"https:\/\/stage.jrfer.com\/de\/wp-json\/wp\/v2\/product"}],"about":[{"href":"https:\/\/stage.jrfer.com\/de\/wp-json\/wp\/v2\/types\/product"}],"replies":[{"embeddable":true,"href":"https:\/\/stage.jrfer.com\/de\/wp-json\/wp\/v2\/comments?post=52611"}],"wp:featuredmedia":[{"embeddable":true,"href":"https:\/\/stage.jrfer.com\/de\/wp-json\/wp\/v2\/media\/531"}],"wp:attachment":[{"href":"https:\/\/stage.jrfer.com\/de\/wp-json\/wp\/v2\/media?parent=52611"}],"wp:term":[{"taxonomy":"product_brand","embeddable":true,"href":"https:\/\/stage.jrfer.com\/de\/wp-json\/wp\/v2\/product_brand?post=52611"},{"taxonomy":"product_cat","embeddable":true,"href":"https:\/\/stage.jrfer.com\/de\/wp-json\/wp\/v2\/product_cat?post=52611"},{"taxonomy":"product_tag","embeddable":true,"href":"https:\/\/stage.jrfer.com\/de\/wp-json\/wp\/v2\/product_tag?post=52611"}],"curies":[{"name":"wp","href":"https:\/\/api.w.org\/{rel}","templated":true}]}}