{"id":54455,"date":"2025-06-28T04:24:43","date_gmt":"2025-06-28T04:24:43","guid":{"rendered":"https:\/\/stage.jrfer.com\/product\/bang-leader-80k-3-in-1-80000-puffs-bulk-einweg-vape-mit-drei-geschmacksrichtungen\/"},"modified":"2026-04-07T15:00:34","modified_gmt":"2026-04-07T15:00:34","slug":"bang-leader-80k-puffs","status":"publish","type":"product","link":"https:\/\/stage.jrfer.com\/de\/produkt\/bang-leader-80k-puffs\/","title":{"rendered":"Bang Leader 80K 3-in-1 80000 Puffs | Bulk-Einweg-Vape mit drei Geschmacksrichtungen"},"content":{"rendered":"<h2>Warum sollten Sie sich f\u00fcr Bang Leader 80K entscheiden?<\/h2>\n<ul>\n<li><strong>Triple Flavour System:<\/strong> Wechseln Sie sofort zwischen 3 integrierten Geschmacksrichtungen in einem Ger\u00e4t \ud83c\udf49\ud83e\udd6d\ud83c\udf4c<\/li>\n<li><strong>Ultrahohe Puffanzahl:<\/strong> Bis zu 80.000 Z\u00fcge f\u00fcr un\u00fcbertroffene Langlebigkeit \ud83d\ude80<\/li>\n<li><strong>Nikotinoptionen:<\/strong> 0 %, 2 %, 3 % oder 5 % \u2013 f\u00fcr alle Vorlieben geeignet \u2705<\/li>\n<li><strong>Dual Mesh Coil:<\/strong> Reichhaltigerer Geschmack, sanfterer Dampf und schnelleres Erhitzen \ud83c\udf2c\ufe0f<\/li>\n<li><strong>Wiederaufladbare Leistung:<\/strong> 850-mAh-Akku mit Typ-C-Schnellladung \u26a1<\/li>\n<li><strong>Gro\u00dfhandelsfertig:<\/strong> Jede Box enth\u00e4lt 10 Einheiten \u2013 perfekt f\u00fcr Wiederverk\u00e4ufer \ud83d\udce6<\/li>\n<\/ul>\n<h3>Spezifikationen<\/h3>\n<tbody>\n<tr>\n<td><strong>Puffanzahl:<\/strong><\/td>\n<td>Bis zu 80.000 Z\u00fcge<\/td>\n<\/tr>\n<tr>\n<td><strong>Geschmackssystem:<\/strong><\/td>\n<td>3-in-1-Dreifach-Geschmacksumschaltung<\/td>\n<\/tr>\n<tr>\n<td><strong>Nikotinst\u00e4rken:<\/strong><\/td>\n<td>0 %, 2 %, 3 %, 5 %<\/td>\n<\/tr>\n<tr>\n<td><strong>Spule:<\/strong><\/td>\n<td>Dual-Mesh-Spule<\/td>\n<\/tr>\n<tr>\n<td><strong>Batterie:<\/strong><\/td>\n<td>850 mAh wiederaufladbar<\/td>\n<\/tr>\n<tr>\n<td><strong>Aufladen:<\/strong><\/td>\n<td>Typ-C-Schnellladung<\/td>\n<\/tr>\n<tr>\n<td><strong>Kartonverpackung:<\/strong><\/td>\n<td>10 Einheiten pro Karton (B2B-freundlich)<\/td>\n<\/tr>\n<\/tbody>\n<\/table>\n<h3>Geschmackserlebnis<\/h3>\n<p>Mit <strong>Bang Leader 80K<\/strong> erhalten Sie <strong>3 Geschmacksrichtungen in jedem Ger\u00e4t<\/strong> \u2013 eine perfekte Mischung f\u00fcr endlose Vielfalt \ud83d\ude0d:<\/p>\n<ul>\n<li><strong>Wassermeloneneis + Erdbeer-Mango + Banane<\/strong> \u2013 Ein erfrischend fruchtiges Trio \ud83c\udf49\ud83c\udf53\ud83c\udf4c<\/li>\n<li><strong>Himbeer-Mojito-Pfirsich-Eis + Erdbeer-Wassermelone + Kiwi-Passionsfrucht-Guave<\/strong> \u2013 Exotisch und cool \ud83e\udd5d\ud83c\udf51<\/li>\n<li><strong>Erdbeer-Wassermelone + Traubeneis + Regenbogenbonbon<\/strong> \u2013 S\u00fc\u00df, eisig und bunt \ud83c\udf53\ud83c\udf6c<\/li>\n<li><strong>Cola-Eis + Blaubeer-Himbeere + Pfirsich-Mango-Wassermelone<\/strong> \u2013 Spritzig, w\u00fcrzig und tropisch \ud83e\udd64\ud83c\udf47<\/li>\n<li><strong>Blaubeer-Wassermelone + Erdbeer-Mango + schwarze Johannisbeere<\/strong> \u2013 Eine k\u00fchne Fruchtexplosion \ud83e\uded0\ud83c\udf49<\/li>\n<li><strong>Blueberry Ice + Black Dragon Ice + Mango Peach<\/strong> \u2013 Eisig und kraftvoll \ud83d\udc09\ud83e\udd6d<\/li>\n<li><strong>Blaubeereis + Erdbeerbanane + gemischte Beeren<\/strong> \u2013 Cremige und fruchtige Mischung \ud83c\udf4c\ud83e\uded0<\/li>\n<li><strong>Red Bull + Blueberry Watermelon + Apple Pear<\/strong> \u2013 Energieschub mit fruchtigem Kick \u26a1\ud83c\udf4f<\/li>\n<li><strong>Red Bull + Wassermelonen-Blasenbonbons + Erdbeereis<\/strong> \u2013 Lustig und nachspeiseartig \ud83c\udf6c\ud83c\udf66<\/li>\n<li><strong>Erdbeer-Kiwi + Pfirsich-Eis + Kirsch-Cola<\/strong> \u2013 s\u00fc\u00df, w\u00fcrzig und spritzig \ud83c\udf52\ud83e\udd64<\/li>\n<li><strong>Kiwi-Guave + Litschi-Eis + Mango-Pfirsich-Ananas<\/strong> \u2013 Exotisches tropisches Paradies \ud83e\udd6d\ud83c\udf4d<\/li>\n<li><strong>Avocado-Eis + Zitronen-Limette + Wassermelone-Himbeere<\/strong> \u2013 Einzigartig, pikant und erfrischend \ud83e\udd51\ud83c\udf4b<\/li>\n<\/ul>\n<h3>Perfekt f\u00fcr Vielnutzer und Gro\u00dfh\u00e4ndler<\/h3>\n<p>Der <strong>Bang Leader 80K<\/strong> wurde f\u00fcr <strong>starke Dampfer, Geschmacksliebhaber und Gro\u00dfabnehmer<\/strong> entwickelt. Seine <strong>80.000 Z\u00fcge, das Dreifach-Geschmackssystem und die B2B-freundliche Verpackung<\/strong> machen es zu einem Muss f\u00fcr Vape-Shops, H\u00e4ndler und Lounges, die ein Produkt mit hoher Nachfrage suchen.<\/p>\n<h3>FAQ<\/h3>\n<ul>\n<li><strong>Wie viele Geschmacksrichtungen sind in jedem Ger\u00e4t enthalten?<\/strong><br \/>\nJedes Ger\u00e4t verf\u00fcgt \u00fcber drei integrierte Geschmacksrichtungen, zwischen denen Sie wechseln k\u00f6nnen.<\/li>\n<li><strong>Ist es wiederaufladbar?<\/strong><br \/>\nJa, es verf\u00fcgt \u00fcber einen Typ-C-Ladeanschluss mit einem 850-mAh-Akku.<\/li>\n<li><strong>Welche Nikotinmengen sind verf\u00fcgbar?<\/strong><br \/>\nErh\u00e4ltlich in 0 %, 2 %, 3 % und 5 %, um verschiedenen Benutzern gerecht zu werden.<\/li>\n<li><strong>Wie ist es verpackt?<\/strong><br \/>\nJede Gro\u00dfhandelsbox enth\u00e4lt 10 Einheiten, ideal f\u00fcr B2B-K\u00e4ufer.<\/li>\n<li><strong>Wer sollte dieses Produkt kaufen?<\/strong><br \/>\nPerfekt f\u00fcr <strong>starke Konsumenten, Geschmacksliebhaber, Vape-Shops und H\u00e4ndler<\/strong>, die nach Premium-Gro\u00dfmengenoptionen suchen.<\/li>\n<\/ul>\n","protected":false},"excerpt":{"rendered":"<p>Der <strong>Bang Leader 80K<\/strong> \ud83d\udd25 definiert Einwegdampfen mit <strong>3-in-1-Geschmacksumschaltung<\/strong>, einer enormen <strong>80.000-Z\u00fcge-Z\u00e4hlung<\/strong> und <strong>Dual-Mesh-Coil-Technologie<\/strong> neu. Entwickelt f\u00fcr langanhaltenden Genuss und Gro\u00dfhandelsvertrieb, ist es die perfekte Wahl f\u00fcr Vape-Shops, H\u00e4ndler und Geschmacksj\u00e4ger.<\/p>\n","protected":false},"featured_media":818,"comment_status":"open","ping_status":"closed","template":"","meta":[],"product_brand":[],"product_cat":[345],"product_tag":[],"class_list":{"0":"post-54455","1":"product","2":"type-product","3":"status-publish","4":"has-post-thumbnail","6":"product_cat-bang","8":"first","9":"instock","10":"shipping-taxable","11":"purchasable","12":"product-type-variable","13":"has-default-attributes"},"tiered_pricing_type":"fixed","tiered_pricing_fixed_rules":{"30":7.4000000000000003552713678800500929355621337890625,"50":6.29000000000000003552713678800500929355621337890625,"100":5.42999999999999971578290569595992565155029296875,"200":5.05999999999999960920149533194489777088165283203125,"400":4.5},"tiered_pricing_product_settings":{"layout":"default","base_unit_name":{"singular":null,"plural":null},"default_variation":null},"tiered_pricing_minimum_quantity":10,"tiered_pricing_roles_data":[],"tiered_pricing_percentage_rules":[],"tiered_pricing_maximum_quantity":null,"tiered_pricing_quantity_step":"10","_links":{"self":[{"href":"https:\/\/stage.jrfer.com\/de\/wp-json\/wp\/v2\/product\/54455","targetHints":{"allow":["GET"]}}],"collection":[{"href":"https:\/\/stage.jrfer.com\/de\/wp-json\/wp\/v2\/product"}],"about":[{"href":"https:\/\/stage.jrfer.com\/de\/wp-json\/wp\/v2\/types\/product"}],"replies":[{"embeddable":true,"href":"https:\/\/stage.jrfer.com\/de\/wp-json\/wp\/v2\/comments?post=54455"}],"wp:featuredmedia":[{"embeddable":true,"href":"https:\/\/stage.jrfer.com\/de\/wp-json\/wp\/v2\/media\/818"}],"wp:attachment":[{"href":"https:\/\/stage.jrfer.com\/de\/wp-json\/wp\/v2\/media?parent=54455"}],"wp:term":[{"taxonomy":"product_brand","embeddable":true,"href":"https:\/\/stage.jrfer.com\/de\/wp-json\/wp\/v2\/product_brand?post=54455"},{"taxonomy":"product_cat","embeddable":true,"href":"https:\/\/stage.jrfer.com\/de\/wp-json\/wp\/v2\/product_cat?post=54455"},{"taxonomy":"product_tag","embeddable":true,"href":"https:\/\/stage.jrfer.com\/de\/wp-json\/wp\/v2\/product_tag?post=54455"}],"curies":[{"name":"wp","href":"https:\/\/api.w.org\/{rel}","templated":true}]}}