{"id":57979,"date":"2025-06-28T04:00:41","date_gmt":"2025-06-28T04:00:41","guid":{"rendered":"https:\/\/stage.jrfer.com\/product\/uwin-crystal-10k-10000-puffs-rgb-licht-einweg-vape-im-groshandel\/"},"modified":"2026-04-07T15:09:57","modified_gmt":"2026-04-07T15:09:57","slug":"uwin-crystal-10000-puffs","status":"publish","type":"product","link":"https:\/\/stage.jrfer.com\/de\/produkt\/uwin-crystal-10000-puffs\/","title":{"rendered":"Uwin Crystal 10K 10000 Puffs | RGB-Licht-Einweg-Vape im Gro\u00dfhandel"},"content":{"rendered":"<h2>Warum sollten Sie sich f\u00fcr Uwin Crystal 10K entscheiden?<\/h2>\n<ul>\n<li><strong>10.000 Z\u00fcge:<\/strong> Langanhaltende Nutzung f\u00fcr besseres Preis-Leistungs-Verh\u00e4ltnis \ud83d\udca8<\/li>\n<li><strong>Nikotinflexibilit\u00e4t:<\/strong> W\u00e4hlen Sie je nach Wunsch zwischen 0 %, 2 %, 3 % oder 5 % \ud83d\udd25<\/li>\n<li><strong>Gro\u00dfer 18-ml-Tank:<\/strong> Vorgef\u00fcllt f\u00fcr wochenlanges Dampfen ohne Probleme \ud83c\udf53<\/li>\n<li><strong>Mesh Coil 0,8 \u03a9:<\/strong> Genie\u00dfen Sie sanftere Wolken und verbesserten Geschmack \ud83c\udf2c\ufe0f<\/li>\n<li><strong>RGB-Lichter:<\/strong> Einzigartige Leuchteffekte f\u00fcr ein stilvolles Erlebnis \u2728<\/li>\n<li><strong>Wiederaufladbare Leistung:<\/strong> 650-mAh-Kobaltbatterie mit Typ-C-Schnellladung \ud83d\udd0b<\/li>\n<li><strong>Gro\u00dfhandelsfertig:<\/strong> 200 St\u00fcck pro Karton, mengenfreundliche Verpackung \ud83d\udce6<\/li>\n<\/ul>\n<h3>Spezifikationen<\/h3>\n<tbody>\n<tr>\n<td><strong>Puffanzahl:<\/strong><\/td>\n<td>Bis zu 10.000<\/td>\n<\/tr>\n<tr>\n<td><strong>E-Liquid-Kapazit\u00e4t:<\/strong><\/td>\n<td>18 ml<\/td>\n<\/tr>\n<tr>\n<td><strong>Nikotinst\u00e4rke:<\/strong><\/td>\n<td>0 %, 2 %, 3 %, 5 %<\/td>\n<\/tr>\n<tr>\n<td><strong>Batterie:<\/strong><\/td>\n<td>650 mAh wiederaufladbarer Kobalt-Akku<\/td>\n<\/tr>\n<tr>\n<td><strong>Aufladen:<\/strong><\/td>\n<td>Typ-C-Schnellladung<\/td>\n<\/tr>\n<tr>\n<td><strong>Spule:<\/strong><\/td>\n<td>0,8 \u03a9 Mesh-Spule<\/td>\n<\/tr>\n<tr>\n<td><strong>Verpackung:<\/strong><\/td>\n<td>200 St\u00fcck pro Karton (10 St\u00fcck pro Karton)<\/td>\n<\/tr>\n<tr>\n<td><strong>Gewicht:<\/strong><\/td>\n<td>17,3 kg pro Karton<\/td>\n<\/tr>\n<tr>\n<td><strong>Abmessungen:<\/strong><\/td>\n<td>36,5 x 36,7 x 31,5 cm<\/td>\n<\/tr>\n<tr>\n<td><strong>Besonderheit:<\/strong><\/td>\n<td>RGB-Lichter<\/td>\n<\/tr>\n<\/tbody>\n<\/table>\n<h3>Geschmacksauswahl<\/h3>\n<p>Der <strong>Uwin Crystal 10K<\/strong> bietet <strong>\u00fcber 30 k\u00f6stliche Geschmacksrichtungen<\/strong> und vereint Fr\u00fcchte, S\u00fc\u00dfigkeiten und eisige Empfindungen \ud83c\udf6d\ud83c\udf47:<\/p>\n<ul>\n<li><strong>Blaubeer-Himbeere<\/strong> \u2013 S\u00fc\u00df-s\u00e4uerliche Beerenmischung \ud83e\uded0\ud83c\udf53<\/li>\n<li><strong>Traubeneis<\/strong> \u2013 Saftige Traube mit k\u00fchlem Abgang \ud83c\udf47\u2744\ufe0f<\/li>\n<li><strong>Erdbeer-Wassermelone<\/strong> \u2013 Erfrischendes, fruchtiges Duo \ud83c\udf53\ud83c\udf49<\/li>\n<li><strong>Blaubeere auf Eis<\/strong> \u2013 Frostiger Blaubeergenuss \ud83e\uded0\u2744\ufe0f<\/li>\n<li><strong>Kirscheis<\/strong> \u2013 Kr\u00e4ftige Kirsche mit eisiger Note \ud83c\udf52\u2744\ufe0f<\/li>\n<li><strong>Kiwi-Passionsfrucht-Guave<\/strong> \u2013 Exotische tropische Mischung \ud83e\udd5d\ud83c\udf48<\/li>\n<li><strong>Pfirsicheis<\/strong> \u2013 Saftiger Pfirsich mit einer frostigen Note \ud83c\udf51\u2744\ufe0f<\/li>\n<li><strong>Pfirsichbeere<\/strong> \u2013 S\u00fc\u00dfer Pfirsich trifft auf Beere \ud83c\udf51\ud83c\udf53<\/li>\n<li><strong>Kirsch-Cola<\/strong> \u2013 Kohlens\u00e4urehaltiges Cola mit Kirschgeschmack \ud83e\udd64<\/li>\n<li><strong>Red Bull<\/strong> \u2013 Von Energy-Drinks inspirierter Kick \u26a1<\/li>\n<li><strong>Blau Razz Limonade<\/strong> \u2013 S\u00fc\u00df, w\u00fcrzig und erfrischend \ud83d\udc99\ud83c\udf4b<\/li>\n<li><strong>Erdbeer-Banane<\/strong> \u2013 Sanfte, fruchtige Kombination \ud83c\udf53\ud83c\udf4c<\/li>\n<li><strong>Cola-Eis<\/strong> \u2013 Klassische Limonade mit eisigem Abgang \ud83e\udd64\u2744\ufe0f<\/li>\n<li><strong>Miami Minze<\/strong> \u2013 Frische, saubere Minze \ud83c\udf3f<\/li>\n<li><strong>Zitronenlimette<\/strong> \u2013 Explosion der Zitrusschale \ud83c\udf4b<\/li>\n<li><strong>Vanilleeis<\/strong> \u2013 S\u00fc\u00dfe cremige Vanille mit einem coolen Twist \ud83c\udf66\u2744\ufe0f<\/li>\n<li><strong>Liebe 66<\/strong> \u2013 Ber\u00fchmte fruchtige Mischung im Shisha-Stil \u2764\ufe0f<\/li>\n<li><strong>Und viele mehr&#8230;<\/strong><\/li>\n<\/ul>\n<h3>Perfekt f\u00fcr Heavy Vaper und H\u00e4ndler<\/h3>\n<p>Die <strong>Uwin Crystal 10000 Puffs<\/strong> sind f\u00fcr <strong>starke Dampfer, Geschmacksj\u00e4ger, Vape-Shops und Gro\u00dfh\u00e4ndler<\/strong> konzipiert. Mit seiner gro\u00dfen Puffzahl, den <strong>RGB-Leuchten<\/strong> und der zuverl\u00e4ssigen Leistung ist es f\u00fcr B2B- und Einzelhandelskunden gleicherma\u00dfen leicht zu verkaufen.<\/p>\n<h3>FAQ<\/h3>\n<ul>\n<li><strong>Wie viele Z\u00fcge pro Ger\u00e4t?<\/strong><br \/>\nBis zu 10.000 Z\u00fcge.<\/li>\n<li><strong>Ist es wiederaufladbar?<\/strong><br \/>\nJa, es wird mit einem wiederaufladbaren Kobalt-Akku mit 650 mAh geliefert.<\/li>\n<li><strong>Welche Nikotinoptionen gibt es?<\/strong><br \/>\n0 %, 2 %, 3 % und 5 % Nikotinst\u00e4rken.<\/li>\n<li><strong>Hat es besondere Funktionen?<\/strong><br \/>\nJa, es enth\u00e4lt <strong>RGB-Lichter<\/strong> f\u00fcr einen stilvollen Leuchteffekt.<\/li>\n<li><strong>Ist es f\u00fcr den Gro\u00dfhandel geeignet?<\/strong><br \/>\nJa, mit 200 St\u00fcck pro Karton eignet es sich perfekt f\u00fcr den Gro\u00dfverkauf.<\/li>\n<\/ul>\n","protected":false},"excerpt":{"rendered":"<p>Der <strong>Uwin Crystal 10000 Puffs<\/strong> \ud83d\udc8e ist ein stilvoller Einweg-Vaporizer mit RGB-Licht, der f\u00fcr <strong>Gro\u00dfh\u00e4ndler, Vape-Shops und Vielnutzer<\/strong> entwickelt wurde. Mit bis zu <strong>10.000 Z\u00fcgen<\/strong>, einer reichhaltigen Geschmacksauswahl und einem wiederaufladbaren Akku bietet dieses Ger\u00e4t sowohl Leistung als auch auff\u00e4llige Optik.<\/p>\n","protected":false},"featured_media":310,"comment_status":"open","ping_status":"closed","template":"","meta":[],"product_brand":[],"product_cat":[379],"product_tag":[],"class_list":{"0":"post-57979","1":"product","2":"type-product","3":"status-publish","4":"has-post-thumbnail","6":"product_cat-uwin","8":"first","9":"instock","10":"shipping-taxable","11":"purchasable","12":"product-type-variable","13":"has-default-attributes"},"tiered_pricing_type":"fixed","tiered_pricing_fixed_rules":{"30":5.12000000000000010658141036401502788066864013671875,"50":4.12999999999999989341858963598497211933135986328125,"100":3.54000000000000003552713678800500929355621337890625,"200":3.359999999999999875655021241982467472553253173828125,"400":2.95999999999999996447286321199499070644378662109375},"tiered_pricing_product_settings":{"layout":"default","base_unit_name":{"singular":null,"plural":null},"default_variation":null},"tiered_pricing_minimum_quantity":10,"tiered_pricing_roles_data":[],"tiered_pricing_percentage_rules":[],"tiered_pricing_maximum_quantity":null,"tiered_pricing_quantity_step":"10","_links":{"self":[{"href":"https:\/\/stage.jrfer.com\/de\/wp-json\/wp\/v2\/product\/57979","targetHints":{"allow":["GET"]}}],"collection":[{"href":"https:\/\/stage.jrfer.com\/de\/wp-json\/wp\/v2\/product"}],"about":[{"href":"https:\/\/stage.jrfer.com\/de\/wp-json\/wp\/v2\/types\/product"}],"replies":[{"embeddable":true,"href":"https:\/\/stage.jrfer.com\/de\/wp-json\/wp\/v2\/comments?post=57979"}],"wp:featuredmedia":[{"embeddable":true,"href":"https:\/\/stage.jrfer.com\/de\/wp-json\/wp\/v2\/media\/310"}],"wp:attachment":[{"href":"https:\/\/stage.jrfer.com\/de\/wp-json\/wp\/v2\/media?parent=57979"}],"wp:term":[{"taxonomy":"product_brand","embeddable":true,"href":"https:\/\/stage.jrfer.com\/de\/wp-json\/wp\/v2\/product_brand?post=57979"},{"taxonomy":"product_cat","embeddable":true,"href":"https:\/\/stage.jrfer.com\/de\/wp-json\/wp\/v2\/product_cat?post=57979"},{"taxonomy":"product_tag","embeddable":true,"href":"https:\/\/stage.jrfer.com\/de\/wp-json\/wp\/v2\/product_tag?post=57979"}],"curies":[{"name":"wp","href":"https:\/\/api.w.org\/{rel}","templated":true}]}}