{"id":8996,"date":"2026-03-12T04:25:07","date_gmt":"2026-03-12T04:25:07","guid":{"rendered":"https:\/\/stage.jrfer.com\/product\/bang-leader-350k-8-geschmacksrichtungen-8-in-1-350-000-zuge-intelligentes-display-massen-einweg-vaporizer\/"},"modified":"2026-04-07T03:50:02","modified_gmt":"2026-04-07T03:50:02","slug":"bang-leader-350k-8-flavors-8-in-1-350000-puffs-smart-display-bulk-disposable-vape","status":"publish","type":"product","link":"https:\/\/stage.jrfer.com\/de\/produkt\/bang-leader-350k-8-flavors-8-in-1-350000-puffs-smart-display-bulk-disposable-vape\/","title":{"rendered":"Bang Leader 350K | 8 Geschmacksrichtungen, 8-in-1, 350.000 Z\u00fcge, intelligentes Display, Massen-Einweg-Vaporizer"},"content":{"rendered":"<p><img loading=\"lazy\" decoding=\"async\" class=\"alignnone size-full wp-image-114792\" src=\"https:\/\/aiviouvapes.com\/wp-content\/uploads\/2026\/03\/BANG-LEADER-350K-16.jpg\" alt=\"Bang Leader 350K\" width=\"1920\" height=\"1138\" title=\"\"><\/p>\n<p>Suchen Sie einen Premium-Mega-Puff-Vaporizer f\u00fcr den Gro\u00dfhandel? Bang Leader 350K kombiniert lange Nutzungsdauer, sanfte Geschmacksausbeute, OEM\/ODM-Anpassung und flexible Nikotinoptionen f\u00fcr globale M\u00e4rkte.<\/p>\n<h3>Warum sollten Sie sich f\u00fcr Bang Leader 350K entscheiden?<\/h3>\n<ul>\n<li>\ud83d\udd25 Bis zu 350.000 Z\u00fcge f\u00fcr langanhaltenden Gebrauch<\/li>\n<li>\ud83c\udf08 8-in-1-Geschmacksumschaltdesign f\u00fcr mehr Abwechslung in einem Ger\u00e4t<\/li>\n<li>\u26a1 Wiederaufladbar mit Typ-C-Ladeanschluss<\/li>\n<li>\ud83d\udca8 1,0-Mesh-Spule f\u00fcr sanfteren Geschmack und stabilen Dampf<\/li>\n<li>\ud83d\udd0b Gebaut mit 17350 850 mAh Akku<\/li>\n<li>\ud83d\udee0\ufe0f OEM\/ODM-Unterst\u00fctzung f\u00fcr kundenspezifische Markenprojekte<\/li>\n<li>\ud83c\udf0d Die Verpackungssprache kann in Englisch, Russisch, Spanisch und mehr angepasst werden<\/li>\n<li>\ud83e\uddea Nikotinst\u00e4rkeoptionen: 0 %, 2 %, 3 %, 5 %<\/li>\n<li>\ud83c\udfea Ideal f\u00fcr E-Zigaretten-Gro\u00dfh\u00e4ndler, H\u00e4ndler und E-Zigaretten-Einzelhandelsgesch\u00e4fte<\/li>\n<\/ul>\n<h3>Bang Leader 350K-\u00dcbersicht<\/h3>\n<p>Bang Leader 350K wurde f\u00fcr Kunden entwickelt, die eine sehr hohe Anzahl an Z\u00fcgen und mehr Geschmacksauswahl in einem Einweg-Vaporizer w\u00fcnschen. Das 8-in-1-Setup bietet Benutzern 4 Hauptgeschmacksrichtungen sowie 4 gemischte Geschmackskombinationen, was das Dampferlebnis interessanter und flexibler macht. Dies macht das Ger\u00e4t besonders attraktiv f\u00fcr Kunden, die gerne Geschmacksrichtungen wechseln, ohne mehrere Verdampfer dabei zu haben.<\/p>\n<p>F\u00fcr B2B-K\u00e4ufer hat dieses Modell auch einen hohen kommerziellen Wert. Es unterst\u00fctzt OEM\/ODM-Service, mehrere Nikotinoptionen und mehrsprachige Verpackungen, was H\u00e4ndlern hilft, das Produkt an verschiedene M\u00e4rkte anzupassen. Sein markantes Aussehen, sein gro\u00dfes Fassungsverm\u00f6gen und sein geschmacksintensives Konzept machen ihn zum Flaggschiff-High-Puff-Produkt in E-Zigaretten-L\u00e4den und Gro\u00dfhandelskatalogen.<\/p>\n<p>Bang Leader 350K ist ein k\u00fchner Mega-Puff-Einweg-Vaporizer, der f\u00fcr Kunden entwickelt wurde, die eine lange Nutzungsdauer, eine gr\u00f6\u00dfere Vielfalt und eine starke Marktattraktivit\u00e4t w\u00fcnschen. Mit 8-in-1-Geschmackskombinationen, wiederaufladbarem Typ-C-Design, Mesh-Coil-Ausgang und OEM\/ODM-Unterst\u00fctzung ist es eine leistungsstarke Option f\u00fcr Vielnutzer, Geschmacksj\u00e4ger, Vape-Shops und globale Gro\u00dfhandelsk\u00e4ufer. Wenn Sie ein Premium-High-Puff-Produkt zur Verst\u00e4rkung Ihres Katalogs w\u00fcnschen, ist Bang Leader 350K ein starker Flaggschiff-Kandidat.<\/p>\n<h3>Bang Leader 350K-Spezifikationen<\/h3>\n<tbody>\n<tr>\n<th>Funktion<\/th>\n<th>Details<\/th>\n<\/tr>\n<tr>\n<td>Produktname<\/td>\n<td>Bang Leader 350K<\/td>\n<\/tr>\n<tr>\n<td>Ger\u00e4tetyp<\/td>\n<td>8-in-1-Einweg-Vaporizer<\/td>\n<\/tr>\n<tr>\n<td>Puffanzahl<\/td>\n<td>Bis zu 350.000 Z\u00fcge<\/td>\n<\/tr>\n<tr>\n<td>Batterie<\/td>\n<td>17350 850 mAh<\/td>\n<\/tr>\n<tr>\n<td>Spulentyp<\/td>\n<td>1,0-Mesh-Spule<\/td>\n<\/tr>\n<tr>\n<td>Ladeanschluss<\/td>\n<td>Typ-C<\/td>\n<\/tr>\n<tr>\n<td>Nikotinst\u00e4rke<\/td>\n<td>0 % \/ 2 % \/ 3 % \/ 5 %<\/td>\n<\/tr>\n<tr>\n<td>Anpassung<\/td>\n<td>OEM\/ODM unterst\u00fctzt<\/td>\n<\/tr>\n<tr>\n<td>Verpackungssprachen<\/td>\n<td>Englisch \/ Russisch \/ Spanisch \/ benutzerdefinierte Sprachen<\/td>\n<\/tr>\n<tr>\n<td>Gewicht eines einzelnen Ger\u00e4ts<\/td>\n<td>140g<\/td>\n<\/tr>\n<tr>\n<td>10 Ger\u00e4tegewicht<\/td>\n<td>1400g<\/td>\n<\/tr>\n<tr>\n<td>Kartonmenge<\/td>\n<td>200 St\u00fcck<\/td>\n<\/tr>\n<tr>\n<td>Kartongr\u00f6\u00dfe<\/td>\n<td>51,5 \u00d7 51,5 \u00d7 30,5 cm<\/td>\n<\/tr>\n<tr>\n<td>Kartongewicht<\/td>\n<td>28 kg (ohne Kartonau\u00dfengewicht)<\/td>\n<\/tr>\n<tr>\n<td>MOQ<\/td>\n<td>10 St\u00fcck pro Einzelgeschmacksset<\/td>\n<\/tr>\n<\/tbody>\n<\/table>\n<h3><img loading=\"lazy\" decoding=\"async\" class=\"alignnone size-full wp-image-114777\" src=\"https:\/\/aiviouvapes.com\/wp-content\/uploads\/2026\/03\/BANG-LEADER-350K-1.jpg\" alt=\"Bang Leader 350K\" width=\"1920\" height=\"700\" title=\"\"><\/h3>\n<h3>Geschmackskombinationen<\/h3>\n<p>Bang Leader 350K verwendet ein innovatives <strong>8-in-1-Geschmacksumschaltsystem<\/strong>. Jedes Ger\u00e4t verf\u00fcgt \u00fcber vier Hauptgeschmacksrichtungen sowie vier automatische Mischkombinationen (1+2, 2+3, 3+4 und 4+1), sodass Benutzer sowohl reine Aromen als auch gemischte Geschmacksrichtungen in einem Vape genie\u00dfen k\u00f6nnen.<\/p>\n<p>Die Geschmackssets decken ein breites Spektrum beliebter Profile ab. Einige konzentrieren sich auf <strong>coole Fruchtklassiker<\/strong> wie Blue Razz Ice, Watermelon Ice, Strawberry Ice und Lemon Lime. Andere bringen <strong>s\u00fc\u00dfe Beeren- und tropische Mischungen<\/strong> wie Blueberry Ice, Tropical Fruit, Apple Kiwi Ice und Blue Razz Cherry mit.<\/p>\n<p>Es gibt auch verspieltere Kombinationen, die von Getr\u00e4nken und Desserts inspiriert sind, darunter Cherry Cola, Pink Lemonade, Mango Passion Fruit und Lemon Peach. F\u00fcr tropische Liebhaber bieten Geschmacksrichtungen wie Ananas-Kokos-Eis, Kiwi-Passionsfrucht-Guave und Pfirsich-Mango-Wassermelone einen reichhaltigeren exotischen Geschmack.<\/p>\n<p>Viele Sets heben beliebte Beeren- und Wassermelonenmischungen wie Erdbeer-Wassermelone, Himbeer-Wassermelone, Blaubeer-Himbeere und Erdbeer-Banane hervor, w\u00e4hrend andere einzigartige Geschmacksrichtungen wie Dragonfruit Ice, Cherry Pomegranate, Love 66 und das bekannte Fucking Fab-Profil bieten.<\/p>\n<p>Insgesamt ist die Geschmackspalette des Bang Leader 350K darauf ausgelegt, das Erlebnis frisch und interessant zu halten. Unabh\u00e4ngig davon, ob Benutzer eisgek\u00fchlte Fr\u00fcchte, tropische Mischungen, s\u00fc\u00dfe Beeren oder Geschmacksrichtungen im Getr\u00e4nkestil bevorzugen, macht es das Multi-Geschmackswechselsystem einfach, verschiedene Geschmacksrichtungen zu erkunden, ohne das Ger\u00e4t wechseln zu m\u00fcssen.<\/p>\n<h3>F\u00fcr wen ist dieser Vape am besten geeignet?<\/h3>\n<ul>\n<li>Vielnutzer, die ein langlebiges High-Puff-Ger\u00e4t w\u00fcnschen<\/li>\n<li>Geschmacksj\u00e4ger, die gerne zwischen verschiedenen Geschmacksrichtungen wechseln<\/li>\n<li>Vape-L\u00e4den, die einen herausragenden Flaggschiff-Einweg-Vaporizer suchen<\/li>\n<li>Gro\u00dfh\u00e4ndler und Distributoren auf der Suche nach OEM-f\u00e4higen Mega-Puff-Produkten<\/li>\n<li>Exportk\u00e4ufer, die flexible Nikotin- und Verpackungsoptionen ben\u00f6tigen<\/li>\n<\/ul>\n<h3>FAQ<\/h3>\n<h4>1. Wie viele Z\u00fcge bietet der Bang Leader 350K?<\/h4>\n<p>Bang Leader 350K bietet bis zu 350.000 Z\u00fcge und ist damit ein Einweg-Vaporizer mit extrem hoher Kapazit\u00e4t f\u00fcr den Langzeitgebrauch.<\/p>\n<h4>2. Ist der Bang Leader 350K wiederaufladbar?<\/h4>\n<p>Ja. Es unterst\u00fctzt das Laden vom Typ C, wodurch Benutzer die volle Ger\u00e4tekapazit\u00e4t bequemer nutzen k\u00f6nnen.<\/p>\n<h4>3. Welche Batterie ben\u00f6tigt dieses Ger\u00e4t?<\/h4>\n<p>Das Ger\u00e4t verwendet einen 17350 850-mAh-Akku.<\/p>\n<h4>4. Welche Spule wird im Bang Leader 350K verwendet?<\/h4>\n<p>Es verwendet eine 1,0-Mesh-Spule f\u00fcr stabile Erw\u00e4rmung, gleichm\u00e4\u00dfigeren Dampf und eine bessere Geschmacksleistung.<\/p>\n<h4>5. Welche Nikotinst\u00e4rken gibt es?<\/h4>\n<p>Zu den Optionen f\u00fcr die Nikotinst\u00e4rke geh\u00f6ren 0 %, 2 %, 3 % und 5 %.<\/p>\n<h4>6. Unterst\u00fctzt dieses Produkt OEM oder ODM?<\/h4>\n<p>Ja. Bang Leader 350K unterst\u00fctzt OEM- und ODM-Anpassungen, was ideal f\u00fcr Private-Label- und Gro\u00dfhandelsprojekte ist.<\/p>\n<h4>7. Welche Verpackungssprachen sind verf\u00fcgbar?<\/h4>\n<p>Die Verpackung kann je nach Marktanforderungen in Englisch, Russisch, Spanisch und anderen Sprachen angepasst werden.<\/p>\n<h4>8. Wie viele Geschmacksoptionen gibt es in einem Ger\u00e4t?<\/h4>\n<p>Jedes Bang Leader 350K-Ger\u00e4t ist als 8-in-1-Vaporizer mit 4 Hauptgeschmacksrichtungen und 4 Mischkombinationen konzipiert.<\/p>\n<h4>9. Was ist das MOQ?<\/h4>\n<p>Die Mindestbestellmenge betr\u00e4gt 10 St\u00fcck f\u00fcr ein einzelnes Geschmacksset.<\/p>\n<h4>10. Ist Bang Leader 350K f\u00fcr den Gro\u00dfhandel geeignet?<\/h4>\n<p>Ja. Seine hohe Puffanzahl, die Unterst\u00fctzung bei der Anpassung, die exportfreundlichen Verpackungsoptionen und das auff\u00e4llige Geschmackssystem machen es zu einer guten Wahl f\u00fcr den Gro\u00dfhandelsvertrieb.<\/p>\n<h3><img loading=\"lazy\" decoding=\"async\" class=\"alignnone size-full wp-image-114793\" src=\"https:\/\/aiviouvapes.com\/wp-content\/uploads\/2026\/03\/BANG-LEADER-350K-17.jpg\" alt=\"Bang Leader 350K\" width=\"800\" height=\"1920\" title=\"\"><\/h3>\n","protected":false},"excerpt":{"rendered":"<p>Bang Leader 350K ist ein 8-in-1-Einweg-Vaporizer mit hoher Kapazit\u00e4t, der f\u00fcr Vielnutzer, Geschmacksliebhaber und Gro\u00dfk\u00e4ufer entwickelt wurde. Mit bis zu 350.000 Z\u00fcgen, wiederaufladbarem Typ-C-Ladeger\u00e4t, Mesh-Coil-Leistung und 8 Geschmacksmodi in einem Ger\u00e4t ist es eine gute Wahl f\u00fcr Vape-Shops und H\u00e4ndler.<\/p>\n","protected":false},"featured_media":7106,"comment_status":"open","ping_status":"closed","template":"","meta":[],"product_brand":[],"product_cat":[345],"product_tag":[],"class_list":{"0":"post-8996","1":"product","2":"type-product","3":"status-publish","4":"has-post-thumbnail","6":"product_cat-bang","8":"first","9":"instock","10":"shipping-taxable","11":"product-type-simple"},"tiered_pricing_type":"fixed","tiered_pricing_fixed_rules":[],"tiered_pricing_product_settings":{"layout":"default","base_unit_name":{"singular":null,"plural":null},"default_variation":null},"tiered_pricing_minimum_quantity":null,"tiered_pricing_roles_data":[],"tiered_pricing_percentage_rules":[],"tiered_pricing_maximum_quantity":null,"tiered_pricing_quantity_step":null,"_links":{"self":[{"href":"https:\/\/stage.jrfer.com\/de\/wp-json\/wp\/v2\/product\/8996","targetHints":{"allow":["GET"]}}],"collection":[{"href":"https:\/\/stage.jrfer.com\/de\/wp-json\/wp\/v2\/product"}],"about":[{"href":"https:\/\/stage.jrfer.com\/de\/wp-json\/wp\/v2\/types\/product"}],"replies":[{"embeddable":true,"href":"https:\/\/stage.jrfer.com\/de\/wp-json\/wp\/v2\/comments?post=8996"}],"wp:featuredmedia":[{"embeddable":true,"href":"https:\/\/stage.jrfer.com\/de\/wp-json\/wp\/v2\/media\/7106"}],"wp:attachment":[{"href":"https:\/\/stage.jrfer.com\/de\/wp-json\/wp\/v2\/media?parent=8996"}],"wp:term":[{"taxonomy":"product_brand","embeddable":true,"href":"https:\/\/stage.jrfer.com\/de\/wp-json\/wp\/v2\/product_brand?post=8996"},{"taxonomy":"product_cat","embeddable":true,"href":"https:\/\/stage.jrfer.com\/de\/wp-json\/wp\/v2\/product_cat?post=8996"},{"taxonomy":"product_tag","embeddable":true,"href":"https:\/\/stage.jrfer.com\/de\/wp-json\/wp\/v2\/product_tag?post=8996"}],"curies":[{"name":"wp","href":"https:\/\/api.w.org\/{rel}","templated":true}]}}