{"id":9066,"date":"2025-06-23T04:47:15","date_gmt":"2025-06-23T04:47:15","guid":{"rendered":"https:\/\/stage.jrfer.com\/hogar\/"},"modified":"2026-04-06T12:50:38","modified_gmt":"2026-04-06T12:50:38","slug":"hogar","status":"publish","type":"page","link":"https:\/\/stage.jrfer.com\/es\/","title":{"rendered":"Hogar"},"content":{"rendered":"<h4>Pago seguro<\/h4>\n<p>Compre con confianza sabiendo que su informaci\u00f3n de pago est\u00e1 protegida por est\u00e1ndares de seguridad l\u00edderes en la industria.<\/p>\n<h4>Excelente servicio<\/h4>\n<p>Experimenta un servicio al cliente de primer nivel con nuestro equipo dedicado listo para ayudarte con cualquier consulta o inquietud.<\/p>\n<h4>Entrega r\u00e1pida<\/h4>\n<p>Disfrute de un env\u00edo r\u00e1pido y confiable en todos los pedidos, asegur\u00e1ndose de recibir sus productos puntualmente y en perfectas condiciones.<\/p>\n<h4>Productos originales<\/h4>\n<p>Garantizamos que todos nuestros productos son 100% aut\u00e9nticos y provienen directamente de fabricantes confiables.<\/p>\n<h3 id=\"brxe-xhtvan\" class=\"brxe-heading\">Novedades<\/h3>\n<div id=\"brxe-aezrzz\" class=\"brxe-text-basic\">Mant\u00e9ngase a la vanguardia con lo \u00faltimo y lo mejor en tecnolog\u00eda de vapeo.<\/div>\n<h3 id=\"brxe-kobdsx\" class=\"brxe-heading\">Productos m\u00e1s <em>populares<\/em><\/h3>\n<div id=\"brxe-vxehmw\" class=\"brxe-text-basic\">HolaVapes ofrece pr\u00e1cticos cigarrillos electr\u00f3nicos desechables precargados en varios sabores. F\u00e1cil de usar y sin mantenimiento, proporciona una experiencia de vapeo fluida, lo que lo convierte en una excelente alternativa al cigarrillo tradicional tanto para principiantes como para usuarios experimentados. Compacto y port\u00e1til para uso mientras viaja.<\/div>\n<h3 id=\"brxe-juvpfn\" class=\"brxe-heading\" style=\"text-align: center;\">Blog.  <em>Para empezar<\/em><\/h3>\n<p>Barra WASPE 60K: 60.000 caladas de sabor duradero<\/p>\n<p>60.000 caladas y 16 opciones de sabores. La <em>WASPE Bar 60K<\/em> no pierde el tiempo: est\u00e1 dise\u00f1ada para durar y superarse. Calidad de construcci\u00f3n superior, consistencia de extracci\u00f3n suave y una gama de sabores que cubre todo, desde afrutado hasta helado. Abast\u00e9cete de la barra que har\u00e1 que tus clientes vuelvan.<\/p>\n<p>Comprar ahora<\/p>\n<p>Happ Bar GR100K Pro: 100.000 bocanadas de potencia de bobina de malla<\/p>\n<p>100.000 caladas. 56ml de e-l\u00edquido premium. El <em>Happ Bar GR100K Pro<\/em> lleva la tecnolog\u00eda de bobina de malla al juego de las caladas altas, brindando un sabor m\u00e1s rico y nubes m\u00e1s densas desde la primera calada hasta la \u00faltima. 15 sabores, cero concesiones. Este es el vaporizador a granel que tus estanter\u00edas necesitan.<\/p>\n<p>Comprar ahora<\/p>\n<p>Happ Bar MT50000: 50.000 caladas con pantalla LCD<\/p>\n<p>50.000 caladas, una n\u00edtida pantalla LCD y 45 ml de zumo en un elegante dispositivo. La <em>Happ Bar MT50000<\/em> mantiene a los vapeadores informados y satisfechos: recargable tipo C, 15 opciones de sabores y un dise\u00f1o que luce tan bien como funciona. Precios al por mayor que tienen sentido.<\/p>\n<p>Comprar ahora<\/p>\n","protected":false},"excerpt":{"rendered":"<p>Pago seguro Compre con confianza sabiendo que su informaci\u00f3n de pago est\u00e1 protegida por est\u00e1ndares de seguridad l\u00edderes en la industria. Excelente servicio Experimenta un servicio al cliente de primer nivel con nuestro equipo dedicado listo para ayudarte con cualquier consulta o inquietud. Entrega r\u00e1pida Disfrute de un env\u00edo r\u00e1pido y confiable en todos los [&hellip;]<\/p>\n","protected":false},"author":1,"featured_media":0,"parent":0,"menu_order":0,"comment_status":"closed","ping_status":"open","template":"","meta":{"footnotes":""},"class_list":["post-9066","page","type-page","status-publish","hentry"],"_links":{"self":[{"href":"https:\/\/stage.jrfer.com\/es\/wp-json\/wp\/v2\/pages\/9066","targetHints":{"allow":["GET"]}}],"collection":[{"href":"https:\/\/stage.jrfer.com\/es\/wp-json\/wp\/v2\/pages"}],"about":[{"href":"https:\/\/stage.jrfer.com\/es\/wp-json\/wp\/v2\/types\/page"}],"author":[{"embeddable":true,"href":"https:\/\/stage.jrfer.com\/es\/wp-json\/wp\/v2\/users\/1"}],"replies":[{"embeddable":true,"href":"https:\/\/stage.jrfer.com\/es\/wp-json\/wp\/v2\/comments?post=9066"}],"version-history":[{"count":1,"href":"https:\/\/stage.jrfer.com\/es\/wp-json\/wp\/v2\/pages\/9066\/revisions"}],"predecessor-version":[{"id":24286,"href":"https:\/\/stage.jrfer.com\/es\/wp-json\/wp\/v2\/pages\/9066\/revisions\/24286"}],"wp:attachment":[{"href":"https:\/\/stage.jrfer.com\/es\/wp-json\/wp\/v2\/media?parent=9066"}],"curies":[{"name":"wp","href":"https:\/\/api.w.org\/{rel}","templated":true}]}}