{"id":9067,"date":"2025-06-23T04:47:15","date_gmt":"2025-06-23T04:47:15","guid":{"rendered":"https:\/\/stage.jrfer.com\/politica-de-privacidad\/"},"modified":"2026-04-07T03:26:23","modified_gmt":"2026-04-07T03:26:23","slug":"privacy-policy","status":"publish","type":"page","link":"https:\/\/stage.jrfer.com\/es\/privacy-policy\/","title":{"rendered":"pol\u00edtica de privacidad"},"content":{"rendered":"<p><secci\u00f3n id=\"pol\u00edtica-de-privacidad\"><\/p>\n<h2>Pol\u00edtica de privacidad \u2013 Rico\u00a0Vape<\/h2>\n<h3>Informaci\u00f3n que recopilamos<\/h3>\n<ul>\n<li><strong>Informaci\u00f3n personal:<\/strong> Cuando realiza una compra o se registra, recopilamos detalles como su nombre, correo electr\u00f3nico, n\u00famero de tel\u00e9fono, direcci\u00f3n de env\u00edo e informaci\u00f3n de pago.<\/li>\n<li><strong>Informaci\u00f3n no personal:<\/strong> Tambi\u00e9n recopilamos datos como su direcci\u00f3n IP, tipo de navegador, detalles del dispositivo y actividad de navegaci\u00f3n en nuestro sitio. Estos nos ayudan a comprender c\u00f3mo se utilizan nuestros servicios.<\/li>\n<\/ul>\n<h3>C\u00f3mo utilizamos su informaci\u00f3n<\/h3>\n<ul>\n<li><strong>Procesamiento de pedidos:<\/strong> para procesar pedidos, enviar confirmaciones, gestionar avisos de env\u00edo y brindar atenci\u00f3n al cliente.<\/li>\n<li><strong>Mejora del servicio:<\/strong> utilice datos no personales para analizar el rendimiento del sitio y mejorar la experiencia del usuario.<\/li>\n<li><strong>Comunicaci\u00f3n:<\/strong> enviarle actualizaciones, boletines informativos y ofertas promocionales. Puedes optar por no participar en cualquier momento.<\/li>\n<\/ul>\n<h3>C\u00f3mo protegemos su informaci\u00f3n<\/h3>\n<ul>\n<li><strong>Cifrado:<\/strong> Utilizamos cifrado SSL para proteger sus datos personales en tr\u00e1nsito.<\/li>\n<li><strong>Pagos seguros:<\/strong> el procesamiento de pagos se realiza a trav\u00e9s de pasarelas seguras de terceros; nunca almacenamos sus datos de pago.<\/li>\n<li><strong>Controles de acceso:<\/strong> Solo el personal autorizado tiene acceso a la informaci\u00f3n personal para realizar tareas esenciales.<\/li>\n<\/ul>\n<h3>Compartir su informaci\u00f3n<\/h3>\n<ul>\n<li><strong>Proveedores externos:<\/strong> podemos compartir datos con socios confiables que ayudan con el cumplimiento de pedidos, el env\u00edo, los pagos y el marketing. Est\u00e1n sujetos a obligaciones de privacidad.<\/li>\n<li><strong>Requisitos legales:<\/strong> Podemos divulgar informaci\u00f3n para cumplir con las leyes o responder a solicitudes legales.<\/li>\n<\/ul>\n<h3>Cookies<\/h3>\n<p>Utilizamos cookies (peque\u00f1os archivos en su dispositivo) para personalizar su experiencia y recordar preferencias. Puede desactivar las cookies a trav\u00e9s de la configuraci\u00f3n de su navegador, pero esto podr\u00eda afectar la funcionalidad del sitio.<\/p>\n<h3>Tus derechos<\/h3>\n<ul>\n<li><strong>Acceso y actualizaci\u00f3n:<\/strong> Puede revisar y actualizar su informaci\u00f3n personal a trav\u00e9s de su cuenta o comunic\u00e1ndose con el soporte.<\/li>\n<li><strong>Eliminaci\u00f3n:<\/strong> Puede solicitar la eliminaci\u00f3n de sus datos, sujeto a restricciones legales u operativas.<\/li>\n<\/ul>\n<h3>Cambios a esta pol\u00edtica<\/h3>\n<p>Podemos actualizar esta pol\u00edtica ocasionalmente. Cualquier cambio se publicar\u00e1 aqu\u00ed y la pol\u00edtica revisada entrar\u00e1 en vigor inmediatamente despu\u00e9s de su publicaci\u00f3n.<\/p>\n<h3>Cont\u00e1ctenos<\/h3>\n<p>Si tiene preguntas o inquietudes sobre su privacidad o esta pol\u00edtica, comun\u00edquese con nosotros:<\/p>\n<ul>\n<li><strong>Correo electr\u00f3nico:<\/strong> <a href=\"mailto:support@rico\u2011vape.com\">support@rico\u2011vape.com<\/a><\/li>\n<li><strong>WhatsApp:<\/strong> +12132586327 (lunes a viernes, de 9 a. m. a 8 p. m. UTC+8)<\/li>\n<\/ul>\n<p><\/secci\u00f3n><\/p>\n","protected":false},"excerpt":{"rendered":"<p>Pol\u00edtica de privacidad \u2013 Rico\u00a0Vape Informaci\u00f3n que recopilamos Informaci\u00f3n personal: Cuando realiza una compra o se registra, recopilamos detalles como su nombre, correo electr\u00f3nico, n\u00famero de tel\u00e9fono, direcci\u00f3n de env\u00edo e informaci\u00f3n de pago. Informaci\u00f3n no personal: Tambi\u00e9n recopilamos datos como su direcci\u00f3n IP, tipo de navegador, detalles del dispositivo y actividad de navegaci\u00f3n en [&hellip;]<\/p>\n","protected":false},"author":1,"featured_media":0,"parent":0,"menu_order":0,"comment_status":"closed","ping_status":"open","template":"","meta":{"footnotes":""},"class_list":["post-9067","page","type-page","status-publish","hentry"],"_links":{"self":[{"href":"https:\/\/stage.jrfer.com\/es\/wp-json\/wp\/v2\/pages\/9067","targetHints":{"allow":["GET"]}}],"collection":[{"href":"https:\/\/stage.jrfer.com\/es\/wp-json\/wp\/v2\/pages"}],"about":[{"href":"https:\/\/stage.jrfer.com\/es\/wp-json\/wp\/v2\/types\/page"}],"author":[{"embeddable":true,"href":"https:\/\/stage.jrfer.com\/es\/wp-json\/wp\/v2\/users\/1"}],"replies":[{"embeddable":true,"href":"https:\/\/stage.jrfer.com\/es\/wp-json\/wp\/v2\/comments?post=9067"}],"version-history":[{"count":1,"href":"https:\/\/stage.jrfer.com\/es\/wp-json\/wp\/v2\/pages\/9067\/revisions"}],"predecessor-version":[{"id":24346,"href":"https:\/\/stage.jrfer.com\/es\/wp-json\/wp\/v2\/pages\/9067\/revisions\/24346"}],"wp:attachment":[{"href":"https:\/\/stage.jrfer.com\/es\/wp-json\/wp\/v2\/media?parent=9067"}],"curies":[{"name":"wp","href":"https:\/\/api.w.org\/{rel}","templated":true}]}}