{"id":9070,"date":"2025-07-16T04:58:54","date_gmt":"2025-07-16T04:58:54","guid":{"rendered":"https:\/\/stage.jrfer.com\/politica-de-reembolsos-y-devoluciones\/"},"modified":"2026-04-07T03:26:56","modified_gmt":"2026-04-07T03:26:56","slug":"refund_returns","status":"publish","type":"page","link":"https:\/\/stage.jrfer.com\/es\/refund_returns\/","title":{"rendered":"Pol\u00edtica de reembolsos y devoluciones"},"content":{"rendered":"<!-- wp:p\u00e1rrafo -->\r\n<p><b>Esta es una p\u00e1gina de muestra.<\/b><\/p>\r\n<!-- \/wp:p\u00e1rrafo -->\r\n\r\n\r\n<h2 class=\"wp-block-heading\">Descripci\u00f3n general<\/h2>\r\n\r\n\r\n<!-- wp:p\u00e1rrafo -->\r\n<p>Nuestra pol\u00edtica de reembolsos y devoluciones tiene una duraci\u00f3n de 30 d\u00edas. Si han pasado 30 d\u00edas desde su compra, no podemos ofrecerle un reembolso completo ni un cambio.<\/p>\r\n<!-- \/wp:p\u00e1rrafo -->\r\n\r\n<!-- wp:p\u00e1rrafo -->\r\n<p>Para ser elegible para una devoluci\u00f3n, su art\u00edculo debe estar sin usar y en las mismas condiciones en que lo recibi\u00f3. Tambi\u00e9n debe estar en el embalaje original.<\/p>\r\n<!-- \/wp:p\u00e1rrafo -->\r\n\r\n<!-- wp:p\u00e1rrafo -->\r\n<p>Varios tipos de mercanc\u00edas est\u00e1n exentas de devoluci\u00f3n. No se pueden devolver productos perecederos como alimentos, flores, peri\u00f3dicos o revistas. Tampoco aceptamos productos que sean art\u00edculos \u00edntimos o sanitarios, materiales peligrosos o l\u00edquidos o gases inflamables.<\/p>\r\n<!-- \/wp:p\u00e1rrafo -->\r\n\r\n<!-- wp:p\u00e1rrafo -->\r\n<p>Art\u00edculos adicionales no retornables:<\/p>\r\n<!-- \/wp:p\u00e1rrafo -->\r\n\r\n\r\n<ul>\r\n<li>Tarjetas de regalo<\/li>\r\n<li>Productos de software descargables<\/li>\r\n<li>Algunos art\u00edculos de salud y cuidado personal<\/li>\r\n<\/ul>\r\n\r\n\r\n<!-- wp:p\u00e1rrafo -->\r\n<p>Para completar su devoluci\u00f3n, requerimos un recibo o comprobante de compra.<\/p>\r\n<!-- \/wp:p\u00e1rrafo -->\r\n\r\n<!-- wp:p\u00e1rrafo -->\r\n<p>Por favor, no env\u00ede su compra al fabricante.<\/p>\r\n<!-- \/wp:p\u00e1rrafo -->\r\n\r\n<!-- wp:p\u00e1rrafo -->\r\n<p>Existen determinadas situaciones en las que solo se conceden reembolsos parciales:<\/p>\r\n<!-- \/wp:p\u00e1rrafo -->\r\n\r\n\r\n<ul>\r\n<li>Libro con signos evidentes de uso<\/li>\r\n<li>CD, DVD, cinta VHS, software, videojuego, cinta de casete o disco de vinilo abierto.<\/li>\r\n<li>Cualquier art\u00edculo que no est\u00e9 en su estado original, est\u00e9 da\u00f1ado o le falten piezas por motivos ajenos a nuestro error.<\/li><li>Cualquier art\u00edculo que se devuelva m\u00e1s de 30 d\u00edas despu\u00e9s de la entrega<\/li>\r\n<\/ul>\r\n\r\n\r\n\r\n<h2 class=\"wp-block-heading\">Reembolsos<\/h2>\r\n\r\n\r\n<!-- wp:p\u00e1rrafo -->\r\n<p>Una vez recibida e inspeccionada su devoluci\u00f3n, le enviaremos un correo electr\u00f3nico para notificarle que hemos recibido el art\u00edculo devuelto. Tambi\u00e9n le notificaremos la aprobaci\u00f3n o rechazo de su reembolso.<\/p>\r\n<!-- \/wp:p\u00e1rrafo -->\r\n\r\n<!-- wp:p\u00e1rrafo -->\r\n<p>Si se aprueba, se procesar\u00e1 su reembolso y se aplicar\u00e1 autom\u00e1ticamente un cr\u00e9dito a su tarjeta de cr\u00e9dito o m\u00e9todo de pago original, dentro de una determinada cantidad de d\u00edas.<\/p>\r\n<!-- \/wp:p\u00e1rrafo -->\r\n\r\n\r\n<h3 class=\"wp-block-heading\">Reembolsos tard\u00edos o faltantes<\/h3>\r\n\r\n\r\n<!-- wp:p\u00e1rrafo -->\r\n<p>Si a\u00fan no has recibido un reembolso, primero revisa tu cuenta bancaria nuevamente.<\/p>\r\n<!-- \/wp:p\u00e1rrafo -->\r\n\r\n<!-- wp:p\u00e1rrafo -->\r\n<p>Luego comun\u00edquese con la compa\u00f1\u00eda de su tarjeta de cr\u00e9dito; puede pasar alg\u00fan tiempo antes de que su reembolso se publique oficialmente.<\/p>\r\n<!-- \/wp:p\u00e1rrafo -->\r\n\r\n<!-- wp:p\u00e1rrafo -->\r\n<p>A continuaci\u00f3n, p\u00f3ngase en contacto con su banco. A menudo hay alg\u00fan tiempo de procesamiento antes de que se publique un reembolso.<\/p>\r\n<!-- \/wp:p\u00e1rrafo -->\r\n\r\n<!-- wp:p\u00e1rrafo -->\r\n<p>Si ha hecho todo esto y a\u00fan no ha recibido su reembolso, comun\u00edquese con nosotros a {direcci\u00f3n de correo electr\u00f3nico}.<\/p>\r\n<!-- \/wp:p\u00e1rrafo -->\r\n\r\n\r\n<h3 class=\"wp-block-heading\">Art\u00edculos en oferta<\/h3>\r\n\r\n\r\n<!-- wp:p\u00e1rrafo -->\r\n<p>Solo se pueden reembolsar los art\u00edculos con precio regular. Los art\u00edculos en oferta no se pueden reembolsar.<\/p>\r\n<!-- \/wp:p\u00e1rrafo -->\r\n\r\n\r\n<h2 class=\"wp-block-heading\">Intercambios<\/h2>\r\n<!-- wp:p\u00e1rrafo -->\r\n<p>Solo reemplazamos art\u00edculos si est\u00e1n defectuosos o da\u00f1ados. Si necesitas cambiarlo por el mismo art\u00edculo, env\u00edanos un correo electr\u00f3nico a {direcci\u00f3n de correo electr\u00f3nico} y env\u00eda tu art\u00edculo a: {direcci\u00f3n f\u00edsica}.<\/p>\r\n<!-- \/wp:p\u00e1rrafo -->\r\n\r\n\r\n<h2 class=\"wp-block-heading\">Regalos<\/h2>\r\n\r\n\r\n<!-- wp:p\u00e1rrafo -->\r\n<p>Si el art\u00edculo se marc\u00f3 como regalo cuando se compr\u00f3 y se le envi\u00f3 directamente, recibir\u00e1 un cr\u00e9dito de regalo por el valor de su devoluci\u00f3n. Una vez recibido el art\u00edculo devuelto, se le enviar\u00e1 por correo un certificado de regalo.<\/p>\r\n<!-- \/wp:p\u00e1rrafo -->\r\n\r\n<!-- wp:p\u00e1rrafo -->\r\n<p>Si el art\u00edculo no estaba marcado como regalo cuando se compr\u00f3, o si el obsequio recibi\u00f3 el pedido para entreg\u00e1rselo m\u00e1s tarde, le enviaremos un reembolso al obsequio y \u00e9l se enterar\u00e1 de su devoluci\u00f3n.<\/p>\r\n<!-- \/wp:p\u00e1rrafo -->\r\n\r\n\r\n<h2 class=\"wp-block-heading\">Devoluciones de env\u00edo<\/h2>\r\n\r\n\r\n<!-- wp:p\u00e1rrafo -->\r\n<p>Para devolver su producto, debe enviarlo por correo a: {direcci\u00f3n f\u00edsica}.<\/p>\r\n<!-- \/wp:p\u00e1rrafo -->\r\n\r\n<!-- wp:p\u00e1rrafo -->\r\n<p>Usted ser\u00e1 responsable de pagar sus propios costos de env\u00edo para devolver su art\u00edculo. Los costos de env\u00edo no son reembolsables. Si recibe un reembolso, el costo del env\u00edo de devoluci\u00f3n se deducir\u00e1 de su reembolso.<\/p>\r\n<!-- \/wp:p\u00e1rrafo -->\r\n\r\n<!-- wp:p\u00e1rrafo -->\r\n<p>Dependiendo de d\u00f3nde viva, el tiempo que puede tardar en llegar el producto intercambiado puede variar.<\/p>\r\n<!-- \/wp:p\u00e1rrafo -->\r\n\r\n<!-- wp:p\u00e1rrafo -->\r\n<p>Si devuelve art\u00edculos m\u00e1s caros, puede considerar utilizar un servicio de env\u00edo rastreable o comprar un seguro de env\u00edo. No garantizamos que recibiremos su art\u00edculo devuelto.<\/p>\r\n<!-- \/wp:p\u00e1rrafo -->\r\n<h2 class=\"wp-block-heading\">\u00bfNecesitas ayuda?<\/h2>\r\n\r\n\r\n<!-- wp:p\u00e1rrafo -->\r\n<p>Cont\u00e1ctanos al {email} si tienes preguntas relacionadas con reembolsos y devoluciones.<\/p>\r\n<!-- \/wp:p\u00e1rrafo -->","protected":false},"excerpt":{"rendered":"<p>Esta es una p\u00e1gina de muestra. Nuestra pol\u00edtica de reembolsos y devoluciones tiene una duraci\u00f3n de 30 d\u00edas. Si han pasado 30 d\u00edas desde su compra, no podemos ofrecerle un reembolso completo ni un cambio. Para ser elegible para una devoluci\u00f3n, su art\u00edculo debe estar sin usar y en las mismas condiciones en que lo [&hellip;]<\/p>\n","protected":false},"author":1,"featured_media":0,"parent":0,"menu_order":0,"comment_status":"closed","ping_status":"closed","template":"","meta":{"footnotes":""},"class_list":["post-9070","page","type-page","status-publish","hentry"],"_links":{"self":[{"href":"https:\/\/stage.jrfer.com\/es\/wp-json\/wp\/v2\/pages\/9070","targetHints":{"allow":["GET"]}}],"collection":[{"href":"https:\/\/stage.jrfer.com\/es\/wp-json\/wp\/v2\/pages"}],"about":[{"href":"https:\/\/stage.jrfer.com\/es\/wp-json\/wp\/v2\/types\/page"}],"author":[{"embeddable":true,"href":"https:\/\/stage.jrfer.com\/es\/wp-json\/wp\/v2\/users\/1"}],"replies":[{"embeddable":true,"href":"https:\/\/stage.jrfer.com\/es\/wp-json\/wp\/v2\/comments?post=9070"}],"version-history":[{"count":3,"href":"https:\/\/stage.jrfer.com\/es\/wp-json\/wp\/v2\/pages\/9070\/revisions"}],"predecessor-version":[{"id":25066,"href":"https:\/\/stage.jrfer.com\/es\/wp-json\/wp\/v2\/pages\/9070\/revisions\/25066"}],"wp:attachment":[{"href":"https:\/\/stage.jrfer.com\/es\/wp-json\/wp\/v2\/media?parent=9070"}],"curies":[{"name":"wp","href":"https:\/\/api.w.org\/{rel}","templated":true}]}}