{"id":9073,"date":"2025-07-16T04:36:50","date_gmt":"2025-07-16T04:36:50","guid":{"rendered":"https:\/\/stage.jrfer.com\/sobre-nosotros\/"},"modified":"2026-04-07T07:18:41","modified_gmt":"2026-04-07T07:18:41","slug":"about","status":"publish","type":"page","link":"https:\/\/stage.jrfer.com\/es\/about\/","title":{"rendered":"Sobre nosotros"},"content":{"rendered":"<div class=\"jr-page jr-page--about\">\n<section class=\"jr-hero\">\n<p class=\"jr-kicker\">Rico Vape<\/p>\n<h1>Acerca de nosotros<\/h1>\n<div class=\"jr-hero-copy\">\n<p>Bienvenido a RicoVapes, su destino preferido para cigarrillos electr\u00f3nicos desechables y productos de vapeo premium.<br \/>Nuestra misi\u00f3n es brindar soluciones de vapeo innovadoras y de alta calidad adaptadas a sus necesidades.<\/p>\n<\/div>\n<\/section>\n<div class=\"jr-card-grid\">\n<article class=\"jr-info-card\">\n<h3>Nuestros productos<\/h3>\n<div class=\"jr-card-copy\">\n<div>Ofrecemos cigarrillos electr\u00f3nicos desechables de alta calidad y brindamos servicios OEM para productos de vapeo personalizados. Todos nuestros productos se someten a pruebas rigurosas para garantizar que cumplen con los m\u00e1s altos est\u00e1ndares.<\/div>\n<\/div>\n<\/article>\n<article class=\"jr-info-card\">\n<h3>Servicios OEM y mayoristas<\/h3>\n<div class=\"jr-card-copy\">\n<div>Ofrecemos cigarrillos electr\u00f3nicos desechables de alta calidad y brindamos servicios OEM para productos de vapeo personalizados. Todos nuestros productos se someten a pruebas rigurosas para garantizar que cumplen con los m\u00e1s altos est\u00e1ndares.<\/div>\n<\/div>\n<\/article>\n<article class=\"jr-info-card\">\n<h3>Env\u00edo r\u00e1pido y seguro<\/h3>\n<div class=\"jr-card-copy\">\n<div>Procesamos pedidos dentro de 1 a 3 d\u00edas h\u00e1biles y los enviamos utilizando transportistas confiables como DHL, DPD, UPS y servicios postales locales.\n<\/div>\n<div>Nuestro env\u00edo eficiente garantiza una entrega r\u00e1pida y segura.<\/div>\n<\/div>\n<\/article>\n<article class=\"jr-info-card\">\n<h3>Pagos seguros<\/h3>\n<div class=\"jr-card-copy\">\n<div>Admitimos PayPal, tarjetas de cr\u00e9dito, transferencias bancarias y pagos con criptomonedas, utilizando cifrado SSL para la transmisi\u00f3n de datos.<\/div>\n<\/div>\n<\/article>\n<article class=\"jr-info-card\">\n<h3>Atenci\u00f3n al cliente<\/h3>\n<div class=\"jr-card-copy\">\n<div>Nuestro dedicado equipo de atenci\u00f3n al cliente est\u00e1 aqu\u00ed para ayudarle. Cont\u00e1ctenos por correo electr\u00f3nico a support@ricovape.com o whatsapp <a href=\"https:\/\/api.whatsapp.com\/send?phone=8618241953968\" target=\"_blank\" rel=\"noopener\">+8618241953968<\/a>. Estamos disponibles de lunes a viernes de 9 a. m. a 8 p. m. Hora est\u00e1ndar de China.<\/div>\n<\/div>\n<\/article>\n<\/div>\n<\/div>\n","protected":false},"excerpt":{"rendered":"<p>Rico Vape Acerca de nosotros Bienvenido a RicoVapes, su destino preferido para cigarrillos electr\u00f3nicos desechables y productos de vapeo premium.Nuestra misi\u00f3n es brindar soluciones de vapeo innovadoras y de alta calidad adaptadas a sus necesidades. Nuestros productos Ofrecemos cigarrillos electr\u00f3nicos desechables de alta calidad y brindamos servicios OEM para productos de vapeo personalizados. Todos nuestros [&hellip;]<\/p>\n","protected":false},"author":1,"featured_media":0,"parent":0,"menu_order":0,"comment_status":"closed","ping_status":"closed","template":"","meta":{"footnotes":""},"class_list":["post-9073","page","type-page","status-publish","hentry"],"_links":{"self":[{"href":"https:\/\/stage.jrfer.com\/es\/wp-json\/wp\/v2\/pages\/9073","targetHints":{"allow":["GET"]}}],"collection":[{"href":"https:\/\/stage.jrfer.com\/es\/wp-json\/wp\/v2\/pages"}],"about":[{"href":"https:\/\/stage.jrfer.com\/es\/wp-json\/wp\/v2\/types\/page"}],"author":[{"embeddable":true,"href":"https:\/\/stage.jrfer.com\/es\/wp-json\/wp\/v2\/users\/1"}],"replies":[{"embeddable":true,"href":"https:\/\/stage.jrfer.com\/es\/wp-json\/wp\/v2\/comments?post=9073"}],"version-history":[{"count":2,"href":"https:\/\/stage.jrfer.com\/es\/wp-json\/wp\/v2\/pages\/9073\/revisions"}],"predecessor-version":[{"id":69393,"href":"https:\/\/stage.jrfer.com\/es\/wp-json\/wp\/v2\/pages\/9073\/revisions\/69393"}],"wp:attachment":[{"href":"https:\/\/stage.jrfer.com\/es\/wp-json\/wp\/v2\/media?parent=9073"}],"curies":[{"name":"wp","href":"https:\/\/api.w.org\/{rel}","templated":true}]}}