{"id":9074,"date":"2025-07-16T04:36:55","date_gmt":"2025-07-16T04:36:55","guid":{"rendered":"https:\/\/stage.jrfer.com\/contactenos\/"},"modified":"2026-04-07T07:19:03","modified_gmt":"2026-04-07T07:19:03","slug":"contact","status":"publish","type":"page","link":"https:\/\/stage.jrfer.com\/es\/contact\/","title":{"rendered":"Cont\u00e1ctenos"},"content":{"rendered":"<div class=\"jr-page jr-page--contact\">\n<section class=\"jr-hero\">\n<p class=\"jr-kicker\">Rico Vape<\/p>\n<h1>Cont\u00e1ctenos<\/h1>\n<div class=\"jr-hero-copy\">\n<div>\n<p>Estamos aqu\u00ed para ayudarlo con cualquier pregunta o inquietud que pueda tener. No dude en comunicarse con nosotros a trav\u00e9s de cualquiera de los siguientes m\u00e9todos:<\/p>\n<\/div>\n<\/div>\n<\/section>\n<div class=\"jr-contact-grid\">\n<article class=\"jr-contact-card\">\n<h3>Correo electr\u00f3nico<\/h3>\n<div class=\"jr-card-copy\">\n<p><a href=\"mailto:support@ricovape.com\">support@ricovape.com<\/a><\/p>\n<\/div>\n<\/article>\n<article class=\"jr-contact-card\">\n<h3>WhatsApp<\/h3>\n<div class=\"jr-card-copy\">\n<p><a href=\"https:\/\/api.whatsapp.com\/send?phone=8618241953968\" target=\"_blank\" rel=\"noopener\">+8618241953968<\/a><\/p>\n<\/div>\n<\/article>\n<article class=\"jr-contact-card\">\n<h3>Ubicaci\u00f3n<\/h3>\n<div class=\"jr-card-copy\">\n<p>Sede de Hola<br \/>Sala 2002, piso 20, edificio Huasheng,<br \/>555 Zhongxin Avenue, subdistrito de Shajing,<br \/>distrito de Bao&#8217;an, Shenzhen, 518125.<br \/>China<\/p>\n<\/div>\n<\/article>\n<\/div>\n<section class=\"jr-contact-cta\">\n<h2>Deja un mensaje<\/h2>\n<div class=\"jr-contact-actions\"><a class=\"jr-action\" href=\"mailto:support@ricovape.com\">support@ricovape.com<\/a><a class=\"jr-action\" href=\"https:\/\/api.whatsapp.com\/send?phone=8618241953968\" target=\"_blank\" rel=\"noopener\">+8618241953968<\/a><\/div>\n<\/section>\n<\/div>\n","protected":false},"excerpt":{"rendered":"<p>Rico Vape Cont\u00e1ctenos Estamos aqu\u00ed para ayudarlo con cualquier pregunta o inquietud que pueda tener. No dude en comunicarse con nosotros a trav\u00e9s de cualquiera de los siguientes m\u00e9todos: Correo electr\u00f3nico support@ricovape.com WhatsApp +8618241953968 Ubicaci\u00f3n Sede de HolaSala 2002, piso 20, edificio Huasheng,555 Zhongxin Avenue, subdistrito de Shajing,distrito de Bao&#8217;an, Shenzhen, 518125.China Deja un mensaje [&hellip;]<\/p>\n","protected":false},"author":1,"featured_media":0,"parent":0,"menu_order":0,"comment_status":"closed","ping_status":"closed","template":"","meta":{"footnotes":""},"class_list":["post-9074","page","type-page","status-publish","hentry"],"_links":{"self":[{"href":"https:\/\/stage.jrfer.com\/es\/wp-json\/wp\/v2\/pages\/9074","targetHints":{"allow":["GET"]}}],"collection":[{"href":"https:\/\/stage.jrfer.com\/es\/wp-json\/wp\/v2\/pages"}],"about":[{"href":"https:\/\/stage.jrfer.com\/es\/wp-json\/wp\/v2\/types\/page"}],"author":[{"embeddable":true,"href":"https:\/\/stage.jrfer.com\/es\/wp-json\/wp\/v2\/users\/1"}],"replies":[{"embeddable":true,"href":"https:\/\/stage.jrfer.com\/es\/wp-json\/wp\/v2\/comments?post=9074"}],"version-history":[{"count":2,"href":"https:\/\/stage.jrfer.com\/es\/wp-json\/wp\/v2\/pages\/9074\/revisions"}],"predecessor-version":[{"id":69402,"href":"https:\/\/stage.jrfer.com\/es\/wp-json\/wp\/v2\/pages\/9074\/revisions\/69402"}],"wp:attachment":[{"href":"https:\/\/stage.jrfer.com\/es\/wp-json\/wp\/v2\/media?parent=9074"}],"curies":[{"name":"wp","href":"https:\/\/api.w.org\/{rel}","templated":true}]}}