{"id":9076,"date":"2025-07-16T04:37:29","date_gmt":"2025-07-16T04:37:29","guid":{"rendered":"https:\/\/stage.jrfer.com\/preguntas-frecuentes\/"},"modified":"2026-04-07T03:27:58","modified_gmt":"2026-04-07T03:27:58","slug":"faq","status":"publish","type":"page","link":"https:\/\/stage.jrfer.com\/es\/faq\/","title":{"rendered":"Preguntas frecuentes"},"content":{"rendered":"<section id=\"faq\">\n<h2>Preguntas frecuentes: Rico\u00a0Vape<\/h2>\n<h3>Acerca de nuestros productos y servicios<\/h3>\n<dl>\n<dt>\u00bfQu\u00e9 productos ofrece Rico\u00a0Vape?<\/dt>\n<dd>Rico\u00a0Vape ofrece una gama de dispositivos de vapeo desechables de alto rendimiento, l\u00edquidos electr\u00f3nicos premium y accesorios para vapeo. Tambi\u00e9n brindamos servicios OEM para productos de marca personalizada.<\/dd>\n<dt>\u00bfSon los productos Rico\u00a0Vape de alta calidad?<\/dt>\n<dd>\u00a1S\u00ed! Nos asociamos con fabricantes confiables y llevamos a cabo rigurosos controles de calidad para garantizar que cada dispositivo y l\u00edquido cumpla con nuestros m\u00e1s altos est\u00e1ndares.<\/dd>\n<dt>\u00bfOfrecen servicios OEM?<\/dt>\n<dd>Absolutamente. Rico\u00a0Vape ofrece servicios OEM completos: comun\u00edquese con el soporte t\u00e9cnico para analizar la marca, los sabores, el empaque y m\u00e1s.<\/dd>\n<dt>\u00bfAdmiten pedidos al por mayor?<\/dt>\n<dd>S\u00ed, ofrecemos precios mayoristas competitivos. P\u00f3ngase en contacto para obtener detalles sobre pedidos al por mayor.<\/dd>\n<\/dl>\n<h3>Pago<\/h3>\n<dl>\n<dt>\u00bfQu\u00e9 m\u00e9todos de pago se aceptan?<\/dt>\n<dd>Aceptamos las principales tarjetas de cr\u00e9dito\/d\u00e9bito, PayPal, Stripe, transferencias bancarias (incluidas SEPA\/IBAN) y ciertas criptomonedas.<\/dd>\n<dt>\u00bfEst\u00e1 segura mi informaci\u00f3n de pago?<\/dt>\n<dd>S\u00ed, todos los pagos se cifran utilizando protocolos seguros y no almacenamos su pago. detalles.<\/dd>\n<\/dl>\n<h3>Env\u00edo y seguimiento de pedidos<\/h3>\n<dl>\n<dt>\u00bfCu\u00e1nto tiempo lleva el procesamiento de pedidos?<\/dt>\n<dd>Los pedidos generalmente se procesan dentro de 1 a 3 d\u00edas h\u00e1biles.<\/dd>\n<dt>\u00bfCu\u00e1nto tiempo demorar\u00e1 el env\u00edo?<\/dt>\n<dd>El env\u00edo generalmente demora entre 7 y 14 d\u00edas h\u00e1biles, seg\u00fan su ubicaci\u00f3n.<\/dd>\n<dt>\u00bfQu\u00e9 transportistas de env\u00edo utiliza?<\/dt>\n<dd>Nos asociamos con transportistas confiables como DHL, UPS, FedEx y correo local servicios.<\/dd>\n<dt>\u00bfC\u00f3mo puedo rastrear mi pedido?<\/dt>\n<dd>Despu\u00e9s del env\u00edo, recibir\u00e1 un n\u00famero de seguimiento por correo electr\u00f3nico para monitorear su entrega.<\/dd>\n<dt>\u00bfPuedo cancelar mi pedido despu\u00e9s de su env\u00edo?<\/dt>\n<dd>Desafortunadamente, los pedidos no se pueden cancelar una vez enviados. Confirme todos los detalles antes de realizar su pedido.<\/dd>\n<\/dl>\n<h3>Devoluciones y garant\u00eda<\/h3>\n<dl>\n<dt>\u00bfQu\u00e9 pasa si mi producto llega da\u00f1ado o defectuoso?<\/dt>\n<dd>Comun\u00edquese con nuestro equipo de soporte de inmediato y organizaremos un reemplazo o un reembolso.<\/dd>\n<dt>\u00bfOfrecen garant\u00edas?<\/dt>\n<dd>S\u00ed, muchos de nuestros productos incluyen garant\u00edas del fabricante. Consulta las p\u00e1ginas de productos individuales para obtener m\u00e1s detalles.<\/dd>\n<dt>\u00bfPuedo devolver o cambiar una compra?<\/dt>\n<dd>S\u00ed, ofrecemos devoluciones y cambios sin complicaciones. Consulte nuestra p\u00e1gina Pol\u00edtica de devoluciones para obtener instrucciones completas.<\/dd>\n<\/dl>\n<h3>Atenci\u00f3n al cliente<\/h3>\n<dl>\n<dt>\u00bfC\u00f3mo puedo comunicarme con atenci\u00f3n al cliente?<\/dt>\n<dd>Env\u00edenos un correo electr\u00f3nico a <a href=\"mailto:support@rico\u2011vape.com\">support@rico\u2011vape.com<\/a> o<br \/>WhatsApp al +8618241953968. El soporte est\u00e1 disponible de lunes a viernes, de 9 a. m. a 9 p. m. (UTC+8).<\/dd>\n<\/dl>\n<\/section>\n","protected":false},"excerpt":{"rendered":"<p>Preguntas frecuentes: Rico\u00a0Vape Acerca de nuestros productos y servicios \u00bfQu\u00e9 productos ofrece Rico\u00a0Vape? Rico\u00a0Vape ofrece una gama de dispositivos de vapeo desechables de alto rendimiento, l\u00edquidos electr\u00f3nicos premium y accesorios para vapeo. Tambi\u00e9n brindamos servicios OEM para productos de marca personalizada. \u00bfSon los productos Rico\u00a0Vape de alta calidad? \u00a1S\u00ed! Nos asociamos con fabricantes confiables y [&hellip;]<\/p>\n","protected":false},"author":1,"featured_media":0,"parent":0,"menu_order":0,"comment_status":"closed","ping_status":"closed","template":"","meta":{"footnotes":""},"class_list":["post-9076","page","type-page","status-publish","hentry"],"_links":{"self":[{"href":"https:\/\/stage.jrfer.com\/es\/wp-json\/wp\/v2\/pages\/9076","targetHints":{"allow":["GET"]}}],"collection":[{"href":"https:\/\/stage.jrfer.com\/es\/wp-json\/wp\/v2\/pages"}],"about":[{"href":"https:\/\/stage.jrfer.com\/es\/wp-json\/wp\/v2\/types\/page"}],"author":[{"embeddable":true,"href":"https:\/\/stage.jrfer.com\/es\/wp-json\/wp\/v2\/users\/1"}],"replies":[{"embeddable":true,"href":"https:\/\/stage.jrfer.com\/es\/wp-json\/wp\/v2\/comments?post=9076"}],"version-history":[{"count":1,"href":"https:\/\/stage.jrfer.com\/es\/wp-json\/wp\/v2\/pages\/9076\/revisions"}],"predecessor-version":[{"id":26366,"href":"https:\/\/stage.jrfer.com\/es\/wp-json\/wp\/v2\/pages\/9076\/revisions\/26366"}],"wp:attachment":[{"href":"https:\/\/stage.jrfer.com\/es\/wp-json\/wp\/v2\/media?parent=9076"}],"curies":[{"name":"wp","href":"https:\/\/api.w.org\/{rel}","templated":true}]}}