{"id":9080,"date":"2025-07-16T05:44:51","date_gmt":"2025-07-16T05:44:51","guid":{"rendered":"https:\/\/stage.jrfer.com\/al-por-mayor\/"},"modified":"2026-04-07T07:19:27","modified_gmt":"2026-04-07T07:19:27","slug":"wholesale","status":"publish","type":"page","link":"https:\/\/stage.jrfer.com\/es\/wholesale\/","title":{"rendered":"Al por mayor"},"content":{"rendered":"<div class=\"jr-page jr-page--wholesale\">\n<section class=\"jr-hero\">\n<p class=\"jr-kicker\">Rico Vape B2B<\/p>\n<h1>Al por mayor<\/h1>\n<p class=\"jr-subhead\">Compras al por mayor<\/p>\n<div class=\"jr-hero-copy\">\n<p>Nos dedicamos a proporcionar cigarrillos electr\u00f3nicos y accesorios de alta calidad a minoristas y distribuidores de todo el mundo. Como proveedor l\u00edder en la industria, ofrecemos una amplia gama de productos y precios mayoristas competitivos para satisfacer las diversas necesidades de su negocio.<\/p>\n<\/div>\n<\/section>\n<section class=\"jr-checklist-panel\">\n<h2>\u00bfPor qu\u00e9 elegirnos?<\/h2>\n<ul class=\"jr-checklist\">\n<li><strong>Amplia selecci\u00f3n de productos<\/strong>: desde los \u00faltimos dispositivos de cigarrillos electr\u00f3nicos hasta una variedad de sabores de l\u00edquidos electr\u00f3nicos, tenemos todo lo que necesita.<\/li>\n<li><strong>Calidad superior<\/strong>: Todos nuestros productos se someten a rigurosas pruebas de calidad para garantizar la seguridad y confiabilidad.<\/li>\n<li><strong>Cantidades de pedidos flexibles<\/strong>: ya sea un peque\u00f1o minorista o un gran distribuidor, podemos satisfacer sus necesidades de pedidos.<\/li>\n<li><strong>Servicios de env\u00edo r\u00e1pido<\/strong>: en asociaci\u00f3n con m\u00faltiples empresas de log\u00edstica global, garantizamos que sus pedidos se entreguen de manera r\u00e1pida y segura, con seguimiento en l\u00ednea en tiempo real.<\/li>\n<li><strong>Excelente atenci\u00f3n al cliente<\/strong>: nuestro dedicado equipo est\u00e1 aqu\u00ed para ayudarlo con cualquier consulta o problema que pueda tener. tiene.<\/li>\n<\/ul>\n<\/section>\n<section class=\"jr-closing\">\n<p>P\u00f3ngase en contacto con nuestro equipo mayorista hoy para obtener m\u00e1s informaci\u00f3n sobre nuestras ofertas y descuentos mayoristas.<\/p>\n<p>\u00a1Esperamos asociarnos con usted y lograr un gran \u00e9xito juntos!<\/p>\n<\/section>\n<\/div>\n","protected":false},"excerpt":{"rendered":"<p>Rico Vape B2B Al por mayor Compras al por mayor Nos dedicamos a proporcionar cigarrillos electr\u00f3nicos y accesorios de alta calidad a minoristas y distribuidores de todo el mundo. Como proveedor l\u00edder en la industria, ofrecemos una amplia gama de productos y precios mayoristas competitivos para satisfacer las diversas necesidades de su negocio. \u00bfPor qu\u00e9 [&hellip;]<\/p>\n","protected":false},"author":1,"featured_media":0,"parent":0,"menu_order":0,"comment_status":"closed","ping_status":"closed","template":"","meta":{"footnotes":""},"class_list":["post-9080","page","type-page","status-publish","hentry"],"_links":{"self":[{"href":"https:\/\/stage.jrfer.com\/es\/wp-json\/wp\/v2\/pages\/9080","targetHints":{"allow":["GET"]}}],"collection":[{"href":"https:\/\/stage.jrfer.com\/es\/wp-json\/wp\/v2\/pages"}],"about":[{"href":"https:\/\/stage.jrfer.com\/es\/wp-json\/wp\/v2\/types\/page"}],"author":[{"embeddable":true,"href":"https:\/\/stage.jrfer.com\/es\/wp-json\/wp\/v2\/users\/1"}],"replies":[{"embeddable":true,"href":"https:\/\/stage.jrfer.com\/es\/wp-json\/wp\/v2\/comments?post=9080"}],"version-history":[{"count":2,"href":"https:\/\/stage.jrfer.com\/es\/wp-json\/wp\/v2\/pages\/9080\/revisions"}],"predecessor-version":[{"id":69411,"href":"https:\/\/stage.jrfer.com\/es\/wp-json\/wp\/v2\/pages\/9080\/revisions\/69411"}],"wp:attachment":[{"href":"https:\/\/stage.jrfer.com\/es\/wp-json\/wp\/v2\/media?parent=9080"}],"curies":[{"name":"wp","href":"https:\/\/api.w.org\/{rel}","templated":true}]}}