{"id":16594,"date":"2025-11-03T07:33:55","date_gmt":"2025-11-03T07:33:55","guid":{"rendered":"https:\/\/stage.jrfer.com\/product\/jnr-rage-gorila-55k-vape-desechable-inteligente-de-doble-malla-55000-inhalaciones\/"},"modified":"2026-04-07T11:22:50","modified_gmt":"2026-04-07T11:22:50","slug":"jnr-rage-gorilla-55k-dual-mesh-55000-puffs-smart-disposable-vape","status":"publish","type":"product","link":"https:\/\/stage.jrfer.com\/es\/producto\/jnr-rage-gorilla-55k-dual-mesh-55000-puffs-smart-disposable-vape\/","title":{"rendered":"JNR Rage Gorila 55K | Vape desechable inteligente de doble malla 55000 inhalaciones"},"content":{"rendered":"<h2>JNR Rage Gorilla 55K | Vape desechable con pantalla inteligente de doble malla 55000 inhalaciones<\/h2>\n<h3>\u00bfPor qu\u00e9 elegir JNR Rage Gorilla 55K?<\/h3>\n<ul>\n<li>\ud83d\udcaa <strong>Enormes 55.000 bocanadas<\/strong>: creado para ofrecer resistencia y un sabor constante hasta la \u00faltima bocanada.<\/li>\n<li>\u26a1 <strong>Bobina de malla dual<\/strong>: disfrute de un sabor m\u00e1s rico, un vapor m\u00e1s suave y un calentamiento m\u00e1s r\u00e1pido.<\/li>\n<li>\ud83d\udd0b <strong>Bater\u00eda recargable de 950 mAh<\/strong>: sigue vapeando durante m\u00e1s tiempo con la carga r\u00e1pida tipo C.<\/li>\n<li>\ud83d\udcf1 <strong>Pantalla LED inteligente<\/strong>: visualizaci\u00f3n en tiempo real del recuento de caladas y el nivel de bater\u00eda.<\/li>\n<li>\ud83c\udf08 <strong>Amplia gama de sabores<\/strong>: 20 deliciosas opciones, desde mezclas afrutadas hasta mezclas heladas.<\/li>\n<li>\ud83d\udca7 <strong>Gran capacidad de e-l\u00edquido de 42 ml<\/strong>: no se necesitan recargas, solo pura satisfacci\u00f3n.<\/li>\n<li>\ud83d\udcbc Ideal para <strong>distribuci\u00f3n mayorista, tiendas de vapeo o pedidos al por mayor B2B<\/strong>.<\/li>\n<\/ul>\n<p><img decoding=\"async\" src=\"https:\/\/stage.jrfer.com\/wp-content\/uploads\/2025\/11\/JNR-RAGE-GORILLA-55000-Puffs-Dual-Mesh-Authentic-Disposable-Vape-Low-Nicotine-Bulk-Buy-Wholesale-10-scaled-1.webp\" alt=\"JNR Rage Gorilla 55K \" title=\"\"><\/p>\n<h3>Especificaciones<\/h3>\n<table border=\"1\" cellpadding=\"6\">\n<tr>\n<td><strong>Recuento aproximado de bocanadas<\/strong><\/td>\n<td>55.000<\/td>\n<\/tr>\n<tr>\n<td><strong>Capacidad de E-l\u00edquido<\/strong><\/td>\n<td>42ml<\/td>\n<\/tr>\n<tr>\n<td><strong>Bater\u00eda<\/strong><\/td>\n<td>950 mAh (recargable mediante tipo C)<\/td>\n<\/tr>\n<tr>\n<td><strong>Sistema de bobina<\/strong><\/td>\n<td>Bobina de malla doble<\/td>\n<\/tr>\n<tr>\n<td><strong>Fuerza de la nicotina<\/strong><\/td>\n<td>0%, 2%, 5%<\/td>\n<\/tr>\n<tr>\n<td><strong>Pantalla<\/strong><\/td>\n<td>LED inteligente (bater\u00eda y recuento de bocanadas)<\/td>\n<\/tr>\n<tr>\n<td><strong>Puerto de carga<\/strong><\/td>\n<td>Carga r\u00e1pida tipo C<\/td>\n<\/tr>\n<\/tbody>\n<h3>Sabores disponibles \ud83c\udf53\ud83c\udf4d\ud83c\udf49<\/h3>\n<p>Descubre sabores atrevidos y jugosos hechos para todos los gustos:<\/p>\n<ul>\n<li><strong>Hielo de fresa<\/strong>: dulzura cl\u00e1sica de bayas con un toque helado.<\/li>\n<li><strong>Reajuste salarial de cereza<\/strong>: un toque de cola picante y gaseoso con un toque de cereza. \ud83e\udd64<\/li>\n<li><strong>Helado de sand\u00eda<\/strong>: refrescantes vibraciones veraniegas con un frescor helado. \ud83c\udf49<\/li>\n<li><strong>Cereza Razz Azul<\/strong>: explosi\u00f3n dulce, amarga y jugosa en cada calada.<\/li>\n<li><strong>Fresa Kiwi<\/strong>: Armon\u00eda de frutas tropicales para una satisfacci\u00f3n suave. \ud83c\udf53\ud83e\udd5d<\/li>\n<li><strong>Melocotones jugosos<\/strong>: sabor a melocot\u00f3n maduro y aterciopelado que perdura. \ud83c\udf51<\/li>\n<li><strong>Hielo de ar\u00e1ndanos<\/strong>: Audaz ar\u00e1ndano equilibrado con una frescura helada. \u2744\ufe0f<\/li>\n<li><strong>Bayas mixtas<\/strong>: una mezcla de bayas dulces con matices picantes.<\/li>\n<li><strong>Doble Manzana<\/strong>: Manzanas rojas y verdes crujientes con notas dulces. \ud83c\udf4f\ud83c\udf4e<\/li>\n<li><strong>cereza, baya<\/strong>: mezcla afrutada y dulce de cerezas y bayas del bosque.<\/li>\n<li><strong>Ar\u00e1ndano, Frambuesa y Cereza<\/strong>: fusi\u00f3n de triple baya para los amantes del sabor intenso.<\/li>\n<li><strong>Helado de fresa y sand\u00eda<\/strong>: la dulzura jugosa se combina con un refresco helado. \u2744\ufe0f<\/li>\n<li><strong>Helado de sand\u00eda y kiwi<\/strong>: toque picante de kiwi sobre una base fr\u00eda de mel\u00f3n.<\/li>\n<li><strong>Ar\u00e1ndano y frambuesa \u00e1cida<\/strong>: lo agrio se combina con lo dulce en esta sabrosa mezcla.<\/li>\n<li><strong>Razz de melocot\u00f3n blanco<\/strong>: melocot\u00f3n suave y cremoso con un acabado de frambuesa.<\/li>\n<li><strong>Mango Fruta De La Pasi\u00f3n<\/strong>: Explosi\u00f3n tropical ex\u00f3tica con un toque picante. \ud83e\udd6d<\/li>\n<li><strong>Melocot\u00f3n, Mango y Sand\u00eda<\/strong>: la fruta de varias capas deleita cada calada.<\/li>\n<li><strong>Chicle De Sand\u00eda<\/strong>: pop de sabor divertido, dulce y nost\u00e1lgico. \ud83c\udf6c<\/li>\n<li><strong>Pl\u00e1tano y fresa<\/strong>: el pl\u00e1tano suave y cremoso se combina con la dulce fresa. \ud83c\udf53\ud83c\udf4c<\/li>\n<li><strong>Kiwi Passion Guayaba<\/strong>: atrevido, tropical y vibrante: \u00a1el sue\u00f1o de todo cazador de sabores!<\/li>\n<\/ul>\n<h3>Perfecto para<\/h3>\n<p>El <strong>JNR Rage Gorilla 55K<\/strong> es perfecto para usuarios habituales, cazadores de sabores y amantes de las nubes que desean potencia duradera y sabor premium. \ud83d\udca8 A las tiendas y distribuidores de vapeo les encantar\u00e1 su rendimiento confiable, su larga vida \u00fatil y su impresionante variedad de sabores: una opci\u00f3n ideal para <strong>pedidos al por mayor<\/strong>.<\/p>\n<h3>Preguntas frecuentes \ud83e\uddd0<\/h3>\n<ul>\n<li><strong>P: \u00bfEl JNR Rage Gorilla es recargable?<\/strong><br \/>\nR: \u00a1S\u00ed! Incluye una bater\u00eda de 950 mAh con soporte de carga r\u00e1pida tipo C.<\/li>\n<li><strong>P: \u00bfPuedo comprobar el n\u00famero de caladas y el nivel de la bater\u00eda?<\/strong><br \/>\nR: Absolutamente. La pantalla LED inteligente muestra informaci\u00f3n sobre la bater\u00eda y la calada en tiempo real.<\/li>\n<li><strong>P: \u00bfCu\u00e1ntos sabores hay disponibles?<\/strong><br \/>\nR: M\u00e1s de 15 opciones con mezclas frutales y heladas para todos los gustos.<\/li>\n<li><strong>P: \u00bfPara qui\u00e9n es ideal este vaporizador?<\/strong><br \/>\nR: Ideal para uso personal, tiendas de vapeo, distribuidores y mayoristas B2B.<\/li>\n<li><strong>P: \u00bfEs opcional la nicotina?<\/strong><br \/>\nR: S\u00ed, disponible en concentraciones de nicotina del 0 %, 2 % y 5 %.<\/li>\n<\/ul>\n<p>\ud83d\ude80 Obtenga el <strong>vaporizador desechable JNR Rage Gorilla 55000 Puffs<\/strong> hoy y experimente potencia, sabor y conveniencia inigualables: \u00a1una opci\u00f3n perfecta tanto para los vapeadores modernos como para los compradores comerciales!<\/p>\n","protected":false},"excerpt":{"rendered":"<p>\ud83d\udd25 \u00a1El poder se encuentra con el sabor! El <strong>vaporizador desechable JNR Rage Gorilla 55000 Puffs<\/strong> ofrece nubes masivas, aspiraciones ultrasuaves y un rendimiento duradero, perfecto tanto para los amantes del vapeo como para los compradores mayoristas. \ud83d\udca8<\/p>\n","protected":false},"featured_media":6550,"comment_status":"open","ping_status":"closed","template":"","meta":[],"product_brand":[],"product_cat":[1808,709,1208,1105],"product_tag":[1233,1158,1127,1085,469,1194],"class_list":{"0":"post-16594","1":"product","2":"type-product","3":"status-publish","4":"has-post-thumbnail","6":"product_cat-jnr","7":"product_cat-vape-disponible-de-60000-soplos","8":"product_cat-vapes-desechables-recargables-baratos","9":"product_cat-vaporizadores-de-doble-malla","10":"product_tag-dispositivo-de-vapeo-con-pantalla-inteligente","11":"product_tag-jnr-rage-gorila-55k","12":"product_tag-mejores-vaporizadores-desechables","13":"product_tag-vape-disponible-de-55000-inhalaciones","14":"product_tag-vaporizador-de-bobina-de-doble-malla","15":"product_tag-vaporizador-recargable-de-larga-duracion","17":"first","18":"instock","19":"shipping-taxable","20":"purchasable","21":"product-type-variable","22":"has-default-attributes"},"tiered_pricing_type":"fixed","tiered_pricing_fixed_rules":{"30":9.6899999999999995026200849679298698902130126953125,"50":7.95999999999999996447286321199499070644378662109375,"100":7.3499999999999996447286321199499070644378662109375,"200":6.980000000000000426325641456060111522674560546875,"400":6.480000000000000426325641456060111522674560546875},"tiered_pricing_product_settings":{"layout":"default","base_unit_name":{"singular":null,"plural":null},"default_variation":null},"tiered_pricing_minimum_quantity":10,"tiered_pricing_roles_data":[],"tiered_pricing_percentage_rules":[],"tiered_pricing_maximum_quantity":null,"tiered_pricing_quantity_step":"10","_links":{"self":[{"href":"https:\/\/stage.jrfer.com\/es\/wp-json\/wp\/v2\/product\/16594","targetHints":{"allow":["GET"]}}],"collection":[{"href":"https:\/\/stage.jrfer.com\/es\/wp-json\/wp\/v2\/product"}],"about":[{"href":"https:\/\/stage.jrfer.com\/es\/wp-json\/wp\/v2\/types\/product"}],"replies":[{"embeddable":true,"href":"https:\/\/stage.jrfer.com\/es\/wp-json\/wp\/v2\/comments?post=16594"}],"wp:featuredmedia":[{"embeddable":true,"href":"https:\/\/stage.jrfer.com\/es\/wp-json\/wp\/v2\/media\/6550"}],"wp:attachment":[{"href":"https:\/\/stage.jrfer.com\/es\/wp-json\/wp\/v2\/media?parent=16594"}],"wp:term":[{"taxonomy":"product_brand","embeddable":true,"href":"https:\/\/stage.jrfer.com\/es\/wp-json\/wp\/v2\/product_brand?post=16594"},{"taxonomy":"product_cat","embeddable":true,"href":"https:\/\/stage.jrfer.com\/es\/wp-json\/wp\/v2\/product_cat?post=16594"},{"taxonomy":"product_tag","embeddable":true,"href":"https:\/\/stage.jrfer.com\/es\/wp-json\/wp\/v2\/product_tag?post=16594"}],"curies":[{"name":"wp","href":"https:\/\/api.w.org\/{rel}","templated":true}]}}