{"id":18552,"date":"2026-03-12T04:24:34","date_gmt":"2026-03-12T04:24:34","guid":{"rendered":"https:\/\/stage.jrfer.com\/product\/caja-digital-uwin-68k-pantalla-led-inteligente-68000-inhalaciones-vaporizador-desechable-a-granel-de-alta-capacidad\/"},"modified":"2026-04-07T09:23:55","modified_gmt":"2026-04-07T09:23:55","slug":"uwin-digital-box-68k-smart-led-screen-68000-puffs-high-capacity-bulk-disposable-vape","status":"publish","type":"product","link":"https:\/\/stage.jrfer.com\/es\/producto\/uwin-digital-box-68k-smart-led-screen-68000-puffs-high-capacity-bulk-disposable-vape\/","title":{"rendered":"CAJA DIGITAL UWIN 68K | Pantalla LED inteligente, 68000 inhalaciones, vaporizador desechable a granel de alta capacidad"},"content":{"rendered":"<p><!-- Breve descripci\u00f3n SEO --><\/p>\n<p><!-- T\u00edtulo del producto --><\/p>\n<p><!-- Descripci\u00f3n larga del producto --><\/p>\n<p>El <strong>Uwin Digital Box 68K<\/strong> est\u00e1 dise\u00f1ado para usuarios que desean <strong>caladas m\u00e1ximas, sabor fuerte y control inteligente<\/strong> en un potente vaporizador desechable.<br \/>\nCon unas incre\u00edbles <strong>68.000 caladas<\/strong> y una <strong>pantalla digital LED transparente<\/strong>, este dispositivo est\u00e1 dise\u00f1ado para durar m\u00e1s, venderse m\u00e1s r\u00e1pido e impresionar tanto a los clientes minoristas como a los compradores mayoristas. \ud83d\ude80<\/p>\n<p>Su moderno dise\u00f1o tipo caja cabe c\u00f3modamente en la mano, mientras que la pantalla inteligente muestra el estado de la bater\u00eda y el uso en tiempo real, sin adivinanzas ni sorpresas.<br \/>\nPara tiendas de vapeo, distribuidores y compradores al por mayor, Uwin Digital Box 68K es un producto confiable y de alto margen por el que a los clientes les encanta volver. \ud83d\udcbc<\/p>\n<h2>\u00bfPor qu\u00e9 elegir Uwin Digital Box 68K?<\/h2>\n<ul>\n<li>\ud83d\udca8 Enormes <strong>68 000 inhalaciones<\/strong> para uso a largo plazo<\/li>\n<li>\ud83d\udcdf La <strong>pantalla digital LED inteligente<\/strong> muestra claramente la bater\u00eda y el uso<\/li>\n<li>\ud83d\udd0b Bater\u00eda recargable de alta capacidad para un rendimiento ampliado<\/li>\n<li>\ud83d\udd25 Aspiraci\u00f3n suave con salida de vapor estable<\/li>\n<li>\ud83c\udf53 10 sabores populares que se venden r\u00e1pido en las tiendas minoristas<\/li>\n<li>\ud83d\udce6 Perfecto para <strong>pedidos al por mayor y distribuci\u00f3n mayorista<\/strong><\/li>\n<li>\ud83c\udfea Excelente opci\u00f3n para tiendas de vapeo, revendedores y distribuidores<\/li>\n<\/ul>\n<h2>Especificaciones de la caja digital Uwin 68K<\/h2>\n<p><tabla><br \/>\n<tcuerpo><\/p>\n<tr>\n<th>Caracter\u00edstica<\/th>\n<th>Detalles<\/th>\n<\/tr>\n<tr>\n<td>Recuento de bocanadas<\/td>\n<td>Aproximadamente 68.000 caladas \ud83d\udca8<\/td>\n<\/tr>\n<tr>\n<td>Modelo<\/td>\n<td>Caja Digital Uwin 68K<\/td>\n<\/tr>\n<tr>\n<td>Pantalla<\/td>\n<td>Pantalla digital LED inteligente<\/td>\n<\/tr>\n<tr>\n<td>Bater\u00eda<\/td>\n<td>Bater\u00eda recargable de alta capacidad \ud83d\udd0b<\/td>\n<\/tr>\n<tr>\n<td>Tipo de bobina<\/td>\n<td>Bobina de malla avanzada para un sabor suave<\/td>\n<\/tr>\n<tr>\n<td>Fuerza de la nicotina<\/td>\n<td>0% \/ 2% \/ 3% \/ 5% opciones disponibles<\/td>\n<\/tr>\n<tr>\n<td>Paquete<\/td>\n<td>Paquetes a granel al por mayor disponibles<\/td>\n<\/tr>\n<\/tbody>\n<p><\/tabla><\/p>\n<p><img loading=\"lazy\" decoding=\"async\" class=\"alignnone size-full wp-image-102537\" src=\"https:\/\/aiviouvapes.com\/wp-content\/uploads\/2026\/01\/UWIN-DIGITAL-BOX-68K-2.jpg\" alt=\"\" width=\"1536\" height=\"1536\" title=\"\"><\/p>\n<h2>Uwin Digital Box 68K Sabores Disponibles<\/h2>\n<ul>\n<li><strong>Ar\u00e1ndano y frambuesa<\/strong>: ar\u00e1ndanos dulces mezclados con frambuesa picante \ud83c\udf47<\/li>\n<li><strong>Sand\u00eda de fresa<\/strong>: sand\u00eda jugosa con dulzura de fresa madura \ud83c\udf49<\/li>\n<li><strong>Helado de sand\u00eda<\/strong>: sand\u00eda fresca con un acabado helado \u2744\ufe0f<\/li>\n<li><strong>Cherry Ice<\/strong>: intenso sabor a cereza con una exhalaci\u00f3n fr\u00eda \ud83c\udf52<\/li>\n<li><strong>Kiwi Maracuy\u00e1 Guayaba<\/strong> \u2013 Mezcla tropical llena de notas brillantes y ex\u00f3ticas \ud83e\udd5d<\/li>\n<li><strong>Summer Peach Ice<\/strong> \u2013 Melocot\u00f3n suave con un refrescante toque helado \ud83c\udf51<\/li>\n<li><strong>Fresa y kiwi<\/strong>: combinaci\u00f3n cl\u00e1sica de frutas agridulces \ud83c\udf53<\/li>\n<li><strong>Mixed Berry<\/strong>: una rica mezcla de bayas del bosque \ud83e\uded0<\/li>\n<li><strong>Mr Blue<\/strong>: fresco sabor a bayas misteriosas con un acabado fresco \ud83d\udc99<\/li>\n<li><strong>Red Bull<\/strong>: inspirado en el sabor de las bebidas energ\u00e9ticas para darle un toque audaz \u26a1<\/li>\n<\/ul>\n<p>La <strong><a href=\"https:\/\/aiviouvapes.com\/product-category\/uwin\/\" target=\"_blank\" rel=\"noopener\">Uwin<\/a> Digital Box 68K<\/strong> es perfecta para <strong>usuarios habituales<\/strong> que desean menos reemplazos,<br \/>\n<strong>cazadores de sabores<\/strong> que disfrutan de un rico sabor y <strong>tiendas de vapeo<\/strong> que buscan un producto de alta demanda.<br \/>\nTambi\u00e9n es una excelente opci\u00f3n para <strong>distribuci\u00f3n mayorista y a granel<\/strong>, ya que ofrece fuertes ventas repetidas y satisfacci\u00f3n del cliente.<\/p>\n<h2>Preguntas frecuentes<\/h2>\n<p><strong>P: \u00bfCu\u00e1nto dura la Uwin Digital Box 68K?<\/strong><br \/>\nR: Con hasta 68 000 inhalaciones, puede durar semanas o incluso m\u00e1s dependiendo de los h\u00e1bitos de uso.<\/p>\n<p><strong>P: \u00bfQu\u00e9 muestra la pantalla LED?<\/strong><br \/>\nR: La pantalla LED muestra el nivel de la bater\u00eda y el estado de uso, lo que facilita su administraci\u00f3n.<\/p>\n<p><strong>P: \u00bfEste producto es adecuado para compradores mayoristas?<\/strong><br \/>\nR: S\u00ed, est\u00e1 dise\u00f1ado para compras al por mayor, lo que lo hace ideal para tiendas y distribuidores de vapeo.<\/p>\n<p><strong>P: \u00bfEs necesario cargarlo?<\/strong><br \/>\nR: S\u00ed, el dispositivo incluye una bater\u00eda recargable para soportar su alto n\u00famero de caladas.<\/p>\n<p><strong>P: \u00bfHay sabores mixtos disponibles en pedidos al por mayor?<\/strong><br \/>\nR: S\u00ed, hay paquetes de sabores mezclados al azar disponibles para compras al por mayor.<\/p>\n","protected":false},"excerpt":{"rendered":"<p>El Uwin Digital Box 68K est\u00e1 dise\u00f1ado para usuarios que desean caladas m\u00e1ximas, sabor fuerte y control inteligente en un potente vaporizador desechable. Con unas incre\u00edbles 68.000 caladas y una pantalla digital LED transparente, este dispositivo est\u00e1 dise\u00f1ado para durar m\u00e1s, venderse m\u00e1s r\u00e1pido e impresionar tanto a los clientes minoristas como a los compradores [&hellip;]<\/p>\n","protected":false},"featured_media":6932,"comment_status":"open","ping_status":"closed","template":"","meta":[],"product_brand":[],"product_cat":[383,709],"product_tag":[2197,860,1111,825],"class_list":{"0":"post-18552","1":"product","2":"type-product","3":"status-publish","4":"has-post-thumbnail","6":"product_cat-uwin","7":"product_cat-vape-disponible-de-60000-soplos","8":"product_tag-vape-desechable-para-venta-al-por-mayor","9":"product_tag-vaporizador-de-60000-bocanadas","10":"product_tag-vaporizador-de-pantalla-inteligente","11":"product_tag-venta-al-por-major-dispositivo-vapeo","13":"first","14":"instock","15":"shipping-taxable","16":"purchasable","17":"product-type-variable","18":"has-default-attributes"},"tiered_pricing_type":"fixed","tiered_pricing_fixed_rules":{"30":8.5600000000000004973799150320701301097869873046875,"50":6.87000000000000010658141036401502788066864013671875,"100":6.3499999999999996447286321199499070644378662109375,"200":5.70000000000000017763568394002504646778106689453125,"400":5.37999999999999989341858963598497211933135986328125},"tiered_pricing_product_settings":{"layout":"default","base_unit_name":{"singular":null,"plural":null},"default_variation":null},"tiered_pricing_minimum_quantity":10,"tiered_pricing_roles_data":[],"tiered_pricing_percentage_rules":[],"tiered_pricing_maximum_quantity":null,"tiered_pricing_quantity_step":"10","_links":{"self":[{"href":"https:\/\/stage.jrfer.com\/es\/wp-json\/wp\/v2\/product\/18552","targetHints":{"allow":["GET"]}}],"collection":[{"href":"https:\/\/stage.jrfer.com\/es\/wp-json\/wp\/v2\/product"}],"about":[{"href":"https:\/\/stage.jrfer.com\/es\/wp-json\/wp\/v2\/types\/product"}],"replies":[{"embeddable":true,"href":"https:\/\/stage.jrfer.com\/es\/wp-json\/wp\/v2\/comments?post=18552"}],"wp:featuredmedia":[{"embeddable":true,"href":"https:\/\/stage.jrfer.com\/es\/wp-json\/wp\/v2\/media\/6932"}],"wp:attachment":[{"href":"https:\/\/stage.jrfer.com\/es\/wp-json\/wp\/v2\/media?parent=18552"}],"wp:term":[{"taxonomy":"product_brand","embeddable":true,"href":"https:\/\/stage.jrfer.com\/es\/wp-json\/wp\/v2\/product_brand?post=18552"},{"taxonomy":"product_cat","embeddable":true,"href":"https:\/\/stage.jrfer.com\/es\/wp-json\/wp\/v2\/product_cat?post=18552"},{"taxonomy":"product_tag","embeddable":true,"href":"https:\/\/stage.jrfer.com\/es\/wp-json\/wp\/v2\/product_tag?post=18552"}],"curies":[{"name":"wp","href":"https:\/\/api.w.org\/{rel}","templated":true}]}}