{"id":20155,"date":"2025-10-21T03:02:24","date_gmt":"2025-10-21T03:02:24","guid":{"rendered":"https:\/\/stage.jrfer.com\/product\/vopk-cuatro-sabores-80k-puffs-vape-recargable-de-sabor-ajustable-4-en-1\/"},"modified":"2026-04-07T11:33:13","modified_gmt":"2026-04-07T11:33:13","slug":"vopk-four-flavors-80k-puffs-4-in-1-adjustable-flavor-rechargeable-vape","status":"publish","type":"product","link":"https:\/\/stage.jrfer.com\/es\/producto\/vopk-four-flavors-80k-puffs-4-in-1-adjustable-flavor-rechargeable-vape\/","title":{"rendered":"Vopk Cuatro Sabores 80K Puffs | Vape recargable de sabor ajustable 4 en 1"},"content":{"rendered":"<h2>Vopk Cuatro Sabores 80K Puffs \ud83d\udca8 | Vape recargable de sabor ajustable 4 en 1<\/h2>\n<h3>\ud83d\udd25 \u00bfPor qu\u00e9 elegir Vopk Four Flavors 80K?<\/h3>\n<ul>\n<li>\ud83c\udf08 <strong>4 sabores ajustables<\/strong>: cambia f\u00e1cilmente entre cuatro tanques integrados para disfrutar de una variedad constante.<\/li>\n<li>\ud83d\udca8 <strong>Enormes 80.000 inhalaciones<\/strong>: dise\u00f1ado para durar semanas de satisfacci\u00f3n al vapear.<\/li>\n<li>\u26a1 <strong>Bobina de malla de 0,9 \u03a9<\/strong>: ofrece un vapor ultrasuave y una salida de sabor aut\u00e9ntico.<\/li>\n<li>\ud83d\udd0b <strong>Bater\u00eda recargable de 650 mAh<\/strong>: la carga r\u00e1pida mediante tipo C garantiza un rendimiento constante.<\/li>\n<li>\ud83d\udda5\ufe0f <strong>Pantalla LED<\/strong>: indicadores de nivel de energ\u00eda y e-l\u00edquido en tiempo real.<\/li>\n<li>\ud83d\udc8e <strong>Construcci\u00f3n premium<\/strong>: dise\u00f1o elegante, flujo de aire potente y materiales duraderos.<\/li>\n<li>\ud83c\udf0d <strong>Opciones de nicotina<\/strong>: disponibles en 2\u00a0% y 5\u00a0%, ideales para los mercados de la UE y el Reino Unido.<\/li>\n<\/ul>\n<h3>\u2699\ufe0f Especificaciones<\/h3>\n<tr>\n<td><strong>Recuento de bocanadas<\/strong><\/td>\n<td>Hasta 80.000<\/td>\n<\/tr>\n<tr>\n<td><strong>Fuerza de la nicotina<\/strong><\/td>\n<td>2%\/5%<\/td>\n<\/tr>\n<tr>\n<td><strong>Modos de sabor<\/strong><\/td>\n<td>4 ajustables<\/td>\n<\/tr>\n<tr>\n<td><strong>Bater\u00eda<\/strong><\/td>\n<td>650 mAh recargable<\/td>\n<\/tr>\n<tr>\n<td><strong>Bobina<\/strong><\/td>\n<td>Bobina de malla de 0,9\u03a9<\/td>\n<\/tr>\n<tr>\n<td><strong>Pantalla LED<\/strong><\/td>\n<td>S\u00ed<\/td>\n<\/tr>\n<tr>\n<td><strong>Puerto de carga<\/strong><\/td>\n<td>USB tipo C<\/td>\n<\/tr>\n<tr>\n<td><strong>Embalaje<\/strong><\/td>\n<td>10 unidades\/paquete<\/td>\n<\/tr>\n<\/tbody>\n<h3>\ud83c\udf6d Combinaciones de sabores<\/h3>\n<ol>\n<li>Helado de sand\u00eda \u2022 Hielo triple de mel\u00f3n \u2022 Hielo Blue Razz \u2022 Helado de fresa<\/li>\n<li>Ar\u00e1ndano, frambuesa \u2022 Hielo Fuji \u2022 Bayas mixtas \u2022 Caramelo de coco y ar\u00e1ndano<\/li>\n<li>Sand\u00eda y fresa \u2022 Uva y ar\u00e1ndano \u2022 Helado de mango \u2022 Caramelo de fresa y frambuesa<\/li>\n<li>Hielo de toro rojo \u2022 Maracuy\u00e1, Kiwi, Lima, Manzana Agria, Frambuesa, Fresa, Sand\u00eda, Chicle<\/li>\n<li>Helado de ar\u00e1ndanos \u2022 Melocot\u00f3n, mango, sand\u00eda \u2022 Mel\u00f3n, manzana \u2022 Helado de cereza gaseoso<\/li>\n<li>Mango de fresa \u2022 Kiwi de fresa \u2022 Fruta del drag\u00f3n de sand\u00eda \u2022 Osito de goma<\/li>\n<li>amor 66 \u2022 Frambuesa Sand\u00eda \u2022 Fresa Frambuesa Cereza \u2022 Cereza Candy Ice<\/li>\n<li>Pl\u00e1tano y fresa \u2022 Helado de pi\u00f1a y coco \u2022 Mango, durazno y albaricoque \u2022 Aloe, mango y mel\u00f3n<\/li>\n<li>Dulce arco\u00edris \u2022 Hielo de melocot\u00f3n \u2022 Naranja agria con lim\u00f3n \u2022 Lim\u00f3n y ar\u00e1ndano<\/li>\n<li>Kiwi Maracuy\u00e1 Guayaba \u2022 Fresa Cereza \u2022 Helado de Uva \u2022 Caramelo de Fresa<\/li>\n<\/ol>\n<h3>\ud83d\udcac Preguntas frecuentes<\/h3>\n<p><strong>Q:<\/strong> How do I switch flavors?<br \/>\n<strong>R:<\/strong> Puedes cambiar entre 4 sabores diferentes girando la boquilla.<\/p>\n<p><strong>P:<\/strong> \u00bfEl Vopk 80K es recargable?<br \/>\n<strong>R:<\/strong> S\u00ed, incluye un puerto de carga tipo C para una recarga r\u00e1pida y c\u00f3moda.<\/p>\n<p><strong>P:<\/strong> \u00bfPara qui\u00e9n es esto?<br \/>\n<strong>R:<\/strong> Ideal para amantes de los sabores, vapeadores ocasionales y cualquiera que quiera cuatro experiencias en un solo dispositivo.<\/p>\n<p>\u00a0<\/p>\n<p><strong>Vopk Four Flavors 80K<\/strong> es su sistema de vapeo 4 en 1 definitivo: duradero, sabroso y perfecto tanto para uso personal como minorista. Disfrute de una satisfacci\u00f3n de sabor ininterrumpida con este vaporizador desechable premium de alta capacidad.<\/p>\n","protected":false},"excerpt":{"rendered":"<p>Experimenta el poder del sabor con el <strong>vaporizador desechable 4 en 1 Vopk 80K<\/strong>: hasta 80 000 inhalaciones, 4 sabores intercambiables, bobina de malla y bater\u00eda recargable. \u00a1Dise\u00f1ado para caladas suaves, sabor fuerte y diversi\u00f3n de vapeo duradera!<\/p>\n","protected":false},"featured_media":6333,"comment_status":"open","ping_status":"closed","template":"","meta":[],"product_brand":[],"product_cat":[353,1930],"product_tag":[],"class_list":{"0":"post-20155","1":"product","2":"type-product","3":"status-publish","4":"has-post-thumbnail","6":"product_cat-vok","7":"product_cat-nuevo","9":"first","10":"instock","11":"shipping-taxable","12":"purchasable","13":"product-type-variable","14":"has-default-attributes"},"tiered_pricing_type":"fixed","tiered_pricing_fixed_rules":{"30":9.5099999999999997868371792719699442386627197265625,"50":7.78000000000000024868995751603506505489349365234375,"100":7.160000000000000142108547152020037174224853515625,"200":6.6699999999999999289457264239899814128875732421875,"400":5.9900000000000002131628207280300557613372802734375},"tiered_pricing_product_settings":{"layout":"default","base_unit_name":{"singular":null,"plural":null},"default_variation":null},"tiered_pricing_minimum_quantity":10,"tiered_pricing_roles_data":[],"tiered_pricing_percentage_rules":[],"tiered_pricing_maximum_quantity":null,"tiered_pricing_quantity_step":"10","_links":{"self":[{"href":"https:\/\/stage.jrfer.com\/es\/wp-json\/wp\/v2\/product\/20155","targetHints":{"allow":["GET"]}}],"collection":[{"href":"https:\/\/stage.jrfer.com\/es\/wp-json\/wp\/v2\/product"}],"about":[{"href":"https:\/\/stage.jrfer.com\/es\/wp-json\/wp\/v2\/types\/product"}],"replies":[{"embeddable":true,"href":"https:\/\/stage.jrfer.com\/es\/wp-json\/wp\/v2\/comments?post=20155"}],"wp:featuredmedia":[{"embeddable":true,"href":"https:\/\/stage.jrfer.com\/es\/wp-json\/wp\/v2\/media\/6333"}],"wp:attachment":[{"href":"https:\/\/stage.jrfer.com\/es\/wp-json\/wp\/v2\/media?parent=20155"}],"wp:term":[{"taxonomy":"product_brand","embeddable":true,"href":"https:\/\/stage.jrfer.com\/es\/wp-json\/wp\/v2\/product_brand?post=20155"},{"taxonomy":"product_cat","embeddable":true,"href":"https:\/\/stage.jrfer.com\/es\/wp-json\/wp\/v2\/product_cat?post=20155"},{"taxonomy":"product_tag","embeddable":true,"href":"https:\/\/stage.jrfer.com\/es\/wp-json\/wp\/v2\/product_tag?post=20155"}],"curies":[{"name":"wp","href":"https:\/\/api.w.org\/{rel}","templated":true}]}}