{"id":20839,"date":"2025-07-07T09:22:11","date_gmt":"2025-07-07T09:22:11","guid":{"rendered":"https:\/\/stage.jrfer.com\/product\/shisha-bang-blaze-40k-vape-desechable-a-granel-de-40000-inhalaciones-con-e-liquido-de-40-ml\/"},"modified":"2026-04-07T12:46:20","modified_gmt":"2026-04-07T12:46:20","slug":"bang-blaze-shisha-40000","status":"publish","type":"product","link":"https:\/\/stage.jrfer.com\/es\/producto\/bang-blaze-shisha-40000\/","title":{"rendered":"Shisha Bang Blaze 40K | Vape desechable a granel de 40000 inhalaciones con e-l\u00edquido de 40 ml"},"content":{"rendered":"<h2>\u00bfPor qu\u00e9 elegir la shisha Bang Blaze 40000?<\/h2>\n<ul>\n<li><strong>N\u00famero de caladas ultraalto:<\/strong> Hasta 40 000 caladas para una satisfacci\u00f3n infinita \ud83d\ude80<\/li>\n<li><strong>Tanque enorme de l\u00edquido electr\u00f3nico de 40 ml:<\/strong> Precargado para sesiones largas sin recargas \ud83d\udce6<\/li>\n<li><strong>Bater\u00eda potente:<\/strong> 1000 mAh recargable con carga r\u00e1pida tipo C \ud83d\udd0b\u26a1<\/li>\n<li><strong>Tecnolog\u00eda de bobina de malla:<\/strong> la bobina de malla de 0,6 \u03a9 garantiza nubes suaves y sabrosas \ud83c\udf2c\ufe0f<\/li>\n<li><strong>Opciones flexibles de nicotina:<\/strong> Elija entre 0 %, 2 %, 3 % o 5 % para satisfacer sus necesidades \ud83d\udca7<\/li>\n<li><strong>Embalaje a granel:<\/strong> 10 unidades por paquete, ideal para distribuidores y minoristas \ud83c\udfea<\/li>\n<li><strong>Vapeo estilo shisha:<\/strong> sabor intenso, vapor espeso y una calada satisfactoria en todo momento \ud83d\ude0b<\/li>\n<\/ul>\n<h3>Especificaciones<\/h3>\n<tr>\n<td><strong>Capacidad de inhalaci\u00f3n:<\/strong><\/td>\n<td>Hasta 40.000 caladas<\/td>\n<\/tr>\n<tr>\n<td><strong>Capacidad de l\u00edquido electr\u00f3nico:<\/strong><\/td>\n<td>40 ml<\/td>\n<\/tr>\n<tr>\n<td><strong>Bater\u00eda:<\/strong><\/td>\n<td>Recargable de 1000 mAh, carga r\u00e1pida tipo C<\/td>\n<\/tr>\n<tr>\n<td><strong>Tipo de bobina:<\/strong><\/td>\n<td>Bobina de malla de 0,6\u03a9<\/td>\n<\/tr>\n<tr>\n<td><strong>Fuerza de la nicotina:<\/strong><\/td>\n<td>0%, 2%, 3%, 5%<\/td>\n<\/tr>\n<tr>\n<td><strong>Dise\u00f1o:<\/strong><\/td>\n<td>Desechable inspirado en una shisha con estructura compacta<\/td>\n<\/tr>\n<tr>\n<td><strong>Embalaje:<\/strong><\/td>\n<td>10 unidades por paquete (listas para granel)<\/td>\n<\/tr>\n<\/tbody>\n<h3>Selecci\u00f3n de sabores<\/h3>\n<p>La Shisha Bang Blaze 40K ofrece 12 sabores emocionantes, que combinan la dulzura afrutada con un frescor helado. Esto es lo que puedes disfrutar:<\/p>\n<ul>\n<li><strong>Sand\u00eda:<\/strong> Cl\u00e1sica, jugosa y refrescante \ud83c\udf49<\/li>\n<li><strong>Sand\u00eda Fresa:<\/strong> Un dulce d\u00fao de verano \ud83c\udf49\ud83c\udf53<\/li>\n<li><strong>pi\u00f1a colada:<\/strong> Vibraciones tropicales de coco y pi\u00f1a \ud83e\udd65\ud83c\udf4d<\/li>\n<li><strong>Hielo de fresa:<\/strong> Fresa dulce con un final escarchado \u2744\ufe0f\ud83c\udf53<\/li>\n<li><strong>toro rojo:<\/strong> Sabor atrevido y energizante \u26a1\ud83e\udd64<\/li>\n<li><strong>Hielo de durazno:<\/strong> Melocot\u00f3n jugoso con matices refrescantes \ud83c\udf51\u2744\ufe0f<\/li>\n<li><strong>Helado de ar\u00e1ndanos:<\/strong> Explosi\u00f3n de bayas picantes con un escalofr\u00edo helado \ud83e\uded0\u2744\ufe0f<\/li>\n<li><strong>Ar\u00e1ndano y frambuesa:<\/strong> una mezcla de bayas agrias y dulces \ud83e\uded0\ud83c\udf47<\/li>\n<li><strong>Uvas de cerezo en flor:<\/strong> Fusi\u00f3n \u00fanica floral y uva \ud83c\udf38\ud83c\udf47<\/li>\n<li><strong>Manzanas dobles:<\/strong> Crujientes, ricas y cl\u00e1sicas \ud83c\udf4f\ud83c\udf4e<\/li>\n<li><strong>Fruta mixta:<\/strong> Mezcla colorida de dulzura frutal \ud83c\udf53\ud83c\udf51\ud83c\udf4d<\/li>\n<li><strong>melocot\u00f3n mango:<\/strong> Suave maridaje tropical de mango y melocot\u00f3n \ud83e\udd6d\ud83c\udf51<\/li>\n<\/ul>\n<h3>Perfecto para vapeadores empedernidos y compradores mayoristas<\/h3>\n<p>La <strong>Bang Blaze Shisha 40K<\/strong> est\u00e1 dise\u00f1ada para vapeadores que desean m\u00e1ximas caladas, sabores intensos y un rendimiento confiable. Con su enorme tanque de e-l\u00edquido, carga r\u00e1pida tipo C y empaque a granel de 10 paquetes, es la opci\u00f3n perfecta para los amantes de los sabores, tiendas de vapeo y distribuidores que buscan productos de alta demanda. \ud83d\udce6\ud83d\udcaf<\/p>\n<h3>Preguntas frecuentes<\/h3>\n<ul>\n<li><strong>\u00bfCu\u00e1nto dura un dispositivo?<\/strong><br \/>\nCon hasta 40.000 inhalaciones, dura semanas dependiendo del uso.<\/li>\n<li><strong>\u00bfViene sin nicotina?<\/strong><br \/>\nS\u00ed, las opciones incluyen 0 %, 2 %, 3 % y 5 % de nicotina.<\/li>\n<li><strong>\u00bfEs recargable?<\/strong><br \/>\nS\u00ed, tiene una bater\u00eda de 1000 mAh con carga r\u00e1pida tipo C.<\/li>\n<li><strong>\u00bfQu\u00e9 lo hace bueno para la venta al por mayor?<\/strong><br \/>\nCada paquete incluye 10 unidades, listas para su venta al por mayor en los estantes de las tiendas minoristas.<\/li>\n<li><strong>\u00bfQu\u00e9 tiene de especial la bobina?<\/strong><br \/>\nLa bobina de malla de 0,6 \u03a9 garantiza caladas m\u00e1s suaves y sabrosas con cada calada.<\/li>\n<\/ul>\n","protected":false},"excerpt":{"rendered":"<p>La <strong>Bang Blaze Shisha 40000<\/strong> \ud83d\udca8 ofrece nubes enormes, sabores intensos y 40 000 caladas satisfactorias. Dise\u00f1ado para vapeadores empedernidos, tiendas de vapeo y compradores mayoristas, es una potencia duradera con un rico sabor estilo shisha.<\/p>\n","protected":false},"featured_media":1757,"comment_status":"open","ping_status":"closed","template":"","meta":[],"product_brand":[],"product_cat":[349,639],"product_tag":[],"class_list":{"0":"post-20839","1":"product","2":"type-product","3":"status-publish","4":"has-post-thumbnail","6":"product_cat-bang","7":"product_cat-vape-disponible-de-40000-soplos","9":"first","10":"instock","11":"shipping-taxable","12":"purchasable","13":"product-type-variable","14":"has-default-attributes"},"tiered_pricing_type":"fixed","tiered_pricing_fixed_rules":{"30":6.4199999999999999289457264239899814128875732421875,"50":5.54999999999999982236431605997495353221893310546875,"100":4.80999999999999960920149533194489777088165283203125,"200":4.44000000000000039079850466805510222911834716796875,"400":3.890000000000000124344978758017532527446746826171875},"tiered_pricing_product_settings":{"layout":"default","base_unit_name":{"singular":null,"plural":null},"default_variation":null},"tiered_pricing_minimum_quantity":10,"tiered_pricing_roles_data":[],"tiered_pricing_percentage_rules":[],"tiered_pricing_maximum_quantity":null,"tiered_pricing_quantity_step":"10","_links":{"self":[{"href":"https:\/\/stage.jrfer.com\/es\/wp-json\/wp\/v2\/product\/20839","targetHints":{"allow":["GET"]}}],"collection":[{"href":"https:\/\/stage.jrfer.com\/es\/wp-json\/wp\/v2\/product"}],"about":[{"href":"https:\/\/stage.jrfer.com\/es\/wp-json\/wp\/v2\/types\/product"}],"replies":[{"embeddable":true,"href":"https:\/\/stage.jrfer.com\/es\/wp-json\/wp\/v2\/comments?post=20839"}],"wp:featuredmedia":[{"embeddable":true,"href":"https:\/\/stage.jrfer.com\/es\/wp-json\/wp\/v2\/media\/1757"}],"wp:attachment":[{"href":"https:\/\/stage.jrfer.com\/es\/wp-json\/wp\/v2\/media?parent=20839"}],"wp:term":[{"taxonomy":"product_brand","embeddable":true,"href":"https:\/\/stage.jrfer.com\/es\/wp-json\/wp\/v2\/product_brand?post=20839"},{"taxonomy":"product_cat","embeddable":true,"href":"https:\/\/stage.jrfer.com\/es\/wp-json\/wp\/v2\/product_cat?post=20839"},{"taxonomy":"product_tag","embeddable":true,"href":"https:\/\/stage.jrfer.com\/es\/wp-json\/wp\/v2\/product_tag?post=20839"}],"curies":[{"name":"wp","href":"https:\/\/api.w.org\/{rel}","templated":true}]}}