{"id":21910,"date":"2026-03-12T04:24:33","date_gmt":"2026-03-12T04:24:33","guid":{"rendered":"https:\/\/stage.jrfer.com\/product\/bang-leyenda-friki-60k-flujo-de-aire-ajustable-y-modo-turbo-60000-inhalaciones-vaporizador-desechable-de-alta-capacidad\/"},"modified":"2026-04-07T09:51:06","modified_gmt":"2026-04-07T09:51:06","slug":"bang-legend-geek-60k-adjustable-airflow-turbo-mode-60000-puffs-high-capacity-disposable-vape","status":"publish","type":"product","link":"https:\/\/stage.jrfer.com\/es\/producto\/bang-legend-geek-60k-adjustable-airflow-turbo-mode-60000-puffs-high-capacity-disposable-vape\/","title":{"rendered":"Bang leyenda friki 60K | flujo de aire ajustable y modo turbo, 60000 inhalaciones, vaporizador desechable de alta capacidad"},"content":{"rendered":"<h2>Vape desechable Bang Legend Geek 60000 de 60\u00a0000 inhalaciones: potencia, control y resistencia<\/h2>\n<p>El vaporizador desechable Bang Legend Geek 60000 est\u00e1 dise\u00f1ado para vapeadores que desean un <strong>recuento m\u00e1ximo de caladas<\/strong> con una <strong>personalizaci\u00f3n inteligente<\/strong>. Con hasta 60 000 inhalaciones, flujo de aire ajustable y un modo Turbo exclusivo, este dispositivo ofrece una experiencia de vapeo potente pero suave desde la primera calada hasta la \u00faltima \ud83d\udca8.<\/p>\n<p>Equipado con una gran capacidad de e-l\u00edquido de 19 ml y una bobina de malla avanzada de 1,0 \u03a9, garantiza un sabor rico, un vapor denso y un rendimiento constante. La bater\u00eda recargable de 850 mAh con carga r\u00e1pida tipo C te permite vapear por m\u00e1s tiempo con menos tiempo de inactividad \ud83d\udd0b.<\/p>\n<h3>\u00bfPor qu\u00e9 elegir Bang Legend Geek 60000?<\/h3>\n<ul>\n<li>\ud83d\udd25 Hasta 60 000 inhalaciones para un uso ultralargo<\/li>\n<li>\ud83c\udf9b Flujo de aire ajustable para cajones espaciosos o estrechos<\/li>\n<li>\u26a1 Modo Turbo para golpes m\u00e1s fuertes y nubes m\u00e1s grandes<\/li>\n<li>\ud83e\uddea La gran capacidad de e-l\u00edquido de 19 ml reduce los reemplazos<\/li>\n<li>\ud83c\udf08 12 sabores populares para satisfacer diferentes gustos<\/li>\n<li>\ud83d\udc40 Ventana transparente de e-l\u00edquido para comprobar f\u00e1cilmente el nivel de jugo<\/li>\n<li>\ud83d\udce6 10 unidades por caja, perfectas para venta minorista y mayorista<\/li>\n<\/ul>\n<h3>Especificaciones del Bang Legend Geek 60K<\/h3>\n<p>\n<\/p>\n<tr>\n<td>Recuento de bocanadas<\/td>\n<td>Hasta 60.000 caladas<\/td>\n<\/tr>\n<tr>\n<td>Fuerza de la nicotina<\/td>\n<td>2 % \/ 3 % \/ 5 %<\/td>\n<\/tr>\n<tr>\n<td>Capacidad de l\u00edquido electr\u00f3nico<\/td>\n<td>19 ml<\/td>\n<\/tr>\n<tr>\n<td>Tipo de bobina<\/td>\n<td>Bobina de malla de 1,0 \u03a9<\/td>\n<\/tr>\n<tr>\n<td>Bater\u00eda<\/td>\n<td>850 mAh recargable<\/td>\n<\/tr>\n<tr>\n<td>Puerto de carga<\/td>\n<td>Carga r\u00e1pida tipo C<\/td>\n<\/tr>\n<tr>\n<td>Flujo de aire<\/td>\n<td>Ajustable<\/td>\n<\/tr>\n<tr>\n<td>Modo especial<\/td>\n<td>Modo Turbo<\/td>\n<\/tr>\n<tr>\n<td>Tama\u00f1o<\/td>\n<td>48,5 \u00d7 27 \u00d7 100 mm<\/td>\n<\/tr>\n<tr>\n<td>Embalaje<\/td>\n<td>10 unidades\/caja<\/td>\n<\/tr>\n<\/tbody>\n<h3>Bang Legend Geek 60K Sabores disponibles \ud83c\udf53\ud83c\udf47\ud83c\udf51<\/h3>\n<ul>\n<li><strong>Sand\u00eda fresa<\/strong>: fresas dulces mezcladas con sand\u00eda jugosa<\/li>\n<li><strong>Hielo de ar\u00e1ndanos<\/strong>: ar\u00e1ndanos frescos con un acabado helado y fresco<\/li>\n<li><strong>Ar\u00e1ndano y frambuesa<\/strong>: mezcla equilibrada de bayas dulces y \u00e1cidas<\/li>\n<li><strong>Fresa y kiwi<\/strong>: combinaci\u00f3n tropical afrutada y refrescante<\/li>\n<li><strong>Pl\u00e1tano Fresa<\/strong> \u2013 Pl\u00e1tano cremoso con notas de fresa madura<\/li>\n<li><strong>Hielo de uva<\/strong>: intenso sabor a uva con mentol refrescante<\/li>\n<li><strong>Mango Fresa<\/strong>: la suave fresa se une al jugoso mango<\/li>\n<li><strong>Kiwi Maracuy\u00e1 Guayaba<\/strong> \u2013 Explosi\u00f3n de frutas tropicales ex\u00f3ticas<\/li>\n<li><strong>Tipo de serpiente venenosa<\/strong>: dulzura afrutada estilo caramelo<\/li>\n<li><strong>amor 66<\/strong>: mezcla afrutada cl\u00e1sica inspirada en la shisha<\/li>\n<li><strong>Bayas mixtas<\/strong>: rica mezcla de m\u00faltiples sabores de bayas<\/li>\n<li><strong>Hielo de durazno<\/strong> \u2013 Melocot\u00f3n jugoso con un refrescante toque helado<\/li>\n<\/ul>\n<h3>Perfecto para usuarios y empresas<\/h3>\n<p>El Bang Legend Geek 60K es ideal para <strong>usuarios habituales<\/strong> que desean un rendimiento duradero, <strong>cazadores de sabores<\/strong> que aman el sabor fuerte y el vapor denso y <strong>tiendas o distribuidores de vapeo<\/strong> que buscan un producto desechable a granel de alta demanda \ud83d\udcbc. Sus caracter\u00edsticas premium y su gran cantidad de caladas lo convierten en un vendedor fuerte tanto en el mercado minorista como mayorista.<\/p>\n<h3>Preguntas frecuentes sobre Bang Legend Geek 60K<\/h3>\n<p><strong>\u00bfQu\u00e9 diferencia al Bang Legend Geek 60K de los vaporizadores desechables normales?<\/strong><br \/>\nEl Bang Legend Geek 60K ofrece hasta 60.000 inhalaciones, flujo de aire ajustable y modo Turbo, lo que brinda a los usuarios control total sobre la fuerza de aspiraci\u00f3n, la salida de vapor y la intensidad del sabor, caracter\u00edsticas que rara vez se encuentran en los desechables est\u00e1ndar.<\/p>\n<p><strong>\u00bfC\u00f3mo funciona el flujo de aire ajustable?<\/strong><br \/>\nEl control del flujo de aire permite a los usuarios cambiar entre una inhalaci\u00f3n fuerte, similar a la de un cigarrillo, y una inhalaci\u00f3n suelta y aireada. Esto hace que el dispositivo sea adecuado para estilos de vapeo MTL y DTL.<\/p>\n<p><strong>\u00bfQu\u00e9 es el Modo Turbo y cu\u00e1ndo se debe utilizar?<\/strong><br \/>\nEl modo Turbo aumenta la potencia de salida para golpes m\u00e1s fuertes y nubes m\u00e1s grandes \u26a1. Es ideal para usuarios experimentados, vapeadores empedernidos o cualquiera que desee una experiencia de sabor m\u00e1s intensa.<\/p>\n<p><strong>\u00bfEl sabor se mantendr\u00e1 constante con un n\u00famero de bocanadas tan alto?<\/strong><br \/>\nS\u00ed \u2705. La bobina de malla de 1,0 \u03a9 y la gran capacidad de e-l\u00edquido de 19 ml est\u00e1n dise\u00f1adas para mantener un vapor suave y un rico sabor desde la primera calada hasta la \u00faltima.<\/p>\n<p><strong>\u00bfCu\u00e1nto dura la bater\u00eda y se puede recargar?<\/strong><br \/>\nLa bater\u00eda incorporada de 850 mAh es completamente recargable mediante carga tipo C, lo que garantiza que puedas usar las 60 000 caladas sin problemas de energ\u00eda \ud83d\udd0b.<\/p>\n<p><strong>\u00bfPuedo ver cu\u00e1nto e-l\u00edquido queda?<\/strong><br \/>\nS\u00ed. La ventana clara de e-l\u00edquido permite a los usuarios monitorear f\u00e1cilmente los niveles de jugo, lo que ayuda a prevenir golpes secos y mejora la confiabilidad general.<\/p>\n<p><strong>\u00bfEste dispositivo es adecuado para tiendas minoristas y mayoristas?<\/strong><br \/>\nAbsolutamente \ud83d\udcbc. Con caracter\u00edsticas de alta demanda, 12 sabores populares y 10 unidades por caja, el Bang Legend Geek 60K es una excelente opci\u00f3n para tiendas de vapeo, distribuidores y compradores al por mayor.<\/p>\n","protected":false},"excerpt":{"rendered":"<p>Vape desechable Bang Legend Geek 60000 de 60\u00a0000 inhalaciones: potencia, control y resistencia El vaporizador desechable Bang Legend Geek 60000 est\u00e1 dise\u00f1ado para vapeadores que desean un recuento m\u00e1ximo de caladas con una personalizaci\u00f3n inteligente. Con hasta 60 000 inhalaciones, flujo de aire ajustable y un modo Turbo exclusivo, este dispositivo ofrece una experiencia de [&hellip;]<\/p>\n","protected":false},"featured_media":6880,"comment_status":"open","ping_status":"closed","template":"","meta":[],"product_brand":[],"product_cat":[349],"product_tag":[1401,1042,1369,1437,1473],"class_list":{"0":"post-21910","1":"product","2":"type-product","3":"status-publish","4":"has-post-thumbnail","6":"product_cat-bang","7":"product_tag-vape-desechable-60000-inhalaciones","8":"product_tag-vape-desechable-a-granel-al-por-mayor","9":"product_tag-vaporizador-de-flujo-de-aire-ajustable","10":"product_tag-vaporizador-desechable-de-alta-capacidad","11":"product_tag-vaporizador-desechable-modo-turbo","13":"first","14":"instock","15":"shipping-taxable","16":"purchasable","17":"product-type-variable","18":"has-default-attributes"},"tiered_pricing_type":"fixed","tiered_pricing_fixed_rules":{"30":9.07000000000000028421709430404007434844970703125,"50":7.519999999999999573674358543939888477325439453125,"100":7,"200":6.61000000000000031974423109204508364200592041015625,"400":5.8300000000000000710542735760100185871124267578125},"tiered_pricing_product_settings":{"layout":"default","base_unit_name":{"singular":null,"plural":null},"default_variation":null},"tiered_pricing_minimum_quantity":10,"tiered_pricing_roles_data":[],"tiered_pricing_percentage_rules":[],"tiered_pricing_maximum_quantity":null,"tiered_pricing_quantity_step":"10","_links":{"self":[{"href":"https:\/\/stage.jrfer.com\/es\/wp-json\/wp\/v2\/product\/21910","targetHints":{"allow":["GET"]}}],"collection":[{"href":"https:\/\/stage.jrfer.com\/es\/wp-json\/wp\/v2\/product"}],"about":[{"href":"https:\/\/stage.jrfer.com\/es\/wp-json\/wp\/v2\/types\/product"}],"replies":[{"embeddable":true,"href":"https:\/\/stage.jrfer.com\/es\/wp-json\/wp\/v2\/comments?post=21910"}],"wp:featuredmedia":[{"embeddable":true,"href":"https:\/\/stage.jrfer.com\/es\/wp-json\/wp\/v2\/media\/6880"}],"wp:attachment":[{"href":"https:\/\/stage.jrfer.com\/es\/wp-json\/wp\/v2\/media?parent=21910"}],"wp:term":[{"taxonomy":"product_brand","embeddable":true,"href":"https:\/\/stage.jrfer.com\/es\/wp-json\/wp\/v2\/product_brand?post=21910"},{"taxonomy":"product_cat","embeddable":true,"href":"https:\/\/stage.jrfer.com\/es\/wp-json\/wp\/v2\/product_cat?post=21910"},{"taxonomy":"product_tag","embeddable":true,"href":"https:\/\/stage.jrfer.com\/es\/wp-json\/wp\/v2\/product_tag?post=21910"}],"curies":[{"name":"wp","href":"https:\/\/api.w.org\/{rel}","templated":true}]}}