{"id":23696,"date":"2026-03-12T04:24:32","date_gmt":"2026-03-12T04:24:32","guid":{"rendered":"https:\/\/stage.jrfer.com\/product\/lider-de-explosion-85k-3-en-1-sabor-triple-85000-inhalaciones-70-ml-vape-desechable-a-granel\/"},"modified":"2026-04-07T10:25:38","modified_gmt":"2026-04-07T10:25:38","slug":"bang-leader-85k-3-in-1-triple-flavor-85000-puffs-70ml-bulk-disposable-vape","status":"publish","type":"product","link":"https:\/\/stage.jrfer.com\/es\/producto\/bang-leader-85k-3-in-1-triple-flavor-85000-puffs-70ml-bulk-disposable-vape\/","title":{"rendered":"Bang Leader 85K | 3 en 1 sabor triple, 85000 inhalaciones, 70 ml, vape desechable a granel"},"content":{"rendered":"<p>Presentamos el <strong>Bang Leader 85000 Puffs<\/strong>, un vaporizador desechable revolucionario dise\u00f1ado para aquellos que exigen m\u00e1s. Este no es s\u00f3lo un vaporizador est\u00e1ndar; es una potencia de alta capacidad construida para la longevidad y la satisfacci\u00f3n. Con un asombroso <strong>dep\u00f3sito de e-l\u00edquido de 70 ml<\/strong> y una robusta <strong>bater\u00eda recargable de 850 mAh<\/strong>, este dispositivo le garantiza pasar m\u00e1s tiempo vapeando y menos tiempo preocup\u00e1ndose por quedarse sin l\u00edquido. \ud83d\udd0b\u2728<\/p>\n<p>La caracter\u00edstica m\u00e1s destacada es el innovador <strong>sistema de sabor 3 en 1<\/strong>. \u00bfAburrido del mismo sabor? \u00a1Simplemente cambia la configuraci\u00f3n para disfrutar de tres sabores premium diferentes en un solo dispositivo! Dise\u00f1ado con una <strong>bobina de malla de 1,0 \u03a9<\/strong>, ofrece un vapor consistente, suave y rico desde la primera calada hasta la \u00faltima. Perfecto para <strong>propietarios de tiendas de vapeo<\/strong> que buscan un art\u00edculo muy vendido o para vapeadores que buscan valor. \ud83c\udfc6\ud83d\udce6<\/p>\n<h3>\ud83c\udf1f \u00bfPor qu\u00e9 elegir Bang Leader 85000?<\/h3>\n<ul>\n<li><strong>\ud83d\udd04 Tecnolog\u00eda de sabor 3 en 1:<\/strong> Disfrute de tres sabores distintos en un dispositivo compacto. \u00a1Cambie instant\u00e1neamente seg\u00fan su estado de \u00e1nimo!<\/li>\n<li><strong>\ud83d\udca7 Gran capacidad de 70 ml:<\/strong> una de las capacidades m\u00e1s grandes del mercado, que admite la incre\u00edble cantidad de 85\u00a0000 inhalaciones.<\/li>\n<li><strong>\u26a1 Recargable tipo C:<\/strong> la carga r\u00e1pida a trav\u00e9s del puerto tipo C garantiza que su bater\u00eda de 850 mAh est\u00e9 siempre lista para funcionar.<\/li>\n<li><strong>\u2601\ufe0f Bobina de malla avanzada:<\/strong> La bobina de malla de resistencia de 1,0 \u03a9 garantiza una pureza de sabor mejorada y una producci\u00f3n de nubes espesas.<\/li>\n<li><strong>\ud83c\udf9a\ufe0f Opciones flexibles de nicotina:<\/strong> disponibles en 0 %, 2 %, 3 % y 5 % para satisfacer las preferencias de cada cliente.<\/li>\n<\/ul>\n<h3>\ud83d\udcca Especificaciones de Bang Leader 85K<\/h3>\n<tr>\n<th align=\"left\">Caracter\u00edstica<\/th>\n<th align=\"left\">Detalles<\/th>\n<\/tr>\n<\/thead>\n<tr>\n<td><strong>Recuento de bocanadas<\/strong><\/td>\n<td>Hasta 85.000 inhalaciones<\/td>\n<\/tr>\n<tr>\n<td><strong>Capacidad de l\u00edquido electr\u00f3nico<\/strong><\/td>\n<td>70 ml<\/td>\n<\/tr>\n<tr>\n<td><strong>Sistema de sabores<\/strong><\/td>\n<td>Interruptor de triple sabor 3 en 1<\/td>\n<\/tr>\n<tr>\n<td><strong>Bater\u00eda<\/strong><\/td>\n<td>850 mAh (recargable)<\/td>\n<\/tr>\n<tr>\n<td><strong>Cargando<\/strong><\/td>\n<td>Puerto tipo C<\/td>\n<\/tr>\n<tr>\n<td><strong>Bobina<\/strong><\/td>\n<td>Bobina de malla de 1,0 \u03a9<\/td>\n<\/tr>\n<tr>\n<td><strong>Fuerza de la nicotina<\/strong><\/td>\n<td>0 % (0 mg), 2 % (20 mg), 3 % (30 mg), 5 % (50 mg)<\/td>\n<\/tr>\n<\/tbody>\n<h3>\ud83c\udf6d Combinaciones de sabores Bang Leader 85K (3 sabores por dispositivo)<\/h3>\n<p>Cada dispositivo Bang Leader incluye un tr\u00edo de sabores deliciosos. Elige tu mezcla favorita:<\/p>\n<ul>\n<li>\ud83c\udf4c <strong>Mezcla 1:<\/strong> hielo de pl\u00e1tano \/ sandia fresa \/ oso gomoso<\/li>\n<li>\ud83d\udc09 <strong>Mezcla 2:<\/strong> hielo del drag\u00f3n negro \/ malvavisco \/ sue\u00f1o de verano<\/li>\n<li>\ud83e\uded0 <strong>Mezcla 3:<\/strong> hielo de ar\u00e1ndanos \/ azul \/ pera fragante<\/li>\n<li>\ud83c\udf4d <strong>Mezcla 4:<\/strong> ar\u00e1ndano cereza \/ mango durazno \/ pi\u00f1a<\/li>\n<li>\ud83e\udd64 <strong>Mezcla 5:<\/strong> Helado de Coca-Cola \/ Melocot\u00f3n de Manzana \/ Limonada Rosa<\/li>\n<li>\ud83e\udd5d <strong>Mezcla 6:<\/strong> hielo de uva \/ kiwi fresa \/ guayaba de maracuy\u00e1<\/li>\n<li>\ud83d\udc9c <strong>Mezcla 7:<\/strong> amor 666 \/ Ar\u00e1ndano Frambuesa \/ Vimto<\/li>\n<li>\ud83c\udf79 <strong>Mezcla 8:<\/strong> fruta mixta \/ melocot\u00f3n mojito \/ frambuesa ar\u00e1ndano<\/li>\n<li>\ud83c\udf53 <strong>Mezcla 9:<\/strong> Helado de pi\u00f1a \/ toro rojo de fresa \/ Bayas mixtas<\/li>\n<li>\ud83c\udf4e <strong>Mezcla 10:<\/strong> Helado de manzana roja \/ Sand\u00eda frambuesa \/ Aloe uva<\/li>\n<li>\ud83c\udf66 <strong>Mezcla 11:<\/strong> toro rojo \/ Sand\u00eda Ar\u00e1ndano \/ Helado de Fresa<\/li>\n<li>\ud83c\udf4a <strong>Mezcla 12:<\/strong> Helado de fresa \/ Naranja lim\u00f3n \/ Chicle de sand\u00eda<\/li>\n<li>\ud83c\udf4c <strong>Mezcla 13:<\/strong> Fresa Frambuesa \/ Grosella Negra \/ Fresa Pl\u00e1tano<\/li>\n<li>\ud83c\udf52 <strong>Mezcla 14:<\/strong> Sand\u00eda Fresa \/ Coca-Cola de Cereza \/ Crema de Fresa<\/li>\n<li>\ud83e\udd6d <strong>Mezcla 15:<\/strong> hielo de sandia \/ durazno mango \/ refresco de naranja<\/li>\n<\/ul>\n<p><strong>Bang Leader 85000 Puffs<\/strong> establece un nuevo est\u00e1ndar para los vaporizadores desechables. Es perfecto para <strong>usuarios habituales<\/strong> que desean comodidad sin concesiones y para <strong>cazadores de sabores<\/strong> que aman la variedad. Para <strong>minoristas y mayoristas<\/strong>, este dispositivo de alto rendimiento y m\u00faltiples sabores es un art\u00edculo imprescindible que atrae a clientes que buscan el mejor valor y la \u00faltima tecnolog\u00eda. \u00a1Actualice su inventario hoy! \ud83d\ude80\ud83d\uded2<\/p>\n<h3>\u2753 Preguntas frecuentes (FAQ)<\/h3>\n<p><strong>P: \u00bfC\u00f3mo cambio de sabor en Bang Leader 85K?<\/strong><br \/>\nR: El dispositivo cuenta con un mecanismo de interruptor simple que le permite alternar entre los tres tanques de l\u00edquido separados en el interior. \ud83d\udd00<\/p>\n<p><strong>P: \u00bfLa bater\u00eda es recargable?<\/strong><br \/>\nR: \u00a1S\u00ed! Viene con una bater\u00eda de 850 mAh que se puede recargar f\u00e1cilmente con un cable de carga est\u00e1ndar tipo C. \ud83d\udd0c<\/p>\n<p><strong>P: \u00bfEste producto es bueno para distribuci\u00f3n mayorista?<\/strong><br \/>\nR: Absolutamente. El exclusivo punto de venta 3 en 1 y el alto n\u00famero de caladas lo convierten en un producto muy atractivo para compradores B2B y tiendas de vapeo. \ud83c\udfed<\/p>\n<p><strong>P: \u00bfCu\u00e1nto duran 85.000 inhalaciones?<\/strong><br \/>\nR: Con 70 ml de l\u00edquido, este dispositivo puede durar varias semanas dependiendo de sus h\u00e1bitos de uso, lo que lo hace extremadamente rentable. \ud83d\uddd3\ufe0f<\/p>\n","protected":false},"excerpt":{"rendered":"<p>\u00a185.000 inhalaciones masivas, cambio de sabor 3 en 1 y capacidad de 70 ml! El Bang Leader 85K es el vaporizador recargable de larga duraci\u00f3n definitivo para mayoristas y amantes del sabor. \ud83c\udf2c\ufe0f\ud83d\udca8<\/p>\n","protected":false},"featured_media":6804,"comment_status":"open","ping_status":"closed","template":"","meta":[],"product_brand":[],"product_cat":[778,349,709],"product_tag":[535,562,589,509,2174],"class_list":{"0":"post-23696","1":"product","2":"type-product","3":"status-publish","4":"has-post-thumbnail","6":"product_cat-100k-sopla-vape-disponible","7":"product_cat-bang","8":"product_cat-vape-disponible-de-60000-soplos","9":"product_tag-85000-inhalaciones-desechables","10":"product_tag-bang-leader-85000-bocanadas","11":"product_tag-bang-vape-al-por-mayor","12":"product_tag-vaporizador-de-sabor-3-en-1","13":"product_tag-vaporizador-recargable","15":"first","16":"instock","17":"shipping-taxable","18":"purchasable","19":"product-type-variable","20":"has-default-attributes"},"tiered_pricing_type":"fixed","tiered_pricing_fixed_rules":{"30":9.07000000000000028421709430404007434844970703125,"50":7.519999999999999573674358543939888477325439453125,"100":7,"200":6.61000000000000031974423109204508364200592041015625,"400":5.8300000000000000710542735760100185871124267578125},"tiered_pricing_product_settings":{"layout":"default","base_unit_name":{"singular":null,"plural":null},"default_variation":null},"tiered_pricing_minimum_quantity":10,"tiered_pricing_roles_data":[],"tiered_pricing_percentage_rules":[],"tiered_pricing_maximum_quantity":null,"tiered_pricing_quantity_step":"10","_links":{"self":[{"href":"https:\/\/stage.jrfer.com\/es\/wp-json\/wp\/v2\/product\/23696","targetHints":{"allow":["GET"]}}],"collection":[{"href":"https:\/\/stage.jrfer.com\/es\/wp-json\/wp\/v2\/product"}],"about":[{"href":"https:\/\/stage.jrfer.com\/es\/wp-json\/wp\/v2\/types\/product"}],"replies":[{"embeddable":true,"href":"https:\/\/stage.jrfer.com\/es\/wp-json\/wp\/v2\/comments?post=23696"}],"wp:featuredmedia":[{"embeddable":true,"href":"https:\/\/stage.jrfer.com\/es\/wp-json\/wp\/v2\/media\/6804"}],"wp:attachment":[{"href":"https:\/\/stage.jrfer.com\/es\/wp-json\/wp\/v2\/media?parent=23696"}],"wp:term":[{"taxonomy":"product_brand","embeddable":true,"href":"https:\/\/stage.jrfer.com\/es\/wp-json\/wp\/v2\/product_brand?post=23696"},{"taxonomy":"product_cat","embeddable":true,"href":"https:\/\/stage.jrfer.com\/es\/wp-json\/wp\/v2\/product_cat?post=23696"},{"taxonomy":"product_tag","embeddable":true,"href":"https:\/\/stage.jrfer.com\/es\/wp-json\/wp\/v2\/product_tag?post=23696"}],"curies":[{"name":"wp","href":"https:\/\/api.w.org\/{rel}","templated":true}]}}