{"id":27963,"date":"2025-07-07T09:21:41","date_gmt":"2025-07-07T09:21:41","guid":{"rendered":"https:\/\/stage.jrfer.com\/product\/okso-espejo-magico-50k-vape-disponible-del-final-del-espejo-del-rgb-de-50000-soplos\/"},"modified":"2026-04-07T12:59:07","modified_gmt":"2026-04-07T12:59:07","slug":"okso-magic-mirror-50000","status":"publish","type":"product","link":"https:\/\/stage.jrfer.com\/es\/producto\/okso-magic-mirror-50000\/","title":{"rendered":"OKSO Espejo M\u00e1gico 50K | Vape disponible del final del espejo del rgb de 50000 soplos"},"content":{"rendered":"<h2>\u00bfPor qu\u00e9 elegir OKSO Magic Mirror 50K?<\/h2>\n<ul>\n<li><strong>Enormes 50.000 inhalaciones:<\/strong> Sesiones duraderas con menos reemplazos \ud83d\udd25<\/li>\n<li><strong>Bobina de malla dual:<\/strong> Vapor suave, rico sabor y nubes densas \ud83c\udf2c\ufe0f<\/li>\n<li><strong>E-l\u00edquido precargado de 40 ml:<\/strong> Uso confiable y a largo plazo \ud83d\udca7<\/li>\n<li><strong>Opciones de nicotina:<\/strong> 0 %, 2 %, 3 % y 5 % para diferentes necesidades \ud83d\udc4d<\/li>\n<li><strong>Bater\u00eda recargable de 850 mAh:<\/strong> Con carga r\u00e1pida tipo C \ud83d\udd0b<\/li>\n<li><strong>Acabado de espejo + Iluminaci\u00f3n RGB:<\/strong> Elegante y llamativo \ud83c\udf08<\/li>\n<li><strong>Pantalla LED:<\/strong> Seguimiento de bater\u00eda y soplo en tiempo real \ud83d\udcca<\/li>\n<li><strong>Bloqueo para ni\u00f1os:<\/strong> Dise\u00f1o m\u00e1s seguro para su tranquilidad \ud83d\udd12<\/li>\n<li><strong>Listo para venta al por mayor:<\/strong> embalaje a granel ideal para compradores B2B \ud83d\udce6<\/li>\n<\/ul>\n<h3>Especificaciones<\/h3>\n<tr>\n<td><strong>Capacidad de inhalaci\u00f3n:<\/strong><\/td>\n<td>Hasta 50.000 caladas<\/td>\n<\/tr>\n<tr>\n<td><strong>Capacidad de E-l\u00edquido:<\/strong><\/td>\n<td>40 ml<\/td>\n<\/tr>\n<tr>\n<td><strong>Bater\u00eda:<\/strong><\/td>\n<td>850 mAh recargable, carga tipo C<\/td>\n<\/tr>\n<tr>\n<td><strong>Tipo de bobina:<\/strong><\/td>\n<td>Bobina de malla doble<\/td>\n<\/tr>\n<tr>\n<td><strong>Opciones de nicotina:<\/strong><\/td>\n<td>0%, 2%, 3%, 5%<\/td>\n<\/tr>\n<tr>\n<td><strong>Dise\u00f1o:<\/strong><\/td>\n<td>Acabado espejo con efectos LED RGB<\/td>\n<\/tr>\n<tr>\n<td><strong>Pantalla:<\/strong><\/td>\n<td>Rastreador LED de bater\u00eda y bocanadas<\/td>\n<\/tr>\n<tr>\n<td><strong>Seguridad:<\/strong><\/td>\n<td>Bloqueo para ni\u00f1os incorporado<\/td>\n<\/tr>\n<\/tbody>\n<h3>Selecci\u00f3n de sabores<\/h3>\n<p>El <strong>OKSO Magic Mirror 50K<\/strong> viene en 10 sabores interesantes, cada uno de ellos dise\u00f1ado para satisfacer diferentes preferencias gustativas:<\/p>\n<ul>\n<li><strong>Hielo azul Razz:<\/strong> Frambuesa azul picante con frescura helada \ud83e\uded0\u2744\ufe0f<\/li>\n<li><strong>Hielo exuberante:<\/strong> Sand\u00eda cl\u00e1sica con un toque helado \ud83c\udf49\u2744\ufe0f<\/li>\n<li><strong>hielo de fresa:<\/strong> Fresas dulces mezcladas con mentol \ud83c\udf53\u2744\ufe0f<\/li>\n<li><strong>hielo de uva:<\/strong> Sabor intenso a uva con un final escalofriante \ud83c\udf47\u2744\ufe0f<\/li>\n<li><strong>AMOR 66:<\/strong> Mezcla de frutas ex\u00f3ticas con un toque estilo shisha \ud83d\udc95<\/li>\n<li><strong>Se\u00f1ora Killa:<\/strong> Sabor inspirado en un c\u00f3ctel tropical \ud83c\udf79<\/li>\n<li><strong>hielo de menta:<\/strong> Menta pura y refrescante con un toque refrescante \ud83c\udf3f\u2744\ufe0f<\/li>\n<li><strong>Sand\u00eda Fresa:<\/strong> Jugosa combinaci\u00f3n de fresa y mel\u00f3n \ud83c\udf53\ud83c\udf49<\/li>\n<li><strong>Fruta de la pasi\u00f3n del kiwi:<\/strong> D\u00fao tropical dulce y \u00e1cido \ud83e\udd5d\ud83e\udd6d<\/li>\n<li><strong>Bayas mixtas:<\/strong> una mezcla de audaz dulzura de bayas \ud83c\udf53\ud83e\uded0\ud83c\udf52<\/li>\n<\/ul>\n<h3>Perfecto para usuarios habituales y compradores mayoristas<\/h3>\n<p>El <strong>OKSO Magic Mirror 50K<\/strong> es la mejor opci\u00f3n para <strong>vapeadores empedernidos, amantes de los sabores y distribuidores de tiendas de vapeo<\/strong>. Su n\u00famero de caladas de larga duraci\u00f3n, su dise\u00f1o premium y sus opciones vers\u00e1tiles de nicotina lo convierten en una excelente adici\u00f3n para la <strong>distribuci\u00f3n mayorista<\/strong>. \ud83d\udcaf\ud83d\ude80<\/p>\n<h3>Preguntas frecuentes<\/h3>\n<ul>\n<li><strong>\u00bfCu\u00e1nto dura?<\/strong><br \/>\nCon hasta 50.000 inhalaciones, puede durar semanas dependiendo del uso.<\/li>\n<li><strong>\u00bfEs recargable?<\/strong><br \/>\nS\u00ed, cuenta con una bater\u00eda de 850 mAh con carga r\u00e1pida tipo C.<\/li>\n<li><strong>\u00bfAdmite el vapeo sin nicotina?<\/strong><br \/>\nS\u00ed, hay 0 % de nicotina disponible junto con concentraciones de 2 %, 3 % y 5 %.<\/li>\n<li><strong>\u00bfQu\u00e9 lo hace \u00fanico?<\/strong><br \/>\nEl acabado de espejo, la iluminaci\u00f3n RGB y la bobina de malla doble lo distinguen.<\/li>\n<li><strong>\u00bfEs bueno para venta al por mayor?<\/strong><br \/>\nAbsolutamente. Su gran cantidad de caladas y su variedad de sabores lo convierten en un gran vendedor en tiendas de vapeo y mercados B2B.<\/li>\n<\/ul>\n","protected":false},"excerpt":{"rendered":"<p>El <strong>OKSO Magic Mirror 50K<\/strong> \u2728 ofrece <strong>hasta 50 000 inhalaciones<\/strong> con una <strong>bobina de malla dual<\/strong> de primera calidad, un enorme e-l\u00edquido de 40 ml y un elegante acabado de espejo con iluminaci\u00f3n RGB. Perfecto para <strong>compradores mayoristas, distribuidores y usuarios habituales<\/strong> que buscan un rendimiento duradero y sabores intensos.<\/p>\n","protected":false},"featured_media":1667,"comment_status":"open","ping_status":"closed","template":"","meta":[],"product_brand":[],"product_cat":[1858,639],"product_tag":[],"class_list":{"0":"post-27963","1":"product","2":"type-product","3":"status-publish","4":"has-post-thumbnail","6":"product_cat-okso","7":"product_cat-vape-disponible-de-40000-soplos","9":"first","10":"instock","11":"shipping-taxable","12":"purchasable","13":"product-type-variable","14":"has-default-attributes"},"tiered_pricing_type":"fixed","tiered_pricing_fixed_rules":{"30":9.5,"60":8.9000000000000003552713678800500929355621337890625,"100":8.300000000000000710542735760100185871124267578125,"200":7.9000000000000003552713678800500929355621337890625},"tiered_pricing_product_settings":{"layout":"default","base_unit_name":{"singular":null,"plural":null},"default_variation":null},"tiered_pricing_minimum_quantity":10,"tiered_pricing_roles_data":[],"tiered_pricing_percentage_rules":[],"tiered_pricing_maximum_quantity":null,"tiered_pricing_quantity_step":"10","_links":{"self":[{"href":"https:\/\/stage.jrfer.com\/es\/wp-json\/wp\/v2\/product\/27963","targetHints":{"allow":["GET"]}}],"collection":[{"href":"https:\/\/stage.jrfer.com\/es\/wp-json\/wp\/v2\/product"}],"about":[{"href":"https:\/\/stage.jrfer.com\/es\/wp-json\/wp\/v2\/types\/product"}],"replies":[{"embeddable":true,"href":"https:\/\/stage.jrfer.com\/es\/wp-json\/wp\/v2\/comments?post=27963"}],"wp:featuredmedia":[{"embeddable":true,"href":"https:\/\/stage.jrfer.com\/es\/wp-json\/wp\/v2\/media\/1667"}],"wp:attachment":[{"href":"https:\/\/stage.jrfer.com\/es\/wp-json\/wp\/v2\/media?parent=27963"}],"wp:term":[{"taxonomy":"product_brand","embeddable":true,"href":"https:\/\/stage.jrfer.com\/es\/wp-json\/wp\/v2\/product_brand?post=27963"},{"taxonomy":"product_cat","embeddable":true,"href":"https:\/\/stage.jrfer.com\/es\/wp-json\/wp\/v2\/product_cat?post=27963"},{"taxonomy":"product_tag","embeddable":true,"href":"https:\/\/stage.jrfer.com\/es\/wp-json\/wp\/v2\/product_tag?post=27963"}],"curies":[{"name":"wp","href":"https:\/\/api.w.org\/{rel}","templated":true}]}}