{"id":32670,"date":"2025-07-07T09:21:41","date_gmt":"2025-07-07T09:21:41","guid":{"rendered":"https:\/\/stage.jrfer.com\/product\/okso-shisha-cachimba-mega-50k-vape-disponible-del-bulto-de-la-bobina-de-malla-triple-de-50000-inhalaciones\/"},"modified":"2026-04-07T13:02:40","modified_gmt":"2026-04-07T13:02:40","slug":"okso-shisha-hookah-mega-50000","status":"publish","type":"product","link":"https:\/\/stage.jrfer.com\/es\/producto\/okso-shisha-hookah-mega-50000\/","title":{"rendered":"OKSO Shisha Cachimba Mega 50K | Vape disponible del bulto de la bobina de malla triple de 50000 inhalaciones"},"content":{"rendered":"<h2>\u00bfPor qu\u00e9 elegir OKSO Shisha Hookah Mega 50000?<\/h2>\n<ul>\n<li><strong>Gran capacidad de inhalaci\u00f3n:<\/strong> hasta 50 000 inhalaciones para sesiones ultralargas \ud83d\ude80<\/li>\n<li><strong>Triple Mesh Coil:<\/strong> Vapor denso y sabores atrevidos en cada calada \ud83c\udf2c\ufe0f<\/li>\n<li><strong>Enorme tanque de l\u00edquido electr\u00f3nico de 40 ml:<\/strong> Precargado para semanas de vapeo ininterrumpido \ud83d\udce6<\/li>\n<li><strong>Opciones flexibles de nicotina:<\/strong> Disponibles en 0 %, 2 %, 3 % y 5 % para todas las preferencias \ud83d\udca7<\/li>\n<li><strong>Bater\u00eda recargable de 1100 mAh:<\/strong> carga tipo C para una energ\u00eda r\u00e1pida y confiable \ud83d\udd0b\u26a1<\/li>\n<li><strong>Pantalla inteligente LED:<\/strong> realiza un seguimiento de los niveles de bater\u00eda y de e-l\u00edquido en tiempo real \ud83d\udcca<\/li>\n<li><strong>Flujo de aire ajustable:<\/strong> personaliza tu resistencia a la calada para disfrutar de una experiencia similar a la de una shisha \ud83c\udfaf<\/li>\n<li><strong>Dise\u00f1o Premium:<\/strong> Cuerpo compacto de 141 g, c\u00f3modo de llevar y usar en cualquier lugar \ud83d\udc5c<\/li>\n<li><strong>Listo para venta al por mayor:<\/strong> El embalaje a granel lo hace perfecto para distribuidores y minoristas \ud83c\udfea<\/li>\n<\/ul>\n<h3>Especificaciones<\/h3>\n<tr>\n<td><strong>Capacidad de inhalaci\u00f3n:<\/strong><\/td>\n<td>Hasta 50.000 caladas<\/td>\n<\/tr>\n<tr>\n<td><strong>Capacidad de l\u00edquido electr\u00f3nico:<\/strong><\/td>\n<td>40ml<\/td>\n<\/tr>\n<tr>\n<td><strong>Tipo de bobina:<\/strong><\/td>\n<td>Bobina de triple malla<\/td>\n<\/tr>\n<tr>\n<td><strong>Bater\u00eda:<\/strong><\/td>\n<td>1100 mAh recargable, carga tipo C<\/td>\n<\/tr>\n<tr>\n<td><strong>Opciones de nicotina:<\/strong><\/td>\n<td>0%, 2%, 3%, 5%<\/td>\n<\/tr>\n<tr>\n<td><strong>Pantalla:<\/strong><\/td>\n<td>Pantalla inteligente LED (bater\u00eda y nivel de e-l\u00edquido)<\/td>\n<\/tr>\n<tr>\n<td><strong>Flujo de aire:<\/strong><\/td>\n<td>Resistencia al estiramiento ajustable<\/td>\n<\/tr>\n<tr>\n<td><strong>Peso y tama\u00f1o:<\/strong><\/td>\n<td>141g | 43\u00d743\u00d7135mm<\/td>\n<\/tr>\n<\/tbody>\n<h3>Selecci\u00f3n de sabores<\/h3>\n<p>La <strong>OKSO Shisha Hookah Mega 50K<\/strong> ofrece sabores estilo shisha en mezclas atrevidas y refrescantes. Aqu\u00ed est\u00e1n los aspectos m\u00e1s destacados:<\/p>\n<ul>\n<li><strong>Hielo exuberante:<\/strong> Sand\u00eda dulce con un toque helado \ud83c\udf49\u2744\ufe0f<\/li>\n<li><strong>dos manzanas:<\/strong> Cl\u00e1sica shisha sabor doble manzana \ud83c\udf4f\ud83c\udf4e<\/li>\n<li><strong>Chicle de fresa y sand\u00eda:<\/strong> Afrutado, jugoso y dulce con un toque de caramelo \ud83c\udf53\ud83c\udf49\ud83c\udf6c<\/li>\n<li><strong>Hielo de durazno:<\/strong> Melocot\u00f3n jugoso equilibrado con hielo refrescante \ud83c\udf51\u2744\ufe0f<\/li>\n<li><strong>Ar\u00e1ndano, Frambuesa y Cereza:<\/strong> Una explosi\u00f3n de triple baya \ud83e\uded0\ud83c\udf47\ud83c\udf52<\/li>\n<li><strong>amor 66:<\/strong> Mezcla ex\u00f3tica inspirada en la shisha con un toque afrutado \ud83d\udc95\ud83c\udf4d<\/li>\n<li><strong>Hielo de mango:<\/strong> Mango tropical combinado con un acabado helado \ud83e\udd6d\u2744\ufe0f<\/li>\n<li><strong>Fresa Kiwi:<\/strong> Dulce y picante, un d\u00fao refrescante \ud83c\udf53\ud83e\udd5d<\/li>\n<li><strong>Se\u00f1ora Killa:<\/strong> Fusi\u00f3n tropical atrevida con dulzura suave \ud83c\udf34\ud83c\udf53<\/li>\n<li><strong>Hielo de uva:<\/strong> Sabor cl\u00e1sico a uva con un toque helado \ud83c\udf47\u2744\ufe0f<\/li>\n<\/ul>\n<h3>Perfecto para vapeadores y distribuidores<\/h3>\n<p>La <strong>OKSO Shisha Hookah Mega 50K<\/strong> est\u00e1 dise\u00f1ada para <strong>usuarios habituales, entusiastas del sabor y fan\u00e1ticos de la shisha<\/strong>. Con sus 50.000 inhalaciones, su bobina de malla triple y sus amplias opciones de nicotina, es una opci\u00f3n perfecta para tiendas de vapeo, distribuidores y mayoristas que buscan almacenar productos de alta demanda. \ud83d\udce6\ud83d\udcaf<\/p>\n<h3>Preguntas frecuentes<\/h3>\n<ul>\n<li><strong>\u00bfCu\u00e1nto dura el OKSO 50K?<\/strong><br \/>\nCon hasta 50.000 inhalaciones y 40 ml de e-l\u00edquido, puede durar semanas dependiendo del uso.<\/li>\n<li><strong>\u00bfTiene opciones sin nicotina?<\/strong><br \/>\nS\u00ed, viene en niveles de nicotina del 0 %, 2 %, 3 % y 5 %.<\/li>\n<li><strong>\u00bfEs recargable?<\/strong><br \/>\nS\u00ed, tiene una potente bater\u00eda recargable de 1100 mAh con carga tipo C.<\/li>\n<li><strong>\u00bfQu\u00e9 lo diferencia de otros desechables?<\/strong><br \/>\nLa bobina de malla triple, el control del flujo de aire, la pantalla LED y el enorme n\u00famero de caladas lo convierten en una opci\u00f3n premium.<\/li>\n<li><strong>\u00bfEs bueno para venta al por mayor?<\/strong><br \/>\n\u00a1Absolutamente! Listo para granel y popular entre los amantes del sabor estilo shisha, es ideal para minoristas y distribuidores.<\/li>\n<\/ul>\n","protected":false},"excerpt":{"rendered":"<p>El <strong>OKSO Shisha Hookah Mega 50000<\/strong> \ud83d\udca8 es un potente vaporizador desechable con un gran n\u00famero de caladas, rendimiento de bobina de triple malla y sabores premium inspirados en la shisha. Perfecto para vapeadores empedernidos, tiendas de vapeo y compradores mayoristas.<\/p>\n","protected":false},"featured_media":1612,"comment_status":"open","ping_status":"closed","template":"","meta":[],"product_brand":[],"product_cat":[1858,639],"product_tag":[],"class_list":{"0":"post-32670","1":"product","2":"type-product","3":"status-publish","4":"has-post-thumbnail","6":"product_cat-okso","7":"product_cat-vape-disponible-de-40000-soplos","9":"first","10":"instock","11":"shipping-taxable","12":"purchasable","13":"product-type-variable","14":"has-default-attributes"},"tiered_pricing_type":"fixed","tiered_pricing_fixed_rules":{"30":9.5,"50":8.9000000000000003552713678800500929355621337890625,"100":7.9000000000000003552713678800500929355621337890625,"200":7.20000000000000017763568394002504646778106689453125},"tiered_pricing_product_settings":{"layout":"default","base_unit_name":{"singular":null,"plural":null},"default_variation":null},"tiered_pricing_minimum_quantity":10,"tiered_pricing_roles_data":[],"tiered_pricing_percentage_rules":[],"tiered_pricing_maximum_quantity":null,"tiered_pricing_quantity_step":"10","_links":{"self":[{"href":"https:\/\/stage.jrfer.com\/es\/wp-json\/wp\/v2\/product\/32670","targetHints":{"allow":["GET"]}}],"collection":[{"href":"https:\/\/stage.jrfer.com\/es\/wp-json\/wp\/v2\/product"}],"about":[{"href":"https:\/\/stage.jrfer.com\/es\/wp-json\/wp\/v2\/types\/product"}],"replies":[{"embeddable":true,"href":"https:\/\/stage.jrfer.com\/es\/wp-json\/wp\/v2\/comments?post=32670"}],"wp:featuredmedia":[{"embeddable":true,"href":"https:\/\/stage.jrfer.com\/es\/wp-json\/wp\/v2\/media\/1612"}],"wp:attachment":[{"href":"https:\/\/stage.jrfer.com\/es\/wp-json\/wp\/v2\/media?parent=32670"}],"wp:term":[{"taxonomy":"product_brand","embeddable":true,"href":"https:\/\/stage.jrfer.com\/es\/wp-json\/wp\/v2\/product_brand?post=32670"},{"taxonomy":"product_cat","embeddable":true,"href":"https:\/\/stage.jrfer.com\/es\/wp-json\/wp\/v2\/product_cat?post=32670"},{"taxonomy":"product_tag","embeddable":true,"href":"https:\/\/stage.jrfer.com\/es\/wp-json\/wp\/v2\/product_tag?post=32670"}],"curies":[{"name":"wp","href":"https:\/\/api.w.org\/{rel}","templated":true}]}}