{"id":34997,"date":"2025-07-07T09:21:14","date_gmt":"2025-07-07T09:21:14","guid":{"rendered":"https:\/\/stage.jrfer.com\/product\/bang-blaze-4-en-1-60000-bocanadas-vape-desechable-con-interruptor-de-multiples-sabores-para-venta-al-por-mayor\/"},"modified":"2026-04-07T13:08:19","modified_gmt":"2026-04-07T13:08:19","slug":"bang-blaze-4-in-1-60000","status":"publish","type":"product","link":"https:\/\/stage.jrfer.com\/es\/producto\/bang-blaze-4-in-1-60000\/","title":{"rendered":"Bang Blaze 4 en 1 60000 bocanadas | Vape desechable con interruptor de m\u00faltiples sabores para venta al por mayor"},"content":{"rendered":"<h2>\u00bfPor qu\u00e9 elegir Bang Blaze 4 en 1 60000 inhalaciones?<\/h2>\n<ul>\n<li><strong>60 000 inhalaciones:<\/strong> Una vida \u00fatil extralarga significa menos reemplazos y un mejor valor \ud83d\udd25<\/li>\n<li><strong>Cambio de sabor 4 en 1:<\/strong> cambia instant\u00e1neamente entre cuatro sabores \u00fanicos en un solo dispositivo \ud83c\udf49\ud83c\udf52\ud83c\udf4a<\/li>\n<li><strong>E-l\u00edquido precargado de 60 ml:<\/strong> Tanque enorme para sesiones prolongadas sin recargas \ud83e\udd64<\/li>\n<li><strong>Pantalla digital inteligente:<\/strong> seguimiento de bater\u00eda y e-l\u00edquido en tiempo real \ud83d\udcca<\/li>\n<li><strong>Bater\u00eda recargable:<\/strong> La carga r\u00e1pida tipo C de 650 mAh te mantiene encendido mientras viajas \u26a1<\/li>\n<li><strong>Bobina de malla de 1,0 \u03a9:<\/strong> Vapor suave, sabor intenso y nubes consistentes \ud83c\udf2c\ufe0f<\/li>\n<li><strong>Opciones de nicotina:<\/strong> Disponibles en 0%, 2%, 3% o 5% para satisfacer todas las necesidades \ud83d\udcaf<\/li>\n<li><strong>Apto para mayoristas:<\/strong> Dise\u00f1ado para tiendas, distribuidores y compradores al por mayor \ud83d\udce6<\/li>\n<\/ul>\n<h3>Especificaciones<\/h3>\n<tr>\n<td><strong>Capacidad de inhalaci\u00f3n:<\/strong><\/td>\n<td>Hasta 60.000 caladas<\/td>\n<\/tr>\n<tr>\n<td><strong>Capacidad de E-l\u00edquido:<\/strong><\/td>\n<td>60 ml precargados<\/td>\n<\/tr>\n<tr>\n<td><strong>Bater\u00eda:<\/strong><\/td>\n<td>Recargable de 650 mAh (carga r\u00e1pida tipo C)<\/td>\n<\/tr>\n<tr>\n<td><strong>Bobina:<\/strong><\/td>\n<td>Bobina de malla de 1,0 \u03a9<\/td>\n<\/tr>\n<tr>\n<td><strong>Puntos fuertes de la nicotina:<\/strong><\/td>\n<td>0%, 2%, 3%, 5%<\/td>\n<\/tr>\n<tr>\n<td><strong>Pantalla:<\/strong><\/td>\n<td>Pantalla digital inteligente (niveles de aceite y bater\u00eda)<\/td>\n<\/tr>\n<tr>\n<td><strong>Sabores por dispositivo:<\/strong><\/td>\n<td>4 sabores precargados (cambiar en cualquier momento)<\/td>\n<\/tr>\n<\/tbody>\n<h3>Opciones de sabor<\/h3>\n<p>Cada dispositivo <strong>Bang Blaze 4 en 1<\/strong> viene con <strong>cuatro sabores diferentes<\/strong> para que nunca te aburras \ud83c\udf89. Aqu\u00ed te dejamos los sabrosos combos:<\/p>\n<ul>\n<li><strong>Helado de sand\u00eda \/ Menta de ar\u00e1ndanos \/ Hielo Fuji \/ Romance de lima:<\/strong> Fresco, afrutado y refrescante \ud83c\udf49\ud83e\uded0\ud83c\udf4b<\/li>\n<li><strong>Hielo de sand\u00eda \/ cereza de ar\u00e1ndano \/ horario de verano \/ Pi\u00f1a De Mango Agrio:<\/strong> Dulzura tropical con un toque \u00e1cido \ud83c\udfdd\ufe0f<\/li>\n<li><strong>Helado de ar\u00e1ndano \/ Hielo de melocot\u00f3n \/ Caramelo arco\u00edris \/ Naranja agria con lim\u00f3n:<\/strong> Afrutado, dulce y picante, todo en uno \ud83c\udf6c\ud83c\udf51\ud83c\udf4b<\/li>\n<li><strong>Hielo de ar\u00e1ndano \/ Melocot\u00f3n, mango, sand\u00eda \/ Beso de pasi\u00f3n \/ Mel\u00f3n y manzana:<\/strong> Mezclas ex\u00f3ticas y jugosas \ud83c\udf4e\ud83e\udd6d\ud83c\udf49<\/li>\n<li><strong>Ar\u00e1ndano, frambuesa, bayas mixtas, cereza de California y mango de maracuy\u00e1:<\/strong> explosi\u00f3n de bayas con toques tropicales \ud83e\uded0\ud83c\udf52\ud83e\udd6d<\/li>\n<li><strong>Ar\u00e1ndano Frambuesa \/ Hielo de Uva \/ Hielo de Baya \/ Mel\u00f3n \u00c1loe Mango:<\/strong> Fruta fresca con una suavidad helada \u2744\ufe0f\ud83c\udf47<\/li>\n<li><strong>Bebida energ\u00e9tica \/ Pl\u00e1tano Fresa \/ Mango Melocot\u00f3n Albaricoque \/ Fruta De La Pasi\u00f3n Kiwi Lima:<\/strong> Energizante y afrutado \u26a1\ud83c\udf4c\ud83e\udd5d<\/li>\n<li><strong>Bebida energ\u00e9tica \/ Ar\u00e1ndano, sand\u00eda \/ Manzana \u00e1cida y frambuesa \/ Osito de goma:<\/strong> Divertida, gaseosa y parecida a un caramelo \ud83c\udf6c\ud83c\udf4f<\/li>\n<li><strong>mango fresa \/ Chicle de sand\u00eda \/ mojito rojo \/ amor66:<\/strong> atrevidas mezclas frutales con un toque mentolado \ud83c\udf53\ud83c\udf49<\/li>\n<li><strong>Mango Fresa \/ Kiwi Fresa \/ Manzana Uva \/ Sand\u00eda Dragon Fruit:<\/strong> Dulzura ex\u00f3tica con vibraciones refrescantes \ud83d\udc09\ud83c\udf47<\/li>\n<li><strong>Sand\u00eda Fresa \/ Hielo negro \/ trece mel\u00f3n \/ Uva Ar\u00e1ndano:<\/strong> Ricas mezclas de frutas y frescura helada \u2744\ufe0f\ud83c\udf47<\/li>\n<li><strong>Fresa, sand\u00eda, kiwi, maracuy\u00e1, guayaba, mango helado, sand\u00eda, durazno agrio:<\/strong> Dulce, picante y tropical \ud83c\udf51\ud83e\udd6d\ud83e\udd5d<\/li>\n<\/ul>\n<h3>Perfecto para usuarios habituales y compradores mayoristas<\/h3>\n<p>El <strong>Bang Blaze 4-en-1 60000 Puffs<\/strong> es ideal para <strong>buscadores de sabores, vapeadores intensos, tiendas de vapeo y distribuidores mayoristas<\/strong>. Con <strong>gran capacidad de calada, comodidad de m\u00faltiples sabores y funciones inteligentes<\/strong>, este dispositivo ofrece un valor y un atractivo para el cliente inigualables. \ud83d\udce6\ud83d\udd25<\/p>\n<h3>Preguntas frecuentes<\/h3>\n<ul>\n<li><strong>\u00bfCu\u00e1ntos sabores hay en un dispositivo?<\/strong><br \/>\nCada dispositivo incluye 4 sabores precargados que puedes cambiar en cualquier momento.<\/li>\n<li><strong>\u00bfEs recargable?<\/strong><br \/>\nS\u00ed, con una bater\u00eda de 650 mAh y carga r\u00e1pida tipo C.<\/li>\n<li><strong>\u00bfCu\u00e1nto dura?<\/strong><br \/>\nHasta 60.000 caladas, dependiendo de tu estilo de vapeo.<\/li>\n<li><strong>\u00bfQu\u00e9 concentraciones de nicotina est\u00e1n disponibles?<\/strong><br \/>\nElija entre 0%, 2%, 3% o 5% seg\u00fan sus preferencias.<\/li>\n<li><strong>\u00bfEs bueno para venta al por mayor?<\/strong><br \/>\n\u00a1S\u00ed! Dise\u00f1ado teniendo en cuenta el embalaje a granel y la alta demanda: perfecto para minoristas y distribuidores.<\/li>\n<\/ul>\n","protected":false},"excerpt":{"rendered":"<p>El <strong>Bang Blaze 4-en-1 60000 Puffs<\/strong> \ud83d\udca8 ofrece una <strong>capacidad de calada enorme, cambio de sabor 4 en 1 y una pantalla inteligente<\/strong>, perfecto para tiendas de vapeo, distribuidores y usuarios habituales que buscan un rendimiento masivo.<\/p>\n","protected":false},"featured_media":1582,"comment_status":"open","ping_status":"closed","template":"","meta":[],"product_brand":[],"product_cat":[349,709],"product_tag":[],"class_list":{"0":"post-34997","1":"product","2":"type-product","3":"status-publish","4":"has-post-thumbnail","6":"product_cat-bang","7":"product_cat-vape-disponible-de-60000-soplos","9":"first","10":"instock","11":"shipping-taxable","12":"purchasable","13":"product-type-variable","14":"has-default-attributes"},"tiered_pricing_type":"fixed","tiered_pricing_fixed_rules":{"30":8.7599999999999997868371792719699442386627197265625,"50":7.53000000000000024868995751603506505489349365234375,"100":6.79000000000000003552713678800500929355621337890625,"200":6.4199999999999999289457264239899814128875732421875,"400":5.86000000000000031974423109204508364200592041015625},"tiered_pricing_product_settings":{"layout":"default","base_unit_name":{"singular":null,"plural":null},"default_variation":null},"tiered_pricing_minimum_quantity":10,"tiered_pricing_roles_data":[],"tiered_pricing_percentage_rules":[],"tiered_pricing_maximum_quantity":null,"tiered_pricing_quantity_step":"10","_links":{"self":[{"href":"https:\/\/stage.jrfer.com\/es\/wp-json\/wp\/v2\/product\/34997","targetHints":{"allow":["GET"]}}],"collection":[{"href":"https:\/\/stage.jrfer.com\/es\/wp-json\/wp\/v2\/product"}],"about":[{"href":"https:\/\/stage.jrfer.com\/es\/wp-json\/wp\/v2\/types\/product"}],"replies":[{"embeddable":true,"href":"https:\/\/stage.jrfer.com\/es\/wp-json\/wp\/v2\/comments?post=34997"}],"wp:featuredmedia":[{"embeddable":true,"href":"https:\/\/stage.jrfer.com\/es\/wp-json\/wp\/v2\/media\/1582"}],"wp:attachment":[{"href":"https:\/\/stage.jrfer.com\/es\/wp-json\/wp\/v2\/media?parent=34997"}],"wp:term":[{"taxonomy":"product_brand","embeddable":true,"href":"https:\/\/stage.jrfer.com\/es\/wp-json\/wp\/v2\/product_brand?post=34997"},{"taxonomy":"product_cat","embeddable":true,"href":"https:\/\/stage.jrfer.com\/es\/wp-json\/wp\/v2\/product_cat?post=34997"},{"taxonomy":"product_tag","embeddable":true,"href":"https:\/\/stage.jrfer.com\/es\/wp-json\/wp\/v2\/product_tag?post=34997"}],"curies":[{"name":"wp","href":"https:\/\/api.w.org\/{rel}","templated":true}]}}