{"id":35482,"date":"2026-03-12T04:24:29","date_gmt":"2026-03-12T04:24:29","guid":{"rendered":"https:\/\/stage.jrfer.com\/product\/poco-fr-80k-80000-vape-disponible-recargable-de-la-bobina-de-la-malla-del-patio-in-1-de-los-soplos-4\/"},"modified":"2026-04-07T11:03:10","modified_gmt":"2026-04-07T11:03:10","slug":"poco-fr-80k-80000-puffs-4-in-1-quad-mesh-coil-rechargeable-disposable-vape","status":"publish","type":"product","link":"https:\/\/stage.jrfer.com\/es\/producto\/poco-fr-80k-80000-puffs-4-in-1-quad-mesh-coil-rechargeable-disposable-vape\/","title":{"rendered":"POCO FR 80K | 80000 vape disponible recargable de la bobina de la malla del patio in-1 de los soplos 4"},"content":{"rendered":"<h2>\ud83d\udd25 \u00bfPor qu\u00e9 elegir POCO FR 80000 Puffs?<\/h2>\n<ul>\n<li>\ud83d\udca8 <strong>Enormes 80.000 inhalaciones:<\/strong> Dise\u00f1ado para uso a largo plazo, ideal para vapeadores y revendedores intensivos.<\/li>\n<li>\ud83c\udfa8 <strong>4 sabores en 1 vaporizador:<\/strong> cambia entre cuatro sabores premium sin esfuerzo para disfrutar de una variedad infinita.<\/li>\n<li>\u26a1 <strong>Sistema de bobinas de malla cu\u00e1druple:<\/strong> Las bobinas de malla 4x que mejoran el sabor brindan un vapor suave y un sabor rico.<\/li>\n<li>\ud83d\udd0b <strong>Bater\u00eda recargable de 650 mAh:<\/strong> la carga r\u00e1pida tipo C garantiza una energ\u00eda constante hasta la \u00faltima calada.<\/li>\n<li>\ud83e\uddc3 <strong>Capacidad de E-l\u00edquido de 60 ml:<\/strong> Volumen de l\u00edquido generoso para un disfrute ultralargo.<\/li>\n<li>\ud83d\udda5\ufe0f <strong>Dise\u00f1o compacto y duradero:<\/strong> Se adapta perfectamente a la mano y est\u00e1 dise\u00f1ado para durar con una construcci\u00f3n s\u00f3lida.<\/li>\n<li>\ud83c\udff7\ufe0f <strong>Venta al por mayor:<\/strong> Empaquetado con 10 unidades por caja, ideal para tiendas y distribuidores de vapeo.<\/li>\n<\/ul>\n<p><img decoding=\"async\" src=\"https:\/\/aiviouvapes.com\/wp-content\/uploads\/2025\/11\/1111.jpg\" alt=\"POCO FR 80K\" title=\"\"><br \/>\n<img decoding=\"async\" src=\"https:\/\/aiviouvapes.com\/wp-content\/uploads\/2025\/11\/2222.jpg\" alt=\"POCO FR 80K\" title=\"\"><\/p>\n<p>\u00a0<\/p>\n<h2>\u2699\ufe0f Especificaciones<\/h2>\n<tr>\n<td><strong>Recuento de bocanadas<\/strong><\/td>\n<td>80.000 caladas<\/td>\n<\/tr>\n<tr>\n<td><strong>Capacidad de E-l\u00edquido<\/strong><\/td>\n<td>60ml<\/td>\n<\/tr>\n<tr>\n<td><strong>Fuerza de la nicotina<\/strong><\/td>\n<td>5%<\/td>\n<\/tr>\n<tr>\n<td><strong>Bater\u00eda<\/strong><\/td>\n<td>650 mAh recargable<\/td>\n<\/tr>\n<tr>\n<td><strong>Puerto de carga<\/strong><\/td>\n<td>Tipo C<\/td>\n<\/tr>\n<tr>\n<td><strong>Tipo de bobina<\/strong><\/td>\n<td>Bobina de malla cu\u00e1druple (x4)<\/td>\n<\/tr>\n<tr>\n<td><strong>Tama\u00f1o del dispositivo<\/strong><\/td>\n<td>100,5 \u00d7 42 \u00d7 44 mm<\/td>\n<\/tr>\n<tr>\n<td><strong>Embalaje<\/strong><\/td>\n<td>10 unidades por caja de presentaci\u00f3n<\/td>\n<\/tr>\n<\/tbody>\n<h2>\ud83c\udf53 Colecci\u00f3n de sabores<\/h2>\n<p>Experimenta el <strong>sistema de sabor 4 en 1<\/strong> de POCO FR, dise\u00f1ado para lograr transiciones suaves y un sabor equilibrado. Cada combinaci\u00f3n ofrece una fusi\u00f3n \u00fanica de tonos afrutados, helados y dulces para satisfacer todos los paladares. \ud83d\ude0b\ud83d\udc47<\/p>\n<ul>\n<li><b>1.<\/b>Fresa, Frambuesa, Cereza \u2013 Sand\u00eda, Lichi \u2013 Ar\u00e1ndano, Fresa \u2013 Pastel De Pl\u00e1tano<\/li>\n<li><b>2.<\/b>Fresa Sand\u00eda \u2013 Fresa Frambuesa Kiwi \u2013 Pi\u00f1a Manzana \u2013 Cereza Ar\u00e1ndano<\/li>\n<li><b>3.<\/b>Ar\u00e1ndano Fresa \u2013 Uva Ar\u00e1ndano Melocot\u00f3n \u2013 Bebida Energ\u00e9tica \u2013 Ar\u00e1ndano Sand\u00eda<\/li>\n<li><b>4.<\/b>Limonada de ar\u00e1ndanos y frambuesa \u2013 Fresa Kiwi \u2013 Fresa Mango \u2013 Mezcla de frutos rojos<\/li>\n<li><b>5.<\/b>Fresa Cereza \u2013 Frambuesa Sand\u00eda \u2013 Ar\u00e1ndano Cereza Cola \u2013 Mango Pi\u00f1a<\/li>\n<li><b>6.<\/b>Cereza, melocot\u00f3n, lim\u00f3n \u2013 Menta fresca \u2013 Chicle de sand\u00eda \u2013 Hielo de uva<\/li>\n<li><b>7.<\/b>Mora Ar\u00e1ndano \u2013 Fresa Pl\u00e1tano \u2013 Ar\u00e1ndano Frambuesa Cereza \u2013 Ar\u00e1ndano Kiwi<\/li>\n<li><b>8.<\/b>Helado de Sand\u00eda \u2013 Pi\u00f1a Coco \u2013 Melocot\u00f3n Mango Sand\u00eda \u2013 Cereza Melocot\u00f3n Lim\u00f3n<\/li>\n<li><b>9.<\/b>Fresa Uva \u2013 Manzana Melocot\u00f3n \u2013 Fresa Sand\u00eda \u2013 Black Ice Dragon Fruit Fresa<\/li>\n<li><b>10.<\/b>Ar\u00e1ndano Frambuesa Agria \u2013 Kiwi Pi\u00f1a Helado \u2013 Uva Cereza \u2013 Aloe Uva<\/li>\n<li><strong>11.<\/strong>Fresa Frambuesa \u2013 Lima Lim\u00f3n \u2013 Ar\u00e1ndano Negro Hielo \u2013 Maracuy\u00e1 Kiwi Guayaba<\/li>\n<li><strong>12.<\/strong>Baya, Cereza, Lima, Manzana Agria, Melocot\u00f3n, Ar\u00e1ndano, Caramelo Blando, Fresa, Cola<\/li>\n<li><strong>13.<\/strong>Hielo negro Dragon Fruit Fresa \u2013 Helado de sand\u00eda \u2013 Hielo de ar\u00e1ndanos \u2013 Hielo de melocot\u00f3n<\/li>\n<li><strong>14.<\/strong>Manzana agria \u2013 Sand\u00eda Lima \u2013 Frambuesa Sand\u00eda Lichi \u2013 Fresa Cola<\/li>\n<li><strong>15.<\/strong>Aloe Uva \u2013 Frambuesa Melocot\u00f3n Lima \u2013 Melocot\u00f3n Mango Sand\u00eda \u2013 Coca Cola<\/li>\n<\/ul>\n<h2>\ud83d\udcac Preguntas frecuentes (FAQ)<\/h2>\n<p><strong>P:<\/strong> \u00bfCu\u00e1nto dura un POCO FR 80000?<br \/>\n<strong>R:<\/strong> Con hasta 80.000 inhalaciones, puede durar varias semanas dependiendo de tus h\u00e1bitos de vapeo.<\/p>\n<p><strong>P:<\/strong> \u00bfPuedo recargarlo?<br \/>\n<strong>R:<\/strong> \u00a1S\u00ed! La bater\u00eda de 650 mAh es recargable tipo C, lo que garantiza una recarga eficiente para un uso prolongado.<\/p>\n<p><strong>P:<\/strong> \u00bfIncluye varios sabores?<br \/>\n<strong>R:<\/strong> Por supuesto: \u00a1cada dispositivo incluye cuatro sabores distintos entre los que puedes cambiar en cualquier momento!<\/p>\n<p><strong>P:<\/strong> \u00bfPara qui\u00e9n es mejor este dispositivo?<br \/>\n<strong>R:<\/strong> Perfecto para <strong>vapeadores empedernidos, amantes de los sabores<\/strong> y <strong>distribuidores mayoristas<\/strong> que buscan un rendimiento superior y una satisfacci\u00f3n duradera.<\/p>\n<h2>\ud83d\ude80 Perfecto para<\/h2>\n<p>El <strong>vaporizador desechable 4 en 1 POCO FR 80K<\/strong> es una opci\u00f3n de primer nivel para <strong>minoristas, tiendas de vapeo<\/strong> y <strong>distribuidores<\/strong> que valoran la variedad de sabores, el rendimiento y la conveniencia. Ideal para <strong>mercados europeos<\/strong> y cualquiera que quiera nubes potentes con un mantenimiento m\u00ednimo. \ud83c\udf2c\ufe0f\ud83d\udc8e<\/p>\n","protected":false},"excerpt":{"rendered":"<p>Descubra el <strong>vaporizador desechable POCO FR 80000 Puffs<\/strong>, que incluye <strong>4 sabores en 1 dispositivo<\/strong>, una <strong>bater\u00eda recargable tipo C de 650 mAh<\/strong> y tecnolog\u00eda de <strong>bobina de malla cu\u00e1druple<\/strong> para la mejor experiencia de vapeo duradera. \u00a1Perfecto para los mercados minoristas y mayoristas de toda Europa! \ud83c\udf0d\ud83d\udca8<\/p>\n","protected":false},"featured_media":6675,"comment_status":"open","ping_status":"closed","template":"","meta":[],"product_brand":[],"product_cat":[1753,1389,1619,1423,1457,1560],"product_tag":[],"class_list":{"0":"post-35482","1":"product","2":"type-product","3":"status-publish","4":"has-post-thumbnail","6":"product_cat-poco","7":"product_cat-vapes-desechables-en-alemania","8":"product_cat-vapes-desechables-en-espana","9":"product_cat-vapes-desechables-en-hungria","10":"product_cat-vapes-desechables-en-italia","11":"product_cat-vapes-desechables-en-polonia","13":"first","14":"instock","15":"shipping-taxable","16":"purchasable","17":"product-type-variable","18":"has-default-attributes"},"tiered_pricing_type":"fixed","tiered_pricing_fixed_rules":{"100":9.5,"200":8.9000000000000003552713678800500929355621337890625,"500":8.4000000000000003552713678800500929355621337890625},"tiered_pricing_product_settings":{"layout":"default","base_unit_name":{"singular":null,"plural":null},"default_variation":null},"tiered_pricing_minimum_quantity":50,"tiered_pricing_roles_data":[],"tiered_pricing_percentage_rules":[],"tiered_pricing_maximum_quantity":null,"tiered_pricing_quantity_step":"10","_links":{"self":[{"href":"https:\/\/stage.jrfer.com\/es\/wp-json\/wp\/v2\/product\/35482","targetHints":{"allow":["GET"]}}],"collection":[{"href":"https:\/\/stage.jrfer.com\/es\/wp-json\/wp\/v2\/product"}],"about":[{"href":"https:\/\/stage.jrfer.com\/es\/wp-json\/wp\/v2\/types\/product"}],"replies":[{"embeddable":true,"href":"https:\/\/stage.jrfer.com\/es\/wp-json\/wp\/v2\/comments?post=35482"}],"wp:featuredmedia":[{"embeddable":true,"href":"https:\/\/stage.jrfer.com\/es\/wp-json\/wp\/v2\/media\/6675"}],"wp:attachment":[{"href":"https:\/\/stage.jrfer.com\/es\/wp-json\/wp\/v2\/media?parent=35482"}],"wp:term":[{"taxonomy":"product_brand","embeddable":true,"href":"https:\/\/stage.jrfer.com\/es\/wp-json\/wp\/v2\/product_brand?post=35482"},{"taxonomy":"product_cat","embeddable":true,"href":"https:\/\/stage.jrfer.com\/es\/wp-json\/wp\/v2\/product_cat?post=35482"},{"taxonomy":"product_tag","embeddable":true,"href":"https:\/\/stage.jrfer.com\/es\/wp-json\/wp\/v2\/product_tag?post=35482"}],"curies":[{"name":"wp","href":"https:\/\/api.w.org\/{rel}","templated":true}]}}