{"id":36839,"date":"2025-09-05T08:06:20","date_gmt":"2025-09-05T08:06:20","guid":{"rendered":"https:\/\/stage.jrfer.com\/product\/waspe-100k-4-en-1-100000-bocanadas-vape-desechable-a-granel-de-cuatro-sabores\/"},"modified":"2026-04-07T12:08:54","modified_gmt":"2026-04-07T12:08:54","slug":"waspe-100k-4-in-1-100000-puffs-quad-flavor-bulk-disposable-vape","status":"publish","type":"product","link":"https:\/\/stage.jrfer.com\/es\/producto\/waspe-100k-4-in-1-100000-puffs-quad-flavor-bulk-disposable-vape\/","title":{"rendered":"WASPE 100K 4 en 1 100000 bocanadas | Vape desechable a granel de cuatro sabores"},"content":{"rendered":"<h2>\u00bfPor qu\u00e9 elegir WASPE 100K 4 en 1?<\/h2>\n<ul>\n<li><strong>Recuento de caladas inigualable:<\/strong> una enorme cantidad de <strong>100 000 caladas<\/strong> para un uso ultralargo \ud83d\udd25<\/li>\n<li><strong>Sistema de sabores 4 en 1:<\/strong> rote instant\u00e1neamente entre <strong>4 sabores<\/strong> sin intercambiar dispositivos \ud83c\udf49\ud83c\udf53\ud83e\udd6d\ud83c\udf52<\/li>\n<li><strong>Bobina de malla cu\u00e1druple (1,0 \u03a9):<\/strong> vapor suave, sabor intenso y caladas constantes en todo momento \ud83d\udca8<\/li>\n<li><strong>Bater\u00eda recargable de 650 mAh:<\/strong> Energ\u00eda confiable con <strong>carga r\u00e1pida tipo C<\/strong> \u26a1<\/li>\n<li><strong>E-Liquid enorme de 56 ml:<\/strong> Precargado para un disfrute duradero \u2714\ufe0f<\/li>\n<li><strong>Opciones de nicotina:<\/strong> Elija 0%, 2% o 5% para adaptarse a cada preferencia \ud83d\udeac\u27a1\ufe0f\ud83d\udca8<\/li>\n<li><strong>Compacto y port\u00e1til:<\/strong> Tama\u00f1o de bolsillo con <strong>estructura liviana de 142 g<\/strong> \ud83d\udcf1<\/li>\n<li><strong>Listo para venta al por mayor:<\/strong> un producto muy vendido para minoristas y distribuidores que buscan almacenar productos a granel \ud83d\udce6<\/li>\n<\/ul>\n<h3>Especificaciones<\/h3>\n<tr>\n<td><strong>Recuento de bocanadas:<\/strong><\/td>\n<td>Hasta 100.000<\/td>\n<\/tr>\n<tr>\n<td><strong>Sabores:<\/strong><\/td>\n<td>Sabores intercambiables 4 en 1<\/td>\n<\/tr>\n<tr>\n<td><strong>Bobina:<\/strong><\/td>\n<td>Bobina de malla cu\u00e1druple de 1,0 \u03a9<\/td>\n<\/tr>\n<tr>\n<td><strong>Capacidad de E-l\u00edquido:<\/strong><\/td>\n<td>56ml<\/td>\n<\/tr>\n<tr>\n<td><strong>Bater\u00eda:<\/strong><\/td>\n<td>650 mAh recargable<\/td>\n<\/tr>\n<tr>\n<td><strong>Cargando:<\/strong><\/td>\n<td>Carga r\u00e1pida tipo C<\/td>\n<\/tr>\n<tr>\n<td><strong>Puntos fuertes de la nicotina:<\/strong><\/td>\n<td>0%, 2%, 5%<\/td>\n<\/tr>\n<tr>\n<td><strong>Dimensiones:<\/strong><\/td>\n<td>47 \u00d7 47 \u00d7 118 mm<\/td>\n<\/tr>\n<tr>\n<td><strong>Peso:<\/strong><\/td>\n<td>142 gramos<\/td>\n<\/tr>\n<tr>\n<td><strong>Embalaje al por mayor:<\/strong><\/td>\n<td>Admite pedidos al por mayor<\/td>\n<\/tr>\n<\/tbody>\n<h3>Selecci\u00f3n de sabores<\/h3>\n<p>El <strong>WASPE 100K 4 en 1<\/strong> ofrece un emocionante <strong>sistema de cuatro sabores<\/strong>, que te brinda cuatro experiencias de sabor \u00fanicas en un solo dispositivo \ud83c\udf08. Las mezclas populares incluyen:<\/p>\n<ul>\n<li><strong>Helado de sand\u00eda, kiwi de fresa, sand\u00eda de frambuesa, lima lim\u00f3n<\/strong>: combinaci\u00f3n refrescante y frutal con un final picante.<\/li>\n<li><strong>Strawberry Watermelon, MR.Blue, Grape Ice, Rainbow Candy<\/strong>: mezcla dulce, helada e inspirada en dulces.<\/li>\n<li><strong>Red Bull Ice, Banana Ice, Pineapple Coconut Ice, Triple Mango Ice<\/strong> \u2013 Fusiones tropicales y energizantes.<\/li>\n<li><strong>Fresa, Frambuesa, Cereza, Crazy Cherry Ice, Blue Cherry Ice, Cola Ice<\/strong>: efervescencia afrutada con un toque de cereza.<\/li>\n<li><strong>Pl\u00e1tano Fresa, Red Bull Fresa, Mango Fresa, Limonada Rosa<\/strong>: el para\u00edso para los amantes de las fresas.<\/li>\n<li><strong>Helado de ar\u00e1ndano, Black Knight, helado de fresa, sand\u00eda y fresa<\/strong>: capas de frutas dulces, atrevidas y heladas.<\/li>\n<li><strong>Helado de cola de cereza, helado de cereza y fresa, helado de cola de fresa, chicle de fresa y sand\u00eda<\/strong>: mezclas gaseosas y dulces.<\/li>\n<li><strong>Hielo de melocot\u00f3n jugoso, fruta tropical, explosi\u00f3n de fruta, baya de melocot\u00f3n<\/strong>: explosi\u00f3n frutal jugosa y ex\u00f3tica.<\/li>\n<li><strong>Grape Ice, Strawberry Kiwi, Strawberry Raspberry Cherry, Black Knight<\/strong>: atrevida combinaci\u00f3n de uvas y bayas.<\/li>\n<li><strong>Mezcla de frutos rojos, doble hielo de manzana, ar\u00e1ndano y frambuesa, miel de ar\u00e1ndano<\/strong>: dulce, \u00e1cido y suave como la miel.<\/li>\n<li><strong>Red Bull de fresa, chicle de fresa y sand\u00eda, hielo de Red Bull, hielo de cola de cereza<\/strong>: bebida energ\u00e9tica con un toque dulce afrutado.<\/li>\n<li><strong>Ar\u00e1ndano, frambuesa, limonada de ar\u00e1ndano, frutos rojos variados, helado de miel de uva<\/strong>: rico en frutos rojos con un refrescante acabado de limonada.<\/li>\n<\/ul>\n<h3>Perfecto para venta minorista y mayorista<\/h3>\n<p>El <strong>WASPE 100K 4 en 1<\/strong> est\u00e1 dise\u00f1ado para <strong>vapeadores empedernidos, amantes de los sabores, tiendas de vapeo y distribuidores<\/strong>. Con su <strong>cambio de cuatro sabores<\/strong>, su enorme <strong>recuento de 100 000 caladas<\/strong> y su <strong>envase listo para la venta al por mayor<\/strong>, est\u00e1 dise\u00f1ado para satisfacer a los usuarios individuales y maximizar el valor de reventa.<\/p>\n<h3>Preguntas frecuentes<\/h3>\n<ul>\n<li><strong>\u00bfCu\u00e1ntos sabores hay en un dispositivo?<\/strong><br \/>\nCada unidad incluye 4 sabores intercambiables.<\/li>\n<li><strong>\u00bfEs recargable?<\/strong><br \/>\nS\u00ed, tiene una bater\u00eda recargable de 650 mAh con carga tipo C.<\/li>\n<li><strong>\u00bfCu\u00e1ntas inhalaciones por dispositivo?<\/strong><br \/>\nHasta 100.000 inhalaciones dependiendo del uso.<\/li>\n<li><strong>\u00bfQu\u00e9 concentraciones de nicotina est\u00e1n disponibles?<\/strong><br \/>\n0%, 2% y 5% para adaptarse a todas las preferencias.<\/li>\n<li><strong>\u00bfEs apto para ventas al por mayor?<\/strong><br \/>\nS\u00ed, est\u00e1 empaquetado y tiene un precio perfecto para distribuidores y tiendas de vapeo.<\/li>\n<li><strong>\u00bfQui\u00e9n deber\u00eda comprarlo?<\/strong><br \/>\nIdeal para usuarios habituales, cazadores de sabores, minoristas y mayoristas que buscan un vaporizador desechable de primer nivel.<\/li>\n<\/ul>\n","protected":false},"excerpt":{"rendered":"<p>El <strong>WASPE 100K 4 en 1<\/strong> \ud83d\udca8 es un vaporizador desechable de megacapacidad que ofrece hasta <strong>100.000 caladas<\/strong> con 4 sabores en un solo dispositivo. Perfecto para tiendas de vapeo, distribuidores y vapeadores habituales que buscan la m\u00e1xima variedad y longevidad.<\/p>\n","protected":false},"featured_media":5636,"comment_status":"open","ping_status":"closed","template":"","meta":[],"product_brand":[],"product_cat":[396],"product_tag":[],"class_list":{"0":"post-36839","1":"product","2":"type-product","3":"status-publish","4":"has-post-thumbnail","6":"product_cat-waspe","8":"first","9":"instock","10":"shipping-taxable","11":"purchasable","12":"product-type-variable","13":"has-default-attributes"},"tiered_pricing_type":"fixed","tiered_pricing_fixed_rules":{"30":9.6300000000000007815970093361102044582366943359375,"50":7.9000000000000003552713678800500929355621337890625,"100":7.6500000000000003552713678800500929355621337890625,"200":6.9900000000000002131628207280300557613372802734375,"400":6.54000000000000003552713678800500929355621337890625},"tiered_pricing_product_settings":{"layout":"default","base_unit_name":{"singular":null,"plural":null},"default_variation":null},"tiered_pricing_minimum_quantity":10,"tiered_pricing_roles_data":[],"tiered_pricing_percentage_rules":[],"tiered_pricing_maximum_quantity":null,"tiered_pricing_quantity_step":"10","_links":{"self":[{"href":"https:\/\/stage.jrfer.com\/es\/wp-json\/wp\/v2\/product\/36839","targetHints":{"allow":["GET"]}}],"collection":[{"href":"https:\/\/stage.jrfer.com\/es\/wp-json\/wp\/v2\/product"}],"about":[{"href":"https:\/\/stage.jrfer.com\/es\/wp-json\/wp\/v2\/types\/product"}],"replies":[{"embeddable":true,"href":"https:\/\/stage.jrfer.com\/es\/wp-json\/wp\/v2\/comments?post=36839"}],"wp:featuredmedia":[{"embeddable":true,"href":"https:\/\/stage.jrfer.com\/es\/wp-json\/wp\/v2\/media\/5636"}],"wp:attachment":[{"href":"https:\/\/stage.jrfer.com\/es\/wp-json\/wp\/v2\/media?parent=36839"}],"wp:term":[{"taxonomy":"product_brand","embeddable":true,"href":"https:\/\/stage.jrfer.com\/es\/wp-json\/wp\/v2\/product_brand?post=36839"},{"taxonomy":"product_cat","embeddable":true,"href":"https:\/\/stage.jrfer.com\/es\/wp-json\/wp\/v2\/product_cat?post=36839"},{"taxonomy":"product_tag","embeddable":true,"href":"https:\/\/stage.jrfer.com\/es\/wp-json\/wp\/v2\/product_tag?post=36839"}],"curies":[{"name":"wp","href":"https:\/\/api.w.org\/{rel}","templated":true}]}}