{"id":40807,"date":"2025-07-07T09:28:39","date_gmt":"2025-07-07T09:28:39","guid":{"rendered":"https:\/\/stage.jrfer.com\/product\/randm-fumot-tornado-20k-vape-disponible-cristalino-de-20000-bocanadas\/"},"modified":"2026-04-07T12:18:08","modified_gmt":"2026-04-07T12:18:08","slug":"randm-fumot-tornado-20000-puffs","status":"publish","type":"product","link":"https:\/\/stage.jrfer.com\/es\/producto\/randm-fumot-tornado-20000-puffs\/","title":{"rendered":"RandM Fumot Tornado 20K | Vape disponible cristalino de 20,000 bocanadas"},"content":{"rendered":"<h2>\u00bfPor qu\u00e9 elegir RandM Fumot Tornado 20K?<\/h2>\n<ul>\n<li><strong>20 000 inhalaciones:<\/strong> obtenga un rendimiento duradero con hasta 20 000 inhalaciones, lo que lo hace perfecto para vapeadores durante todo el d\u00eda y usuarios intensivos \ud83d\udd25\ud83d\udca8<\/li>\n<li><strong>Bobina de malla dual:<\/strong> Disfrute de un sabor rico y suave con la bobina de malla dual avanzada, que proporciona un sabor y una producci\u00f3n de vapor mejorados \ud83c\udfc6<\/li>\n<li><strong>Crystal Clear Body:<\/strong> Un dise\u00f1o estilizado y elegante con un cuerpo transparente para ver tu nivel de e-l\u00edquido en todo momento \ud83d\udc8e<\/li>\n<li><strong>Gran capacidad de e-l\u00edquido:<\/strong> 20 ml de e-l\u00edquido garantizan menos recargas y un disfrute constante del vapeo \ud83c\udf1f<\/li>\n<li><strong>Bater\u00eda recargable:<\/strong> La bater\u00eda recargable de 850 mAh garantiza un uso duradero con carga r\u00e1pida tipo C \u26a1\ud83d\udd0b<\/li>\n<li><strong>Indicador de aceite y bater\u00eda:<\/strong> rastrea f\u00e1cilmente los niveles de tu e-l\u00edquido y de bater\u00eda para asegurarte de que nunca te tomen desprevenido \ud83d\udcca<\/li>\n<li><strong>Variedad de sabores:<\/strong> Una amplia gama de deliciosos sabores para elegir, perfectos para los amantes de los sabores que buscan variedad \ud83c\udf53\ud83c\udf49\ud83c\udf6c<\/li>\n<\/ul>\n<h3>Especificaciones<\/h3>\n<tr>\n<td><strong>Capacidad de inhalaci\u00f3n:<\/strong><\/td>\n<td>Hasta 20.000 inhalaciones<\/td>\n<\/tr>\n<tr>\n<td><strong>Capacidad de E-l\u00edquido:<\/strong><\/td>\n<td>20ml<\/td>\n<\/tr>\n<tr>\n<td><strong>Bater\u00eda:<\/strong><\/td>\n<td>850 mAh recargable (tipo C)<\/td>\n<\/tr>\n<tr>\n<td><strong>Tipo de bobina:<\/strong><\/td>\n<td>Bobina de malla doble<\/td>\n<\/tr>\n<tr>\n<td><strong>Opciones de nicotina:<\/strong><\/td>\n<td>2%, 3%, 5%<\/td>\n<\/tr>\n<tr>\n<td><strong>Pantalla:<\/strong><\/td>\n<td>Indicador de aceite y bater\u00eda<\/td>\n<\/tr>\n<tr>\n<td><strong>Dise\u00f1o:<\/strong><\/td>\n<td>Cuerpo cristalino<\/td>\n<\/tr>\n<\/tbody>\n<h3>Colecci\u00f3n de sabores<\/h3>\n<p>El RandM Fumot Tornado 20K ofrece una amplia variedad de sabores emocionantes que satisfar\u00e1n el gusto de cualquier vapeador. \u00c9stos son algunos de los favoritos de los fan\u00e1ticos:<\/p>\n<ul>\n<li><strong>Caramelo duro de ar\u00e1ndano y frambuesa:<\/strong> Una mezcla dulce y agria de ar\u00e1ndano y frambuesa con un nost\u00e1lgico sabor a caramelo \ud83c\udf47\ud83c\udf6c<\/li>\n<li><strong>Razz azul:<\/strong> una frambuesa azul intensa y picante que brinda un toque dulce y \u00e1cido \ud83c\udf47\ud83c\udf6d<\/li>\n<li><strong>Fresa Kiwi:<\/strong> Una deliciosa combinaci\u00f3n de fresas dulces y kiwi agrio para una experiencia de vapeo refrescante \ud83c\udf53\ud83e\udd5d<\/li>\n<li><strong>Melocot\u00f3n, pi\u00f1a y naranja:<\/strong> una mezcla tropical de melocot\u00f3n jugoso, pi\u00f1a y naranja picante \ud83c\udf51\ud83c\udf4d\ud83c\udf4a<\/li>\n<li><strong>Juego de bolos:<\/strong> Un sabor divertido y afrutado inspirado en el ic\u00f3nico caramelo \ud83c\udf6c\ud83c\udf08<\/li>\n<li><strong>Melocot\u00f3n Mango Sand\u00eda:<\/strong> Una mezcla jugosa de melocot\u00f3n, mango y sand\u00eda para un vaporizador dulce y tropical \ud83c\udf51\ud83e\udd6d\ud83c\udf49<\/li>\n<li><strong>Helado de fresa:<\/strong> Disfrute del sabor dulce y cremoso del helado de fresa \ud83c\udf66\ud83c\udf53<\/li>\n<li><strong>Helado de sand\u00eda:<\/strong> Un refrescante y helado sabor a sand\u00eda perfecto para los d\u00edas calurosos \ud83c\udf49\u2744\ufe0f<\/li>\n<li><strong>Bayas Mixtas:<\/strong> Una mezcla dulce y picante de varias bayas, perfecta para los amantes de las bayas \ud83c\udf47\ud83c\udf53\ud83c\udf52<\/li>\n<li><strong>Lychee Melon:<\/strong> Una fusi\u00f3n tropical de lichi y mel\u00f3n para una experiencia dulce y ex\u00f3tica \ud83c\udf48\ud83c\udf47<\/li>\n<li><strong>lima cereza:<\/strong> Un equilibrio perfecto entre cereza dulce y lima agria \ud83c\udf52\ud83c\udf4b<\/li>\n<li><strong>Pi\u00f1a Lim\u00f3n Manzana:<\/strong> Una mezcla picante de pi\u00f1a, lim\u00f3n y manzana para un vaporizador picante \ud83c\udf4d\ud83c\udf4b\ud83c\udf4f<\/li>\n<li><strong>se\u00f1or azul:<\/strong> Una mezcla azul misteriosa y afrutada, perfecta para vapeadores aventureros \ud83d\udc99<\/li>\n<li><strong>Ar\u00e1ndano y frambuesa \u00e1cida:<\/strong> una combinaci\u00f3n agridulce de ar\u00e1ndanos y frambuesas \ud83e\uded0\ud83c\udf47<\/li>\n<li><strong>baya de durazno:<\/strong> Una mezcla jugosa de melocotones maduros y bayas dulces \ud83c\udf51\ud83c\udf53<\/li>\n<li><strong>Oso de goma Razz azul:<\/strong> Un sabor de Razz azul inspirado en caramelos con un toque de goma \ud83c\udf47\ud83c\udf6c<\/li>\n<li><strong>menta fresca:<\/strong> Un refrescante sabor a menta que refresca tus sentidos \ud83c\udf3f\u2744\ufe0f<\/li>\n<li><strong>Blueberry Ice:<\/strong> Ar\u00e1ndanos dulces con un final helado y fresco \ud83e\uded0\u2744\ufe0f<\/li>\n<li><strong>Hielo de cactus:<\/strong> Un sabor \u00fanico a cactus con un toque helado \ud83c\udf35\u2744\ufe0f<\/li>\n<li><strong>Lima de uva roja:<\/strong> Una mezcla picante de uvas rojas y lima para un vaporizador vibrante \ud83c\udf47\ud83c\udf4b<\/li>\n<li><strong>Cola Lim\u00f3n:<\/strong> Un cl\u00e1sico sabor a cola con un toque picante de lim\u00f3n \ud83e\udd64\ud83c\udf4b<\/li>\n<li><strong>Manzana con grosella negra:<\/strong> una suave mezcla de grosella negra y manzana crujiente \ud83c\udf4f\ud83c\udf47<\/li>\n<li><strong>cactus kiwi:<\/strong> Una mezcla tropical de cactus y kiwi para una experiencia refrescante \ud83e\udd5d\ud83c\udf35<\/li>\n<li><strong>hielo de Reajuste salarial:<\/strong> Una cola gaseosa con un toque de hielo fresco y refrescante \ud83e\udd64\u2744\ufe0f<\/li>\n<\/ul>\n<h3>Perfecto para consumidores habituales, buscadores de sabores y compradores mayoristas<\/h3>\n<p>El RandM Fumot Tornado 20K est\u00e1 dise\u00f1ado para cazadores de sabores y usuarios habituales que desean un vaporizador satisfactorio y duradero. Con sus enormes 20.000 caladas y su bater\u00eda recargable, es perfecto para tiendas de vapeo y distribuidores mayoristas. \u00a1Abast\u00e9cete hoy y brinda a tus clientes la mejor experiencia de vapeo desechable! \ud83d\uded2\ud83d\ude80<\/p>\n<h3>Preguntas frecuentes<\/h3>\n<ul>\n<li><strong>\u00bfCu\u00e1ntas caladas dura el RandM Fumot Tornado 20K?<\/strong><br \/>\nEl RandM Fumot Tornado 20K ofrece hasta 20.000 caladas, lo que proporciona una experiencia de vapeo duradera.<\/li>\n<li><strong>\u00bfQu\u00e9 concentraciones de nicotina est\u00e1n disponibles?<\/strong><br \/>\nElija entre opciones de 2 %, 3 % o 5 % de nicotina seg\u00fan sus preferencias.<\/li>\n<li><strong>\u00bfC\u00f3mo cargo el dispositivo?<\/strong><br \/>\nEl dispositivo cuenta con una bater\u00eda recargable de 850 mAh con carga tipo C para un encendido r\u00e1pido y sencillo.<\/li>\n<li><strong>\u00bfQu\u00e9 sabores est\u00e1n incluidos?<\/strong><br \/>\nEl RandM Fumot Tornado 20K ofrece una amplia variedad de m\u00e1s de 20 sabores interesantes, desde mezclas de frutas hasta mentolados frescos y opciones inspiradas en dulces.<\/li>\n<li><strong>\u00bfPuedo comprar esto al por mayor para mi tienda de vapeo?<\/strong><br \/>\nS\u00ed, este producto est\u00e1 disponible para distribuci\u00f3n mayorista, lo que lo hace perfecto para tiendas de vapeo que buscan existencias de desechables de alta calidad.<\/li>\n<\/ul>\n","protected":false},"excerpt":{"rendered":"<p>\u00a1Experimenta hasta 20.000 caladas con el RandM Fumot Tornado 20K! El dise\u00f1o transparente, la bobina de malla doble y una gama de sabores atrevidos lo convierten en la mejor opci\u00f3n para los vapeadores y las tiendas de vapeo. Perfecto para distribuidores que buscan existencias de desechables premium. \ud83d\udca8\ud83c\udf53\ud83c\udf4d<\/p>\n","protected":false},"featured_media":4019,"comment_status":"open","ping_status":"closed","template":"","meta":[],"product_brand":[],"product_cat":[362,1930],"product_tag":[],"class_list":{"0":"post-40807","1":"product","2":"type-product","3":"status-publish","4":"has-post-thumbnail","6":"product_cat-aleatorio","7":"product_cat-nuevo","9":"first","10":"instock","11":"shipping-taxable","12":"purchasable","13":"product-type-variable","14":"has-default-attributes"},"tiered_pricing_type":"fixed","tiered_pricing_fixed_rules":{"30":8.949999999999999289457264239899814128875732421875,"50":7.21999999999999975131004248396493494510650634765625,"100":6.5999999999999996447286321199499070644378662109375,"200":6.230000000000000426325641456060111522674560546875,"400":5.79999999999999982236431605997495353221893310546875},"tiered_pricing_product_settings":{"layout":"default","base_unit_name":{"singular":null,"plural":null},"default_variation":null},"tiered_pricing_minimum_quantity":10,"tiered_pricing_roles_data":[],"tiered_pricing_percentage_rules":[],"tiered_pricing_maximum_quantity":null,"tiered_pricing_quantity_step":"10","_links":{"self":[{"href":"https:\/\/stage.jrfer.com\/es\/wp-json\/wp\/v2\/product\/40807","targetHints":{"allow":["GET"]}}],"collection":[{"href":"https:\/\/stage.jrfer.com\/es\/wp-json\/wp\/v2\/product"}],"about":[{"href":"https:\/\/stage.jrfer.com\/es\/wp-json\/wp\/v2\/types\/product"}],"replies":[{"embeddable":true,"href":"https:\/\/stage.jrfer.com\/es\/wp-json\/wp\/v2\/comments?post=40807"}],"wp:featuredmedia":[{"embeddable":true,"href":"https:\/\/stage.jrfer.com\/es\/wp-json\/wp\/v2\/media\/4019"}],"wp:attachment":[{"href":"https:\/\/stage.jrfer.com\/es\/wp-json\/wp\/v2\/media?parent=40807"}],"wp:term":[{"taxonomy":"product_brand","embeddable":true,"href":"https:\/\/stage.jrfer.com\/es\/wp-json\/wp\/v2\/product_brand?post=40807"},{"taxonomy":"product_cat","embeddable":true,"href":"https:\/\/stage.jrfer.com\/es\/wp-json\/wp\/v2\/product_cat?post=40807"},{"taxonomy":"product_tag","embeddable":true,"href":"https:\/\/stage.jrfer.com\/es\/wp-json\/wp\/v2\/product_tag?post=40807"}],"curies":[{"name":"wp","href":"https:\/\/api.w.org\/{rel}","templated":true}]}}