{"id":44644,"date":"2025-07-07T09:20:50","date_gmt":"2025-07-07T09:20:50","guid":{"rendered":"https:\/\/stage.jrfer.com\/product\/%f0%9f%8e%81-caja-de-vapeo-desechable-misteriosa-desembala-sabores-y-desbloquea-diversion-%f0%9f%92%a8\/"},"modified":"2026-04-07T03:13:49","modified_gmt":"2026-04-07T03:13:49","slug":"mystery-disposable-vape-box","status":"publish","type":"product","link":"https:\/\/stage.jrfer.com\/es\/producto\/mystery-disposable-vape-box\/","title":{"rendered":"\ud83c\udf81 Caja de vapeo desechable misteriosa: \u00a1desembala sabores y desbloquea diversi\u00f3n! \ud83d\udca8"},"content":{"rendered":"<p>Prep\u00e1rate para una aventura emocionante con nuestra <strong>Caja de vapeo desechable misteriosa<\/strong>, donde cada desembalaje es una agradable sorpresa. En el interior, encontrar\u00e1 una selecci\u00f3n cuidadosamente seleccionada de dispositivos de vapeo desechables, con sabores que van desde cl\u00e1sicos refrescantes hasta mezclas atrevidas y ex\u00f3ticas. \ud83c\udf53\ud83c\udf4d\ud83e\udd6d<\/p>\n<p>Ya seas un principiante curioso o un vapeador experimentado, esta caja est\u00e1 dise\u00f1ada para mantenerte adivinando y sonriendo con cada calada. Cada dispositivo se elige entre nuestros productos m\u00e1s vendidos, lo que le brinda una muestra de modelos nuevos y populares que quiz\u00e1s no haya probado antes. \ud83c\udf08<\/p>\n<p><strong>Si tiene requisitos especiales de nicotina, inf\u00f3rmenos antes de realizar el pedido.<\/strong><\/p>\n<h3>\ud83d\udce6 \u00bfQu\u00e9 hay dentro de la caja?<\/h3>\n<p>Cada Caja Misteriosa incluye <strong>10 vaporizadores desechables premium<\/strong>, seleccionados al azar entre los mejores modelos de nuestra tienda. Podr\u00e1s encontrar sorpresas como:<\/p>\n<ul>\n<li><a href=\"https:\/\/stage.jrfer.com\/es\/producto\/waspe-40k-twins-40000-puffs\/\">WASPE 40K Twins \u2013 40.000 inhalaciones<\/a><\/li>\n<li><a href=\"https:\/\/stage.jrfer.com\/es\/producto\/waspe-100k-4-en-1-100000-bocanadas-vape-desechable-a-granel-de-cuatro-sabores\/\">WASPE 100K 4 en 1 &#8211; 100.000 inhalaciones<\/a><\/li>\n<li><a href=\"https:\/\/stage.jrfer.com\/es\/producto\/randm-tornado-15k-15000-bocanadas-vape-desechable-a-granel-con-bobina-de-malla-de-nube-grande\/\">RandM Tornado \u2013 15,000 inhalaciones<\/a><\/li>\n<li>Bang King 30K Doble Sabor<\/li>\n<li>RandM Tornado 9000<\/li>\n<\/ul>\n<p>\u2026\u00a1y mucho m\u00e1s! Con <strong>m\u00e1s de 100 sabores \u00fanicos<\/strong> en nuestra l\u00ednea, cada caja es una aventura. \ud83e\ude84<\/p>\n<h3>\ud83d\uded2 Instrucciones de compra<\/h3>\n<ul>\n<li><strong>Todas las ventas son definitivas<\/strong>: no se admiten reembolsos ni cambios a menos que haya un problema de calidad.<\/li>\n<li><strong>Env\u00edo gratis<\/strong> en cada pedido de Caja Misteriosa.<\/li>\n<li><strong>Requisito de edad:<\/strong> Debes tener la edad legal para fumar en tu pa\u00eds.<\/li>\n<li>Al realizar el pedido, acepta estos t\u00e9rminos y condiciones.<\/li>\n<\/ul>\n<h3>\ud83d\ude9a Informaci\u00f3n de env\u00edo<\/h3>\n<p>Trabajamos con transportistas confiables como UPS, DHL, FedEx y DPD para una entrega r\u00e1pida y segura.<\/p>\n<ul>\n<li><strong>Europa:<\/strong> Entrega en un plazo de 12 a 15 d\u00edas.<\/li>\n<li><strong>Estados Unidos:<\/strong> Suele llegar en 10 d\u00edas.<\/li>\n<li><strong>Seguimiento:<\/strong> Actualizaciones en tiempo real disponibles.<\/li>\n<\/ul>\n<p>No te preocupes por las aduanas \u2705: nos encargamos del despacho de aduanas y <strong>el 100 % de nuestros productos pasan la aduana<\/strong>. \u00a1Sin impuestos adicionales!<\/p>\n<h2>\u2753 Preguntas frecuentes: preguntas frecuentes<\/h2>\n<h4>1. \u00bfPuedo elegir mis sabores?<\/h4>\n<p>No, \u00a1la diversi\u00f3n de la Caja Misteriosa es la sorpresa! Recibir\u00e1s una combinaci\u00f3n de nuestras opciones m\u00e1s populares y emocionantes.<\/p>\n<h4>2. \u00bfCu\u00e1ntos vaporizadores vienen en una caja?<\/h4>\n<p>Cada Caja Misteriosa contiene <strong>10 vaporizadores desechables<\/strong>, cuidadosamente empaquetados y sellados.<\/p>\n<h4>3. \u00bfSon estos productos originales?<\/h4>\n<p>\u00a1S\u00ed! \u2705 Todos los productos son aut\u00e9nticos y provienen directamente de fabricantes confiables.<\/p>\n<h4>4. \u00bfEst\u00e1 incluida la nicotina?<\/h4>\n<p>La mayor\u00eda de nuestros dispositivos incluyen nicotina, pero si necesita alg\u00fan requisito especial, inf\u00f3rmenos antes de realizar el pedido.<\/p>\n<h4>5. \u00bfRealizan env\u00edos a todo el mundo?<\/h4>\n<p>Actualmente, realizamos env\u00edos principalmente a EE. UU., Europa y pa\u00edses seleccionados. Por favor verifique la disponibilidad de env\u00edo al finalizar la compra.<\/p>\n<h2>\ud83d\udd25 \u00bfPor qu\u00e9 elegir la Mystery Vape Box?<\/h2>\n<ul>\n<li>\ud83c\udf89 Emoci\u00f3n sin fin: descubre nuevos sabores cada vez.<\/li>\n<li>\ud83d\udca8 Gran cantidad de caladas: \u00a1de 9.000 a 100.000 caladas!<\/li>\n<li>\ud83d\udee1\ufe0f Productos 100% aut\u00e9nticos y seguros.<\/li>\n<li>\ud83d\ude80 Env\u00edo r\u00e1pido y gratuito con actualizaciones de seguimiento.<\/li>\n<li>\ud83c\udf0d Despacho de aduanas, sin cargos ocultos.<\/li>\n<\/ul>\n<p>\ud83d\udc49 \u00bfListo para una emocionante aventura de vapeo? \u00a1No te lo pierdas: pide tu <strong>Caja de vapeo desechable misteriosa<\/strong> hoy!<\/p>\n<p>.tier-pricing-summary-table {display:none !important}<br \/>\n.tier-pricing-summary-table {display:none !important}<\/p>\n","protected":false},"excerpt":{"rendered":"<p>\ud83c\udf81 \u00a1Descubre una caja llena de sorpresas! Cada <strong>Caja de vapeo desechable misteriosa<\/strong> est\u00e1 repleta de sabores emocionantes, caladas de primera calidad e infinitas aventuras de vapeo. \u00a1Perfecto para los amantes de la emoci\u00f3n de la sorpresa! \ud83d\ude80<\/p>\n","protected":false},"featured_media":1527,"comment_status":"open","ping_status":"closed","template":"","meta":[],"product_brand":[],"product_cat":[1243],"product_tag":[],"class_list":{"0":"post-44644","1":"product","2":"type-product","3":"status-publish","4":"has-post-thumbnail","6":"product_cat-vapes-desechables-en-europa","8":"first","9":"instock","10":"sale","11":"shipping-taxable","12":"purchasable","13":"product-type-simple"},"tiered_pricing_type":"fixed","tiered_pricing_fixed_rules":[],"tiered_pricing_product_settings":{"layout":"default","base_unit_name":{"singular":null,"plural":null},"default_variation":null},"tiered_pricing_minimum_quantity":null,"tiered_pricing_roles_data":[],"tiered_pricing_percentage_rules":[],"tiered_pricing_maximum_quantity":null,"tiered_pricing_quantity_step":null,"_links":{"self":[{"href":"https:\/\/stage.jrfer.com\/es\/wp-json\/wp\/v2\/product\/44644","targetHints":{"allow":["GET"]}}],"collection":[{"href":"https:\/\/stage.jrfer.com\/es\/wp-json\/wp\/v2\/product"}],"about":[{"href":"https:\/\/stage.jrfer.com\/es\/wp-json\/wp\/v2\/types\/product"}],"replies":[{"embeddable":true,"href":"https:\/\/stage.jrfer.com\/es\/wp-json\/wp\/v2\/comments?post=44644"}],"wp:featuredmedia":[{"embeddable":true,"href":"https:\/\/stage.jrfer.com\/es\/wp-json\/wp\/v2\/media\/1527"}],"wp:attachment":[{"href":"https:\/\/stage.jrfer.com\/es\/wp-json\/wp\/v2\/media?parent=44644"}],"wp:term":[{"taxonomy":"product_brand","embeddable":true,"href":"https:\/\/stage.jrfer.com\/es\/wp-json\/wp\/v2\/product_brand?post=44644"},{"taxonomy":"product_cat","embeddable":true,"href":"https:\/\/stage.jrfer.com\/es\/wp-json\/wp\/v2\/product_cat?post=44644"},{"taxonomy":"product_tag","embeddable":true,"href":"https:\/\/stage.jrfer.com\/es\/wp-json\/wp\/v2\/product_tag?post=44644"}],"curies":[{"name":"wp","href":"https:\/\/api.w.org\/{rel}","templated":true}]}}