{"id":47587,"date":"2025-07-07T09:28:39","date_gmt":"2025-07-07T09:28:39","guid":{"rendered":"https:\/\/stage.jrfer.com\/product\/uwin-crystal-twins-40k-2-en-1-40-000-inhalaciones-vape-desechable-a-granel-de-doble-sabor\/"},"modified":"2026-04-07T12:27:42","modified_gmt":"2026-04-07T12:27:42","slug":"uwin-crystal-twins-40k","status":"publish","type":"product","link":"https:\/\/stage.jrfer.com\/es\/producto\/uwin-crystal-twins-40k\/","title":{"rendered":"Uwin Crystal Twins 40K 2 en 1 40.000 inhalaciones | Vape desechable a granel de doble sabor"},"content":{"rendered":"<h2>\u00bfPor qu\u00e9 elegir Uwin Crystal Twins 40K?<\/h2>\n<ul>\n<li><strong>40,000 inhalaciones:<\/strong> Gran capacidad de inhalaci\u00f3n para un vapeo duradero \ud83d\udd25<\/li>\n<li><strong>C\u00e1psulas de dos sabores:<\/strong> cambia de sabor al instante sin cambiar de dispositivo \ud83c\udf08<\/li>\n<li><strong>Pantalla inteligente:<\/strong> muestra los niveles de bater\u00eda y e-l\u00edquido para facilitar el seguimiento \ud83d\udcca<\/li>\n<li><strong>Bater\u00eda potente:<\/strong> 850 mAh con carga r\u00e1pida tipo C \u26a1<\/li>\n<li><strong>Bobina de malla avanzada de 0,6 \u03a9:<\/strong> Vapor suave, sabroso y consistente en cada calada \ud83d\ude0b<\/li>\n<li><strong>Dise\u00f1o transparente:<\/strong> Aspecto elegante y con estilo que destaca \u2728<\/li>\n<li><strong>M\u00faltiples opciones de nicotina:<\/strong> Elija 0%, 2%, 3% o 5% seg\u00fan sus preferencias \ud83d\udca8<\/li>\n<li><strong>Apto para ventas al por mayor:<\/strong> Ideal para tiendas de vapeo, distribuidores y compradores al por mayor \ud83c\udfea<\/li>\n<\/ul>\n<h3>Especificaciones<\/h3>\n<tr>\n<td><strong>Capacidad de inhalaci\u00f3n:<\/strong><\/td>\n<td>Hasta 40.000 caladas<\/td>\n<\/tr>\n<tr>\n<td><strong>Capacidad de E-l\u00edquido:<\/strong><\/td>\n<td>32ml<\/td>\n<\/tr>\n<tr>\n<td><strong>Fuerza de la nicotina:<\/strong><\/td>\n<td>0%, 2%, 3%, 5%<\/td>\n<\/tr>\n<tr>\n<td><strong>Bater\u00eda:<\/strong><\/td>\n<td>850 mAh, recargable tipo C<\/td>\n<\/tr>\n<tr>\n<td><strong>Tipo de bobina:<\/strong><\/td>\n<td>Bobina de malla de 0,6\u03a9<\/td>\n<\/tr>\n<tr>\n<td><strong>Pantalla:<\/strong><\/td>\n<td>Pantalla inteligente (bater\u00eda y E-l\u00edquido)<\/td>\n<\/tr>\n<tr>\n<td><strong>Dise\u00f1o:<\/strong><\/td>\n<td>Elegante cuerpo transparente de cristal<\/td>\n<\/tr>\n<tr>\n<td><strong>Sabores:<\/strong><\/td>\n<td>C\u00e1psulas de doble sabor para un cambio instant\u00e1neo<\/td>\n<\/tr>\n<\/tbody>\n<h3>Selecci\u00f3n de sabores<\/h3>\n<p>El Uwin Crystal Twins 40K viene con emocionantes combinaciones de dos sabores para cada estado de \u00e1nimo:<\/p>\n<ul>\n<li><strong>Ar\u00e1ndano sobre hielo \/ Hielo de melocot\u00f3n de verano:<\/strong> La baya fresca se combina con el melocot\u00f3n jugoso \u2744\ufe0f\ud83c\udf51<\/li>\n<li><strong>Kiwi Maracuy\u00e1 Guayaba \/ Ar\u00e1ndano Frambuesa:<\/strong> Fusi\u00f3n tropical ex\u00f3tica con frutos rojos dulces \ud83e\udd5d\ud83e\uded0<\/li>\n<li><strong>kiwi fresa \/ Hielo de uva:<\/strong> Cl\u00e1sica mezcla agridulce con uva helada \ud83c\udf53\ud83c\udf47<\/li>\n<li><strong>Kiwi Maracuy\u00e1 Guayaba \/ Dos Manzanas:<\/strong> Mezcla de frutas tropicales con crujiente de manzana \ud83c\udf4f\ud83e\udd6d<\/li>\n<li><strong>Fresa, Sand\u00eda \/ Lima Lim\u00f3n:<\/strong> Refresco dulce con un toque c\u00edtrico \ud83c\udf49\ud83c\udf4b<\/li>\n<li><strong>Ar\u00e1ndano, frambuesa y helado de cereza:<\/strong> Mezcla de bayas picantes con cereza helada \ud83e\uded0\ud83c\udf52<\/li>\n<li><strong>Fresa Frambuesa Cereza \/ se\u00f1or azul:<\/strong> Explosi\u00f3n de bayas con notas misteriosas \ud83c\udf0c<\/li>\n<li><strong>Melocot\u00f3n, Mango, Pi\u00f1a \/ toro rojo:<\/strong> Una mezcla tropical y un impulso de energ\u00eda \ud83c\udf4d\u26a1<\/li>\n<li><strong>Hielo de sand\u00eda\/Bayas Mixtas:<\/strong> Sand\u00eda refrescante con ponche afrutado \ud83c\udf49\ud83c\udf53<\/li>\n<li><strong>Pl\u00e1tano Fresa \/ Love 66 (Passion Fruit Melon Ice):<\/strong> Cremoso pl\u00e1tano-fresa con un toque ex\u00f3tico \ud83c\udf4c\ud83c\udf48<\/li>\n<li><strong>Dragon Fruit Pl\u00e1tano Cereza \/ Limonada Rosa:<\/strong> Refresco tropical y c\u00edtricos \ud83c\udf52\ud83c\udf79<\/li>\n<li><strong>mango melocot\u00f3n \/ Reajuste salarial de cereza:<\/strong> Mezcla afrutada inspirada en refrescos \ud83e\udd6d\ud83e\udd64<\/li>\n<li><strong>Hielo de fresa \/ Mango sobre hielo:<\/strong> La fresa dulce se encuentra con el mango helado \ud83c\udf53\u2744\ufe0f<\/li>\n<li><strong>Hielo Razz Azul \/ Hielo de fruta del drag\u00f3n:<\/strong> Razz azul picante con fruta del drag\u00f3n ex\u00f3tica \u2744\ufe0f\ud83d\udc09<\/li>\n<li><strong>Toro rojo fresa \/ Hielo de cereza:<\/strong> Fusi\u00f3n energ\u00e9tica de fresa dulce con cereza fresca \ud83c\udf53\u26a1\ud83c\udf52<\/li>\n<\/ul>\n<h3>Perfecto para usuarios habituales y compradores mayoristas<\/h3>\n<p>El Uwin Crystal Twins 40K est\u00e1 dise\u00f1ado para vapeadores serios que desean grandes cantidades de caladas, sabor fuerte y flexibilidad. Con sabores duales, pantalla inteligente y comodidad recargable, es perfecto para usuarios habituales, buscadores de sabores, tiendas de vapeo y distribuidores a granel. \ud83c\udfec<\/p>\n<h3>Preguntas frecuentes<\/h3>\n<ul>\n<li><strong>\u00bfCu\u00e1ntas caladas ofrece?<\/strong><br \/>\nHasta 40.000 inhalaciones por dispositivo, con una duraci\u00f3n de semanas dependiendo del uso.<\/li>\n<li><strong>\u00bfAdmite recarga?<\/strong><br \/>\n\u00a1S\u00ed! Viene con una bater\u00eda de 850 mAh y carga r\u00e1pida tipo C.<\/li>\n<li><strong>\u00bfQu\u00e9 concentraciones de nicotina est\u00e1n disponibles?<\/strong><br \/>\nElija entre niveles de nicotina del 0 %, 2 %, 3 % o 5 %.<\/li>\n<li><strong>\u00bfC\u00f3mo funcionan los sabores?<\/strong><br \/>\nCada dispositivo tiene c\u00e1psulas de dos sabores, lo que le permite cambiar de sabor al instante sin necesidad de un dispositivo nuevo.<\/li>\n<li><strong>\u00bfEs bueno para venta al por mayor?<\/strong><br \/>\nS\u00ed, Crystal Twins 40K est\u00e1 dise\u00f1ado para distribuci\u00f3n a granel, lo que lo hace ideal para tiendas y distribuidores de vapeo en todo el mundo.<\/li>\n<\/ul>\n","protected":false},"excerpt":{"rendered":"<p data-start=\"212\" data-end=\"391\">El Uwin Crystal Twins 40K ofrece hasta 40.000 caladas con un sistema de c\u00e1psulas de doble sabor, lo que brinda a los vapeadores el poder de cambiar de gusto en cualquier momento. \ud83d\ude80 Perfecto para amantes del sabor, usuarios habituales y compradores mayoristas que buscan un vaporizador desechable de primera calidad.<\/p>\n","protected":false},"featured_media":3898,"comment_status":"open","ping_status":"closed","template":"","meta":[],"product_brand":[],"product_cat":[383],"product_tag":[],"class_list":{"0":"post-47587","1":"product","2":"type-product","3":"status-publish","4":"has-post-thumbnail","6":"product_cat-uwin","8":"first","9":"instock","10":"shipping-taxable","11":"purchasable","12":"product-type-variable","13":"has-default-attributes"},"tiered_pricing_type":"fixed","tiered_pricing_fixed_rules":{"30":6.96999999999999975131004248396493494510650634765625,"50":5.589999999999999857891452847979962825775146484375,"100":5.339999999999999857891452847979962825775146484375,"200":4.96999999999999975131004248396493494510650634765625,"400":4.4199999999999999289457264239899814128875732421875},"tiered_pricing_product_settings":{"layout":"default","base_unit_name":{"singular":null,"plural":null},"default_variation":null},"tiered_pricing_minimum_quantity":10,"tiered_pricing_roles_data":[],"tiered_pricing_percentage_rules":[],"tiered_pricing_maximum_quantity":null,"tiered_pricing_quantity_step":"10","_links":{"self":[{"href":"https:\/\/stage.jrfer.com\/es\/wp-json\/wp\/v2\/product\/47587","targetHints":{"allow":["GET"]}}],"collection":[{"href":"https:\/\/stage.jrfer.com\/es\/wp-json\/wp\/v2\/product"}],"about":[{"href":"https:\/\/stage.jrfer.com\/es\/wp-json\/wp\/v2\/types\/product"}],"replies":[{"embeddable":true,"href":"https:\/\/stage.jrfer.com\/es\/wp-json\/wp\/v2\/comments?post=47587"}],"wp:featuredmedia":[{"embeddable":true,"href":"https:\/\/stage.jrfer.com\/es\/wp-json\/wp\/v2\/media\/3898"}],"wp:attachment":[{"href":"https:\/\/stage.jrfer.com\/es\/wp-json\/wp\/v2\/media?parent=47587"}],"wp:term":[{"taxonomy":"product_brand","embeddable":true,"href":"https:\/\/stage.jrfer.com\/es\/wp-json\/wp\/v2\/product_brand?post=47587"},{"taxonomy":"product_cat","embeddable":true,"href":"https:\/\/stage.jrfer.com\/es\/wp-json\/wp\/v2\/product_cat?post=47587"},{"taxonomy":"product_tag","embeddable":true,"href":"https:\/\/stage.jrfer.com\/es\/wp-json\/wp\/v2\/product_tag?post=47587"}],"curies":[{"name":"wp","href":"https:\/\/api.w.org\/{rel}","templated":true}]}}