{"id":50193,"date":"2025-07-07T09:20:27","date_gmt":"2025-07-07T09:20:27","guid":{"rendered":"https:\/\/stage.jrfer.com\/product\/caja-explosiva-20k-20000-inhalaciones-de-vaporizador-desechable-con-tanque-grande-de-35-ml-con-bobina-de-malla\/"},"modified":"2026-04-07T13:34:02","modified_gmt":"2026-04-07T13:34:02","slug":"bang-box-20000-puffs","status":"publish","type":"product","link":"https:\/\/stage.jrfer.com\/es\/producto\/bang-box-20000-puffs\/","title":{"rendered":"Bang Box 20K | 20000 inhalaciones de vaporizador desechable con tanque grande de 35 ml con bobina de malla"},"content":{"rendered":"<h2>\u00bfPor qu\u00e9 elegir Bang Box 20000?<\/h2>\n<ul>\n<li><strong>Recuento masivo de caladas:<\/strong> hasta 20 000 caladas para un disfrute duradero \ud83d\ude80<\/li>\n<li><strong>Big Juice Tank:<\/strong> 35 ml de e-l\u00edquido precargado significa menos reemplazos \ud83d\udca7<\/li>\n<li><strong>Bater\u00eda potente:<\/strong> bater\u00eda recargable de 850 mAh con carga r\u00e1pida tipo C \ud83d\udd0b<\/li>\n<li><strong>Mesh Coil Power:<\/strong> Sabor suave, intenso y consistente en cada calada \ud83d\udd25<\/li>\n<li><strong>Opciones de nicotina:<\/strong> 0%, 2%, 3% o 5% para adaptarse a todas las preferencias \u26a1<\/li>\n<li><strong>F\u00e1cil de usar:<\/strong> Sin recargas, sin complicaciones: solo c\u00e1rgalo y disfruta \ud83d\udc4d<\/li>\n<li><strong>Listo para venta al por mayor:<\/strong> Ideal para compras al por mayor, distribuci\u00f3n y venta minorista \ud83d\udce6<\/li>\n<\/ul>\n<h3>Especificaciones<\/h3>\n<tr>\n<td><strong>Capacidad de inhalaci\u00f3n:<\/strong><\/td>\n<td>Hasta 20.000 caladas<\/td>\n<\/tr>\n<tr>\n<td><strong>Capacidad de E-l\u00edquido:<\/strong><\/td>\n<td>Precargado de 35 ml<\/td>\n<\/tr>\n<tr>\n<td><strong>Puntos fuertes de la nicotina:<\/strong><\/td>\n<td>0%, 2%, 3%, 5%<\/td>\n<\/tr>\n<tr>\n<td><strong>Bater\u00eda:<\/strong><\/td>\n<td>850 mAh recargable<\/td>\n<\/tr>\n<tr>\n<td><strong>Cargando:<\/strong><\/td>\n<td>Carga r\u00e1pida tipo C<\/td>\n<\/tr>\n<tr>\n<td><strong>Tipo de bobina:<\/strong><\/td>\n<td>Bobina de malla<\/td>\n<\/tr>\n<\/tbody>\n<h3>Selecci\u00f3n de sabores<\/h3>\n<p>El <strong>Bang Box 20000<\/strong> ofrece <strong>12 deliciosos sabores<\/strong> para satisfacer cada antojo \ud83c\udf08:<\/p>\n<ul>\n<li><strong>Kiwi fresa:<\/strong> Las fresas dulces se combinan con el kiwi picante \ud83c\udf53\ud83e\udd5d<\/li>\n<li><strong>Kiwi Maracuy\u00e1 Guayaba:<\/strong> Mezcla tropical ex\u00f3tica \ud83e\udd5d\ud83c\udf48\ud83c\udf4d<\/li>\n<li><strong>Sand\u00eda Fresa:<\/strong> D\u00fao de frutas jugosas \ud83c\udf53\ud83c\udf49<\/li>\n<li><strong>Sand\u00eda y Frambuesa:<\/strong> Tarta de frambuesas con sand\u00eda fresca \ud83e\uded0\ud83c\udf49<\/li>\n<li><strong>Helado de frambuesa y ar\u00e1ndanos:<\/strong> Dulce, \u00e1cido y helado \ud83e\uded0\u2744\ufe0f<\/li>\n<li><strong>Helado de sand\u00eda:<\/strong> Sand\u00eda helada refrescante \ud83c\udf49\u2744\ufe0f<\/li>\n<li><strong>Hielo de pl\u00e1tano:<\/strong> Pl\u00e1tano cremoso con un toque fresco \ud83c\udf4c\u2744\ufe0f<\/li>\n<li><strong>melocot\u00f3n mango:<\/strong> Perfecci\u00f3n tropical y jugosa \ud83e\udd6d\ud83c\udf51<\/li>\n<li><strong>Hielo Razz Azul:<\/strong> Frambuesa azul intenso con mentol \ud83e\uded0\u2744\ufe0f<\/li>\n<li><strong>Sr. Azul:<\/strong> Mezcla de hielo frutal misteriosa \ud83c\udf0c\u2744\ufe0f<\/li>\n<li><strong>Hielo de uva:<\/strong> Uva dulce enfriada con hielo \ud83c\udf47\u2744\ufe0f<\/li>\n<li><strong>Mango sobre hielo:<\/strong> Mango dulce con frescura helada \ud83e\udd6d\u2744\ufe0f<\/li>\n<\/ul>\n<h3>Perfecto para venta minorista y mayorista<\/h3>\n<p>El <strong>Bang Box 20000<\/strong> est\u00e1 dise\u00f1ado para <strong>vapeadores empedernidos, amantes de los sabores, tiendas de vapeo y distribuidores mayoristas<\/strong>. Con una <strong>gran cantidad de caladas, un gran tanque de jugo y un sistema de bobina de malla suave<\/strong>, es imprescindible en el mercado de los vaporizadores desechables \ud83d\udce6\ud83d\udca8.<\/p>\n<h3>Preguntas frecuentes<\/h3>\n<ul>\n<li><strong>\u00bfCu\u00e1ntas inhalaciones por dispositivo?<\/strong><br \/>\nCada unidad ofrece hasta 20.000 inhalaciones.<\/li>\n<li><strong>\u00bfEs recargable?<\/strong><br \/>\nS\u00ed, con una bater\u00eda de 850 mAh y carga r\u00e1pida tipo C.<\/li>\n<li><strong>\u00bfQu\u00e9 concentraciones de nicotina est\u00e1n disponibles?<\/strong><br \/>\nOpciones de 0%, 2%, 3% y 5% de nicotina.<\/li>\n<li><strong>\u00bfUtiliza bobina de malla?<\/strong><br \/>\nS\u00ed, bobina de malla para un sabor suave y consistente.<\/li>\n<li><strong>\u00bfQui\u00e9n deber\u00eda comprar esto?<\/strong><br \/>\nPerfecto para <strong>usuarios habituales, cazadores de sabores, tiendas de vapeo y compradores al por mayor<\/strong>.<\/li>\n<\/ul>\n","protected":false},"excerpt":{"rendered":"<p>El <strong>Bang Box 20000 Puffs<\/strong> \ud83d\udca8 es un vaporizador desechable de alta capacidad con <strong>e-l\u00edquido de 35 ml, tecnolog\u00eda de bobina de malla y hasta 20 000 inhalaciones<\/strong>. La mejor opci\u00f3n para tiendas de vapeo, mayoristas y usuarios habituales que exigen rendimiento y valor.<\/p>\n","protected":false},"featured_media":1309,"comment_status":"open","ping_status":"closed","template":"","meta":[],"product_brand":[],"product_cat":[349,407,846,526,1065,1389,1280,1311,1619,1243,1349,1423,1457,1529,1491,1560,1580,1656,1693,882,927],"product_tag":[],"class_list":{"0":"post-50193","1":"product","2":"type-product","3":"status-publish","4":"has-post-thumbnail","6":"product_cat-bang","7":"product_cat-diferentes-bocanadas-de-vaporizadores-desechables","8":"product_cat-tipos-de-vaporizadores-desechables","9":"product_cat-vape-disponible-de-20000-inhalaciones","10":"product_cat-vapes-con-pantalla-inteligente","11":"product_cat-vapes-desechables-en-alemania","12":"product_cat-vapes-desechables-en-austria","13":"product_cat-vapes-desechables-en-belgica","14":"product_cat-vapes-desechables-en-espana","15":"product_cat-vapes-desechables-en-europa","16":"product_cat-vapes-desechables-en-francia","17":"product_cat-vapes-desechables-en-hungria","18":"product_cat-vapes-desechables-en-italia","19":"product_cat-vapes-desechables-en-noruega","20":"product_cat-vapes-desechables-en-paises-bajos","21":"product_cat-vapes-desechables-en-polonia","22":"product_cat-vapes-desechables-en-portugal","23":"product_cat-vapes-desechables-en-suecia","24":"product_cat-vapes-desechables-en-suiza","25":"product_cat-vaporizadores-big-puffs","26":"product_cat-vaporizadores-recargables","28":"first","29":"instock","30":"shipping-taxable","31":"purchasable","32":"product-type-variable","33":"has-default-attributes"},"tiered_pricing_type":"fixed","tiered_pricing_fixed_rules":{"30":6.4199999999999999289457264239899814128875732421875,"50":5.42999999999999971578290569595992565155029296875,"100":4.69000000000000039079850466805510222911834716796875,"200":4.32000000000000028421709430404007434844970703125,"400":3.7599999999999997868371792719699442386627197265625},"tiered_pricing_product_settings":{"layout":"default","base_unit_name":{"singular":null,"plural":null},"default_variation":null},"tiered_pricing_minimum_quantity":10,"tiered_pricing_roles_data":[],"tiered_pricing_percentage_rules":[],"tiered_pricing_maximum_quantity":null,"tiered_pricing_quantity_step":"10","_links":{"self":[{"href":"https:\/\/stage.jrfer.com\/es\/wp-json\/wp\/v2\/product\/50193","targetHints":{"allow":["GET"]}}],"collection":[{"href":"https:\/\/stage.jrfer.com\/es\/wp-json\/wp\/v2\/product"}],"about":[{"href":"https:\/\/stage.jrfer.com\/es\/wp-json\/wp\/v2\/types\/product"}],"replies":[{"embeddable":true,"href":"https:\/\/stage.jrfer.com\/es\/wp-json\/wp\/v2\/comments?post=50193"}],"wp:featuredmedia":[{"embeddable":true,"href":"https:\/\/stage.jrfer.com\/es\/wp-json\/wp\/v2\/media\/1309"}],"wp:attachment":[{"href":"https:\/\/stage.jrfer.com\/es\/wp-json\/wp\/v2\/media?parent=50193"}],"wp:term":[{"taxonomy":"product_brand","embeddable":true,"href":"https:\/\/stage.jrfer.com\/es\/wp-json\/wp\/v2\/product_brand?post=50193"},{"taxonomy":"product_cat","embeddable":true,"href":"https:\/\/stage.jrfer.com\/es\/wp-json\/wp\/v2\/product_cat?post=50193"},{"taxonomy":"product_tag","embeddable":true,"href":"https:\/\/stage.jrfer.com\/es\/wp-json\/wp\/v2\/product_tag?post=50193"}],"curies":[{"name":"wp","href":"https:\/\/api.w.org\/{rel}","templated":true}]}}