{"id":55145,"date":"2025-06-28T04:24:43","date_gmt":"2025-06-28T04:24:43","guid":{"rendered":"https:\/\/stage.jrfer.com\/product\/bang-leader-80k-3-en-1-80000-bocanadas-vape-desechable-a-granel-de-triple-sabor\/"},"modified":"2026-04-07T15:04:02","modified_gmt":"2026-04-07T15:04:02","slug":"bang-leader-80k-puffs","status":"publish","type":"product","link":"https:\/\/stage.jrfer.com\/es\/producto\/bang-leader-80k-puffs\/","title":{"rendered":"Bang Leader 80K 3 en 1 80000 bocanadas | Vape desechable a granel de triple sabor"},"content":{"rendered":"<h2>\u00bfPor qu\u00e9 elegir Bang Leader 80K?<\/h2>\n<ul>\n<li><strong>Sistema de triple sabor:<\/strong> cambia instant\u00e1neamente entre 3 sabores integrados en 1 dispositivo \ud83c\udf49\ud83e\udd6d\ud83c\udf4c<\/li>\n<li><strong>Recuento de caladas ultraalto:<\/strong> Hasta 80 000 caladas para una longevidad inigualable \ud83d\ude80<\/li>\n<li><strong>Opciones de nicotina:<\/strong> 0 %, 2 %, 3 % o 5 %, para todas las preferencias \u2705<\/li>\n<li><strong>Bobina de malla dual:<\/strong> Sabor m\u00e1s rico, vapor m\u00e1s suave y calentamiento m\u00e1s r\u00e1pido \ud83c\udf2c\ufe0f<\/li>\n<li><strong>Energ\u00eda recargable:<\/strong> bater\u00eda de 850 mAh con carga r\u00e1pida tipo C \u26a1<\/li>\n<li><strong>Listo para venta al por mayor:<\/strong> Cada caja contiene 10 unidades, perfecta para revendedores \ud83d\udce6<\/li>\n<\/ul>\n<h3>Especificaciones<\/h3>\n<tr>\n<td><strong>Recuento de bocanadas:<\/strong><\/td>\n<td>Hasta 80.000 caladas<\/td>\n<\/tr>\n<tr>\n<td><strong>Sistema de sabores:<\/strong><\/td>\n<td>Cambio de sabor triple 3 en 1<\/td>\n<\/tr>\n<tr>\n<td><strong>Puntos fuertes de la nicotina:<\/strong><\/td>\n<td>0%, 2%, 3%, 5%<\/td>\n<\/tr>\n<tr>\n<td><strong>Bobina:<\/strong><\/td>\n<td>Bobina de doble malla<\/td>\n<\/tr>\n<tr>\n<td><strong>Bater\u00eda:<\/strong><\/td>\n<td>850 mAh recargable<\/td>\n<\/tr>\n<tr>\n<td><strong>Cargando:<\/strong><\/td>\n<td>Carga r\u00e1pida tipo C<\/td>\n<\/tr>\n<tr>\n<td><strong>Embalaje de la caja:<\/strong><\/td>\n<td>10 unidades por caja (apto para B2B)<\/td>\n<\/tr>\n<\/tbody>\n<h3>Experiencia de Sabor<\/h3>\n<p>Con <strong>Bang Leader 80K<\/strong>, obtienes <strong>3 sabores en cada dispositivo<\/strong>: una combinaci\u00f3n perfecta para una variedad infinita \ud83d\ude0d:<\/p>\n<ul>\n<li><strong>Helado de sand\u00eda + mango de fresa + pl\u00e1tano<\/strong>: un refrescante tr\u00edo afrutado \ud83c\udf49\ud83c\udf53\ud83c\udf4c<\/li>\n<li><strong>Mojito de frambuesa, melocot\u00f3n helado + fresa, sand\u00eda + kiwi, maracuy\u00e1 y guayaba<\/strong> \u2013 Ex\u00f3tico y fresco \ud83e\udd5d\ud83c\udf51<\/li>\n<li><strong>Sand\u00eda fresa + hielo de uva + caramelo arco\u00edris<\/strong>: dulce, helado y colorido \ud83c\udf53\ud83c\udf6c<\/li>\n<li><strong>Cola helada + ar\u00e1ndano, frambuesa + melocot\u00f3n, mango y sand\u00eda<\/strong>: gaseosa, picante y tropical \ud83e\udd64\ud83c\udf47<\/li>\n<li><strong>Ar\u00e1ndano, sand\u00eda + fresa, mango + grosella negra<\/strong>: una audaz explosi\u00f3n frutal \ud83e\uded0\ud83c\udf49<\/li>\n<li><strong>Hielo de ar\u00e1ndano + Hielo de drag\u00f3n negro + Melocot\u00f3n de mango<\/strong>: helado y potente \ud83d\udc09\ud83e\udd6d<\/li>\n<li><strong>Helado de ar\u00e1ndano + pl\u00e1tano fresa + bayas mixtas<\/strong>: mezcla cremosa y afrutada \ud83c\udf4c\ud83e\uded0<\/li>\n<li><strong>Red Bull + Blueberry Watermelon + Apple Pear<\/strong>: aumento de energ\u00eda con un toque afrutado \u26a1\ud83c\udf4f<\/li>\n<li><strong>Red Bull + Caramelo de burbujas de sand\u00eda + Helado de fresa<\/strong>: divertido y parecido a un postre \ud83c\udf6c\ud83c\udf66<\/li>\n<li><strong>Kiwi de fresa + helado de melocot\u00f3n + cola de cereza<\/strong>: dulce, picante y gaseoso \ud83c\udf52\ud83e\udd64<\/li>\n<li><strong>Kiwi Guayaba + Lichi Hielo + Mango Melocot\u00f3n Pi\u00f1a<\/strong> \u2013 Para\u00edso tropical ex\u00f3tico \ud83e\udd6d\ud83c\udf4d<\/li>\n<li><strong>Hielo de aguacate + lima lim\u00f3n + frambuesa sand\u00eda<\/strong>: \u00fanico, picante y refrescante \ud83e\udd51\ud83c\udf4b<\/li>\n<\/ul>\n<h3>Perfecto para usuarios habituales y mayoristas<\/h3>\n<p>El <strong>Bang Leader 80K<\/strong> est\u00e1 dise\u00f1ado para <strong>vapeadores empedernidos, entusiastas del sabor y compradores al por mayor<\/strong>. Sus <strong>80.000 caladas, su sistema de triple sabor y su empaque apto para B2B<\/strong> lo convierten en una herramienta imprescindible para tiendas, distribuidores y salones de vapeo que buscan un producto de alta demanda.<\/p>\n<h3>Preguntas frecuentes<\/h3>\n<ul>\n<li><strong>\u00bfCu\u00e1ntos sabores hay en cada dispositivo?<\/strong><br \/>\nCada dispositivo viene con 3 sabores integrados entre los que puedes alternar.<\/li>\n<li><strong>\u00bfEs recargable?<\/strong><br \/>\nS\u00ed, incluye un puerto de carga tipo C con una bater\u00eda de 850 mAh.<\/li>\n<li><strong>\u00bfQu\u00e9 niveles de nicotina est\u00e1n disponibles?<\/strong><br \/>\nDisponible en 0%, 2%, 3% y 5% para adaptarse a diferentes usuarios.<\/li>\n<li><strong>\u00bfC\u00f3mo est\u00e1 empaquetado?<\/strong><br \/>\nCada caja mayorista contiene 10 unidades, ideal para compradores B2B.<\/li>\n<li><strong>\u00bfQui\u00e9n deber\u00eda comprar este producto?<\/strong><br \/>\nPerfecto para <strong>usuarios habituales, amantes de los sabores, tiendas de vapeo y distribuidores<\/strong> que buscan opciones premium a granel.<\/li>\n<\/ul>\n","protected":false},"excerpt":{"rendered":"<p>El <strong>Bang Leader 80K<\/strong> \ud83d\udd25 redefine el vapeo desechable con un <strong>cambio de sabor 3 en 1<\/strong>, un enorme <strong>recuento de 80\u00a0000 caladas<\/strong> y una <strong>tecnolog\u00eda de bobina de malla dual<\/strong>. Dise\u00f1ado para un disfrute duradero y una distribuci\u00f3n mayorista, es la elecci\u00f3n perfecta para tiendas de vapeo, distribuidores y cazadores de sabores.<\/p>\n","protected":false},"featured_media":818,"comment_status":"open","ping_status":"closed","template":"","meta":[],"product_brand":[],"product_cat":[349],"product_tag":[],"class_list":{"0":"post-55145","1":"product","2":"type-product","3":"status-publish","4":"has-post-thumbnail","6":"product_cat-bang","8":"first","9":"instock","10":"shipping-taxable","11":"purchasable","12":"product-type-variable","13":"has-default-attributes"},"tiered_pricing_type":"fixed","tiered_pricing_fixed_rules":{"30":7.4000000000000003552713678800500929355621337890625,"50":6.29000000000000003552713678800500929355621337890625,"100":5.42999999999999971578290569595992565155029296875,"200":5.05999999999999960920149533194489777088165283203125,"400":4.5},"tiered_pricing_product_settings":{"layout":"default","base_unit_name":{"singular":null,"plural":null},"default_variation":null},"tiered_pricing_minimum_quantity":10,"tiered_pricing_roles_data":[],"tiered_pricing_percentage_rules":[],"tiered_pricing_maximum_quantity":null,"tiered_pricing_quantity_step":"10","_links":{"self":[{"href":"https:\/\/stage.jrfer.com\/es\/wp-json\/wp\/v2\/product\/55145","targetHints":{"allow":["GET"]}}],"collection":[{"href":"https:\/\/stage.jrfer.com\/es\/wp-json\/wp\/v2\/product"}],"about":[{"href":"https:\/\/stage.jrfer.com\/es\/wp-json\/wp\/v2\/types\/product"}],"replies":[{"embeddable":true,"href":"https:\/\/stage.jrfer.com\/es\/wp-json\/wp\/v2\/comments?post=55145"}],"wp:featuredmedia":[{"embeddable":true,"href":"https:\/\/stage.jrfer.com\/es\/wp-json\/wp\/v2\/media\/818"}],"wp:attachment":[{"href":"https:\/\/stage.jrfer.com\/es\/wp-json\/wp\/v2\/media?parent=55145"}],"wp:term":[{"taxonomy":"product_brand","embeddable":true,"href":"https:\/\/stage.jrfer.com\/es\/wp-json\/wp\/v2\/product_brand?post=55145"},{"taxonomy":"product_cat","embeddable":true,"href":"https:\/\/stage.jrfer.com\/es\/wp-json\/wp\/v2\/product_cat?post=55145"},{"taxonomy":"product_tag","embeddable":true,"href":"https:\/\/stage.jrfer.com\/es\/wp-json\/wp\/v2\/product_tag?post=55145"}],"curies":[{"name":"wp","href":"https:\/\/api.w.org\/{rel}","templated":true}]}}