{"id":8702,"date":"2026-03-12T04:25:07","date_gmt":"2026-03-12T04:25:07","guid":{"rendered":"https:\/\/stage.jrfer.com\/product\/lider-de-explosion-350k-8-sabores-8-en-1-350000-inhalaciones-pantalla-inteligente-vape-desechable-a-granel\/"},"modified":"2026-04-07T09:17:36","modified_gmt":"2026-04-07T09:17:36","slug":"bang-leader-350k-8-flavors-8-in-1-350000-puffs-smart-display-bulk-disposable-vape","status":"publish","type":"product","link":"https:\/\/stage.jrfer.com\/es\/producto\/bang-leader-350k-8-flavors-8-in-1-350000-puffs-smart-display-bulk-disposable-vape\/","title":{"rendered":"Bang Leader 350K | 8 sabores, 8 en 1, 350000 inhalaciones, pantalla inteligente, vape desechable a granel"},"content":{"rendered":"<p><img loading=\"lazy\" decoding=\"async\" class=\"alignnone size-full wp-image-114792\" src=\"https:\/\/aiviouvapes.com\/wp-content\/uploads\/2026\/03\/BANG-LEADER-350K-16.jpg\" alt=\"Bang Leader 350K\" width=\"1920\" height=\"1138\" title=\"\"><\/p>\n<p>\u00bfBuscas un vaporizador mega puff premium al por mayor? Bang Leader 350K combina un tiempo de uso prolongado, una salida de sabor suave, personalizaci\u00f3n OEM\/ODM y opciones flexibles de nicotina para los mercados globales.<\/p>\n<h3>\u00bfPor qu\u00e9 elegir Bang Leader 350K?<\/h3>\n<ul>\n<li>\ud83d\udd25 Hasta 350.000 inhalaciones para un uso duradero<\/li>\n<li>\ud83c\udf08 Dise\u00f1o de cambio de sabor 8 en 1 para m\u00e1s variedad en un solo dispositivo<\/li>\n<li>\u26a1 Recargable con puerto de carga tipo C<\/li>\n<li>\ud83d\udca8 Bobina de malla 1.0 para un sabor m\u00e1s suave y un vapor estable<\/li>\n<li>\ud83d\udd0b Construido con una bater\u00eda 17350 de 850 mAh<\/li>\n<li>\ud83d\udee0\ufe0f Compatible con OEM\/ODM para proyectos de marca personalizados<\/li>\n<li>\ud83c\udf0d El idioma del empaque se puede personalizar en ingl\u00e9s, ruso, espa\u00f1ol y m\u00e1s<\/li>\n<li>\ud83e\uddea Opciones de concentraci\u00f3n de nicotina: 0 %, 2 %, 3 %, 5 %<\/li>\n<li>\ud83c\udfea Ideal para mayoristas, distribuidores y tiendas minoristas de vapeo<\/li>\n<\/ul>\n<h3>Descripci\u00f3n general de Bang Leader 350K<\/h3>\n<p>Bang Leader 350K est\u00e1 dise\u00f1ado para clientes que desean un n\u00famero de caladas muy alto y m\u00e1s opciones de sabor en un vaporizador desechable. La configuraci\u00f3n 8 en 1 ofrece a los usuarios 4 sabores principales m\u00e1s 4 combinaciones de sabores mixtos, lo que hace que la experiencia de vapeo sea m\u00e1s interesante y flexible. Esto hace que el dispositivo sea especialmente atractivo para los clientes que disfrutan cambiando de sabor sin tener que llevar varios vaporizadores.<\/p>\n<p>Para los compradores B2B, este modelo tambi\u00e9n tiene un fuerte valor comercial. Admite servicio OEM\/ODM, m\u00faltiples opciones de nicotina y empaques multiling\u00fces, lo que ayuda a los distribuidores a adaptar el producto a diferentes mercados. Su aspecto atrevido, su gran capacidad y su concepto rico en sabores lo hacen adecuado como producto estrella de gran inhalaci\u00f3n en tiendas de vapeo y cat\u00e1logos mayoristas.<\/p>\n<p>Bang Leader 350K es un atrevido vaporizador desechable de mega bocanada dise\u00f1ado para clientes que desean un tiempo de uso prolongado, una mayor variedad y un fuerte atractivo en el mercado. Con combinaciones de sabores 8 en 1, dise\u00f1o recargable tipo C, salida de bobina de malla y compatibilidad con OEM\/ODM, es una opci\u00f3n poderosa para usuarios habituales, cazadores de sabores, tiendas de vapeo y compradores mayoristas globales. Si desea un producto premium de gran volumen para fortalecer su cat\u00e1logo, Bang Leader 350K es un fuerte candidato estrella.<\/p>\n<h3>Especificaciones del Bang Leader 350K<\/h3>\n<tr>\n<th>Caracter\u00edstica<\/th>\n<th>Detalles<\/th>\n<\/tr>\n<tr>\n<td>Nombre del producto<\/td>\n<td>L\u00edder de explosi\u00f3n 350K<\/td>\n<\/tr>\n<tr>\n<td>Tipo de dispositivo<\/td>\n<td>Vapeador desechable 8 en 1<\/td>\n<\/tr>\n<tr>\n<td>Recuento de bocanadas<\/td>\n<td>Hasta 350000 inhalaciones<\/td>\n<\/tr>\n<tr>\n<td>Bater\u00eda<\/td>\n<td>17350 850mAh<\/td>\n<\/tr>\n<tr>\n<td>Tipo de bobina<\/td>\n<td>Bobina de malla 1.0<\/td>\n<\/tr>\n<tr>\n<td>Puerto de carga<\/td>\n<td>Tipo C<\/td>\n<\/tr>\n<tr>\n<td>Fuerza de la nicotina<\/td>\n<td>0% \/ 2% \/ 3% \/ 5%<\/td>\n<\/tr>\n<tr>\n<td>Personalizaci\u00f3n<\/td>\n<td>OEM\/ODM compatible<\/td>\n<\/tr>\n<tr>\n<td>Idiomas de empaquetado<\/td>\n<td>Ingl\u00e9s \/ Ruso \/ Espa\u00f1ol \/ idiomas personalizados<\/td>\n<\/tr>\n<tr>\n<td>Peso de un solo dispositivo<\/td>\n<td>140g<\/td>\n<\/tr>\n<tr>\n<td>Peso de 10 dispositivos<\/td>\n<td>1400g<\/td>\n<\/tr>\n<tr>\n<td>Cantidad de cajas<\/td>\n<td>200 unidades<\/td>\n<\/tr>\n<tr>\n<td>Tama\u00f1o de la caja<\/td>\n<td>51,5 \u00d7 51,5 \u00d7 30,5 cm<\/td>\n<\/tr>\n<tr>\n<td>Peso de la caja<\/td>\n<td>28 kg (sin peso exterior de la caja)<\/td>\n<\/tr>\n<tr>\n<td>MOQ<\/td>\n<td>10 unidades por juego de un solo sabor<\/td>\n<\/tr>\n<\/tbody>\n<h3><img loading=\"lazy\" decoding=\"async\" class=\"alignnone size-full wp-image-114777\" src=\"https:\/\/aiviouvapes.com\/wp-content\/uploads\/2026\/03\/BANG-LEADER-350K-1.jpg\" alt=\"Bang Leader 350K\" width=\"1920\" height=\"700\" title=\"\"><\/h3>\n<h3>Combinaciones de sabores<\/h3>\n<p>Bang Leader 350K utiliza un innovador <strong>sistema de cambio de sabor 8 en 1<\/strong>. Cada dispositivo incluye cuatro sabores principales m\u00e1s cuatro combinaciones de mezclas autom\u00e1ticas (1+2, 2+3, 3+4 y 4+1), lo que permite a los usuarios disfrutar de sabores puros y sabores mezclados en un solo vaporizador.<\/p>\n<p>Los conjuntos de sabores cubren una amplia gama de perfiles populares. Algunos se centran en <strong>cl\u00e1sicos de frutas frescas<\/strong> como Blue Razz Ice, Watermelon Ice, Strawberry Ice y Lemon Lime. Otros traen <strong>mezclas tropicales y de bayas dulces<\/strong> como Blueberry Ice, Tropical Fruit, Apple Kiwi Ice y Blue Razz Cherry.<\/p>\n<p>Tambi\u00e9n hay combinaciones m\u00e1s divertidas inspiradas en bebidas y postres, como Cherry Cola, Pink Lemonade, Mango Passion Fruit y Lemon Peach. Para los amantes de lo tropical, sabores como helado de pi\u00f1a y coco, guayaba con maracuy\u00e1 y kiwi y sand\u00eda con mango y durazno ofrecen un sabor ex\u00f3tico m\u00e1s rico.<\/p>\n<p>Muchos conjuntos destacan mezclas populares de bayas y sand\u00eda, como Strawberry Watermelon, Raspberry Watermelon, Blueberry Raspberry y Strawberry Banana, mientras que otros presentan sabores \u00fanicos como Dragonfruit Ice, Cherry Pomegranate, Love 66 y el conocido perfil Fucking Fab.<\/p>\n<p>En general, la l\u00ednea de sabores Bang Leader 350K est\u00e1 dise\u00f1ada para mantener la experiencia fresca e interesante. Ya sea que los usuarios prefieran frutas heladas, mezclas tropicales, bayas dulces o sabores de bebidas, el sistema de cambio de sabores m\u00faltiples facilita la exploraci\u00f3n de diferentes sabores sin cambiar de dispositivo.<\/p>\n<h3>\u00bfPara qui\u00e9n es mejor este vaporizador?<\/h3>\n<ul>\n<li>Usuarios habituales que desean un dispositivo de larga duraci\u00f3n<\/li>\n<li>Perseguidores de sabores que disfrutan cambiando entre m\u00faltiples gustos<\/li>\n<li>Tiendas de vaporizadores que quieren un vaporizador desechable emblem\u00e1tico y destacado<\/li>\n<li>Mayoristas y distribuidores que buscan productos mega puff listos para OEM<\/li>\n<li>Compradores de exportaciones que necesitan opciones flexibles de envasado y nicotina<\/li>\n<\/ul>\n<h3>Preguntas frecuentes<\/h3>\n<h4>1. \u00bfCu\u00e1ntas caladas ofrece Bang Leader 350K?<\/h4>\n<p>Bang Leader 350K ofrece hasta 350.000 inhalaciones, lo que lo convierte en un vaporizador desechable de alt\u00edsima capacidad para uso a largo plazo.<\/p>\n<h4>2. \u00bfEl Bang Leader 350K es recargable?<\/h4>\n<p>S\u00ed. Admite carga tipo C, lo que ayuda a los usuarios a disfrutar de la capacidad total del dispositivo de manera m\u00e1s conveniente.<\/p>\n<h4>3. \u00bfQu\u00e9 bater\u00eda utiliza este dispositivo?<\/h4>\n<p>El dispositivo utiliza una bater\u00eda 17350 de 850 mAh.<\/p>\n<h4>4. \u00bfQu\u00e9 bobina se utiliza en Bang Leader 350K?<\/h4>\n<p>Utiliza una bobina de malla 1.0 para un calentamiento estable, un vapor m\u00e1s suave y un mejor rendimiento del sabor.<\/p>\n<h4>5. \u00bfQu\u00e9 concentraciones de nicotina est\u00e1n disponibles?<\/h4>\n<p>Las opciones de concentraci\u00f3n de nicotina incluyen 0 %, 2 %, 3 % y 5 %.<\/p>\n<h4>6. \u00bfEste producto es compatible con OEM u ODM?<\/h4>\n<p>S\u00ed. Bang Leader 350K admite la personalizaci\u00f3n OEM y ODM, lo que es ideal para proyectos de marcas privadas y mayoristas.<\/p>\n<h4>7. \u00bfQu\u00e9 idiomas de empaquetado est\u00e1n disponibles?<\/h4>\n<p>El embalaje se puede personalizar en ingl\u00e9s, ruso, espa\u00f1ol y otros idiomas seg\u00fan las necesidades del mercado.<\/p>\n<h4>8. \u00bfCu\u00e1ntas opciones de sabores hay en un dispositivo?<\/h4>\n<p>Cada dispositivo Bang Leader 350K est\u00e1 dise\u00f1ado como un vaporizador 8 en 1, con 4 sabores principales y 4 combinaciones mixtas.<\/p>\n<h4>9. \u00bfCu\u00e1l es la cantidad m\u00ednima de pedido?<\/h4>\n<p>La cantidad m\u00ednima de pedido es de 10 piezas para un juego de un solo sabor.<\/p>\n<h4>10. \u00bfBang Leader 350K es adecuado para la venta al por mayor?<\/h4>\n<p>S\u00ed. Su alto n\u00famero de bocanadas, soporte de personalizaci\u00f3n, opciones de empaque amigables para la exportaci\u00f3n y su llamativo sistema de sabor lo convierten en una excelente opci\u00f3n para la distribuci\u00f3n mayorista.<\/p>\n<h3><img loading=\"lazy\" decoding=\"async\" class=\"alignnone size-full wp-image-114793\" src=\"https:\/\/aiviouvapes.com\/wp-content\/uploads\/2026\/03\/BANG-LEADER-350K-17.jpg\" alt=\"Bang Leader 350K\" width=\"800\" height=\"1920\" title=\"\"><\/h3>\n","protected":false},"excerpt":{"rendered":"<p>Bang Leader 350K es un vaporizador desechable 8 en 1 de alta capacidad dise\u00f1ado para usuarios habituales, amantes del sabor y compradores mayoristas. Con hasta 350.000 caladas, carga recargable tipo C, rendimiento de bobina de malla y 8 modos de sabor en un solo dispositivo, es una buena opci\u00f3n para tiendas y distribuidores de vapeo.<\/p>\n","protected":false},"featured_media":7106,"comment_status":"open","ping_status":"closed","template":"","meta":[],"product_brand":[],"product_cat":[349],"product_tag":[],"class_list":{"0":"post-8702","1":"product","2":"type-product","3":"status-publish","4":"has-post-thumbnail","6":"product_cat-bang","8":"first","9":"instock","10":"shipping-taxable","11":"product-type-simple"},"tiered_pricing_type":"fixed","tiered_pricing_fixed_rules":[],"tiered_pricing_product_settings":{"layout":"default","base_unit_name":{"singular":null,"plural":null},"default_variation":null},"tiered_pricing_minimum_quantity":null,"tiered_pricing_roles_data":[],"tiered_pricing_percentage_rules":[],"tiered_pricing_maximum_quantity":null,"tiered_pricing_quantity_step":null,"_links":{"self":[{"href":"https:\/\/stage.jrfer.com\/es\/wp-json\/wp\/v2\/product\/8702","targetHints":{"allow":["GET"]}}],"collection":[{"href":"https:\/\/stage.jrfer.com\/es\/wp-json\/wp\/v2\/product"}],"about":[{"href":"https:\/\/stage.jrfer.com\/es\/wp-json\/wp\/v2\/types\/product"}],"replies":[{"embeddable":true,"href":"https:\/\/stage.jrfer.com\/es\/wp-json\/wp\/v2\/comments?post=8702"}],"wp:featuredmedia":[{"embeddable":true,"href":"https:\/\/stage.jrfer.com\/es\/wp-json\/wp\/v2\/media\/7106"}],"wp:attachment":[{"href":"https:\/\/stage.jrfer.com\/es\/wp-json\/wp\/v2\/media?parent=8702"}],"wp:term":[{"taxonomy":"product_brand","embeddable":true,"href":"https:\/\/stage.jrfer.com\/es\/wp-json\/wp\/v2\/product_brand?post=8702"},{"taxonomy":"product_cat","embeddable":true,"href":"https:\/\/stage.jrfer.com\/es\/wp-json\/wp\/v2\/product_cat?post=8702"},{"taxonomy":"product_tag","embeddable":true,"href":"https:\/\/stage.jrfer.com\/es\/wp-json\/wp\/v2\/product_tag?post=8702"}],"curies":[{"name":"wp","href":"https:\/\/api.w.org\/{rel}","templated":true}]}}