{"id":8798,"date":"2026-03-25T02:54:13","date_gmt":"2026-03-25T02:54:13","guid":{"rendered":"https:\/\/stage.jrfer.com\/product\/barra-waspe-60k-60000-inhalaciones-duraderas-16-opciones-de-sabor-vape-desechable-a-granel\/"},"modified":"2026-04-07T10:47:48","modified_gmt":"2026-04-07T10:47:48","slug":"waspe-bar-60k-60000-puffs-long-lasting-16-flavor-options-bulk-disposable-vape","status":"publish","type":"product","link":"https:\/\/stage.jrfer.com\/es\/producto\/waspe-bar-60k-60000-puffs-long-lasting-16-flavor-options-bulk-disposable-vape\/","title":{"rendered":"Barra WASPE 60K | 60000 inhalaciones, duraderas, 16 opciones de sabor, vape desechable a granel"},"content":{"rendered":"<p><img loading=\"lazy\" decoding=\"async\" class=\"alignnone size-full wp-image-114648\" src=\"https:\/\/aiviouvapes.com\/wp-content\/uploads\/2026\/03\/WASPE-Bar-60K-Puffs-25.jpg\" alt=\"Barra WASPE 60K Puffs\" width=\"1643\" height=\"1920\" title=\"\"><\/p>\n<h3>\u00bfPor qu\u00e9 elegir la barra WASPE 60K?<\/h3>\n<ul>\n<li>\ud83d\udca8 <strong>Hasta 60.000 inhalaciones<\/strong> para un uso duradero y una mejor relaci\u00f3n calidad-precio<\/li>\n<li>\ud83c\udf53 <strong>16 sabores populares de frutas y hielo<\/strong> para satisfacer los diferentes gustos de los clientes<\/li>\n<li>\ud83e\uddca Experiencia de sabor suave y agradable para el vapeo diario<\/li>\n<li>\ud83d\udd0b Dise\u00f1ado para usuarios habituales que desean un dispositivo desechable de uso prolongado<\/li>\n<li>\ud83c\udf0d Disponible en <strong>0%, 2% y 5% de nicotina<\/strong> para diferentes necesidades del mercado<\/li>\n<li>\ud83d\udce6 <strong>160 unidades por caja<\/strong> y <strong>10 unidades por caja<\/strong>, ideales para pedidos al por mayor<\/li>\n<li>\ud83c\udfea Ideal para tiendas de vapeo, distribuidores, importadores y vendedores de vapeo en l\u00ednea<\/li>\n<li>\ud83d\ude80 Producto potente y de gran inhalaci\u00f3n para crear una atractiva l\u00ednea de vaporizadores desechables<\/li>\n<\/ul>\n<h3>Detalles del vaporizador desechable WASPE Bar 60K<\/h3>\n<p>El <strong>vapeador desechable WASPE Bar 60K Puffs<\/strong> es un dispositivo de alta capacidad dise\u00f1ado para clientes que desean m\u00e1s caladas, m\u00e1s sabor y m\u00e1s comodidad en un solo producto. Es una excelente opci\u00f3n para los mercados que exigen vaporizadores desechables duraderos con opciones de sabores llamativos y potencias de nicotina flexibles.<\/p>\n<p>Para compradores B2B, WASPE Bar 60K es un producto f\u00e1cil de agregar a un cat\u00e1logo mayorista. La capacidad de 60.000 caladas lo ayuda a destacarse en el competitivo mercado de los vaporizadores desechables, mientras que la selecci\u00f3n de sabores incluye perfiles afrutados, helados, dulces y mixtos que son populares entre muchos consumidores. Esto facilita que los distribuidores y las tiendas de vapeo se dirijan tanto a los vapeadores cotidianos como a los clientes que buscan una experiencia de sabor nueva y audaz. \u2728<\/p>\n<h3>Especificaciones de la barra WASPE 60K<\/h3>\n<tr>\n<th>Nombre del producto<\/th>\n<td>Barra WASPE 60K caladas<\/td>\n<\/tr>\n<tr>\n<th>Tipo de dispositivo<\/th>\n<td>Dispositivo de vapeo desechable<\/td>\n<\/tr>\n<tr>\n<th>Recuento de bocanadas<\/th>\n<td>60000 bocanadas<\/td>\n<\/tr>\n<tr>\n<th>Fuerza de la nicotina<\/th>\n<td>0% \/ 2% \/ 5%<\/td>\n<\/tr>\n<tr>\n<th>Opciones de sabor<\/th>\n<td>16 Sabores<\/td>\n<\/tr>\n<tr>\n<th>Embalaje<\/th>\n<td>10 unidades\/caja<\/td>\n<\/tr>\n<tr>\n<th>Cantidad de cajas<\/th>\n<td>160 unidades\/caja<\/td>\n<\/tr>\n<tr>\n<th>Peso bruto<\/th>\n<td>20,8 kilos<\/td>\n<\/tr>\n<tr>\n<th>Compradores objetivo<\/th>\n<td>Mayoristas, distribuidores, tiendas de vapeo, minoristas<\/td>\n<\/tr>\n<\/tbody>\n<h3>Barrita WASPE 60K Sabores \ud83c\udf4d\ud83c\udf47\ud83c\udf49<\/h3>\n<p><strong>Helado de sand\u00eda<\/strong>: un jugoso sabor a sand\u00eda con un final helado, fresco y f\u00e1cil de disfrutar.<\/p>\n<p><strong>Helado de ar\u00e1ndanos<\/strong>: sabor dulce a ar\u00e1ndanos mezclado con un toque fresco y refrescante.<\/p>\n<p><strong>Hielo de uva<\/strong>: rico dulzor de uva con una refrescante nota de hielo.<\/p>\n<p><strong>Lima lim\u00f3n<\/strong>: sabor c\u00edtrico brillante con un sabor picante y vivo.<\/p>\n<p><strong>Pl\u00e1tano y fresa<\/strong>: una mezcla de frutas suave y dulce adorada por muchos usuarios de vapeo.<\/p>\n<p><strong>Bayas mixtas<\/strong>: una atrevida mezcla de bayas con capas de notas dulces y \u00e1cidas.<\/p>\n<p><strong>Hielo de toro rojo<\/strong>: un sabor inspirado en una bebida energ\u00e9tica con un final fresco para un toque de sabor m\u00e1s fuerte.<\/p>\n<p><strong>Kiwi Sand\u00eda<\/strong>: una mezcla equilibrada de sand\u00eda jugosa y kiwi picante.<\/p>\n<p><strong>Sand\u00eda Fresa<\/strong>: una combinaci\u00f3n de frutas dulce y refrescante con un gran atractivo para el cliente.<\/p>\n<p><strong>Ar\u00e1ndano, Frambuesa y Cereza<\/strong>: un rico perfil de triple baya con un profundo dulzor y complejidad frutal.<\/p>\n<p><strong>Mora y grosella negra<\/strong>: sabor a bayas oscuras con un final atrevido y ligeramente \u00e1cido.<\/p>\n<p><strong>Fresa Drag\u00f3n Negro Hielo<\/strong>: una mezcla especial de frutas con fresa dulce y un toque ex\u00f3tico y fresco.<\/p>\n<p><strong>Kiwi fresa<\/strong>: una combinaci\u00f3n de frutas cl\u00e1sica con un equilibrio dulce y picante.<\/p>\n<p><strong>Reajuste salarial de cereza azul<\/strong>: una mezcla \u00fanica y divertida de sabor inspirado en bayas, cerezas y cola.<\/p>\n<p><strong>Hielo de mel\u00f3n y kiwi<\/strong>: una mezcla de mel\u00f3n fresco con el brillo del kiwi y una suavidad helada.<\/p>\n<p><strong>Melocot\u00f3n, Mango, Pi\u00f1a<\/strong>: una mezcla de frutas tropicales llena de sabor dulce, jugoso y soleado. \ud83c\udf34<\/p>\n<p><img loading=\"lazy\" decoding=\"async\" class=\"alignnone size-full wp-image-114647\" src=\"https:\/\/aiviouvapes.com\/wp-content\/uploads\/2026\/03\/WASPE-Bar-60K-Puffs-24.jpg\" alt=\"Barra WASPE 60K Puffs\" width=\"1920\" height=\"1080\" title=\"\"> <img loading=\"lazy\" decoding=\"async\" class=\"alignnone tama\u00f1o completo wp-image-114646\" src=\"https:\/\/aiviouvapes.com\/wp-content\/uploads\/2026\/03\/WASPE-Bar-60K-Puffs-23.jpg\" alt=\"Barra WASPE 60K Puffs\" width=\"1920\" height=\"1080\" title=\"\"><\/p>\n<h3>Preguntas frecuentes sobre la barra WASPE 60K \u2753<\/h3>\n<h4>1. \u00bfCu\u00e1ntas caladas ofrece la WASPE Bar 60K?<\/h4>\n<p>El WASPE Bar 60K ofrece hasta <strong>60000 inhalaciones<\/strong>, lo que lo convierte en una excelente opci\u00f3n para los usuarios que desean un vaporizador desechable de larga duraci\u00f3n.<\/p>\n<h4>2. \u00bfQu\u00e9 concentraciones de nicotina est\u00e1n disponibles?<\/h4>\n<p>Este dispositivo est\u00e1 disponible en <strong>0%, 2% y 5% de nicotina<\/strong>, por lo que puede adaptarse a diferentes preferencias de los clientes y demandas del mercado.<\/p>\n<h4>3. \u00bfCuantos sabores tiene este modelo?<\/h4>\n<p>La barra WASPE 60K viene en <strong>16 opciones de sabores<\/strong>, incluidos sabores de frutas, hielo, bayas, tropicales y inspirados en bebidas.<\/p>\n<h4>4. \u00bfWASPE Bar 60K es buena para la venta al por mayor?<\/h4>\n<p>S\u00ed. Con <strong>10 unidades por caja<\/strong> y <strong>160 unidades por caja<\/strong>, es muy adecuado para mayoristas, distribuidores y tiendas de vapeo que buscan suministros de vapeo desechables a granel.<\/p>\n<h4>5. \u00bfPara qui\u00e9n es mejor este producto?<\/h4>\n<p>Este producto es ideal para usuarios habituales, amantes de los sabores, minoristas de vaporizadores desechables y compradores B2B que desean un modelo potente con un amplio potencial de ventas.<\/p>\n<h4>6. \u00bfPor qu\u00e9 WASPE Bar 60K es atractivo para las tiendas de vapeo?<\/h4>\n<p>Combina un n\u00famero muy alto de caladas, opciones flexibles de nicotina y sabores populares en un solo dispositivo, lo que ayuda a las tiendas de vapeo a ofrecer una selecci\u00f3n de productos m\u00e1s competitiva y atractiva.<\/p>\n<h3>Descripci\u00f3n general de la barra WASPE 60K<\/h3>\n<p>El <\/p>\n<p><strong>vapeador desechable WASPE Bar 60K<\/strong> es una opci\u00f3n s\u00f3lida para <strong>usuarios habituales<\/strong> que desean un uso m\u00e1s prolongado, para <strong>cazadores de sabores<\/strong> que disfrutan de las mezclas afrutadas y heladas y para <strong>tiendas de vapeo y distribuidores mayoristas<\/strong> que buscan un producto de vapeo desechable de alta demanda. Con hasta 60.000 inhalaciones, niveles de nicotina flexibles y envases listos para la venta al por mayor, este modelo est\u00e1 dise\u00f1ado para respaldar tanto el \u00e9xito minorista como el crecimiento de la distribuci\u00f3n a granel. \ud83d\udcc8<\/p>\n","protected":false},"excerpt":{"rendered":"<p>Disfruta del potente <strong>vapeador desechable WASPE Bar 60K<\/strong> con hasta <strong>60000 inhalaciones<\/strong>, ricos sabores de frutas y hielo y opciones flexibles de <strong>0%\/2%\/5% de nicotina<\/strong>. Una opci\u00f3n inteligente para mayoristas, distribuidores y usuarios habituales de vaporizadores que buscan un vaporizador desechable de alta calada con un fuerte atractivo en el mercado. \ud83d\ude80<\/p>\n","protected":false},"featured_media":7064,"comment_status":"open","ping_status":"closed","template":"","meta":[],"product_brand":[],"product_cat":[1930,709,396],"product_tag":[],"class_list":{"0":"post-8798","1":"product","2":"type-product","3":"status-publish","4":"has-post-thumbnail","6":"product_cat-nuevo","7":"product_cat-vape-disponible-de-60000-soplos","8":"product_cat-waspe","10":"first","11":"instock","12":"shipping-taxable","13":"purchasable","14":"product-type-variable","15":"has-default-attributes"},"tiered_pricing_type":"fixed","tiered_pricing_fixed_rules":{"30":8.3599999999999994315658113919198513031005859375,"50":7.12999999999999989341858963598497211933135986328125,"100":6.589999999999999857891452847979962825775146484375,"200":6.29000000000000003552713678800500929355621337890625,"400":5.9900000000000002131628207280300557613372802734375},"tiered_pricing_product_settings":{"layout":"default","base_unit_name":{"singular":null,"plural":null},"default_variation":null},"tiered_pricing_minimum_quantity":10,"tiered_pricing_roles_data":[],"tiered_pricing_percentage_rules":[],"tiered_pricing_maximum_quantity":null,"tiered_pricing_quantity_step":"10","_links":{"self":[{"href":"https:\/\/stage.jrfer.com\/es\/wp-json\/wp\/v2\/product\/8798","targetHints":{"allow":["GET"]}}],"collection":[{"href":"https:\/\/stage.jrfer.com\/es\/wp-json\/wp\/v2\/product"}],"about":[{"href":"https:\/\/stage.jrfer.com\/es\/wp-json\/wp\/v2\/types\/product"}],"replies":[{"embeddable":true,"href":"https:\/\/stage.jrfer.com\/es\/wp-json\/wp\/v2\/comments?post=8798"}],"wp:featuredmedia":[{"embeddable":true,"href":"https:\/\/stage.jrfer.com\/es\/wp-json\/wp\/v2\/media\/7064"}],"wp:attachment":[{"href":"https:\/\/stage.jrfer.com\/es\/wp-json\/wp\/v2\/media?parent=8798"}],"wp:term":[{"taxonomy":"product_brand","embeddable":true,"href":"https:\/\/stage.jrfer.com\/es\/wp-json\/wp\/v2\/product_brand?post=8798"},{"taxonomy":"product_cat","embeddable":true,"href":"https:\/\/stage.jrfer.com\/es\/wp-json\/wp\/v2\/product_cat?post=8798"},{"taxonomy":"product_tag","embeddable":true,"href":"https:\/\/stage.jrfer.com\/es\/wp-json\/wp\/v2\/product_tag?post=8798"}],"curies":[{"name":"wp","href":"https:\/\/api.w.org\/{rel}","templated":true}]}}