{"id":8668,"date":"2025-06-23T04:47:15","date_gmt":"2025-06-23T04:47:15","guid":{"rendered":"https:\/\/stage.jrfer.com\/kezdolap\/"},"modified":"2026-04-06T12:47:54","modified_gmt":"2026-04-06T12:47:54","slug":"kezdolap","status":"publish","type":"page","link":"https:\/\/stage.jrfer.com\/hu\/","title":{"rendered":"Otthon"},"content":{"rendered":"<h4>Biztons\u00e1gos fizet\u00e9s<\/h4>\n<p>V\u00e1s\u00e1roljon bizalommal, tudva, hogy fizet\u00e9si adatait az ipar\u00e1gvezet\u0151 biztons\u00e1gi szabv\u00e1nyok v\u00e9dik.<\/p>\n<h4>Kiv\u00e1l\u00f3 szolg\u00e1ltat\u00e1s<\/h4>\n<p>Tapasztalja meg a cs\u00facsmin\u0151s\u00e9g\u0171 \u00fcgyf\u00e9lszolg\u00e1latot elk\u00f6telezett csapatunkkal, amely k\u00e9szen \u00e1ll a seg\u00edts\u00e9g\u00e9re b\u00e1rmilyen k\u00e9rd\u00e9s vagy probl\u00e9ma eset\u00e9n.<\/p>\n<h4>Gyors kisz\u00e1ll\u00edt\u00e1s<\/h4>\n<p>Gyors \u00e9s megb\u00edzhat\u00f3 sz\u00e1ll\u00edt\u00e1s minden rendel\u00e9sn\u00e9l, \u00edgy biztos\u00edtva, hogy term\u00e9keit azonnal \u00e9s t\u00f6k\u00e9letes \u00e1llapotban kapja meg.<\/p>\n<h4>Eredeti term\u00e9kek<\/h4>\n<p>Garant\u00e1ljuk, hogy minden term\u00e9k\u00fcnk 100%-ban hiteles, \u00e9s k\u00f6zvetlen\u00fcl megb\u00edzhat\u00f3 gy\u00e1rt\u00f3kt\u00f3l sz\u00e1rmaznak.<\/p>\n<h3 id=\"brxe-xhtvan\" class=\"brxe-heading\">\u00dajdons\u00e1gok<\/h3>\n<div id=\"brxe-aezrzz\" class=\"brxe-text-basic\">Maradjon a legfrissebb \u00e9s legjobb g\u0151ztechnol\u00f3gi\u00e1val.<\/div>\n<h3 id=\"brxe-kobdsx\" class=\"brxe-heading\">Legn\u00e9pszer\u0171bb <em>term\u00e9kek<\/em><\/h3>\n<div id=\"brxe-vxehmw\" class=\"brxe-text-basic\">A HolaVapes k\u00e9nyelmes, el\u0151ret\u00f6lt\u00f6tt eldobhat\u00f3 e-cigarett\u00e1kat k\u00edn\u00e1l k\u00fcl\u00f6nf\u00e9le \u00edzekben. K\u00f6nnyen, karbantart\u00e1s n\u00e9lk\u00fcl haszn\u00e1lhat\u00f3, z\u00f6kken\u0151mentes g\u0151z\u00f6l\u00e9st biztos\u00edt, \u00edgy kezd\u0151 \u00e9s tapasztalt felhaszn\u00e1l\u00f3k sz\u00e1m\u00e1ra egyar\u00e1nt kiv\u00e1l\u00f3 alternat\u00edv\u00e1ja a hagyom\u00e1nyos doh\u00e1nyz\u00e1snak. Kompakt \u00e9s hordozhat\u00f3 \u00fatk\u00f6zbeni haszn\u00e1latra.<\/div>\n<h3 id=\"brxe-juvpfn\" class=\"brxe-heading\" style=\"text-align: center;\">Blog.  <em>A kezd\u00e9shez<\/em><\/h3>\n<p>WASPE r\u00fad 60K: 60 000 puffan\u00e1s hosszan tart\u00f3 \u00edz<\/p>\n<p>60 000 felf\u00faj\u00e1s \u00e9s 16 \u00edzes\u00edt\u00e9si lehet\u0151s\u00e9g. A <em>WASPE Bar 60K<\/em> nem vacakol \u2013 \u00fagy k\u00e9sz\u00fclt, hogy t\u00fal\u00e9ljen \u00e9s jobb teljes\u00edtm\u00e9nyt ny\u00fajtson. Pr\u00e9mium fel\u00e9p\u00edt\u00e9si min\u0151s\u00e9g, sima h\u00faz\u00e1s\u00fa konzisztencia \u00e9s olyan \u00edzv\u00e1laszt\u00e9k, amely a gy\u00fcm\u00f6lcs\u00f6st\u0151l a jegesig mindent lefed. Tartsa be azt a b\u00e1rt, amely miatt \u00fcgyfelei visszat\u00e9rnek.<\/p>\n<p>V\u00e1s\u00e1roljon most<\/p>\n<p>Happ Bar GR100K Pro: 100 000 puff h\u00e1l\u00f3tekercs teljes\u00edtm\u00e9ny<\/p>\n<p>100 000 f\u00faj\u00e1s. 56 ml pr\u00e9mium e-liquid. A <em>Happ Bar GR100K Pro<\/em> a mesh coil technol\u00f3gi\u00e1t hozza a nagy puffad\u00e1s\u00fa j\u00e1t\u00e9kba \u2013 gazdagabb \u00edzt \u00e9s s\u0171r\u0171bb felh\u0151ket biztos\u00edt az els\u0151 puffad\u00e1st\u00f3l az utols\u00f3ig. 15 \u00edz, kompromisszumok n\u00e9lk\u00fcl. Ez az a t\u00f6meges vape, amelyre a polcoknak sz\u00fcks\u00e9ge van.<\/p>\n<p>V\u00e1s\u00e1roljon most<\/p>\n<p>Happ Bar MT50000: 50 000 sz\u00edv\u00e1s LCD kijelz\u0151vel<\/p>\n<p>50 000 f\u00faj\u00e1s, \u00e9les LCD-k\u00e9perny\u0151 \u00e9s 45 ml gy\u00fcm\u00f6lcsl\u00e9 egyetlen eleg\u00e1ns k\u00e9sz\u00fcl\u00e9kben. A <em>Happ Bar MT50000<\/em> t\u00e1j\u00e9koztatja \u00e9s el\u00e9gedett a g\u0151z\u00f6l\u0151kkel \u2013 C t\u00edpus\u00fa \u00fajrat\u00f6lthet\u0151, 15 \u00edzes\u00edt\u00e9si lehet\u0151s\u00e9g, \u00e9s olyan j\u00f3l n\u00e9z ki, amennyire csak teljes\u00edt. \u00c9rtelmes nagykereskedelmi \u00e1rk\u00e9pz\u00e9s.<\/p>\n<p>V\u00e1s\u00e1roljon most<\/p>\n","protected":false},"excerpt":{"rendered":"<p>Biztons\u00e1gos fizet\u00e9s V\u00e1s\u00e1roljon bizalommal, tudva, hogy fizet\u00e9si adatait az ipar\u00e1gvezet\u0151 biztons\u00e1gi szabv\u00e1nyok v\u00e9dik. Kiv\u00e1l\u00f3 szolg\u00e1ltat\u00e1s Tapasztalja meg a cs\u00facsmin\u0151s\u00e9g\u0171 \u00fcgyf\u00e9lszolg\u00e1latot elk\u00f6telezett csapatunkkal, amely k\u00e9szen \u00e1ll a seg\u00edts\u00e9g\u00e9re b\u00e1rmilyen k\u00e9rd\u00e9s vagy probl\u00e9ma eset\u00e9n. Gyors kisz\u00e1ll\u00edt\u00e1s Gyors \u00e9s megb\u00edzhat\u00f3 sz\u00e1ll\u00edt\u00e1s minden rendel\u00e9sn\u00e9l, \u00edgy biztos\u00edtva, hogy term\u00e9keit azonnal \u00e9s t\u00f6k\u00e9letes \u00e1llapotban kapja meg. Eredeti term\u00e9kek Garant\u00e1ljuk, hogy minden [&hellip;]<\/p>\n","protected":false},"author":1,"featured_media":0,"parent":0,"menu_order":0,"comment_status":"closed","ping_status":"open","template":"","meta":{"footnotes":""},"class_list":["post-8668","page","type-page","status-publish","hentry"],"_links":{"self":[{"href":"https:\/\/stage.jrfer.com\/hu\/wp-json\/wp\/v2\/pages\/8668","targetHints":{"allow":["GET"]}}],"collection":[{"href":"https:\/\/stage.jrfer.com\/hu\/wp-json\/wp\/v2\/pages"}],"about":[{"href":"https:\/\/stage.jrfer.com\/hu\/wp-json\/wp\/v2\/types\/page"}],"author":[{"embeddable":true,"href":"https:\/\/stage.jrfer.com\/hu\/wp-json\/wp\/v2\/users\/1"}],"replies":[{"embeddable":true,"href":"https:\/\/stage.jrfer.com\/hu\/wp-json\/wp\/v2\/comments?post=8668"}],"version-history":[{"count":2,"href":"https:\/\/stage.jrfer.com\/hu\/wp-json\/wp\/v2\/pages\/8668\/revisions"}],"predecessor-version":[{"id":24005,"href":"https:\/\/stage.jrfer.com\/hu\/wp-json\/wp\/v2\/pages\/8668\/revisions\/24005"}],"wp:attachment":[{"href":"https:\/\/stage.jrfer.com\/hu\/wp-json\/wp\/v2\/media?parent=8668"}],"curies":[{"name":"wp","href":"https:\/\/api.w.org\/{rel}","templated":true}]}}