{"id":9097,"date":"2025-07-16T04:58:54","date_gmt":"2025-07-16T04:58:54","guid":{"rendered":"https:\/\/stage.jrfer.com\/visszateritesi-es-visszakuldesi-szabalyzat\/"},"modified":"2026-04-07T03:26:52","modified_gmt":"2026-04-07T03:26:52","slug":"refund_returns","status":"publish","type":"page","link":"https:\/\/stage.jrfer.com\/hu\/refund_returns\/","title":{"rendered":"Visszat\u00e9r\u00edt\u00e9si \u00e9s visszak\u00fcld\u00e9si szab\u00e1lyzat"},"content":{"rendered":"<!-- wp:bekezd\u00e9s -->\r\n<p><b>Ez egy mintaoldal.<\/b><\/p>\r\n<!-- \/wp:bekezd\u00e9s -->\r\n\r\n\r\n<h2 class=\"wp-block-heading\">\u00c1ttekint\u00e9s<\/h2>\r\n\r\n\r\n<!-- wp:bekezd\u00e9s -->\r\n<p>Visszat\u00e9r\u00edt\u00e9si \u00e9s visszak\u00fcld\u00e9si szab\u00e1lyzatunk 30 napig \u00e9rv\u00e9nyes. Ha a v\u00e1s\u00e1rl\u00e1s \u00f3ta eltelt 30 nap, nem \u00e1ll m\u00f3dunkban teljes visszat\u00e9r\u00edt\u00e9st vagy cser\u00e9t biztos\u00edtani.<\/p>\r\n<!-- \/wp:bekezd\u00e9s -->\r\n\r\n<!-- wp:bekezd\u00e9s -->\r\n<p>Ahhoz, hogy jogosult legyen a visszak\u00fcld\u00e9sre, a term\u00e9knek haszn\u00e1laton k\u00edv\u00fcl kell lennie, \u00e9s ugyanolyan \u00e1llapotban kell lennie, mint ahogyan azt megkapta. Ennek is az eredeti csomagol\u00e1sban kell lennie.<\/p>\r\n<!-- \/wp:bekezd\u00e9s -->\r\n\r\n<!-- wp:bekezd\u00e9s -->\r\n<p>T\u00f6bbf\u00e9le \u00e1ru mentes\u00fcl a visszak\u00fcld\u00e9s al\u00f3l. A romland\u00f3 \u00e1ruk, p\u00e9ld\u00e1ul \u00e9lelmiszerek, vir\u00e1gok, \u00fajs\u00e1gok vagy magazinok nem k\u00fcldhet\u0151k vissza. Nem fogadunk el olyan term\u00e9keket sem, amelyek intim vagy eg\u00e9szs\u00e9g\u00fcgyi term\u00e9kek, vesz\u00e9lyes anyagok vagy gy\u00fal\u00e9kony folyad\u00e9kok vagy g\u00e1zok.<\/p>\r\n<!-- \/wp:bekezd\u00e9s -->\r\n\r\n<!-- wp:bekezd\u00e9s -->\r\n<p>Tov\u00e1bbi nem visszav\u00e1lthat\u00f3 t\u00e9telek:<\/p>\r\n<!-- \/wp:bekezd\u00e9s -->\r\n\r\n\r\n<ul class=\"wp-block-list\">\r\n<li>Aj\u00e1nd\u00e9kk\u00e1rty\u00e1k<\/li>\r\n<li>Let\u00f6lthet\u0151 szoftverterm\u00e9kek<\/li>\r\n<li>N\u00e9h\u00e1ny eg\u00e9szs\u00e9g\u00fcgyi \u00e9s test\u00e1pol\u00e1si cikk<\/li>\r\n<\/ul>\r\n\r\n\r\n<!-- wp:bekezd\u00e9s -->\r\n<p>A visszak\u00fcld\u00e9s befejez\u00e9s\u00e9hez nyugt\u00e1ra vagy v\u00e1s\u00e1rl\u00e1si bizonylatra van sz\u00fcks\u00e9g\u00fcnk.<\/p>\r\n<!-- \/wp:bekezd\u00e9s -->\r\n\r\n<!-- wp:bekezd\u00e9s -->\r\n<p>K\u00e9rj\u00fck, ne k\u00fcldje vissza a v\u00e1s\u00e1rl\u00e1st a gy\u00e1rt\u00f3nak.<\/p>\r\n<!-- \/wp:bekezd\u00e9s -->\r\n\r\n<!-- wp:bekezd\u00e9s -->\r\n<p>Vannak olyan helyzetek, amikor csak r\u00e9szleges visszat\u00e9r\u00edt\u00e9st biztos\u00edtanak:<\/p>\r\n<!-- \/wp:bekezd\u00e9s -->\r\n\r\n\r\n<ul class=\"wp-block-list\">\r\n<li>K\u00f6nyv l\u00e1that\u00f3 haszn\u00e1lat nyomaival<\/li>\r\n<li>CD, DVD, VHS kazetta, szoftver, videoj\u00e1t\u00e9k, kazett\u00e1s magn\u00f3 vagy bakelit lemez, amelyet m\u00e1r kinyitottak.<\/li>\r\n<li>B\u00e1rmely elem nem az eredeti \u00e1llapot\u00e1ban, s\u00e9r\u00fclt, vagy nem a mi hib\u00e1nkb\u00f3l ered\u0151 okokb\u00f3l hi\u00e1nyoznak alkatr\u00e9szei.<\/li><li>Minden olyan t\u00e9tel, amelyet a kisz\u00e1ll\u00edt\u00e1st k\u00f6vet\u0151 30 napon t\u00fal k\u00fcldenek vissza<\/li>\r\n<\/ul>\r\n\r\n\r\n\r\n<h2 class=\"wp-block-heading\">Visszat\u00e9r\u00edt\u00e9sek<\/h2>\r\n\r\n\r\n<!-- wp:bekezd\u00e9s -->\r\n<p>Miut\u00e1n visszak\u00fcldj\u00fck \u00e9s megvizsg\u00e1ljuk, e-mailben \u00e9rtes\u00edtj\u00fck, hogy megkaptuk a visszak\u00fcld\u00f6tt t\u00e9telt. A visszat\u00e9r\u00edt\u00e9s j\u00f3v\u00e1hagy\u00e1s\u00e1r\u00f3l vagy elutas\u00edt\u00e1s\u00e1r\u00f3l is \u00e9rtes\u00edtj\u00fck.<\/p>\r\n<!-- \/wp:bekezd\u00e9s -->\r\n\r\n<!-- wp:bekezd\u00e9s -->\r\n<p>Ha j\u00f3v\u00e1hagyj\u00e1k, visszat\u00e9r\u00edt\u00e9s\u00e9t feldolgozzuk, \u00e9s bizonyos napokon bel\u00fcl automatikusan j\u00f3v\u00e1\u00edr\u00e1st alkalmazunk hitelk\u00e1rty\u00e1j\u00e1n vagy az eredeti fizet\u00e9si m\u00f3don.<\/p>\r\n<!-- \/wp:bekezd\u00e9s -->\r\n\r\n\r\n<h3 class=\"wp-block-heading\">K\u00e9s\u0151 vagy hi\u00e1nyz\u00f3 visszat\u00e9r\u00edt\u00e9sek<\/h3>\r\n\r\n\r\n<!-- wp:bekezd\u00e9s -->\r\n<p>Ha m\u00e9g nem kapott visszat\u00e9r\u00edt\u00e9st, el\u0151sz\u00f6r ellen\u0151rizze \u00fajra banksz\u00e1ml\u00e1j\u00e1t.<\/p>\r\n<!-- \/wp:bekezd\u00e9s -->\r\n\r\n<!-- wp:bekezd\u00e9s -->\r\n<p>Ezut\u00e1n forduljon hitelk\u00e1rtya-kibocs\u00e1t\u00f3j\u00e1hoz, eltarthat egy ideig, am\u00edg a visszat\u00e9r\u00edt\u00e9s hivatalosan megjelenik.<\/p>\r\n<!-- \/wp:bekezd\u00e9s -->\r\n\r\n<!-- wp:bekezd\u00e9s -->\r\n<p>K\u00f6vetkez\u0151 l\u00e9p\u00e9sk\u00e9nt l\u00e9pjen kapcsolatba a bankj\u00e1val. A visszat\u00e9r\u00edt\u00e9s k\u00f6nyvel\u00e9s\u00e9ig gyakran eltart n\u00e9mi feldolgoz\u00e1si id\u0151.<\/p>\r\n<!-- \/wp:bekezd\u00e9s -->\r\n\r\n<!-- wp:bekezd\u00e9s -->\r\n<p>Ha mindezt megtette, \u00e9s m\u00e9g mindig nem kapta meg a visszat\u00e9r\u00edt\u00e9st, k\u00e9rj\u00fck, vegye fel vel\u00fcnk a kapcsolatot a k\u00f6vetkez\u0151 c\u00edmen: {email address}.<\/p>\r\n<!-- \/wp:bekezd\u00e9s -->\r\n\r\n\r\n<h3 class=\"wp-block-heading\">Akci\u00f3s t\u00e9telek<\/h3>\r\n\r\n\r\n<!-- wp:bekezd\u00e9s -->\r\n<p>Csak norm\u00e1l \u00e1ras term\u00e9kek t\u00e9r\u00edthet\u0151k vissza. Az akci\u00f3s term\u00e9kek nem t\u00e9r\u00edthet\u0151k vissza.<\/p>\r\n<!-- \/wp:bekezd\u00e9s -->\r\n\r\n\r\n<h2 class=\"wp-block-heading\">T\u0151zsd\u00e9k<\/h2>\r\n<!-- wp:bekezd\u00e9s -->\r\n<p>Csak akkor cser\u00e9lj\u00fck ki az elemeket, ha hib\u00e1sak vagy s\u00e9r\u00fcltek. Ha ki kell cser\u00e9lnie ugyanarra a t\u00e9telre, k\u00fcldj\u00f6n nek\u00fcnk egy e-mailt a(z) {email address} c\u00edmre, \u00e9s k\u00fcldje el a term\u00e9ket a k\u00f6vetkez\u0151 c\u00edmre: {physical address}.<\/p>\r\n<!-- \/wp:bekezd\u00e9s -->\r\n\r\n\r\n<h2 class=\"wp-block-heading\">Aj\u00e1nd\u00e9kok<\/h2>\r\n\r\n\r\n<!-- wp:bekezd\u00e9s -->\r\n<p>Ha a t\u00e9telt v\u00e1s\u00e1rl\u00e1skor aj\u00e1nd\u00e9kk\u00e9nt jel\u00f6lt\u00e9k meg, \u00e9s k\u00f6zvetlen\u00fcl \u00d6nnek sz\u00e1ll\u00edtott\u00e1k, akkor a visszak\u00fcld\u00e9s \u00e9rt\u00e9k\u00e9nek megfelel\u0151 aj\u00e1nd\u00e9kj\u00f3v\u00e1\u00edr\u00e1st kap. A visszak\u00fcld\u00f6tt \u00e1ru k\u00e9zhezv\u00e9tele ut\u00e1n aj\u00e1nd\u00e9kutalv\u00e1nyt k\u00fcld\u00fcnk \u00d6nnek.<\/p>\r\n<!-- \/wp:bekezd\u00e9s -->\r\n\r\n<!-- wp:bekezd\u00e9s -->\r\n<p>Ha a t\u00e9telt nem jel\u00f6lt\u00e9k meg aj\u00e1nd\u00e9kk\u00e9nt a v\u00e1s\u00e1rl\u00e1skor, vagy az aj\u00e1nd\u00e9koz\u00f3 saj\u00e1t mag\u00e1nak k\u00fcldte ki a rendel\u00e9st, hogy k\u00e9s\u0151bb \u00e1tadhassa \u00d6nnek, visszak\u00fcldj\u00fck az aj\u00e1nd\u00e9koz\u00f3nak, \u00e9s \u0151 t\u00e1j\u00e9koz\u00f3dik a visszak\u00fcld\u00e9sr\u0151l.<\/p>\r\n<!-- \/wp:bekezd\u00e9s -->\r\n\r\n\r\n<h2 class=\"wp-block-heading\">Sz\u00e1ll\u00edt\u00e1si visszak\u00fcld\u00e9s<\/h2>\r\n\r\n\r\n<!-- wp:bekezd\u00e9s -->\r\n<p>A term\u00e9k visszak\u00fcld\u00e9s\u00e9hez postai \u00faton k\u00fcldje el a term\u00e9ket a k\u00f6vetkez\u0151 c\u00edmre: {physical address}.<\/p>\r\n<!-- \/wp:bekezd\u00e9s -->\r\n\r\n<!-- wp:bekezd\u00e9s -->\r\n<p>Te leszel a felel\u0151s a t\u00e9tel visszak\u00fcld\u00e9s\u00e9nek saj\u00e1t sz\u00e1ll\u00edt\u00e1si k\u00f6lts\u00e9gei\u00e9rt. A sz\u00e1ll\u00edt\u00e1si k\u00f6lts\u00e9g nem visszat\u00e9r\u00edthet\u0151. Ha visszat\u00e9r\u00edt\u00e9st kap, a visszak\u00fcld\u00e9s k\u00f6lts\u00e9g\u00e9t levonjuk a visszat\u00e9r\u00edt\u00e9sb\u0151l.<\/p>\r\n<!-- \/wp:bekezd\u00e9s -->\r\n\r\n<!-- wp:bekezd\u00e9s -->\r\n<p>Az \u00d6n lak\u00f3hely\u00e9t\u0151l f\u00fcgg\u0151en v\u00e1ltozhat az id\u0151, am\u00edg a kicser\u00e9lt term\u00e9k meg\u00e9rkezik \u00d6nh\u00f6z.<\/p>\r\n<!-- \/wp:bekezd\u00e9s -->\r\n\r\n<!-- wp:bekezd\u00e9s -->\r\n<p>Ha dr\u00e1g\u00e1bb t\u00e9teleket k\u00fcld vissza, \u00e9rdemes lehet nyomon k\u00f6vethet\u0151 sz\u00e1ll\u00edt\u00e1si szolg\u00e1ltat\u00e1st ig\u00e9nybe venni, vagy sz\u00e1ll\u00edt\u00e1si biztos\u00edt\u00e1st k\u00f6tni. Nem garant\u00e1ljuk, hogy megkapjuk a visszak\u00fcld\u00f6tt term\u00e9ket.<\/p>\r\n<!-- \/wp:bekezd\u00e9s -->\r\n<h2 class=\"wp-block-heading\">Seg\u00edts\u00e9gre van sz\u00fcks\u00e9ge?<\/h2>\r\n\r\n\r\n<!-- wp:bekezd\u00e9s -->\r\n<p>A visszat\u00e9r\u00edt\u00e9ssel \u00e9s visszak\u00fcld\u00e9ssel kapcsolatos k\u00e9rd\u00e9seivel forduljon hozz\u00e1nk az {email} c\u00edmen.<\/p>\r\n<!-- \/wp:bekezd\u00e9s -->","protected":false},"excerpt":{"rendered":"<p>Ez egy mintaoldal. \u00c1ttekint\u00e9s Visszat\u00e9r\u00edt\u00e9si \u00e9s visszak\u00fcld\u00e9si szab\u00e1lyzatunk 30 napig \u00e9rv\u00e9nyes. Ha a v\u00e1s\u00e1rl\u00e1s \u00f3ta eltelt 30 nap, nem \u00e1ll m\u00f3dunkban teljes visszat\u00e9r\u00edt\u00e9st vagy cser\u00e9t biztos\u00edtani. Ahhoz, hogy jogosult legyen a visszak\u00fcld\u00e9sre, a term\u00e9knek haszn\u00e1laton k\u00edv\u00fcl kell lennie, \u00e9s ugyanolyan \u00e1llapotban kell lennie, mint ahogyan azt megkapta. Ennek is az eredeti csomagol\u00e1sban kell lennie. T\u00f6bbf\u00e9le [&hellip;]<\/p>\n","protected":false},"author":1,"featured_media":0,"parent":0,"menu_order":0,"comment_status":"closed","ping_status":"closed","template":"","meta":{"footnotes":""},"class_list":["post-9097","page","type-page","status-publish","hentry"],"_links":{"self":[{"href":"https:\/\/stage.jrfer.com\/hu\/wp-json\/wp\/v2\/pages\/9097","targetHints":{"allow":["GET"]}}],"collection":[{"href":"https:\/\/stage.jrfer.com\/hu\/wp-json\/wp\/v2\/pages"}],"about":[{"href":"https:\/\/stage.jrfer.com\/hu\/wp-json\/wp\/v2\/types\/page"}],"author":[{"embeddable":true,"href":"https:\/\/stage.jrfer.com\/hu\/wp-json\/wp\/v2\/users\/1"}],"replies":[{"embeddable":true,"href":"https:\/\/stage.jrfer.com\/hu\/wp-json\/wp\/v2\/comments?post=9097"}],"version-history":[{"count":1,"href":"https:\/\/stage.jrfer.com\/hu\/wp-json\/wp\/v2\/pages\/9097\/revisions"}],"predecessor-version":[{"id":24860,"href":"https:\/\/stage.jrfer.com\/hu\/wp-json\/wp\/v2\/pages\/9097\/revisions\/24860"}],"wp:attachment":[{"href":"https:\/\/stage.jrfer.com\/hu\/wp-json\/wp\/v2\/media?parent=9097"}],"curies":[{"name":"wp","href":"https:\/\/api.w.org\/{rel}","templated":true}]}}