{"id":9117,"date":"2025-07-16T04:36:50","date_gmt":"2025-07-16T04:36:50","guid":{"rendered":"https:\/\/stage.jrfer.com\/rolunk\/"},"modified":"2026-04-07T07:18:28","modified_gmt":"2026-04-07T07:18:28","slug":"about","status":"publish","type":"page","link":"https:\/\/stage.jrfer.com\/hu\/about\/","title":{"rendered":"R\u00f3lunk"},"content":{"rendered":"<div class=\"jr-page jr-page--about\">\n<section class=\"jr-hero\">\n<p class=\"jr-kicker\">Rico Vape<\/p>\n<h1>R\u00f3lunk<\/h1>\n<div class=\"jr-hero-copy\">\n<p>\u00dcdv\u00f6z\u00f6lj\u00fck a RicoVapes-ben, ahol a pr\u00e9mium eldobhat\u00f3 e-cigarett\u00e1kat \u00e9s vape term\u00e9keket keresik.<br \/>K\u00fcldet\u00e9s\u00fcnk, hogy az \u00d6n ig\u00e9nyeire szabott, cs\u00facsmin\u0151s\u00e9g\u0171, innovat\u00edv g\u0151zmegold\u00e1sokat k\u00edn\u00e1ljunk.<\/p>\n<\/div>\n<\/section>\n<div class=\"jr-card-grid\">\n<article class=\"jr-info-card\">\n<h3>Term\u00e9keink<\/h3>\n<div class=\"jr-card-copy\">\n<div>Kiv\u00e1l\u00f3 min\u0151s\u00e9g\u0171 eldobhat\u00f3 e-cigarett\u00e1kat k\u00edn\u00e1lunk, \u00e9s OEM szolg\u00e1ltat\u00e1sokat ny\u00fajtunk egyedi vape term\u00e9kekhez. Minden term\u00e9k\u00fcnk szigor\u00fa tesztel\u00e9sen megy kereszt\u00fcl, hogy megbizonyosodjon arr\u00f3l, hogy megfelelnek a legmagasabb szabv\u00e1nyoknak.<\/div>\n<\/div>\n<\/article>\n<article class=\"jr-info-card\">\n<h3>Nagykereskedelmi \u00e9s OEM-szolg\u00e1ltat\u00e1sok<\/h3>\n<div class=\"jr-card-copy\">\n<div>Kiv\u00e1l\u00f3 min\u0151s\u00e9g\u0171 eldobhat\u00f3 e-cigarett\u00e1kat k\u00edn\u00e1lunk, \u00e9s OEM szolg\u00e1ltat\u00e1sokat ny\u00fajtunk egyedi vape term\u00e9kekhez. Minden term\u00e9k\u00fcnk szigor\u00fa tesztel\u00e9sen megy kereszt\u00fcl, hogy megbizonyosodjon arr\u00f3l, hogy megfelelnek a legmagasabb szabv\u00e1nyoknak.<\/div>\n<\/div>\n<\/article>\n<article class=\"jr-info-card\">\n<h3>Gyors \u00e9s biztons\u00e1gos sz\u00e1ll\u00edt\u00e1s<\/h3>\n<div class=\"jr-card-copy\">\n<div>A megrendel\u00e9seket 1-3 munkanapon bel\u00fcl dolgozzuk fel, \u00e9s megb\u00edzhat\u00f3 sz\u00e1ll\u00edt\u00f3k, p\u00e9ld\u00e1ul DHL, DPD, UPS \u00e9s helyi postai szolg\u00e1ltat\u00e1sok seg\u00edts\u00e9g\u00e9vel sz\u00e1ll\u00edtjuk.\n<\/div>\n<div>Hat\u00e9kony sz\u00e1ll\u00edt\u00e1sunk gyors \u00e9s biztons\u00e1gos sz\u00e1ll\u00edt\u00e1st tesz lehet\u0151v\u00e9.<\/div>\n<\/div>\n<\/article>\n<article class=\"jr-info-card\">\n<h3>Biztons\u00e1gos fizet\u00e9sek<\/h3>\n<div class=\"jr-card-copy\">\n<div>T\u00e1mogatjuk a paypalt, a hitelk\u00e1rty\u00e1kat, a banki \u00e1tutal\u00e1sokat \u00e9s a kriptovaluta fizet\u00e9seket, SSL titkos\u00edt\u00e1st haszn\u00e1lva az adat\u00e1tvitelhez.<\/div>\n<\/div>\n<\/article>\n<article class=\"jr-info-card\">\n<h3>\u00dcgyf\u00e9lszolg\u00e1lat<\/h3>\n<div class=\"jr-card-copy\">\n<div>Elk\u00f6telezett \u00fcgyf\u00e9lszolg\u00e1lati csapatunk k\u00e9szs\u00e9ggel seg\u00edt. L\u00e9pjen kapcsolatba vel\u00fcnk e-mailben a support@ricovape.com c\u00edmen vagy a whatsappon: <a href=\"https:\/\/api.whatsapp.com\/send?phone=8618241953968\" target=\"_blank\" rel=\"noopener\">+8618241953968<\/a>. H\u00e9tf\u0151t\u0151l p\u00e9ntekig 9-20 \u00f3r\u00e1ig \u00e1llunk rendelkez\u00e9s\u00e9re. K\u00ednai szabv\u00e1nyid\u0151.<\/div>\n<\/div>\n<\/article>\n<\/div>\n<\/div>\n","protected":false},"excerpt":{"rendered":"<p>Rico Vape R\u00f3lunk \u00dcdv\u00f6z\u00f6lj\u00fck a RicoVapes-ben, ahol a pr\u00e9mium eldobhat\u00f3 e-cigarett\u00e1kat \u00e9s vape term\u00e9keket keresik.K\u00fcldet\u00e9s\u00fcnk, hogy az \u00d6n ig\u00e9nyeire szabott, cs\u00facsmin\u0151s\u00e9g\u0171, innovat\u00edv g\u0151zmegold\u00e1sokat k\u00edn\u00e1ljunk. Term\u00e9keink Kiv\u00e1l\u00f3 min\u0151s\u00e9g\u0171 eldobhat\u00f3 e-cigarett\u00e1kat k\u00edn\u00e1lunk, \u00e9s OEM szolg\u00e1ltat\u00e1sokat ny\u00fajtunk egyedi vape term\u00e9kekhez. Minden term\u00e9k\u00fcnk szigor\u00fa tesztel\u00e9sen megy kereszt\u00fcl, hogy megbizonyosodjon arr\u00f3l, hogy megfelelnek a legmagasabb szabv\u00e1nyoknak. Nagykereskedelmi \u00e9s OEM-szolg\u00e1ltat\u00e1sok Kiv\u00e1l\u00f3 [&hellip;]<\/p>\n","protected":false},"author":1,"featured_media":0,"parent":0,"menu_order":0,"comment_status":"closed","ping_status":"closed","template":"","meta":{"footnotes":""},"class_list":["post-9117","page","type-page","status-publish","hentry"],"_links":{"self":[{"href":"https:\/\/stage.jrfer.com\/hu\/wp-json\/wp\/v2\/pages\/9117","targetHints":{"allow":["GET"]}}],"collection":[{"href":"https:\/\/stage.jrfer.com\/hu\/wp-json\/wp\/v2\/pages"}],"about":[{"href":"https:\/\/stage.jrfer.com\/hu\/wp-json\/wp\/v2\/types\/page"}],"author":[{"embeddable":true,"href":"https:\/\/stage.jrfer.com\/hu\/wp-json\/wp\/v2\/users\/1"}],"replies":[{"embeddable":true,"href":"https:\/\/stage.jrfer.com\/hu\/wp-json\/wp\/v2\/comments?post=9117"}],"version-history":[{"count":2,"href":"https:\/\/stage.jrfer.com\/hu\/wp-json\/wp\/v2\/pages\/9117\/revisions"}],"predecessor-version":[{"id":69388,"href":"https:\/\/stage.jrfer.com\/hu\/wp-json\/wp\/v2\/pages\/9117\/revisions\/69388"}],"wp:attachment":[{"href":"https:\/\/stage.jrfer.com\/hu\/wp-json\/wp\/v2\/media?parent=9117"}],"curies":[{"name":"wp","href":"https:\/\/api.w.org\/{rel}","templated":true}]}}