{"id":9125,"date":"2025-07-16T04:36:55","date_gmt":"2025-07-16T04:36:55","guid":{"rendered":"https:\/\/stage.jrfer.com\/lepjen-kapcsolatba-velunk\/"},"modified":"2026-04-07T07:18:51","modified_gmt":"2026-04-07T07:18:51","slug":"contact","status":"publish","type":"page","link":"https:\/\/stage.jrfer.com\/hu\/contact\/","title":{"rendered":"L\u00e9pjen kapcsolatba vel\u00fcnk"},"content":{"rendered":"<div class=\"jr-page jr-page--contact\">\n<section class=\"jr-hero\">\n<p class=\"jr-kicker\">Rico Vape<\/p>\n<h1>Vegye fel vel\u00fcnk a kapcsolatot<\/h1>\n<div class=\"jr-hero-copy\">\n<div>\n<p>Az\u00e9rt vagyunk itt, hogy seg\u00edts\u00fcnk b\u00e1rmilyen k\u00e9rd\u00e9se vagy agg\u00e1lya eset\u00e9n. K\u00e9rj\u00fck, forduljon hozz\u00e1nk bizalommal az al\u00e1bbi m\u00f3dok b\u00e1rmelyik\u00e9n:<\/p>\n<\/div>\n<\/div>\n<\/section>\n<div class=\"jr-contact-grid\">\n<article class=\"jr-contact-card\">\n<h3>E-mail<\/h3>\n<div class=\"jr-card-copy\">\n<p><a href=\"mailto:support@ricovape.com\">support@ricovape.com<\/a><\/p>\n<\/div>\n<\/article>\n<article class=\"jr-contact-card\">\n<h3>WhatsApp<\/h3>\n<div class=\"jr-card-copy\">\n<p><a href=\"https:\/\/api.whatsapp.com\/send?phone=8618241953968\" target=\"_blank\" rel=\"noopener\">+8618241953968<\/a><\/p>\n<\/div>\n<\/article>\n<article class=\"jr-contact-card\">\n<h3>Helysz\u00edn<\/h3>\n<div class=\"jr-card-copy\">\n<p>Hola k\u00f6zpontja<br \/>Room 2002, 20th Floor, Huasheng Building,<br \/>555 Zhongxin Avenue, Shajing Subdistrict,<br \/>Bao\u2019an District, Shenzhen, 518125.<br \/>K\u00edna<\/p>\n<\/div>\n<\/article>\n<\/div>\n<section class=\"jr-contact-cta\">\n<h2>\u00dczenet hagy\u00e1sa<\/h2>\n<div class=\"jr-contact-actions\"><a class=\"jr-action\" href=\"mailto:support@ricovape.com\">support@ricovape.com<\/a><a class=\"jr-action\" href=\"https:\/\/api.whatsapp.com\/send?phone=8618241953968\" target=\"_blank\" rel=\"noopener\">+8618241953968<\/a><\/div>\n<\/section>\n<\/div>\n","protected":false},"excerpt":{"rendered":"<p>Rico Vape Vegye fel vel\u00fcnk a kapcsolatot Az\u00e9rt vagyunk itt, hogy seg\u00edts\u00fcnk b\u00e1rmilyen k\u00e9rd\u00e9se vagy agg\u00e1lya eset\u00e9n. K\u00e9rj\u00fck, forduljon hozz\u00e1nk bizalommal az al\u00e1bbi m\u00f3dok b\u00e1rmelyik\u00e9n: E-mail support@ricovape.com WhatsApp +8618241953968 Helysz\u00edn Hola k\u00f6zpontjaRoom 2002, 20th Floor, Huasheng Building,555 Zhongxin Avenue, Shajing Subdistrict,Bao\u2019an District, Shenzhen, 518125.K\u00edna \u00dczenet hagy\u00e1sa support@ricovape.com+8618241953968<\/p>\n","protected":false},"author":1,"featured_media":0,"parent":0,"menu_order":0,"comment_status":"closed","ping_status":"closed","template":"","meta":{"footnotes":""},"class_list":["post-9125","page","type-page","status-publish","hentry"],"_links":{"self":[{"href":"https:\/\/stage.jrfer.com\/hu\/wp-json\/wp\/v2\/pages\/9125","targetHints":{"allow":["GET"]}}],"collection":[{"href":"https:\/\/stage.jrfer.com\/hu\/wp-json\/wp\/v2\/pages"}],"about":[{"href":"https:\/\/stage.jrfer.com\/hu\/wp-json\/wp\/v2\/types\/page"}],"author":[{"embeddable":true,"href":"https:\/\/stage.jrfer.com\/hu\/wp-json\/wp\/v2\/users\/1"}],"replies":[{"embeddable":true,"href":"https:\/\/stage.jrfer.com\/hu\/wp-json\/wp\/v2\/comments?post=9125"}],"version-history":[{"count":2,"href":"https:\/\/stage.jrfer.com\/hu\/wp-json\/wp\/v2\/pages\/9125\/revisions"}],"predecessor-version":[{"id":69397,"href":"https:\/\/stage.jrfer.com\/hu\/wp-json\/wp\/v2\/pages\/9125\/revisions\/69397"}],"wp:attachment":[{"href":"https:\/\/stage.jrfer.com\/hu\/wp-json\/wp\/v2\/media?parent=9125"}],"curies":[{"name":"wp","href":"https:\/\/api.w.org\/{rel}","templated":true}]}}