{"id":9133,"date":"2025-07-16T04:37:20","date_gmt":"2025-07-16T04:37:20","guid":{"rendered":"https:\/\/stage.jrfer.com\/rendeleskovetes\/"},"modified":"2026-04-07T03:27:41","modified_gmt":"2026-04-07T03:27:41","slug":"order-tracking","status":"publish","type":"page","link":"https:\/\/stage.jrfer.com\/hu\/order-tracking\/","title":{"rendered":"Rendel\u00e9sk\u00f6vet\u00e9s"},"content":{"rendered":"<h1 id=\"brxe-seylgr\" class=\"brxe-heading\">Megrendel\u00e9s nyomon k\u00f6vet\u00e9se<\/h1>\n","protected":false},"excerpt":{"rendered":"<p>Megrendel\u00e9s nyomon k\u00f6vet\u00e9se<\/p>\n","protected":false},"author":1,"featured_media":0,"parent":0,"menu_order":0,"comment_status":"closed","ping_status":"closed","template":"","meta":{"footnotes":""},"class_list":["post-9133","page","type-page","status-publish","hentry"],"_links":{"self":[{"href":"https:\/\/stage.jrfer.com\/hu\/wp-json\/wp\/v2\/pages\/9133","targetHints":{"allow":["GET"]}}],"collection":[{"href":"https:\/\/stage.jrfer.com\/hu\/wp-json\/wp\/v2\/pages"}],"about":[{"href":"https:\/\/stage.jrfer.com\/hu\/wp-json\/wp\/v2\/types\/page"}],"author":[{"embeddable":true,"href":"https:\/\/stage.jrfer.com\/hu\/wp-json\/wp\/v2\/users\/1"}],"replies":[{"embeddable":true,"href":"https:\/\/stage.jrfer.com\/hu\/wp-json\/wp\/v2\/comments?post=9133"}],"version-history":[{"count":1,"href":"https:\/\/stage.jrfer.com\/hu\/wp-json\/wp\/v2\/pages\/9133\/revisions"}],"predecessor-version":[{"id":26103,"href":"https:\/\/stage.jrfer.com\/hu\/wp-json\/wp\/v2\/pages\/9133\/revisions\/26103"}],"wp:attachment":[{"href":"https:\/\/stage.jrfer.com\/hu\/wp-json\/wp\/v2\/media?parent=9133"}],"curies":[{"name":"wp","href":"https:\/\/api.w.org\/{rel}","templated":true}]}}