{"id":9141,"date":"2025-07-16T04:37:29","date_gmt":"2025-07-16T04:37:29","guid":{"rendered":"https:\/\/stage.jrfer.com\/gyakran-ismetelt-kerdesek\/"},"modified":"2026-04-07T03:27:53","modified_gmt":"2026-04-07T03:27:53","slug":"faq","status":"publish","type":"page","link":"https:\/\/stage.jrfer.com\/hu\/faq\/","title":{"rendered":"Gyakran Ism\u00e9telt K\u00e9rd\u00e9sek"},"content":{"rendered":"<section id=\"faq\">\n<h2>Gyakran Ism\u00e9telt K\u00e9rd\u00e9sek \u2013 Rico\u00a0Vape<\/h2>\n<h3>Term\u00e9keinkr\u0151l \u00e9s szolg\u00e1ltat\u00e1sainkr\u00f3l<\/h3>\n<dl>\n<dt>Milyen term\u00e9keket k\u00edn\u00e1l a Rico\u00a0Vape?<\/dt>\n<dd>A Rico\u00a0Vape nagy teljes\u00edtm\u00e9ny\u0171 eldobhat\u00f3 vape-eszk\u00f6z\u00f6k, valamint pr\u00e9mium kieg\u00e9sz\u00edt\u0151k sz\u00e9les v\u00e1laszt\u00e9k\u00e1t k\u00edn\u00e1lja. OEM-szolg\u00e1ltat\u00e1sokat is ny\u00fajtunk egyedi m\u00e1rk\u00e1j\u00fa term\u00e9kekhez.<\/dd>\n<dt>A Rico Vape term\u00e9kek j\u00f3 min\u0151s\u00e9g\u0171ek?<\/dt>\n<dd>Igen! Megb\u00edzhat\u00f3 gy\u00e1rt\u00f3kkal egy\u00fcttm\u0171k\u00f6d\u00fcnk, \u00e9s szigor\u00fa min\u0151s\u00e9gellen\u0151rz\u00e9seket v\u00e9gz\u00fcnk annak biztos\u00edt\u00e1sa \u00e9rdek\u00e9ben, hogy minden eszk\u00f6z \u00e9s folyad\u00e9k megfeleljen a legszigor\u00fabb szabv\u00e1nyainknak.<\/dd>\n<dt>K\u00edn\u00e1l OEM-szolg\u00e1ltat\u00e1sokat?<\/dt>\n<dd>Abszol\u00fat. A Rico\u00a0Vape teljes k\u00f6r\u0171 OEM-szolg\u00e1ltat\u00e1sokat ny\u00fajt \u2013 l\u00e9pjen kapcsolatba az \u00fcgyf\u00e9lszolg\u00e1lattal, ha megbesz\u00e9lheti a m\u00e1rk\u00e1t, az \u00edzeket, a csomagol\u00e1st \u00e9s egyebeket.<\/dd>\n<dt>T\u00e1mogatja a nagykereskedelmi rendel\u00e9seket?<\/dt>\n<dd>Igen, versenyk\u00e9pes nagykereskedelmi \u00e1rat k\u00edn\u00e1lunk. K\u00e9rj\u00fck, vegye fel a kapcsolatot a t\u00f6meges megrendel\u00e9s r\u00e9szletei\u00e9rt.<\/dd>\n<\/dl>\n<h3>Fizet\u00e9s<\/h3>\n<dl>\n<dt>Milyen fizet\u00e9si m\u00f3dokat fogadunk el?<\/dt>\n<dd>Elfogadjuk a f\u0151bb hitel-\/bet\u00e9ti k\u00e1rty\u00e1kat, PayPal-t, Stripe-ot, banki \u00e1tutal\u00e1sokat (bele\u00e9rtve a SEPA\/IBAN-t) \u00e9s bizonyos kriptovalut\u00e1kat.<\/dd>\n<dt>Biztons\u00e1gos fizet\u00e9si inform\u00e1ci\u00f3?<\/Ydt>Minden fizet\u00e9sem? biztons\u00e1gos protokollok seg\u00edts\u00e9g\u00e9vel titkos\u00edtva, \u00e9s nem t\u00e1roljuk fizet\u00e9si adatait.<\/dd>\n<\/dl>\n<h3>Sz\u00e1ll\u00edt\u00e1s \u00e9s megrendel\u00e9s nyomon k\u00f6vet\u00e9se<\/h3>\n<dl>\n<dt>Mennyi ideig tart a megrendel\u00e9s feldolgoz\u00e1sa?<\/dt>\n<dd>A rendel\u00e9sek feldolgoz\u00e1sa \u00e1ltal\u00e1ban 1\u20133 munkanapon bel\u00fcl megt\u00f6rt\u00e9nik.<\/dd>\n<dt>Mennyi ideig tart a sz\u00e1ll\u00edt\u00e1s?<\/dt>\n<dd>\u00c1ltal\u00e1ban a sz\u00e1ll\u00edt\u00e1s 7\u201314 munkanapot vesz ig\u00e9nybe, tart\u00f3zkod\u00e1si hely\u00e9t\u0151l f\u00fcgg\u0151en.<\/dd>\n<dt>Melyik sz\u00e1ll\u00edtm\u00e1nyoz\u00e1si fuvaroz\u00f3kat haszn\u00e1lja az UPS-sel, a HLd-vel, az ilyen fuvaroz\u00f3kkal<\/b>az ilyen fuvaroz\u00f3kkal? A FedEx \u00e9s a helyi postai szolg\u00e1ltat\u00e1sok.<\/dd>\n<dt>Hogyan k\u00f6vethetem nyomon a rendel\u00e9semet?<\/dt>\n<dd>A kisz\u00e1ll\u00edt\u00e1st k\u00f6vet\u0151en e-mailben kap egy nyomk\u00f6vet\u00e9si sz\u00e1mot a k\u00e9zbes\u00edt\u00e9s nyomon k\u00f6vet\u00e9se \u00e9rdek\u00e9ben.<\/dd>\n<dt>T\u00f6r\u00f6lhetem a rendel\u00e9semet a kisz\u00e1ll\u00edt\u00e1s ut\u00e1n?<\/dt>\n<dd>Sajnos a rendel\u00e9seket a kisz\u00e1ll\u00edt\u00e1st k\u00f6vet\u0151en nem lehet t\u00f6r\u00f6lni. K\u00e9rj\u00fck, er\u0151s\u00edtsen meg minden r\u00e9szletet a rendel\u00e9s lead\u00e1sa el\u0151tt.<\/dd>\n<\/dl>\n<h3>Visszak\u00fcld\u00e9s \u00e9s garancia<\/h3>\n<dl>\n<dt>Mi a teend\u0151, ha a term\u00e9kem s\u00e9r\u00fclten vagy hib\u00e1san \u00e9rkezik?<\/dt>\n<dd>K\u00e9rj\u00fck, azonnal forduljon \u00fcgyf\u00e9lszolg\u00e1latunkhoz, \u00e9s megbesz\u00e9lj\u00fck a cser\u00e9t vagy a visszat\u00e9r\u00edt\u00e9st.<\/dd>\n<dt>Aj\u00e1nlatot biztos\u00edt a gy\u00e1rt\u00f3 term\u00e9keinkre \u2013 a<\/ddl>\n<dt>garancia. A r\u00e9szletek\u00e9rt tekintse meg az egyes term\u00e9kek oldalait.<\/dd>\n<dt>Visszak\u00fcldhetem vagy cser\u00e9lhetem a v\u00e1s\u00e1rl\u00e1st?<\/dt>\n<dd>Igen, probl\u00e9mamentes visszak\u00fcld\u00e9st \u00e9s cser\u00e9t k\u00edn\u00e1lunk. A teljes \u00fatmutat\u00e1s\u00e9rt tekintse meg a Visszak\u00fcld\u00e9si szab\u00e1lyzat oldal\u00e1t.<\/dd>\n<\/dl>\n<h3>\u00dcgyf\u00e9lszolg\u00e1lat<\/h3>\n<dl>\n<dt>Hogyan l\u00e9phetek kapcsolatba az \u00fcgyf\u00e9lszolg\u00e1lattal?<\/dt>\n<dd>K\u00fcldj\u00f6n e-mailt a <a href=\"mailto:support@rico-vape.com\">support@rico-vape.com<\/a> c\u00edmre vagy a<br \/>WhatsApp: 895182648 +195182 c\u00edmre. A t\u00e1mogat\u00e1s h\u00e9tf\u0151t\u0151l p\u00e9ntekig 9:00\u201321:00 (UTC+8) \u00e9rhet\u0151 el.<\/dd>\n<\/dl>\n<\/section>\n","protected":false},"excerpt":{"rendered":"<p>Gyakran Ism\u00e9telt K\u00e9rd\u00e9sek \u2013 Rico\u00a0Vape Term\u00e9keinkr\u0151l \u00e9s szolg\u00e1ltat\u00e1sainkr\u00f3l Milyen term\u00e9keket k\u00edn\u00e1l a Rico\u00a0Vape? A Rico\u00a0Vape nagy teljes\u00edtm\u00e9ny\u0171 eldobhat\u00f3 vape-eszk\u00f6z\u00f6k, valamint pr\u00e9mium kieg\u00e9sz\u00edt\u0151k sz\u00e9les v\u00e1laszt\u00e9k\u00e1t k\u00edn\u00e1lja. OEM-szolg\u00e1ltat\u00e1sokat is ny\u00fajtunk egyedi m\u00e1rk\u00e1j\u00fa term\u00e9kekhez. A Rico Vape term\u00e9kek j\u00f3 min\u0151s\u00e9g\u0171ek? Igen! Megb\u00edzhat\u00f3 gy\u00e1rt\u00f3kkal egy\u00fcttm\u0171k\u00f6d\u00fcnk, \u00e9s szigor\u00fa min\u0151s\u00e9gellen\u0151rz\u00e9seket v\u00e9gz\u00fcnk annak biztos\u00edt\u00e1sa \u00e9rdek\u00e9ben, hogy minden eszk\u00f6z \u00e9s folyad\u00e9k megfeleljen a [&hellip;]<\/p>\n","protected":false},"author":1,"featured_media":0,"parent":0,"menu_order":0,"comment_status":"closed","ping_status":"closed","template":"","meta":{"footnotes":""},"class_list":["post-9141","page","type-page","status-publish","hentry"],"_links":{"self":[{"href":"https:\/\/stage.jrfer.com\/hu\/wp-json\/wp\/v2\/pages\/9141","targetHints":{"allow":["GET"]}}],"collection":[{"href":"https:\/\/stage.jrfer.com\/hu\/wp-json\/wp\/v2\/pages"}],"about":[{"href":"https:\/\/stage.jrfer.com\/hu\/wp-json\/wp\/v2\/types\/page"}],"author":[{"embeddable":true,"href":"https:\/\/stage.jrfer.com\/hu\/wp-json\/wp\/v2\/users\/1"}],"replies":[{"embeddable":true,"href":"https:\/\/stage.jrfer.com\/hu\/wp-json\/wp\/v2\/comments?post=9141"}],"version-history":[{"count":1,"href":"https:\/\/stage.jrfer.com\/hu\/wp-json\/wp\/v2\/pages\/9141\/revisions"}],"predecessor-version":[{"id":26279,"href":"https:\/\/stage.jrfer.com\/hu\/wp-json\/wp\/v2\/pages\/9141\/revisions\/26279"}],"wp:attachment":[{"href":"https:\/\/stage.jrfer.com\/hu\/wp-json\/wp\/v2\/media?parent=9141"}],"curies":[{"name":"wp","href":"https:\/\/api.w.org\/{rel}","templated":true}]}}