{"id":9173,"date":"2025-07-16T05:44:51","date_gmt":"2025-07-16T05:44:51","guid":{"rendered":"https:\/\/stage.jrfer.com\/nagyker\/"},"modified":"2026-04-07T07:19:13","modified_gmt":"2026-04-07T07:19:13","slug":"wholesale","status":"publish","type":"page","link":"https:\/\/stage.jrfer.com\/hu\/wholesale\/","title":{"rendered":"Nagyker"},"content":{"rendered":"<div class=\"jr-page jr-page--wholesale\">\n<section class=\"jr-hero\">\n<p class=\"jr-kicker\">Rico Vape B2B<\/p>\n<h1>Nagyker<\/h1>\n<p class=\"jr-subhead\">Nagykereskedelmi beszerz\u00e9s<\/p>\n<div class=\"jr-hero-copy\">\n<p>Elk\u00f6telezettek vagyunk amellett, hogy kiv\u00e1l\u00f3 min\u0151s\u00e9g\u0171 e-cigarett\u00e1kat \u00e9s tartoz\u00e9kokat biztos\u00edtsunk kiskeresked\u0151knek \u00e9s forgalmaz\u00f3knak vil\u00e1gszerte. Az ipar\u00e1g vezet\u0151 besz\u00e1ll\u00edt\u00f3jak\u00e9nt term\u00e9keink sz\u00e9les v\u00e1laszt\u00e9k\u00e1t \u00e9s versenyk\u00e9pes nagykereskedelmi \u00e1rakat k\u00edn\u00e1lunk, hogy megfelelj\u00fcnk v\u00e1llalkoz\u00e1sa sokr\u00e9t\u0171 ig\u00e9nyeinek.<\/p>\n<\/div>\n<\/section>\n<section class=\"jr-checklist-panel\">\n<h2>Mi\u00e9rt v\u00e1lasszon minket?<\/h2>\n<ul class=\"jr-checklist\">\n<li><strong>Sz\u00e9les term\u00e9kv\u00e1laszt\u00e9k<\/strong>: A leg\u00fajabb e-cigaretta eszk\u00f6z\u00f6kt\u0151l a k\u00fcl\u00f6nf\u00e9le e-liquid \u00edzekig mindent megtal\u00e1l, amire sz\u00fcks\u00e9ge van. tesztel\u00e9s a biztons\u00e1g \u00e9s a megb\u00edzhat\u00f3s\u00e1g biztos\u00edt\u00e1sa \u00e9rdek\u00e9ben.<\/li>\n<li><strong>Rugalmas rendel\u00e9si mennyis\u00e9gek<\/strong>: ak\u00e1r kiskeresked\u0151, ak\u00e1r nagy forgalmaz\u00f3, ki tudjuk el\u00e9g\u00edteni rendel\u00e9si ig\u00e9nyeit.<\/li>\n<li><strong>Gyors sz\u00e1ll\u00edt\u00e1si szolg\u00e1ltat\u00e1sok<\/strong>: T\u00f6bb glob\u00e1lis logisztikai c\u00e9ggel egy\u00fcttm\u0171k\u00f6dve biztos\u00edtjuk, hogy megrendel\u00e9seit val\u00f3s id\u0151ben \u00e9s biztons\u00e1gosan k\u00e9zbes\u00edts\u00e9k. T\u00e1mogat\u00e1s: Elk\u00f6telezett csapatunk k\u00e9szen \u00e1ll, hogy seg\u00edtsen b\u00e1rmilyen k\u00e9rd\u00e9s\u00e9ben vagy probl\u00e9m\u00e1j\u00e1ban.<\/li>\n<\/ul>\n<\/section>\n<section class=\"jr-closing\">\n<p>Vegye fel a kapcsolatot nagykereskedelmi csapatunkkal m\u00e9g ma, ha t\u00f6bbet szeretne megtudni aj\u00e1nlatainkr\u00f3l \u00e9s nagykereskedelmi kedvezm\u00e9nyeinkr\u0151l.<\/p>\n<p>B\u00edzunk benne, hogy egy\u00fcttm\u0171k\u00f6d\u00fcnk \u00d6nnel, \u00e9s nagy sikereket \u00e9rhet\u00fcnk el egy\u00fctt!<\/p>\n<\/section>\n<\/div>\n","protected":false},"excerpt":{"rendered":"<p>Rico Vape B2B Nagyker Nagykereskedelmi beszerz\u00e9s Elk\u00f6telezettek vagyunk amellett, hogy kiv\u00e1l\u00f3 min\u0151s\u00e9g\u0171 e-cigarett\u00e1kat \u00e9s tartoz\u00e9kokat biztos\u00edtsunk kiskeresked\u0151knek \u00e9s forgalmaz\u00f3knak vil\u00e1gszerte. Az ipar\u00e1g vezet\u0151 besz\u00e1ll\u00edt\u00f3jak\u00e9nt term\u00e9keink sz\u00e9les v\u00e1laszt\u00e9k\u00e1t \u00e9s versenyk\u00e9pes nagykereskedelmi \u00e1rakat k\u00edn\u00e1lunk, hogy megfelelj\u00fcnk v\u00e1llalkoz\u00e1sa sokr\u00e9t\u0171 ig\u00e9nyeinek. Mi\u00e9rt v\u00e1lasszon minket? Sz\u00e9les term\u00e9kv\u00e1laszt\u00e9k: A leg\u00fajabb e-cigaretta eszk\u00f6z\u00f6kt\u0151l a k\u00fcl\u00f6nf\u00e9le e-liquid \u00edzekig mindent megtal\u00e1l, amire sz\u00fcks\u00e9ge van. [&hellip;]<\/p>\n","protected":false},"author":1,"featured_media":0,"parent":0,"menu_order":0,"comment_status":"closed","ping_status":"closed","template":"","meta":{"footnotes":""},"class_list":["post-9173","page","type-page","status-publish","hentry"],"_links":{"self":[{"href":"https:\/\/stage.jrfer.com\/hu\/wp-json\/wp\/v2\/pages\/9173","targetHints":{"allow":["GET"]}}],"collection":[{"href":"https:\/\/stage.jrfer.com\/hu\/wp-json\/wp\/v2\/pages"}],"about":[{"href":"https:\/\/stage.jrfer.com\/hu\/wp-json\/wp\/v2\/types\/page"}],"author":[{"embeddable":true,"href":"https:\/\/stage.jrfer.com\/hu\/wp-json\/wp\/v2\/users\/1"}],"replies":[{"embeddable":true,"href":"https:\/\/stage.jrfer.com\/hu\/wp-json\/wp\/v2\/comments?post=9173"}],"version-history":[{"count":2,"href":"https:\/\/stage.jrfer.com\/hu\/wp-json\/wp\/v2\/pages\/9173\/revisions"}],"predecessor-version":[{"id":69406,"href":"https:\/\/stage.jrfer.com\/hu\/wp-json\/wp\/v2\/pages\/9173\/revisions\/69406"}],"wp:attachment":[{"href":"https:\/\/stage.jrfer.com\/hu\/wp-json\/wp\/v2\/media?parent=9173"}],"curies":[{"name":"wp","href":"https:\/\/api.w.org\/{rel}","templated":true}]}}