{"id":10160,"date":"2026-03-12T04:25:07","date_gmt":"2026-03-12T04:25:07","guid":{"rendered":"https:\/\/stage.jrfer.com\/product\/bang-leader-350k-8-iz-8-az-1-ben-350-000-fujas-intelligens-kijelzo-tomeges-eldobhato-vape\/"},"modified":"2026-04-07T03:50:04","modified_gmt":"2026-04-07T03:50:04","slug":"bang-leader-350k-8-flavors-8-in-1-350000-puffs-smart-display-bulk-disposable-vape","status":"publish","type":"product","link":"https:\/\/stage.jrfer.com\/hu\/termek\/bang-leader-350k-8-flavors-8-in-1-350000-puffs-smart-display-bulk-disposable-vape\/","title":{"rendered":"Bang Leader 350K | 8 \u00edz, 8 az 1-ben, 350 000 f\u00faj\u00e1s, intelligens kijelz\u0151, t\u00f6meges eldobhat\u00f3 vape"},"content":{"rendered":"<p><img decoding=\"async\" class=\"alignnone size-full wp-image-114792\" src=\"https:\/\/aiviouvapes.com\/wp-content\/uploads\/2026\/03\/BANG-LEADER-350K-16.jpg\" alt=\"Bang Leader 350K\" height=\"19208\" title=\"\">&#8221;<\/p>\n<p>Pr\u00e9mium mega puff vape-t keres nagykereskedelemben? A Bang Leader 350K egyes\u00edti a hossz\u00fa haszn\u00e1lati id\u0151t, a finom \u00edzkibocs\u00e1t\u00e1st, az OEM\/ODM testreszab\u00e1s\u00e1t \u00e9s a rugalmas nikotin opci\u00f3kat a glob\u00e1lis piacokon.<\/p>\n<h3>Mi\u00e9rt v\u00e1lassza a Bang Leader 350K-t?<\/h3>\n<ul>\n<li>\ud83d\udd25 Ak\u00e1r 350 000 f\u00faj\u00e1s a hosszan tart\u00f3 haszn\u00e1lat\u00e9rt<\/li>\n<li>\ud83c\udf08 8 az 1-ben \u00edzv\u00e1lt\u00f3 kialak\u00edt\u00e1s a nagyobb v\u00e1laszt\u00e9k\u00e9rt egyetlen eszk\u00f6z\u00f6n<\/li>\n<li>\u26a1 \u00dajrat\u00f6lthet\u0151 Type-C t\u00f6lt\u0151porttal<\/li>\n<li>\ud83d\udca8 1,0 mesh tekercs a finomabb \u00edz\u00e9rt \u00e9s a stabil g\u0151z\u00e9rt<\/li>\n<li>\ud83d\udd0b 17350 850 mAh-s akkumul\u00e1torral k\u00e9sz\u00fcl<\/li>\n<li>\ud83d\udee0\ufe0f OEM\/ODM t\u00e1mogatott egy\u00e9ni m\u00e1rkaprojektekhez<\/li>\n<li>\ud83c\udf0d A csomagol\u00e1s nyelve testreszabhat\u00f3 angol, orosz, spanyol stb. nyelven<\/li>\n<li>\ud83e\uddea Nikotin er\u0151ss\u00e9gi lehet\u0151s\u00e9gek: 0%, 2%, 3%, 5%<\/li>\n<li>\ud83c\udfea Nagyszer\u0171 vape nagykeresked\u0151k, forgalmaz\u00f3k \u00e9s kiskereskedelmi vape \u00fczletek sz\u00e1m\u00e1ra.<\/li>\n<\/ul>\n<h3>A Bang Leader 350K \u00e1ttekint\u00e9se<\/h3>\n<p>A Bang Leader 350K-t azoknak az \u00fcgyfeleknek tervezt\u00e9k, akik nagyon magas puffad\u00e1ssz\u00e1mot \u00e9s t\u00f6bb \u00edzv\u00e1laszt\u00e9kot szeretn\u00e9nek egyetlen eldobhat\u00f3 g\u0151zben. A 8 az 1-ben be\u00e1ll\u00edt\u00e1s 4 f\u0151 \u00edzt \u00e9s 4 vegyes \u00edzkombin\u00e1ci\u00f3t k\u00edn\u00e1l a felhaszn\u00e1l\u00f3knak, \u00edgy a g\u0151z\u00f6l\u00e9s \u00e9lm\u00e9nye \u00e9rdekesebb \u00e9s rugalmasabb. Ez k\u00fcl\u00f6n\u00f6sen vonz\u00f3v\u00e1 teszi a k\u00e9sz\u00fcl\u00e9ket azoknak a v\u00e1s\u00e1rl\u00f3knak, akik \u00e9lvezik az \u00edzek v\u00e1lt\u00e1s\u00e1t an\u00e9lk\u00fcl, hogy t\u00f6bb g\u0151zt hordn\u00e1nak magukkal.<\/p>\n<p>A B2B v\u00e1s\u00e1rl\u00f3k sz\u00e1m\u00e1ra ennek a modellnek komoly kereskedelmi \u00e9rt\u00e9ke is van. T\u00e1mogatja az OEM\/ODM szolg\u00e1ltat\u00e1st, a t\u00f6bbf\u00e9le nikotin opci\u00f3t \u00e9s a t\u00f6bbnyelv\u0171 csomagol\u00e1st, ami seg\u00edt a forgalmaz\u00f3knak a term\u00e9ket a k\u00fcl\u00f6nb\u00f6z\u0151 piacokhoz igaz\u00edtani. Mer\u00e9sz megjelen\u00e9se, nagy kapacit\u00e1sa \u00e9s \u00edzekben gazdag koncepci\u00f3ja alkalmass\u00e1 teszi a nagy puffad\u00e1s\u00fa z\u00e1szl\u00f3shaj\u00f3 term\u00e9kk\u00e9nt a vape \u00fczletekben \u00e9s a nagykereskedelmi katal\u00f3gusokban.<\/p>\n<p>A Bang Leader 350K egy mer\u00e9sz, nagy puffad\u00e1s\u00fa eldobhat\u00f3 vape, amelyet azoknak az \u00fcgyfeleknek terveztek, akik hossz\u00fa haszn\u00e1lati id\u0151t, gazdagabb v\u00e1laszt\u00e9kot \u00e9s er\u0151s piaci vonzer\u0151t szeretn\u00e9nek. A 8 az 1-ben \u00edzkombin\u00e1ci\u00f3kkal, az \u00fajrat\u00f6lthet\u0151 C-t\u00edpus\u00fa kialak\u00edt\u00e1ssal, a h\u00e1l\u00f3s tekercs kimenettel \u00e9s az OEM\/ODM t\u00e1mogat\u00e1ssal ez egy hat\u00e9kony lehet\u0151s\u00e9g a neh\u00e9z felhaszn\u00e1l\u00f3k, \u00edzkeres\u0151k, vape boltok \u00e9s a glob\u00e1lis nagykereskedelmi v\u00e1s\u00e1rl\u00f3k sz\u00e1m\u00e1ra. Ha azt szeretn\u00e9, hogy egy pr\u00e9mium, nagy puffad\u00e1s\u00fa term\u00e9k er\u0151s\u00edtse katal\u00f3gus\u00e1t, a Bang Leader 350K er\u0151s z\u00e1szl\u00f3shaj\u00f3 jel\u00f6lt.<\/p>\n<h3>A Bang Leader 350K specifik\u00e1ci\u00f3i<\/h3>\n<tbody>\n<tr>\n<th>Funkci\u00f3<\/th>\n<th>R\u00e9szletek<\/th>\n<\/tr>\n<tr>\n<td>Term\u00e9k neve<\/td>\n<td>Bang Leader 350K<\/td>\n<\/tr>\n<tr>\n<td>Eszk\u00f6z t\u00edpusa<\/td>\n<td>8 az 1-ben eldobhat\u00f3 vape<\/td>\n<\/tr>\n<tr>\n<td>Puff Count<\/td>\n<td>Ak\u00e1r 350 000 f\u00faj\u00e1s<\/td>\n<\/tr>\n<tr>\n<td>Akkumul\u00e1tor<\/td>\n<td>17350 850 mAh<\/td>\n<\/tr>\n<tr>\n<td>Tekercs t\u00edpusa<\/td>\n<td>1,0 mesh tekercs<\/td>\n<\/tr>\n<tr>\n<td>T\u00f6lt\u0151port<\/td>\n<td>C t\u00edpus\u00fa<\/td>\n<\/tr>\n<tr>\n<td>Nikotin er\u0151ss\u00e9ge<\/td>\n<td>0% \/ 2% \/ 3% \/ 5%<\/td>\n<\/tr>\n<tr>\n<td>Testreszab\u00e1s<\/td>\n<td>OEM\/ODM t\u00e1mogatott<\/td>\n<\/tr>\n<tr>\n<td>Csomagol\u00e1s nyelvei<\/td>\n<td>angol \/ orosz \/ spanyol \/ egy\u00e9ni nyelvek<\/td>\n<\/tr>\n<tr>\n<td>Egyetlen eszk\u00f6z s\u00falya<\/td>\n<td>140 g<\/td>\n<\/tr>\n<tr>\n<td>10 eszk\u00f6z s\u00falya<\/td>\n<td>1400 g<\/td>\n<\/tr>\n<tr>\n<td>Karton mennyis\u00e9g<\/td>\n<td>200 db<\/td>\n<\/tr>\n<tr>\n<td>Karton m\u00e9rete<\/td>\n<td>51,5 \u00d7 51,5 \u00d7 30,5 cm<\/td>\n<\/tr>\n<tr>\n<td>Karton s\u00falya<\/td>\n<td>28 kg (a kartondoboz k\u00fcls\u0151 s\u00falya n\u00e9lk\u00fcl)<\/td>\n<\/tr>\n<tr>\n<td>MOQ<\/td>\n<td>10 db egyedi \u00edzk\u00e9szletenk\u00e9nt<\/td>\n<\/tr>\n<\/tbody>\n<\/table>\n<h3><img decoding=\"async\" class=\"alignnone size-full wp-image-114777\" src=\"https:\/\/aiviouvapes.com\/wp-content\/uploads\/2026\/03\/BANG-LEADER-350K-1.jpg\" alt=\"Bang Leader 350K\" height=\"1920\" title=\"\">&lt;h = &quot;h\/1920&quot;<\/p>\n<h3>\u00cdzkombin\u00e1ci\u00f3k<\/h3>\n<p>A Bang Leader 350K innovat\u00edv <strong>8 az 1-ben \u00edzv\u00e1lt\u00f3 rendszert<\/strong> haszn\u00e1l. Mindegyik eszk\u00f6z n\u00e9gy alap\u00edzt, valamint n\u00e9gy automatikus kever\u00e9si kombin\u00e1ci\u00f3t (1+2, 2+3, 3+4 \u00e9s 4+1) tartalmaz, amelyek lehet\u0151v\u00e9 teszik a felhaszn\u00e1l\u00f3k sz\u00e1m\u00e1ra, hogy a tiszta \u00edzeket \u00e9s a kevert \u00edzeket is \u00e9lvezhess\u00e9k egy g\u0151zben.<\/p>\n<p>Az \u00edzk\u00e9szletek a n\u00e9pszer\u0171 profilok sz\u00e9les sk\u00e1l\u00e1j\u00e1t fedik le. Egyesek a <strong>men\u0151 gy\u00fcm\u00f6lcs klasszikusokra<\/strong> \u00f6sszpontos\u00edtanak, mint p\u00e9ld\u00e1ul a Blue Razz Ice, a g\u00f6r\u00f6gdinnye j\u00e9g, az eperj\u00e9g \u00e9s a citromos lime. M\u00e1sok <strong>\u00e9des bogy\u00f3s \u00e9s tr\u00f3pusi kever\u00e9keket<\/strong> hoznak, p\u00e9ld\u00e1ul az \u00e1fony\u00e1s jeget, a tr\u00f3pusi gy\u00fcm\u00f6lcs\u00f6t, az alm\u00e1s kiwi jeget \u00e9s a Blue Razz Cherryt.<\/p>\n<p>Vannak j\u00e1t\u00e9kosabb kombin\u00e1ci\u00f3k is, amelyeket italok \u00e9s desszertek ihlettek, k\u00f6zt\u00fck a cseresznye k\u00f3la, a r\u00f3zsasz\u00edn limon\u00e1d\u00e9, a mang\u00f3s golgotagy\u00fcm\u00f6lcs \u00e9s a citrombarack. A tr\u00f3pusok kedvel\u0151inek az olyan \u00edzek, mint az anan\u00e1szos k\u00f3kusz j\u00e9g, a kiwi golgotagy\u00fcm\u00f6lcs guava \u00e9s a barackmang\u00f3 g\u00f6r\u00f6gdinnye gazdagabb egzotikus \u00edzt biztos\u00edtanak.<\/p>\n<p>Sok k\u00e9szlet kiemeli a n\u00e9pszer\u0171 bogy\u00f3- \u00e9s g\u00f6r\u00f6gdinnyekever\u00e9keket, mint p\u00e9ld\u00e1ul az epres g\u00f6r\u00f6gdinnye, a m\u00e1lna g\u00f6r\u00f6gdinnye, az \u00e1fony\u00e1s m\u00e1lna \u00e9s az eperban\u00e1n, m\u00edg m\u00e1sok olyan egyedi \u00edzeket tartalmaznak, mint a Dragonfruit Ice, a Cseresznye-gr\u00e1n\u00e1talma, a Love 66 \u00e9s a j\u00f3l ismert Fucking Fab profil.<\/p>\n<p>\u00d6sszess\u00e9g\u00e9ben a Bang Leader 350K \u00edzv\u00e1laszt\u00e9kot \u00fagy tervezt\u00e9k, hogy az \u00e9lm\u00e9ny friss \u00e9s \u00e9rdekes legyen. F\u00fcggetlen\u00fcl att\u00f3l, hogy a felhaszn\u00e1l\u00f3k a jeges gy\u00fcm\u00f6lcs\u00f6ket, a tr\u00f3pusi kever\u00e9keket, az \u00e9des bogy\u00f3kat vagy az italszer\u0171 \u00edzeket r\u00e9szes\u00edtik el\u0151nyben, a t\u00f6bb \u00edz\u0171 kapcsol\u00f3rendszerrel k\u00f6nnyen felfedezhet\u0151k a k\u00fcl\u00f6nb\u00f6z\u0151 \u00edzek an\u00e9lk\u00fcl, hogy eszk\u00f6zt kellene cser\u00e9lni\u00fck.<\/p>\n<h3>Kinek val\u00f3 ez a vape?<\/h3>\n<ul>\n<li>Er\u0151s felhaszn\u00e1l\u00f3k, akik hossz\u00fa \u00e9lettartam\u00fa, nagy puffad\u00e1s\u00fa k\u00e9sz\u00fcl\u00e9ket szeretn\u00e9nek<\/li>\n<li>Az \u00edzek kedvel\u0151i, akik sz\u00edvesen v\u00e1ltanak t\u00f6bb \u00edz k\u00f6z\u00f6tt<\/li>\n<li>Vape-\u00fczletek, amelyek egy kiemelked\u0151 z\u00e1szl\u00f3shaj\u00f3 eldobhat\u00f3 vape-ra v\u00e1gynak<\/li>\n<li>Nagykeresked\u0151k \u00e9s forgalmaz\u00f3k, akik OEM-k\u00e9sz mega puff term\u00e9keket keresnek<\/li>\n<li>Export\u00e1lja azokat a v\u00e1s\u00e1rl\u00f3kat, akiknek rugalmas nikotin- \u00e9s csomagol\u00e1si lehet\u0151s\u00e9gekre van sz\u00fcks\u00e9g\u00fck<\/li>\n<\/ul>\n<h3>GYIK<\/h3>\n<h4>1. H\u00e1ny f\u00faj\u00e1st k\u00edn\u00e1l a Bang Leader 350K?<\/h4>\n<p>A Bang Leader 350K ak\u00e1r 350 000 f\u00faj\u00e1st is k\u00edn\u00e1l, \u00edgy egy ultra nagy kapacit\u00e1s\u00fa, eldobhat\u00f3 v\u00e1pa hossz\u00fa t\u00e1v\u00fa haszn\u00e1latra.<\/p>\n<h4>2. A Bang Leader 350K \u00fajrat\u00f6lthet\u0151?<\/h4>\n<p>Igen. T\u00e1mogatja a Type-C t\u00f6lt\u00e9st, ami seg\u00edt a felhaszn\u00e1l\u00f3knak k\u00e9nyelmesebben \u00e9lvezni az eszk\u00f6z teljes kapacit\u00e1s\u00e1t.<\/p>\n<h4>3. Milyen akkumul\u00e1tort haszn\u00e1l ez az eszk\u00f6z?<\/h4>\n<p>A k\u00e9sz\u00fcl\u00e9k 17350 850 mAh-s akkumul\u00e1tort haszn\u00e1l.<\/p>\n<h4>4. Milyen tekercset haszn\u00e1l a Bang Leader 350K?<\/h4>\n<p>1,0 mesh-es tekercset haszn\u00e1l a stabil meleg\u00edt\u00e9s, sim\u00e1bb g\u0151z \u00e9s jobb \u00edzteljes\u00edtm\u00e9ny \u00e9rdek\u00e9ben.<\/p>\n<h4>5. Milyen er\u0151ss\u00e9g\u0171 nikotin kaphat\u00f3?<\/h4>\n<p>A nikotin er\u0151ss\u00e9ge 0%, 2%, 3% \u00e9s 5%.<\/p>\n<h4>6. Ez a term\u00e9k t\u00e1mogatja az OEM-et vagy az ODM-et?<\/h4>\n<p>Igen. A Bang Leader 350K t\u00e1mogatja az OEM \u00e9s ODM testreszab\u00e1s\u00e1t, ami ide\u00e1lis saj\u00e1t m\u00e1rk\u00e1s \u00e9s nagykereskedelmi projektekhez.<\/p>\n<h4>7. Milyen csomagol\u00e1si nyelvek \u00e9rhet\u0151k el?<\/h4>\n<p>A csomagol\u00e1s testreszabhat\u00f3 angol, orosz, spanyol \u00e9s m\u00e1s nyelveken a piaci ig\u00e9nyek alapj\u00e1n.<\/p>\n<h4>8. H\u00e1ny \u00edzes\u00edt\u00e9si lehet\u0151s\u00e9g van egy k\u00e9sz\u00fcl\u00e9kben?<\/h4>\n<p>Minden Bang Leader 350K eszk\u00f6zt nyolc az 1-ben vape-k\u00e9nt terveztek, 4 f\u0151 \u00edzzel \u00e9s 4 vegyes kombin\u00e1ci\u00f3val.<\/p>\n<h4>9. Mi az a MOQ?<\/h4>\n<p>A minim\u00e1lis rendel\u00e9si mennyis\u00e9g 10 darab egyetlen \u00edzk\u00e9szlethez.<\/p>\n<h4>10. A Bang Leader 350K alkalmas nagykereskedelmi forgalomba?<\/h4>\n<p>Igen. Magas puffad\u00e1ssz\u00e1ma, testreszab\u00e1si t\u00e1mogat\u00e1sa, exportbar\u00e1t csomagol\u00e1si lehet\u0151s\u00e9gei \u00e9s szemet gy\u00f6ny\u00f6rk\u00f6dtet\u0151 \u00edzrendszere kiv\u00e1l\u00f3 v\u00e1laszt\u00e1ss\u00e1 teszik a nagykereskedelmi forgalmaz\u00e1shoz.<\/p>\n<h3><img decoding=\"async\" class=\"alignnone size-full wp-image-114793\" src=\"https:\/\/aiviouvapes.com\/wp-content\/uploads\/2026\/03\/BANG-LEADER-350K-17.jpg\" alt=\"Bang Leader 350K\" title=\"\">&#8222;<\/p>\n","protected":false},"excerpt":{"rendered":"<p>A Bang Leader 350K egy nagy kapacit\u00e1s\u00fa, 8 az 1-ben eldobhat\u00f3 vape, amelyet neh\u00e9z felhaszn\u00e1l\u00f3k, \u00edzek szerelmesei \u00e9s nagykereskedelmi v\u00e1s\u00e1rl\u00f3k sz\u00e1m\u00e1ra k\u00e9sz\u00edtettek. Ak\u00e1r 350 000 kif\u00faj\u00e1ssal, \u00fajrat\u00f6lthet\u0151 C t\u00edpus\u00fa t\u00f6lt\u00e9ssel, mesh tekercs teljes\u00edtm\u00e9ny\u00e9vel \u00e9s 8 \u00edzm\u00f3ddal egy k\u00e9sz\u00fcl\u00e9kben, \u00edgy kiv\u00e1l\u00f3 v\u00e1laszt\u00e1s a vape boltok \u00e9s forgalmaz\u00f3k sz\u00e1m\u00e1ra.<\/p>\n","protected":false},"featured_media":7106,"comment_status":"open","ping_status":"closed","template":"","meta":[],"product_brand":[],"product_cat":[346],"product_tag":[],"class_list":{"0":"post-10160","1":"product","2":"type-product","3":"status-publish","4":"has-post-thumbnail","6":"product_cat-bang","8":"first","9":"instock","10":"shipping-taxable","11":"product-type-simple"},"tiered_pricing_type":"fixed","tiered_pricing_fixed_rules":[],"tiered_pricing_product_settings":{"layout":"default","base_unit_name":{"singular":null,"plural":null},"default_variation":null},"tiered_pricing_minimum_quantity":null,"tiered_pricing_roles_data":[],"tiered_pricing_percentage_rules":[],"tiered_pricing_maximum_quantity":null,"tiered_pricing_quantity_step":null,"_links":{"self":[{"href":"https:\/\/stage.jrfer.com\/hu\/wp-json\/wp\/v2\/product\/10160","targetHints":{"allow":["GET"]}}],"collection":[{"href":"https:\/\/stage.jrfer.com\/hu\/wp-json\/wp\/v2\/product"}],"about":[{"href":"https:\/\/stage.jrfer.com\/hu\/wp-json\/wp\/v2\/types\/product"}],"replies":[{"embeddable":true,"href":"https:\/\/stage.jrfer.com\/hu\/wp-json\/wp\/v2\/comments?post=10160"}],"wp:featuredmedia":[{"embeddable":true,"href":"https:\/\/stage.jrfer.com\/hu\/wp-json\/wp\/v2\/media\/7106"}],"wp:attachment":[{"href":"https:\/\/stage.jrfer.com\/hu\/wp-json\/wp\/v2\/media?parent=10160"}],"wp:term":[{"taxonomy":"product_brand","embeddable":true,"href":"https:\/\/stage.jrfer.com\/hu\/wp-json\/wp\/v2\/product_brand?post=10160"},{"taxonomy":"product_cat","embeddable":true,"href":"https:\/\/stage.jrfer.com\/hu\/wp-json\/wp\/v2\/product_cat?post=10160"},{"taxonomy":"product_tag","embeddable":true,"href":"https:\/\/stage.jrfer.com\/hu\/wp-json\/wp\/v2\/product_tag?post=10160"}],"curies":[{"name":"wp","href":"https:\/\/api.w.org\/{rel}","templated":true}]}}