{"id":13099,"date":"2025-07-07T09:28:39","date_gmt":"2025-07-07T09:28:39","guid":{"rendered":"https:\/\/stage.jrfer.com\/product\/mrvi-growing-60k-3t-spin-60000-puffs-tripla-izu-omlesztett-eldobhato-vape\/"},"modified":"2026-04-07T12:35:09","modified_gmt":"2026-04-07T12:35:09","slug":"mrvi-growing-60k","status":"publish","type":"product","link":"https:\/\/stage.jrfer.com\/hu\/termek\/mrvi-growing-60k\/","title":{"rendered":"MRVI GROWING 60K 3T SPIN 60000 Puffs | tripla \u00edz\u0171 \u00f6mlesztett eldobhat\u00f3 vape"},"content":{"rendered":"<h2>Mi\u00e9rt v\u00e1lassza az MRVI GROWING 60K 3T SPIN-t?<\/h2>\n<ul>\n<li><strong>T\u00f6meges bef\u00faj\u00e1sok sz\u00e1ma:<\/strong> Ak\u00e1r 60 000 besz\u00edv\u00e1s, hosszan tart\u00f3 megel\u00e9gedetts\u00e9get biztos\u00edtva gyakori csere n\u00e9lk\u00fcl.<\/li>\n<li><strong>H\u00e1rmas \u00edzkiv\u00e1l\u00f3s\u00e1g:<\/strong> \u00c9lvezze az \u00e9l\u00e9nk \u00e9s finom \u00edzek sz\u00e9les v\u00e1laszt\u00e9k\u00e1t minden felf\u00faj\u00e1sban, \u00e9s minden \u00edzl\u00e9shez k\u00edn\u00e1l valamit.<\/li>\n<li><strong>Kett\u0151s h\u00e1l\u00f3s tekercs:<\/strong> Tov\u00e1bbfejlesztett tekercstechnol\u00f3gia a sim\u00e1bb, gazdagabb g\u0151ztermel\u00e9s \u00e9s egyenletes teljes\u00edtm\u00e9ny \u00e9rdek\u00e9ben.<\/li>\n<li><strong>C t\u00edpus\u00fa \u00fajrat\u00f6lthet\u0151:<\/strong> A Type-C porton kereszt\u00fcli egyszer\u0171 t\u00f6lt\u00e9s biztos\u00edtja, hogy mindig k\u00e9szen \u00e1lljon a minim\u00e1lis \u00e1ll\u00e1sid\u0151re.<\/li>\n<li><strong>Intelligens kijelz\u0151:<\/strong> A power &amp; e-liquid intelligens k\u00e9perny\u0151 seg\u00edts\u00e9g\u00e9vel k\u00f6nnyed\u00e9n nyomon k\u00f6vetheti a vape teljes\u00edtm\u00e9ny\u00e9t \u00e9s a folyad\u00e9kszintet.<\/li>\n<li><strong>Krist\u00e1lytiszta kialak\u00edt\u00e1s:<\/strong> Az \u00e1tl\u00e1tsz\u00f3 test lehet\u0151v\u00e9 teszi az e-liquid \u00e9s az akkumul\u00e1tor \u00e1llapot\u00e1nak megtekint\u00e9s\u00e9t, st\u00edlust adva a funkcionalit\u00e1shoz.<\/li>\n<\/ul>\n<h3>M\u0171szaki adatok<\/h3>\n<table border=\"1\" cellpadding=\"10\">\n<tbody>\n<tr>\n<th>Funkci\u00f3<\/th>\n<th>R\u00e9szletek<\/th>\n<\/tr>\n<tr>\n<td>Puff kapacit\u00e1s<\/td>\n<td>60 000 f\u00faj\u00e1s<\/td>\n<\/tr>\n<tr>\n<td>E-folyad\u00e9k kapacit\u00e1s<\/td>\n<td>48 ml<\/td>\n<\/tr>\n<tr>\n<td>Akkumul\u00e1tor<\/td>\n<td>650 mAh, C t\u00edpus\u00fa \u00fajrat\u00f6lthet\u0151<\/td>\n<\/tr>\n<tr>\n<td>Tekercs t\u00edpusa<\/td>\n<td>Kett\u0151s h\u00e1l\u00f3s tekercs<\/td>\n<\/tr>\n<tr>\n<td>Nikotin opci\u00f3k<\/td>\n<td>2%, 5%<\/td>\n<\/tr>\n<tr>\n<td>Kijelz\u0151<\/td>\n<td>Power &amp; E-liquid Smart Screen<\/td>\n<\/tr>\n<tr>\n<td>Diz\u00e1jn<\/td>\n<td>Krist\u00e1lytiszta test<\/td>\n<\/tr>\n<\/tbody>\n<\/table>\n<h3>\u00cdzek<\/h3>\n<p>Az MRVI GROWING 60K 3T SPIN \u00ednycsikland\u00f3 \u00edzek sz\u00e9les v\u00e1laszt\u00e9k\u00e1t k\u00edn\u00e1lja minden \u00edzl\u00e9shez:<\/p>\n<ul>\n<li><strong>G\u00f6r\u00f6gdinnye j\u00e9g &amp; Red Bull &amp; Strawberry Kiwi:<\/strong> \u00c9des, cs\u00edp\u0151s \u00e9s energiz\u00e1l\u00f3 kever\u00e9k a friss\u00edt\u0151 g\u0151z\u00e9rt.<\/li>\n<li><strong>Citromos lime \u00e9s epres g\u00f6r\u00f6gdinnye \u00e9s \u00e1fony\u00e1s j\u00e9g:<\/strong> \u00cdzletes \u00e9s \u00e9des kombin\u00e1ci\u00f3 h\u0171v\u00f6s, ropog\u00f3s lecseng\u00e9ssel.<\/li>\n<li><strong>Anan\u00e1szos k\u00f3kuszos, ban\u00e1nos \u00e9s k\u00e9k Razz-j\u00e9g:<\/strong> tr\u00f3pusi gy\u00fcm\u00f6lcs\u00edzek jeges h\u0171v\u00f6ss\u00e9ggel.<\/li>\n<li><strong>M\u00e1lna g\u00f6r\u00f6gdinnye \u00e9s k\u00f3la jeges \u00e9s savany\u00fa alma:<\/strong> Az \u00e9des \u00e9s a savany\u00fa egyed\u00fcl\u00e1ll\u00f3 f\u00fazi\u00f3ja, t\u00f6k\u00e9letes a kalandos g\u0151z\u00f6kh\u00f6z.<\/li>\n<li><strong>Tr\u00f3pusi kever\u00e9k, eperfagylalt \u00e9s mang\u00f3j\u00e9g:<\/strong> \u00cdzletes, kr\u00e9mes tr\u00f3pusi csemege jeges jegyekkel.<\/li>\n<li><strong>Eper Raspberry Cherry &amp; Love 666 &amp; Cherry:<\/strong> \u00c9des, gy\u00fcm\u00f6lcs\u00f6s kever\u00e9k gazdag cseresznye levon\u00e1ssal.<\/li>\n<li><strong>Vegyes bogy\u00f3k, gumis medve \u00e9s \u0151szibarackj\u00e9g:<\/strong> A bogy\u00f3s \u00edzek gy\u00fcm\u00f6lcs\u00f6s robban\u00e1sa h\u0171v\u00f6s lecseng\u00e9ssel.<\/li>\n<li><strong>Grape Ice &amp; Strawberry Candy &amp; Ice Pop:<\/strong> Nosztalgikus, \u00e9des \u00e9s fagyos \u00edzkombin\u00e1ci\u00f3.<\/li>\n<\/ul>\n<h3>Mi\u00e9rt t\u00f6k\u00e9letes az \u00d6n sz\u00e1m\u00e1ra<\/h3>\n<p>Az MRVI GROWING 60K 3T SPIN \u00fagy k\u00e9sz\u00fclt, hogy az alkalmi g\u0151z\u00f6s\u00f6ket \u00e9s az ipari szakembereket egyar\u00e1nt kiel\u00e9g\u00edtse. Legyen sz\u00f3 nagy felhaszn\u00e1l\u00f3r\u00f3l, akinek hossz\u00fa \u00e9lettartamra van sz\u00fcks\u00e9ge, vagy egy \u00edzek rajong\u00f3ja, aki szereti a v\u00e1ltozatoss\u00e1got, vagy egy nagykereskedelmi lehet\u0151s\u00e9geket keres\u0151 vape bolt, ez az eszk\u00f6z ide\u00e1lis az \u00d6n sz\u00e1m\u00e1ra. Eleg\u00e1ns kialak\u00edt\u00e1sa, robusztus teljes\u00edtm\u00e9nye \u00e9s hossz\u00fa \u00e9lettartam\u00fa akkumul\u00e1tora t\u00f6k\u00e9letes v\u00e1laszt\u00e1ss\u00e1 teszi a mindennapi haszn\u00e1latra \u00e9s a t\u00f6meges terjeszt\u00e9shez.<\/p>\n<h3>GYIK<\/h3>\n<ul>\n<li><strong>H\u00e1ny bef\u00faj\u00e1st ad az MRVI GROWING 60K 3T SPIN?<\/strong> Ak\u00e1r 60 000 f\u00faj\u00e1st ad le, ami t\u00f6k\u00e9letes hossz\u00fa t\u00e1v\u00fa haszn\u00e1latra, folyamatos csere n\u00e9lk\u00fcl.<\/li>\n<li><strong>A vape eszk\u00f6z \u00fajrat\u00f6lthet\u0151?<\/strong> Igen, 650 mAh kapacit\u00e1s\u00fa C t\u00edpus\u00fa \u00fajrat\u00f6lthet\u0151 akkumul\u00e1torral rendelkezik.<\/li>\n<li><strong>Milyen nikotiner\u0151ss\u00e9gi lehet\u0151s\u00e9gek \u00e1llnak rendelkez\u00e9sre?<\/strong> Az eszk\u00f6z k\u00e9t nikotinszinttel rendelkezik: 2% \u00e9s 5%.<\/li>\n<li><strong>Mi az MRVI GROWING 60K 3T SPIN t\u00edpus\u00fa tekercs?<\/strong> Az eszk\u00f6z Dual Mesh Coil-ot haszn\u00e1l a sima \u00e9s egyenletes g\u0151ztermel\u00e9s \u00e9rdek\u00e9ben.<\/li>\n<li><strong>Hogyan ellen\u0151rizhetem az e-liquid \u00e9s az akkumul\u00e1tor t\u00f6lt\u00f6tts\u00e9gi szintj\u00e9t?<\/strong> Az MRVI GROWING 60K 3T SPIN intelligens k\u00e9perny\u0151je az energia \u00e9s az e-liquid t\u00f6lt\u00f6tts\u00e9gi szintj\u00e9t egyar\u00e1nt mutatja.<\/li>\n<\/ul>\n","protected":false},"excerpt":{"rendered":"<p>Az MRVI GROWING 60K 3T SPIN a t\u00f6k\u00e9letes eldobhat\u00f3 vape, amely ak\u00e1r 60 000 f\u00faj\u00e1ssal is kiel\u00e9g\u00edt\u0151 \u00e9lm\u00e9nyt ny\u00fajt! Eleg\u00e1ns, krist\u00e1lytiszta test\u00e9vel \u00e9s h\u00e1rmas \u00edzes\u00edt\u00e9si lehet\u0151s\u00e9geivel \u00fagy tervezt\u00e9k, hogy megfeleljen az \u00edzek kedvel\u0151inek \u00e9s a neh\u00e9z felhaszn\u00e1l\u00f3knak egyar\u00e1nt.<\/p>\n","protected":false},"featured_media":3860,"comment_status":"open","ping_status":"closed","template":"","meta":[],"product_brand":[],"product_cat":[1708],"product_tag":[],"class_list":{"0":"post-13099","1":"product","2":"type-product","3":"status-publish","4":"has-post-thumbnail","6":"product_cat-mrvi","8":"first","9":"instock","10":"shipping-taxable","11":"purchasable","12":"product-type-variable","13":"has-default-attributes"},"tiered_pricing_type":"fixed","tiered_pricing_fixed_rules":{"100":6.29000000000000003552713678800500929355621337890625,"200":5.9199999999999999289457264239899814128875732421875,"400":5.4900000000000002131628207280300557613372802734375},"tiered_pricing_product_settings":{"layout":"default","base_unit_name":{"singular":null,"plural":null},"default_variation":null},"tiered_pricing_minimum_quantity":50,"tiered_pricing_roles_data":[],"tiered_pricing_percentage_rules":[],"tiered_pricing_maximum_quantity":null,"tiered_pricing_quantity_step":"10","_links":{"self":[{"href":"https:\/\/stage.jrfer.com\/hu\/wp-json\/wp\/v2\/product\/13099","targetHints":{"allow":["GET"]}}],"collection":[{"href":"https:\/\/stage.jrfer.com\/hu\/wp-json\/wp\/v2\/product"}],"about":[{"href":"https:\/\/stage.jrfer.com\/hu\/wp-json\/wp\/v2\/types\/product"}],"replies":[{"embeddable":true,"href":"https:\/\/stage.jrfer.com\/hu\/wp-json\/wp\/v2\/comments?post=13099"}],"wp:featuredmedia":[{"embeddable":true,"href":"https:\/\/stage.jrfer.com\/hu\/wp-json\/wp\/v2\/media\/3860"}],"wp:attachment":[{"href":"https:\/\/stage.jrfer.com\/hu\/wp-json\/wp\/v2\/media?parent=13099"}],"wp:term":[{"taxonomy":"product_brand","embeddable":true,"href":"https:\/\/stage.jrfer.com\/hu\/wp-json\/wp\/v2\/product_brand?post=13099"},{"taxonomy":"product_cat","embeddable":true,"href":"https:\/\/stage.jrfer.com\/hu\/wp-json\/wp\/v2\/product_cat?post=13099"},{"taxonomy":"product_tag","embeddable":true,"href":"https:\/\/stage.jrfer.com\/hu\/wp-json\/wp\/v2\/product_tag?post=13099"}],"curies":[{"name":"wp","href":"https:\/\/api.w.org\/{rel}","templated":true}]}}