{"id":14639,"date":"2025-07-07T09:28:38","date_gmt":"2025-07-07T09:28:38","guid":{"rendered":"https:\/\/stage.jrfer.com\/product\/uzy-60k-3-az-1-ben-60000-puff-triple-mesh-coil-omlesztett-eldobhato-vape\/"},"modified":"2026-04-07T12:38:49","modified_gmt":"2026-04-07T12:38:49","slug":"uzy-triple-flavors-60000","status":"publish","type":"product","link":"https:\/\/stage.jrfer.com\/hu\/termek\/uzy-triple-flavors-60000\/","title":{"rendered":"UZY 60K 3 az 1-ben 60000 Puff | triple mesh coil \u00f6mlesztett eldobhat\u00f3 vape"},"content":{"rendered":"<h2>Mi\u00e9rt v\u00e1lassza az UZY Triple Flavours 60000-et?<\/h2>\n<ul>\n<li><strong>Hatalmas bef\u00faj\u00e1si kapacit\u00e1s:<\/strong> Ak\u00e1r 60 000 bef\u00faj\u00e1s a hosszan tart\u00f3 haszn\u00e1lat \u00e9rdek\u00e9ben \ud83d\ude80<\/li>\n<li><strong>H\u00e1romszoros \u00edzforgat\u00e1s:<\/strong> V\u00e1ltson 3 izgalmas \u00edz k\u00f6z\u00f6tt egy eszk\u00f6zben \ud83c\udf47\ud83c\udf49\ud83e\udd6d<\/li>\n<li><strong>Pro \u00e9s Max m\u00f3dok:<\/strong> V\u00e1lasszon a sim\u00e1bb felh\u0151k vagy a maxim\u00e1lis intenzit\u00e1s k\u00f6z\u00f6tt \u26a1\ud83c\udf2c\ufe0f<\/li>\n<li><strong>Triple Mesh Coil:<\/strong> Mer\u00e9sz, gazdag \u00edzt biztos\u00edt minden felf\u00faj\u00e1ssal \ud83d\udd25<\/li>\n<li><strong>\u00dajrat\u00f6lthet\u0151 teljes\u00edtm\u00e9ny:<\/strong> A 850 mAh-s Type-C gyorst\u00f6lt\u00e9ssel tov\u00e1bb g\u0151z\u00f6l\u00f6ghet \ud83d\udd0b<\/li>\n<li><strong>LED Smart Screen:<\/strong> K\u00f6nny\u0171 olaj- \u00e9s akkumul\u00e1torfigyel\u00e9s \ud83d\udcca<\/li>\n<li><strong>Nagykereskedelmi k\u00e9szenl\u00e9t:<\/strong> T\u00f6megbar\u00e1t kialak\u00edt\u00e1s, t\u00f6k\u00e9letes a forgalmaz\u00f3k \u00e9s a kiskeresked\u0151k sz\u00e1m\u00e1ra \ud83d\udce6<\/li>\n<\/ul>\n<h3>M\u0171szaki adatok<\/h3>\n<tbody>\n<tr>\n<td><strong>Puff kapacit\u00e1s:<\/strong><\/td>\n<td>60 000 f\u00faj\u00e1s<\/td>\n<\/tr>\n<tr>\n<td><strong>E-folyad\u00e9k kapacit\u00e1sa:<\/strong><\/td>\n<td>54 ml (18 ml \u00d7 3 \u00edz)<\/td>\n<\/tr>\n<tr>\n<td><strong>Akkumul\u00e1tor:<\/strong><\/td>\n<td>850 mAh \u00fajrat\u00f6lthet\u0151, Type-C<\/td>\n<\/tr>\n<tr>\n<td><strong>Tekercs t\u00edpusa:<\/strong><\/td>\n<td>H\u00e1romh\u00e1l\u00f3s tekercs<\/td>\n<\/tr>\n<tr>\n<td><strong>Nikotin opci\u00f3k:<\/strong><\/td>\n<td>0%, 2%, 3%, 5%<\/td>\n<\/tr>\n<tr>\n<td><strong>Kijelz\u0151:<\/strong><\/td>\n<td>LED intelligens k\u00e9perny\u0151<\/td>\n<\/tr>\n<tr>\n<td><strong>Tervez\u00e9s:<\/strong><\/td>\n<td>Krist\u00e1lytiszta test<\/td>\n<\/tr>\n<tr>\n<td><strong>Energia \u00fczemm\u00f3dok:<\/strong><\/td>\n<td>Pro \u00e9s Max<\/td>\n<\/tr>\n<\/tbody>\n<\/table>\n<h3>\u00cdzkombin\u00e1ci\u00f3k<\/h3>\n<p>Az UZY 60K izgalmas, h\u00e1rom \u00edz\u0171 komb\u00f3kat k\u00edn\u00e1l, \u00edgy soha nem fog unatkozni. \u00cdme n\u00e9h\u00e1ny kiemel\u00e9s:<\/p>\n<ul>\n<li><strong>\u00c1fonya m\u00e1lna \u2022 Eper Kiwi \u2022 Citrom lime:<\/strong> Gy\u00fcm\u00f6lcs\u00f6s \u00e9s friss\u00edt\u0151 kever\u00e9k citrusos lend\u00fclettel \ud83e\uded0\ud83c\udf53\ud83c\udf4b<\/li>\n<li><strong>Kiwi passi\u00f3gy\u00fcm\u00f6lcs guava \u2022 \u00c1fonya j\u00e9g \u2022 \u0150szibarack mang\u00f3:<\/strong> Egzotikus, jeges \u00e9s tr\u00f3pusi finoms\u00e1g \ud83e\udd5d\ud83e\udd6d\u2744\ufe0f<\/li>\n<li><strong>Epres g\u00f6r\u00f6gdinnye \u2022 K\u00f3la j\u00e9g \u2022 Cseresznye k\u00f3la:<\/strong> Az \u00e9des gy\u00fcm\u00f6lcs\u00f6k tal\u00e1lkoznak a sz\u00e9nsavas sz\u00f3da hangulat\u00e1val \ud83c\udf53\ud83c\udf49\ud83e\udd64<\/li>\n<li><strong>\u0150szibarackos j\u00e9g \u2022 epres m\u00e1lna-cseresznye j\u00e9g \u2022 k\u00e9t alm\u00e1s j\u00e9g:<\/strong> klasszikusok \u00e9s h\u0171s\u00edt\u0151 kever\u00e9kek gazdag kever\u00e9ke \ud83c\udf51\ud83c\udf52\ud83c\udf4f<\/li>\n<li><strong>Sz\u0151l\u0151j\u00e9g \u2022 Love 666 \u2022 Strawberry Red Bull:<\/strong> Mer\u00e9sz sz\u0151l\u0151, energikus hangulat \u00e9s egyedi \u00edz \ud83c\udf47\u26a1<\/li>\n<li><strong>Mr Blue \u2022 Gummy Bear \u2022 Red Bull Ice:<\/strong> Vid\u00e1m \u00e9dess\u00e9g \u00edzek friss\u00edt\u0151 energi\u00e1val \ud83c\udf6c\u2744\ufe0f<\/li>\n<li><strong>\u0150szibarackos mang\u00f3 anan\u00e1sz \u2022 Blue Razz Ice \u2022 M\u00e1lna g\u00f6r\u00f6gdinnye:<\/strong> Tr\u00f3pusi, cs\u00edp\u0151s \u00e9s l\u00e9d\u00fas r\u00e9tegek \ud83c\udf4d\ud83c\udf51\ud83c\udf49<\/li>\n<li><strong>G\u00f6r\u00f6gdinnye j\u00e9g \u2022 Tripla dinnye j\u00e9g \u2022 Eper ban\u00e1n:<\/strong> Sima \u00e9s friss\u00edt\u0151 gy\u00fcm\u00f6lcs\u00f6s kombin\u00e1ci\u00f3 \ud83c\udf49\ud83c\udf4c<\/li>\n<li><strong>Ny\u00e1ri barackj\u00e9g \u2022 Eperj\u00e9g \u2022 Blue Razz Ice:<\/strong> \u00c9des, h\u0171v\u00f6s \u00e9s gy\u00fcm\u00f6lcs\u00f6s tri\u00f3 \u2744\ufe0f\ud83c\udf51\ud83c\udf53<\/li>\n<li><strong>Cseresznyej\u00e9g \u2022 Vegyes bogy\u00f3s gy\u00fcm\u00f6lcs\u00f6k \u2022 Black Dragon Ice:<\/strong> Egyed\u00fcl\u00e1ll\u00f3, mer\u00e9sz \u00e9s jeges \u00e9lm\u00e9ny \ud83c\udf52\ud83d\udda4<\/li>\n<\/ul>\n<h3>T\u00f6k\u00e9letes neh\u00e9z felhaszn\u00e1l\u00f3k, \u00edzel\u00edt\u0151k \u00e9s nagykeresked\u00e9sek sz\u00e1m\u00e1ra<\/h3>\n<p>Az UZY Triple Flavours 60000 azoknak k\u00e9sz\u00fclt, akik v\u00e1ltozatoss\u00e1gra \u00e9s teljes\u00edtm\u00e9nyre v\u00e1gynak. 60 000 felf\u00faj\u00e1ssal, forg\u00f3 \u00edzekkel \u00e9s er\u0151teljes h\u00e1rmas h\u00e1l\u00f3s tekercsekkel t\u00f6k\u00e9letes v\u00e1laszt\u00e1s a kem\u00e9ny g\u0151z\u00f6l\u0151knek, az \u00edzek szerelmeseinek \u00e9s a vape boltoknak. Az \u00f6mlesztett csomagol\u00e1snak k\u00f6sz\u00f6nhet\u0151en a legjobb v\u00e1laszt\u00e1s a nagykereskedelmi forgalmaz\u00e1shoz. \ud83d\udcaf\ud83d\udca8<\/p>\n<h3>GYIK<\/h3>\n<ul>\n<li><strong>H\u00e1ny \u00edz k\u00f6z\u00fcl v\u00e1lthatok?<\/strong><br \/>\nMinden eszk\u00f6z 3 k\u00fcl\u00f6nb\u00f6z\u0151 \u00edzt tartalmaz, amelyeket b\u00e1rmikor elforgathatsz.<\/li>\n<li><strong>Elt\u00e9r\u0151 a nikotinszintje?<\/strong><br \/>\nIgen, el\u00e9rhet\u0151 0%, 2%, 3% \u00e9s 5% opci\u00f3kkal.<\/li>\n<li><strong>\u00dajrat\u00f6lthet\u0151 az akkumul\u00e1tor?<\/strong><br \/>\nIgen! 850 mAh-s \u00fajrat\u00f6lthet\u0151 akkumul\u00e1torral \u00e9s C t\u00edpus\u00fa t\u00f6lt\u00e9ssel \u00e9rkezik.<\/li>\n<li><strong>Miben k\u00fcl\u00f6nb\u00f6zik a t\u00f6bbi vape-t\u00f3l?<\/strong><br \/>\nH\u00e1rom h\u00e1l\u00f3s tekercsekkel, Pro \u00e9s Max m\u00f3ddal, valamint 60 000 f\u00faj\u00e1ssal rendelkezik h\u00e1rom \u00edz\u0171 kamr\u00e1val.<\/li>\n<li><strong>Nagykereskedelmi rendel\u00e9sekhez j\u00f3?<\/strong><br \/>\nEgy\u00e1ltal\u00e1n \u2013 az UZY 60K nagy mennyis\u00e9gben haszn\u00e1lhat\u00f3, \u00e9s rendk\u00edv\u00fcl vonz\u00f3 a forgalmaz\u00f3k \u00e9s a vape boltok sz\u00e1m\u00e1ra.<\/li>\n<\/ul>\n","protected":false},"excerpt":{"rendered":"<p>Fedezze fel a v\u00e9gtelen \u00edzv\u00e1laszt\u00e9kot az UZY Triple Flavours 60000 \ud83d\udca8\ud83d\udd25 seg\u00edts\u00e9g\u00e9vel. \u00c9lvezze a 3 forg\u00f3 \u00edzt, az ak\u00e1r 60 000 felf\u00faj\u00e1st \u00e9s az er\u0151teljes h\u00e1rmas h\u00e1l\u00f3s tekercseket \u2013 neh\u00e9z g\u0151z\u00f6l\u0151knek, vape boltoknak \u00e9s nagykereskedelmi v\u00e1s\u00e1rl\u00f3knak k\u00e9sz\u00fclt.<\/p>\n","protected":false},"featured_media":3849,"comment_status":"open","ping_status":"closed","template":"","meta":[],"product_brand":[],"product_cat":[1886],"product_tag":[],"class_list":{"0":"post-14639","1":"product","2":"type-product","3":"status-publish","4":"has-post-thumbnail","6":"product_cat-uzy","8":"first","9":"instock","10":"shipping-taxable","11":"purchasable","12":"product-type-variable","13":"has-default-attributes"},"tiered_pricing_type":"fixed","tiered_pricing_fixed_rules":{"30":8.6400000000000005684341886080801486968994140625,"50":6.79000000000000003552713678800500929355621337890625,"100":6.1699999999999999289457264239899814128875732421875,"200":5.79999999999999982236431605997495353221893310546875,"400":5.37000000000000010658141036401502788066864013671875},"tiered_pricing_product_settings":{"layout":"default","base_unit_name":{"singular":null,"plural":null},"default_variation":null},"tiered_pricing_minimum_quantity":10,"tiered_pricing_roles_data":[],"tiered_pricing_percentage_rules":[],"tiered_pricing_maximum_quantity":null,"tiered_pricing_quantity_step":"10","_links":{"self":[{"href":"https:\/\/stage.jrfer.com\/hu\/wp-json\/wp\/v2\/product\/14639","targetHints":{"allow":["GET"]}}],"collection":[{"href":"https:\/\/stage.jrfer.com\/hu\/wp-json\/wp\/v2\/product"}],"about":[{"href":"https:\/\/stage.jrfer.com\/hu\/wp-json\/wp\/v2\/types\/product"}],"replies":[{"embeddable":true,"href":"https:\/\/stage.jrfer.com\/hu\/wp-json\/wp\/v2\/comments?post=14639"}],"wp:featuredmedia":[{"embeddable":true,"href":"https:\/\/stage.jrfer.com\/hu\/wp-json\/wp\/v2\/media\/3849"}],"wp:attachment":[{"href":"https:\/\/stage.jrfer.com\/hu\/wp-json\/wp\/v2\/media?parent=14639"}],"wp:term":[{"taxonomy":"product_brand","embeddable":true,"href":"https:\/\/stage.jrfer.com\/hu\/wp-json\/wp\/v2\/product_brand?post=14639"},{"taxonomy":"product_cat","embeddable":true,"href":"https:\/\/stage.jrfer.com\/hu\/wp-json\/wp\/v2\/product_cat?post=14639"},{"taxonomy":"product_tag","embeddable":true,"href":"https:\/\/stage.jrfer.com\/hu\/wp-json\/wp\/v2\/product_tag?post=14639"}],"curies":[{"name":"wp","href":"https:\/\/api.w.org\/{rel}","templated":true}]}}