{"id":19514,"date":"2025-07-07T09:22:11","date_gmt":"2025-07-07T09:22:11","guid":{"rendered":"https:\/\/stage.jrfer.com\/product\/bang-blaze-shisha-40k-40-000-puff-omlesztett-eldobhato-vape-40-ml-e-liquiddel\/"},"modified":"2026-04-07T12:44:45","modified_gmt":"2026-04-07T12:44:45","slug":"bang-blaze-shisha-40000","status":"publish","type":"product","link":"https:\/\/stage.jrfer.com\/hu\/termek\/bang-blaze-shisha-40000\/","title":{"rendered":"Bang Blaze Shisha 40K | 40 000 puff \u00f6mlesztett eldobhat\u00f3 vape 40 ml e-liquiddel"},"content":{"rendered":"<h2>Mi\u00e9rt v\u00e1lassza a Bang Blaze Shisha 40000-et?<\/h2>\n<ul>\n<li><strong>Ultra-nagy bef\u00faj\u00e1ssz\u00e1m:<\/strong> Ak\u00e1r 40 000 f\u00faj\u00e1s a v\u00e9gtelen el\u00e9gedetts\u00e9g\u00e9rt \ud83d\ude80<\/li>\n<li><strong>T\u00f6meges, 40 ml-es E-folyad\u00e9k tart\u00e1ly:<\/strong> El\u0151re felt\u00f6ltve a hossz\u00fa haszn\u00e1lathoz, ut\u00e1nt\u00f6lt\u00e9s n\u00e9lk\u00fcl \ud83d\udce6<\/li>\n<li><strong>Er\u0151teljes akkumul\u00e1tor:<\/strong> 1000 mAh \u00fajrat\u00f6lthet\u0151 Type-C gyorst\u00f6lt\u00e9ssel \ud83d\udd0b\u26a1<\/li>\n<li><strong>Mesh Coil technol\u00f3gia:<\/strong> A 0,6 \u03a9 h\u00e1l\u00f3s tekercs sima, \u00edzletes felh\u0151ket biztos\u00edt \ud83c\udf2c\ufe0f<\/li>\n<li><strong>Rugalmas nikotin opci\u00f3k:<\/strong> V\u00e1lasszon a 0%, 2%, 3% vagy 5% k\u00f6z\u00fcl az ig\u00e9nyeinek megfelel\u0151en \ud83d\udca7<\/li>\n<li><strong>T\u00f6meges csomagol\u00e1s:<\/strong> 10 db csomagonk\u00e9nt, ide\u00e1lis forgalmaz\u00f3k \u00e9s kiskeresked\u0151k sz\u00e1m\u00e1ra \ud83c\udfea<\/li>\n<li><strong>Shisha-st\u00edlus\u00fa g\u0151z\u00f6l\u00e9s:<\/strong> Mer\u00e9sz \u00edz, s\u0171r\u0171 p\u00e1ra \u00e9s minden alkalommal kiel\u00e9g\u00edt\u0151 h\u00faz\u00e1s \ud83d\ude0b<\/li>\n<\/ul>\n<h3>M\u0171szaki adatok<\/h3>\n<tbody>\n<tr>\n<td><strong>Puff kapacit\u00e1s:<\/strong><\/td>\n<td>Ak\u00e1r 40 000 f\u00faj\u00e1s<\/td>\n<\/tr>\n<tr>\n<td><strong>E-folyad\u00e9k kapacit\u00e1s:<\/strong><\/td>\n<td>40 ml<\/td>\n<\/tr>\n<tr>\n<td><strong>Akkumul\u00e1tor:<\/strong><\/td>\n<td>1000 mAh \u00fajrat\u00f6lthet\u0151, C t\u00edpus\u00fa gyorst\u00f6lt\u00e9s<\/td>\n<\/tr>\n<tr>\n<td><strong>Tekercs t\u00edpusa:<\/strong><\/td>\n<td>0,6\u03a9 mesh tekercs<\/td>\n<\/tr>\n<tr>\n<td><strong>Nikotin er\u0151ss\u00e9ge:<\/strong><\/td>\n<td>0%, 2%, 3%, 5%<\/td>\n<\/tr>\n<tr>\n<td><strong>Tervez\u00e9s:<\/strong><\/td>\n<td>Shisha ihlette eldobhat\u00f3, kompakt fel\u00e9p\u00edt\u00e9s\u0171<\/td>\n<\/tr>\n<tr>\n<td><strong>Csomagol\u00e1s:<\/strong><\/td>\n<td>10 db csomagonk\u00e9nt (\u00f6mlesztve k\u00e9sz)<\/td>\n<\/tr>\n<\/tbody>\n<\/table>\n<h3>\u00cdzv\u00e1laszt\u00e1s<\/h3>\n<p>A Bang Blaze Shisha 40K 12 izgalmas \u00edzt k\u00edn\u00e1l, a gy\u00fcm\u00f6lcs\u00f6s \u00e9dess\u00e9get jeges hidegs\u00e9ggel keverve. A k\u00f6vetkez\u0151ket \u00e9lvezheti:<\/p>\n<ul>\n<li><strong>G\u00f6r\u00f6gdinnye:<\/strong> Klasszikus, l\u00e9d\u00fas \u00e9s friss\u00edt\u0151 \ud83c\udf49<\/li>\n<li><strong>G\u00f6r\u00f6gdinnye eper:<\/strong> Egy \u00e9des ny\u00e1ri p\u00e1ros \ud83c\udf49\ud83c\udf53<\/li>\n<li><strong>Pina Colada:<\/strong> tr\u00f3pusi k\u00f3kusz \u00e9s anan\u00e1sz hangulat \ud83e\udd65\ud83c\udf4d<\/li>\n<li><strong>Eperj\u00e9g:<\/strong> \u00c9des eper fagyos befejez\u00e9ssel \u2744\ufe0f\ud83c\udf53<\/li>\n<li><strong>Red Bull:<\/strong> Mer\u00e9sz, energiz\u00e1l\u00f3 \u00edz \u26a1\ud83e\udd64<\/li>\n<li><strong>Barack j\u00e9g:<\/strong> L\u00e9d\u00fas \u0151szibarack h\u0171s\u00edt\u0151 felhanggal \ud83c\udf51\u2744\ufe0f<\/li>\n<li><strong>\u00c1fonya j\u00e9g:<\/strong> Cs\u00edp\u0151s bogy\u00f3s illat jeges hideggel \ud83e\uded0\u2744\ufe0f<\/li>\n<li><strong>\u00c1fonya m\u00e1lna:<\/strong> fanyar \u00e9s \u00e9des bogy\u00f3s kever\u00e9k \ud83e\uded0\ud83c\udf47<\/li>\n<li><strong>Cherry Blossom sz\u0151l\u0151:<\/strong> Egyed\u00fcl\u00e1ll\u00f3 vir\u00e1g-sz\u0151l\u0151 f\u00fazi\u00f3 \ud83c\udf38\ud83c\udf47<\/li>\n<li><strong>Dupla alma:<\/strong> \u00c9les, gazdag \u00e9s klasszikus \ud83c\udf4f\ud83c\udf4e<\/li>\n<li><strong>Vegyes gy\u00fcm\u00f6lcs:<\/strong> a gy\u00fcm\u00f6lcs\u00f6s \u00e9dess\u00e9g sz\u00ednes kever\u00e9ke \ud83c\udf53\ud83c\udf51\ud83c\udf4d<\/li>\n<li><strong>Mang\u00f3s \u0151szibarack:<\/strong> Mang\u00f3 \u00e9s \u0151szibarack sima tr\u00f3pusi p\u00e1ros\u00edt\u00e1sa \ud83e\udd6d\ud83c\udf51<\/li>\n<\/ul>\n<h3>T\u00f6k\u00e9letes neh\u00e9z vapperek \u00e9s nagykereskedelmi v\u00e1s\u00e1rl\u00f3k sz\u00e1m\u00e1ra<\/h3>\n<p>A <strong>Bang Blaze Shisha 40K<\/strong> olyan g\u0151z\u00f6l\u0151k sz\u00e1m\u00e1ra k\u00e9sz\u00fclt, akik maxim\u00e1lis felf\u00faj\u00e1sra, mer\u00e9sz \u00edzekre \u00e9s megb\u00edzhat\u00f3 teljes\u00edtm\u00e9nyre v\u00e1gynak. Hatalmas e-liquid tart\u00e1ly\u00e1val, gyors Type-C t\u00f6lt\u00e9s\u00e9vel \u00e9s 10 csomagos \u00f6mlesztett csomagol\u00e1s\u00e1val t\u00f6k\u00e9letes v\u00e1laszt\u00e1s az \u00edzek szerelmeseinek, a vape boltoknak \u00e9s a nagy kereslet\u0171 term\u00e9keket keres\u0151 forgalmaz\u00f3knak. \ud83d\udce6\ud83d\udcaf<\/p>\n<h3>GYIK<\/h3>\n<ul>\n<li><strong>Mennyi ideig m\u0171k\u00f6dik egy eszk\u00f6z?<\/strong><br \/>\nAk\u00e1r 40 000 bef\u00faj\u00e1ssal, haszn\u00e1latt\u00f3l f\u00fcgg\u0151en hetekig kitart.<\/li>\n<li><strong>Nikotinmentesen kaphat\u00f3?<\/strong><br \/>\nIgen, az opci\u00f3k k\u00f6z\u00e9 tartozik a 0%, 2%, 3% \u00e9s 5% nikotin.<\/li>\n<li><strong>\u00dajrat\u00f6lthet\u0151?<\/strong><br \/>\nIgen, 1000 mAh-s akkumul\u00e1torral rendelkezik, Type-C gyorst\u00f6lt\u00e9ssel.<\/li>\n<li><strong>Mit\u0151l j\u00f3 a nagykereskedelem?<\/strong><br \/>\nMinden csomag 10 egys\u00e9get tartalmaz, nagyban k\u00e9szen \u00e1ll a kiskereskedelmi polcokra.<\/li>\n<li><strong>Mi a k\u00fcl\u00f6nleges a tekercsben?<\/strong><br \/>\nA 0,6 \u03a9-os mesh tekercs sim\u00e1bb, \u00edzesebb \u00fct\u00e9seket biztos\u00edt minden f\u00faj\u00e1ssal.<\/li>\n<\/ul>\n","protected":false},"excerpt":{"rendered":"<p>A <strong>Bang Blaze Shisha 40000<\/strong> \ud83d\udca8 hatalmas felh\u0151ket, mer\u00e9sz \u00edzeket \u00e9s 40 000 kiel\u00e9g\u00edt\u0151 f\u00faj\u00e1st biztos\u00edt. Er\u0151s g\u0151z\u00f6s\u00f6knek, vape boltoknak \u00e9s nagybani v\u00e1s\u00e1rl\u00f3knak tervezt\u00e9k, ez egy hosszan tart\u00f3 er\u0151m\u0171, gazdag v\u00edzipip\u00e1s st\u00edlus\u00fa \u00edzzel.<\/p>\n","protected":false},"featured_media":1757,"comment_status":"open","ping_status":"closed","template":"","meta":[],"product_brand":[],"product_cat":[617,346],"product_tag":[],"class_list":{"0":"post-19514","1":"product","2":"type-product","3":"status-publish","4":"has-post-thumbnail","6":"product_cat-40000-puff-eldobhato-vape","7":"product_cat-bang","9":"first","10":"instock","11":"shipping-taxable","12":"purchasable","13":"product-type-variable","14":"has-default-attributes"},"tiered_pricing_type":"fixed","tiered_pricing_fixed_rules":{"30":6.4199999999999999289457264239899814128875732421875,"50":5.54999999999999982236431605997495353221893310546875,"100":4.80999999999999960920149533194489777088165283203125,"200":4.44000000000000039079850466805510222911834716796875,"400":3.890000000000000124344978758017532527446746826171875},"tiered_pricing_product_settings":{"layout":"default","base_unit_name":{"singular":null,"plural":null},"default_variation":null},"tiered_pricing_minimum_quantity":10,"tiered_pricing_roles_data":[],"tiered_pricing_percentage_rules":[],"tiered_pricing_maximum_quantity":null,"tiered_pricing_quantity_step":"10","_links":{"self":[{"href":"https:\/\/stage.jrfer.com\/hu\/wp-json\/wp\/v2\/product\/19514","targetHints":{"allow":["GET"]}}],"collection":[{"href":"https:\/\/stage.jrfer.com\/hu\/wp-json\/wp\/v2\/product"}],"about":[{"href":"https:\/\/stage.jrfer.com\/hu\/wp-json\/wp\/v2\/types\/product"}],"replies":[{"embeddable":true,"href":"https:\/\/stage.jrfer.com\/hu\/wp-json\/wp\/v2\/comments?post=19514"}],"wp:featuredmedia":[{"embeddable":true,"href":"https:\/\/stage.jrfer.com\/hu\/wp-json\/wp\/v2\/media\/1757"}],"wp:attachment":[{"href":"https:\/\/stage.jrfer.com\/hu\/wp-json\/wp\/v2\/media?parent=19514"}],"wp:term":[{"taxonomy":"product_brand","embeddable":true,"href":"https:\/\/stage.jrfer.com\/hu\/wp-json\/wp\/v2\/product_brand?post=19514"},{"taxonomy":"product_cat","embeddable":true,"href":"https:\/\/stage.jrfer.com\/hu\/wp-json\/wp\/v2\/product_cat?post=19514"},{"taxonomy":"product_tag","embeddable":true,"href":"https:\/\/stage.jrfer.com\/hu\/wp-json\/wp\/v2\/product_tag?post=19514"}],"curies":[{"name":"wp","href":"https:\/\/api.w.org\/{rel}","templated":true}]}}