{"id":21633,"date":"2026-03-12T04:24:33","date_gmt":"2026-03-12T04:24:33","guid":{"rendered":"https:\/\/stage.jrfer.com\/product\/bang-legend-geek-60k-allithato-legaramlas-es-turbo-uzemmod-60000-befujas-nagy-kapacitasu-eldobhato-vape\/"},"modified":"2026-04-07T09:50:16","modified_gmt":"2026-04-07T09:50:16","slug":"bang-legend-geek-60k-adjustable-airflow-turbo-mode-60000-puffs-high-capacity-disposable-vape","status":"publish","type":"product","link":"https:\/\/stage.jrfer.com\/hu\/termek\/bang-legend-geek-60k-adjustable-airflow-turbo-mode-60000-puffs-high-capacity-disposable-vape\/","title":{"rendered":"Bang Legend Geek 60K | \u00e1ll\u00edthat\u00f3 l\u00e9g\u00e1raml\u00e1s \u00e9s turb\u00f3 \u00fczemm\u00f3d, 60000 bef\u00faj\u00e1s, nagy kapacit\u00e1s\u00fa, eldobhat\u00f3 vape"},"content":{"rendered":"<h2>Bang Legend Geek 60000 60K eldobhat\u00f3 vape \u2013 er\u0151, kontroll \u00e9s kitart\u00e1s<\/h2>\n<p>A Bang Legend Geek 60000 eldobhat\u00f3 g\u0151z\u00f6l\u0151t azoknak a g\u0151z\u00f6l\u0151knek tervezt\u00e9k, akik <strong>maxim\u00e1lis sz\u00edv\u00e1si sz\u00e1mot<\/strong> szeretn\u00e9nek <strong>okos testreszab\u00e1ssal<\/strong>. Ak\u00e1r 60 000 bef\u00faj\u00e1ssal, \u00e1ll\u00edthat\u00f3 l\u00e9g\u00e1raml\u00e1ssal \u00e9s exkluz\u00edv Turb\u00f3 \u00fczemm\u00f3ddal ez az eszk\u00f6z er\u0151teljes, m\u00e9gis sima g\u0151z\u00f6l\u00e9st biztos\u00edt az els\u0151 h\u00faz\u00e1st\u00f3l az utols\u00f3ig \ud83d\udca8.<\/p>\n<p>A nagy, 19 ml-es e-folyad\u00e9kkapacit\u00e1ssal \u00e9s egy fejlett, 1,0 \u03a9-os mesh-tekerccsel felszerelve gazdag \u00edzt, s\u0171r\u0171 g\u0151zt \u00e9s egyenletes teljes\u00edtm\u00e9nyt biztos\u00edt. A 850 mAh-s, \u00fajrat\u00f6lthet\u0151, C t\u00edpus\u00fa gyorst\u00f6lt\u00e9ssel rendelkez\u0151 akkumul\u00e1torral hosszabb ideig g\u0151z\u00f6l\u00f6ghet kevesebb \u00e1ll\u00e1sid\u0151vel \ud83d\udd0b.<\/p>\n<h3>Mi\u00e9rt v\u00e1lassza a Bang Legend Geek 60000-et?<\/h3>\n<ul>\n<li>\ud83d\udd25 Ak\u00e1r 60 000 bef\u00faj\u00e1s az ultrahossz\u00fa haszn\u00e1lathoz<\/li>\n<li>\ud83c\udf9b \u00c1ll\u00edthat\u00f3 l\u00e9g\u00e1raml\u00e1s a sz\u0171k vagy szell\u0151s h\u00faz\u00e1shoz<\/li>\n<li>\u26a1 Turb\u00f3 m\u00f3d az er\u0151sebb sl\u00e1gerekhez \u00e9s nagyobb felh\u0151kh\u00f6z<\/li>\n<li>\ud83e\uddea A 19 ml-es nagy e-liquid kapacit\u00e1s cs\u00f6kkenti a cser\u00e9k sz\u00e1m\u00e1t<\/li>\n<li>\ud83c\udf08 12 n\u00e9pszer\u0171 \u00edz a k\u00fcl\u00f6nb\u00f6z\u0151 \u00edzl\u00e9sek kiel\u00e9g\u00edt\u00e9s\u00e9re<\/li>\n<li>\ud83d\udc40 Tiszta e-liquid ablak a l\u00e9szint egyszer\u0171 ellen\u0151rz\u00e9s\u00e9hez<\/li>\n<li>\ud83d\udce6 Dobozonk\u00e9nt 10 db, t\u00f6k\u00e9letes kis- \u00e9s nagykereskedelemre<\/li>\n<\/ul>\n<h3>A Bang Legend Geek 60K specifik\u00e1ci\u00f3i<\/h3>\n<\/p>\n<tbody>\n<tr>\n<td>Puff Count<\/td>\n<td>Ak\u00e1r 60 000 f\u00faj\u00e1s<\/td>\n<\/tr>\n<tr>\n<td>Nikotin er\u0151ss\u00e9ge<\/td>\n<td>2% \/ 3% \/ 5%<\/td>\n<\/tr>\n<tr>\n<td>E-folyad\u00e9k kapacit\u00e1s<\/td>\n<td>19 ml<\/td>\n<\/tr>\n<tr>\n<td>Tekercs t\u00edpusa<\/td>\n<td>1,0\u03a9 mesh tekercs<\/td>\n<\/tr>\n<tr>\n<td>Akkumul\u00e1tor<\/td>\n<td>850 mAh \u00fajrat\u00f6lthet\u0151<\/td>\n<\/tr>\n<tr>\n<td>T\u00f6lt\u0151port<\/td>\n<td>C t\u00edpus\u00fa gyorst\u00f6lt\u00e9s<\/td>\n<\/tr>\n<tr>\n<td>L\u00e9g\u00e1raml\u00e1s<\/td>\n<td>\u00c1ll\u00edthat\u00f3<\/td>\n<\/tr>\n<tr>\n<td>Speci\u00e1lis m\u00f3d<\/td>\n<td>Turb\u00f3 m\u00f3d<\/td>\n<\/tr>\n<tr>\n<td>M\u00e9ret<\/td>\n<td>48,5 \u00d7 27 \u00d7 100 mm<\/td>\n<\/tr>\n<tr>\n<td>Csomagol\u00e1s<\/td>\n<td>10 db\/doboz<\/td>\n<\/tr>\n<\/tbody>\n<\/table>\n<h3>Bang Legend Geek 60K el\u00e9rhet\u0151 \u00edzek \ud83c\udf53\ud83c\udf47\ud83c\udf51<\/h3>\n<ul>\n<li><strong>Epres g\u00f6r\u00f6gdinnye<\/strong> \u2013 \u00c9des eper l\u00e9d\u00fas g\u00f6r\u00f6gdinny\u00e9vel keverve<\/li>\n<li><strong>\u00c1fonya j\u00e9g<\/strong> \u2013 Friss \u00e1fonya h\u0171v\u00f6s, jeges fel\u00fclettel<\/li>\n<li><strong>\u00c1fonya m\u00e1lna<\/strong> \u2013 \u00e9des \u00e9s fanyar bogy\u00f3k kiegyens\u00falyozott kever\u00e9ke<\/li>\n<li><strong>Eper kiwi gy\u00fcm\u00f6lcs<\/strong> \u2013 Gy\u00fcm\u00f6lcs\u00f6s \u00e9s friss\u00edt\u0151 tr\u00f3pusi komb\u00f3<\/li>\n<li><strong>Eper ban\u00e1n<\/strong> \u2013 Kr\u00e9mes ban\u00e1n \u00e9rett eper jegyekkel<\/li>\n<li><strong>Sz\u0151l\u0151 j\u00e9g<\/strong> \u2013 Mer\u00e9sz sz\u0151l\u0151\u00edz h\u0171s\u00edt\u0151 mentollal<\/li>\n<li><strong>Epermang\u00f3<\/strong> \u2013 A sima eper tal\u00e1lkozik a l\u00e9d\u00fas mang\u00f3val<\/li>\n<li><strong>Kiwi Szenved\u00e9ly Gy\u00fcm\u00f6lcs Guj\u00e1vafa<\/strong> \u2013 Egzotikus tr\u00f3pusi gy\u00fcm\u00f6lcs\u00f6k robban\u00e1sa<\/li>\n<li><strong>M\u00e1mba k\u00edgy\u00f3<\/strong> \u2013 Candy st\u00edlus\u00fa gy\u00fcm\u00f6lcs\u00f6s \u00e9dess\u00e9g<\/li>\n<li><strong>Szerelem 66<\/strong> \u2013 klasszikus v\u00edzipip\u00e1val ihletett gy\u00fcm\u00f6lcskever\u00e9k<\/li>\n<li><strong>Kevert bogy\u00f3s gy\u00fcm\u00f6lcs\u00f6k<\/strong> \u2013 t\u00f6bbf\u00e9le bogy\u00f3s \u00edz gazdag kever\u00e9ke<\/li>\n<li><strong>Barack j\u00e9g<\/strong> \u2013 l\u00e9d\u00fas \u0151szibarack friss\u00edt\u0151, jeges \u00e9rint\u00e9ssel<\/li>\n<\/ul>\n<h3>T\u00f6k\u00e9letes felhaszn\u00e1l\u00f3k \u00e9s v\u00e1llalkoz\u00e1sok sz\u00e1m\u00e1ra<\/h3>\n<p>A Bang Legend Geek 60K ide\u00e1lis a <strong>s\u00falyos felhaszn\u00e1l\u00f3knak<\/strong>, akik hosszan tart\u00f3 teljes\u00edtm\u00e9nyre v\u00e1gynak, az <strong>\u00edzkeres\u0151knek<\/strong>, akik szeretik az er\u0151s \u00edzt \u00e9s a s\u0171r\u0171 p\u00e1r\u00e1t, valamint a <strong>vape \u00fczletek vagy forgalmaz\u00f3k<\/strong> sz\u00e1m\u00e1ra, akik nagy kereslet\u0171 \u00f6mlesztett eldobhat\u00f3 term\u00e9ket keresnek \ud83d\udcbc. Pr\u00e9mium funkci\u00f3i \u00e9s magas puffad\u00e1si sz\u00e1ma er\u0151s elad\u00f3v\u00e1 teszik a kis- \u00e9s nagykereskedelmi piacokon egyar\u00e1nt.<\/p>\n<h3>A Bang Legend Geek 60K GYIK<\/h3>\n<p><strong>Miben k\u00fcl\u00f6nb\u00f6zik a Bang Legend Geek 60K a norm\u00e1l eldobhat\u00f3 g\u0151z\u00f6l\u0151t\u0151l?<\/strong><br \/>\nA Bang Legend Geek 60K ak\u00e1r 60 000 bef\u00faj\u00e1st, \u00e1ll\u00edthat\u00f3 l\u00e9g\u00e1raml\u00e1st \u00e9s Turb\u00f3 m\u00f3dot k\u00edn\u00e1l, \u00edgy a felhaszn\u00e1l\u00f3k teljes m\u00e9rt\u00e9kben szab\u00e1lyozhatj\u00e1k a sz\u00edv\u00f3er\u0151t, a p\u00e1rakibocs\u00e1t\u00e1st \u00e9s az \u00edzintenzit\u00e1st \u2013 ezek a funkci\u00f3k ritk\u00e1n tal\u00e1lhat\u00f3k meg a szabv\u00e1nyos eldobhat\u00f3 eszk\u00f6z\u00f6kben.<\/p>\n<p><strong>Hogyan m\u0171k\u00f6dik az \u00e1ll\u00edthat\u00f3 l\u00e9g\u00e1raml\u00e1s?<\/strong><br \/>\nA l\u00e9g\u00e1raml\u00e1s szab\u00e1lyoz\u00e1sa lehet\u0151v\u00e9 teszi a felhaszn\u00e1l\u00f3k sz\u00e1m\u00e1ra, hogy v\u00e1ltsanak a sz\u0171k, cigarettaszer\u0171 h\u00faz\u00e1s \u00e9s a laza, leveg\u0151s bel\u00e9gz\u00e9s k\u00f6z\u00f6tt. Ez\u00e1ltal az eszk\u00f6z alkalmas MTL \u00e9s DTL vaping st\u00edlusokhoz is.<\/p>\n<p><strong>Mi az a Turb\u00f3 m\u00f3d, \u00e9s mikor kell haszn\u00e1lni?<\/strong><br \/>\nA Turb\u00f3 m\u00f3d n\u00f6veli a teljes\u00edtm\u00e9nyt az er\u0151sebb tal\u00e1latok \u00e9s a nagyobb felh\u0151k \u00e9rdek\u00e9ben \u26a1. Ide\u00e1lis tapasztalt felhaszn\u00e1l\u00f3knak, er\u0151s g\u0151z\u00f6l\u0151knek, vagy b\u00e1rkinek, aki intenz\u00edvebb \u00edz\u00e9lm\u00e9nyre v\u00e1gyik.<\/p>\n<p><strong>Egyenletes marad az \u00edz ilyen magas puffad\u00e1s eset\u00e9n?<\/strong><br \/>\nIgen \u2705. Az 1,0 \u03a9-os h\u00e1l\u00f3s tekercset \u00e9s a 19 ml-es nagy e-liquid kapacit\u00e1st \u00fagy tervezt\u00e9k, hogy az els\u0151 f\u00faj\u00e1st\u00f3l az utols\u00f3ig sima g\u0151zt \u00e9s gazdag \u00edzt tartson fenn.<\/p>\n<p><strong>Mennyi ideig b\u00edrja az akkumul\u00e1tor, \u00e9s fel lehet-e t\u00f6lteni?<\/strong><br \/>\nA be\u00e9p\u00edtett 850 mAh-s akkumul\u00e1tor teljesen \u00fajrat\u00f6lthet\u0151 Type-C t\u00f6lt\u00e9ssel, \u00edgy biztos\u00edtva, hogy mind a 60 000 f\u00faj\u00e1st \u00e1ramprobl\u00e9ma n\u00e9lk\u00fcl tudja haszn\u00e1lni \ud83d\udd0b.<\/p>\n<p><strong>Megn\u00e9zhetem, hogy mennyi e-liquid maradt?<\/strong><br \/>\nIgen. Az \u00e1tl\u00e1tsz\u00f3 e-liquid ablak lehet\u0151v\u00e9 teszi a felhaszn\u00e1l\u00f3k sz\u00e1m\u00e1ra, hogy k\u00f6nnyen nyomon k\u00f6vess\u00e9k a gy\u00fcm\u00f6lcsl\u00e9 szintj\u00e9t, seg\u00edt megel\u0151zni a sz\u00e1raz \u00fct\u00e9seket, \u00e9s jav\u00edtja az \u00e1ltal\u00e1nos megb\u00edzhat\u00f3s\u00e1got.<\/p>\n<p><strong>Alkalmas ez az eszk\u00f6z kis- \u00e9s nagykeresked\u0151k sz\u00e1m\u00e1ra?<\/strong><br \/>\nAbszol\u00fat \ud83d\udcbc. A nagy kereslet\u0171 funkci\u00f3kkal, 12 n\u00e9pszer\u0171 \u00edzzel \u00e9s dobozonk\u00e9nt 10 db-os csomagol\u00e1ssal a Bang Legend Geek 60K kiv\u00e1l\u00f3 v\u00e1laszt\u00e1s a vape boltok, a forgalmaz\u00f3k \u00e9s a t\u00f6meges v\u00e1s\u00e1rl\u00f3k sz\u00e1m\u00e1ra.<\/p>\n","protected":false},"excerpt":{"rendered":"<p>Bang Legend Geek 60000 60K eldobhat\u00f3 vape \u2013 er\u0151, kontroll \u00e9s kitart\u00e1s A Bang Legend Geek 60000 eldobhat\u00f3 g\u0151z\u00f6l\u0151t azoknak a g\u0151z\u00f6l\u0151knek tervezt\u00e9k, akik maxim\u00e1lis sz\u00edv\u00e1si sz\u00e1mot szeretn\u00e9nek okos testreszab\u00e1ssal. Ak\u00e1r 60 000 bef\u00faj\u00e1ssal, \u00e1ll\u00edthat\u00f3 l\u00e9g\u00e1raml\u00e1ssal \u00e9s exkluz\u00edv Turb\u00f3 \u00fczemm\u00f3ddal ez az eszk\u00f6z er\u0151teljes, m\u00e9gis sima g\u0151z\u00f6l\u00e9st biztos\u00edt az els\u0151 h\u00faz\u00e1st\u00f3l az utols\u00f3ig \ud83d\udca8. A [&hellip;]<\/p>\n","protected":false},"featured_media":6880,"comment_status":"open","ping_status":"closed","template":"","meta":[],"product_brand":[],"product_cat":[346],"product_tag":[1347,1384,1419,1023,1454],"class_list":{"0":"post-21633","1":"product","2":"type-product","3":"status-publish","4":"has-post-thumbnail","6":"product_cat-bang","7":"product_tag-allithato-legaramlasu-vape","8":"product_tag-eldobhato-vape-60000-fujas","9":"product_tag-nagy-kapacitasu-eldobhato-vape","10":"product_tag-omlesztett-eldobhato-vape-nagykereskedelem","11":"product_tag-turbo-uzemmodu-eldobhato-vape","13":"first","14":"instock","15":"shipping-taxable","16":"purchasable","17":"product-type-variable","18":"has-default-attributes"},"tiered_pricing_type":"fixed","tiered_pricing_fixed_rules":{"30":9.07000000000000028421709430404007434844970703125,"50":7.519999999999999573674358543939888477325439453125,"100":7,"200":6.61000000000000031974423109204508364200592041015625,"400":5.8300000000000000710542735760100185871124267578125},"tiered_pricing_product_settings":{"layout":"default","base_unit_name":{"singular":null,"plural":null},"default_variation":null},"tiered_pricing_minimum_quantity":10,"tiered_pricing_roles_data":[],"tiered_pricing_percentage_rules":[],"tiered_pricing_maximum_quantity":null,"tiered_pricing_quantity_step":"10","_links":{"self":[{"href":"https:\/\/stage.jrfer.com\/hu\/wp-json\/wp\/v2\/product\/21633","targetHints":{"allow":["GET"]}}],"collection":[{"href":"https:\/\/stage.jrfer.com\/hu\/wp-json\/wp\/v2\/product"}],"about":[{"href":"https:\/\/stage.jrfer.com\/hu\/wp-json\/wp\/v2\/types\/product"}],"replies":[{"embeddable":true,"href":"https:\/\/stage.jrfer.com\/hu\/wp-json\/wp\/v2\/comments?post=21633"}],"wp:featuredmedia":[{"embeddable":true,"href":"https:\/\/stage.jrfer.com\/hu\/wp-json\/wp\/v2\/media\/6880"}],"wp:attachment":[{"href":"https:\/\/stage.jrfer.com\/hu\/wp-json\/wp\/v2\/media?parent=21633"}],"wp:term":[{"taxonomy":"product_brand","embeddable":true,"href":"https:\/\/stage.jrfer.com\/hu\/wp-json\/wp\/v2\/product_brand?post=21633"},{"taxonomy":"product_cat","embeddable":true,"href":"https:\/\/stage.jrfer.com\/hu\/wp-json\/wp\/v2\/product_cat?post=21633"},{"taxonomy":"product_tag","embeddable":true,"href":"https:\/\/stage.jrfer.com\/hu\/wp-json\/wp\/v2\/product_tag?post=21633"}],"curies":[{"name":"wp","href":"https:\/\/api.w.org\/{rel}","templated":true}]}}