{"id":25436,"date":"2026-03-12T04:24:31","date_gmt":"2026-03-12T04:24:31","guid":{"rendered":"https:\/\/stage.jrfer.com\/product\/bang-legend-110k-110-000-felfujas-56-ml-3-az-1-ben-ultra-hosszu-halos-tekercs-eldobhato-vape\/"},"modified":"2026-04-07T10:33:06","modified_gmt":"2026-04-07T10:33:06","slug":"bang-legend-110k-110000-puffs-56ml-3-in-1-ultra-long-mesh-coil-disposable-vape","status":"publish","type":"product","link":"https:\/\/stage.jrfer.com\/hu\/termek\/bang-legend-110k-110000-puffs-56ml-3-in-1-ultra-long-mesh-coil-disposable-vape\/","title":{"rendered":"Bang Legend 110K | 110 000 felf\u00faj\u00e1s, 56 ml, 3 az 1-ben, ultra hossz\u00fa h\u00e1l\u00f3s tekercs, eldobhat\u00f3 vape"},"content":{"rendered":"<p><!-- \ud83d\ude80 Term\u00e9k megnevez\u00e9se --><\/p>\n<p><!-- \u2b50 R\u00f6vid le\u00edr\u00e1s --><\/p>\n<p><!-- \ud83d\udcd8 Hossz\u00fa le\u00edr\u00e1s --><\/p>\n<h2>Bang Legend 110000 Puff 3 az 1-ben Vape \u2013 Az er\u0151, az \u00edz \u00e9s az \u00e1ll\u00f3k\u00e9pess\u00e9g \u00fajradefini\u00e1l\u00e1sa \u26a1<\/h2>\n<p>L\u00e9pjen be a nagy kapacit\u00e1s\u00fa g\u0151z\u00f6l\u00e9s k\u00f6vetkez\u0151 gener\u00e1ci\u00f3j\u00e1ba a <strong>Bang Legend 110000 Puffs 3-in-1 Vape<\/strong> seg\u00edts\u00e9g\u00e9vel \u2013 egy olyan eszk\u00f6zzel, amelyet olyan felhaszn\u00e1l\u00f3k sz\u00e1m\u00e1ra terveztek, akik nem hajland\u00f3k kompromisszumokat k\u00f6tni. Hatalmas <strong>110K puff \u00e9lettartama<\/strong>, h\u00e1rom \u00edzes\u00edt\u00e9s\u0171 rendszer \u00e9s sima mesh-coil teljes\u00edtm\u00e9nye r\u00e9v\u00e9n ez az \u00e9rt\u00e9kes\u00edt\u00e9s el\u0151tti kiad\u00e1s er\u0151t, \u00edzt \u00e9s k\u00e9nyelmet biztos\u00edt egyetlen eleg\u00e1ns k\u00e9sz\u00fcl\u00e9kben.<\/p>\n<p>A hat\u00e9kony <strong>600 mAh-s \u00fajrat\u00f6lthet\u0151 akkumul\u00e1tor<\/strong>, a <strong>C t\u00edpus\u00fa gyorst\u00f6lt\u00e9s<\/strong> \u00e9s az <strong>1,0 \u03a9 mesh tekercs<\/strong> mer\u00e9sz \u00edzt, egyenletes g\u0151zt \u00e9s hosszan tart\u00f3 haszn\u00e1latot biztos\u00edt \u2013 ide\u00e1lis a kiskereskedelmi \u00fcgyfelek \u00e9s a nagy volumen\u0171 forgalmaz\u00f3k sz\u00e1m\u00e1ra.<\/p>\n<p><!-- \u2b50 Mi\u00e9rt v\u00e1lassza a szakaszt --><\/p>\n<h2>Mi\u00e9rt v\u00e1lassza a Bang Legend 110000 puffant? \ud83d\udca1<\/h2>\n<ul>\n<li>\ud83d\udd25 <strong>\u0150r\u00fclt 110 000 Puff \u00e9lettartama<\/strong> \u2013 haszn\u00e1latt\u00f3l f\u00fcgg\u0151en hetekig vagy ak\u00e1r h\u00f3napokig tart<\/li>\n<li>\ud83c\udfaf <strong>3 az 1-ben h\u00e1rmas \u00edz\u0171 m\u00f3d<\/strong> \u2013 azonnal v\u00e1lthat h\u00e1rom finom \u00edz k\u00f6z\u00f6tt<\/li>\n<li>\ud83d\udca8 <strong>1,0\u03a9 mesh Coil<\/strong> \u2013 sim\u00e1bb g\u0151z, gazdagabb \u00edz \u00e9s jobb l\u00e9g\u00e1raml\u00e1s<\/li>\n<li>\ud83d\udd0b <strong>600 mAh \u00fajrat\u00f6lthet\u0151 akkumul\u00e1tor<\/strong> \u2013 optimaliz\u00e1lt energiahat\u00e9konys\u00e1g<\/li>\n<li>\u26a1 <strong>C t\u00edpus\u00fa gyorst\u00f6lt\u00e9s<\/strong> \u2013 gyorsan t\u00f6ltse fel, \u00e9s t\u00e9rjen vissza a g\u0151z\u00f6l\u00e9shez<\/li>\n<li>\ud83c\udf08 <strong>12 v\u00e1logatott \u00edztri\u00f3<\/strong> kezd\u0151knek \u00e9s \u00edzszak\u00e9rt\u0151knek<\/li>\n<li>\ud83e\uddea <strong>T\u00f6bb nikotin opci\u00f3<\/strong>: 0%, 2%, 3%, 5%<\/li>\n<li>\ud83d\udce6 <strong>Nagykereskedelemre t\u00f6k\u00e9letes<\/strong> \u2013 nagy kereslet\u0171, hossz\u00fa \u00e9lettartam\u00fa eszk\u00f6z, ide\u00e1lis vape boltokhoz<\/li>\n<\/ul>\n<p><!-- \ud83d\udd27 M\u0171szaki adatok --><\/p>\n<h2>A Bang Legend 110K specifik\u00e1ci\u00f3i \ud83d\udcca<\/h2>\n<tbody>\n<tr>\n<td>Puff Count<\/td>\n<td>110 000 f\u00faj\u00e1s<\/td>\n<\/tr>\n<tr>\n<td>\u00cdzrendszer<\/td>\n<td>3 az 1-ben h\u00e1rmas \u00edz\u0171 kapcsol\u00f3<\/td>\n<\/tr>\n<tr>\n<td>E-folyad\u00e9k kapacit\u00e1s<\/td>\n<td>20 ml<\/td>\n<\/tr>\n<tr>\n<td>Akkumul\u00e1tor<\/td>\n<td>600 mAh \u00fajrat\u00f6lthet\u0151<\/td>\n<\/tr>\n<tr>\n<td>T\u00f6lt\u0151port<\/td>\n<td>C t\u00edpus\u00fa<\/td>\n<\/tr>\n<tr>\n<td>Tekercs t\u00edpusa<\/td>\n<td>1,0\u03a9 mesh tekercs<\/td>\n<\/tr>\n<tr>\n<td>Nikotinszint<\/td>\n<td>0%, 2%, 3%, 5%<\/td>\n<\/tr>\n<tr>\n<td>Kiad\u00e1s<\/td>\n<td>Elad\u00e1s el\u0151tti kiad\u00e1s<\/td>\n<\/tr>\n<\/tbody>\n<\/table>\n<p><!-- \ud83c\udf53 \u00cdz szekci\u00f3 --><\/p>\n<h2>Bang Legend 110K \u00edzv\u00e1laszt\u00e9k \u2013 12 h\u00e1rmas \u00edz\u0171 komb\u00f3 \ud83c\udf6d<\/h2>\n<p>Minden komb\u00f3 h\u00e1rom t\u00f6k\u00e9letesen p\u00e1ros\u00edtott \u00edzt tartalmaz, v\u00e9gtelen v\u00e1lt\u00e1si lehet\u0151s\u00e9geket k\u00edn\u00e1lva a 3 az 1-ben kialak\u00edt\u00e1ssal.<\/p>\n<ul>\n<li>\ud83c\udf49 G\u00f6r\u00f6gdinnye j\u00e9g \u2022 \ud83c\udf50 Almak\u00f6rte \u2022 \ud83d\udc8b Szenved\u00e9lyes cs\u00f3k<\/li>\n<li>\ud83e\uded0 \u00c1fonya j\u00e9g \u2022 \ud83c\udf48 s\u00e1rgadinnye alma \u2022 \ud83c\udf4b Lime Romance<\/li>\n<li>\u26a1 Energiaital \u2022 \ud83c\udf4f Alm\u00e1s sz\u0151l\u0151 \u2022 \ud83e\udd6d Mang\u00f3 \u0151szibarack kajszibarack<\/li>\n<li>\ud83c\udf53 Epres mang\u00f3 \u2022 \ud83e\uded0 \u00c1fonya \u0151szibarack \u2022 \ud83c\udf49 G\u00f6r\u00f6gdinnye bogy\u00f3<\/li>\n<li>\ud83e\uded0 \u00c1fony\u00e1s m\u00e1lna \u2022 \ud83d\udc3b Gummy Bear \u2022 \ud83c\udf49 G\u00f6r\u00f6gdinnye Pitaya<\/li>\n<li>\ud83c\udf53 Epres Kiwi \u2022 \ud83d\udc09 Black Dragon Ice \u2022 \ud83c\udf4b Citromos lime<\/li>\n<li>\ud83e\uded0 \u00c1fonya g\u00f6r\u00f6gdinnye \u2022 \ud83c\udf47 Sz\u0151l\u0151j\u00e9g \u2022 \u2744 Fuji Ice<\/li>\n<li>\ud83c\udf53 Eper g\u00f6r\u00f6gdinnye \u2022 \ud83c\udf47 Sz\u0151l\u0151 Szeder \u2022 \ud83c\udf4b Lime Romance<\/li>\n<li>\ud83c\udf4c Eper-ban\u00e1n \u2022 \ud83c\udf51 Barackj\u00e9g \u2022 \ud83c\udf51 G\u00f6r\u00f6gdinnye-savany\u00fa barack<\/li>\n<li>\ud83e\udd6d \u0150szibarack Mang\u00f3 g\u00f6r\u00f6gdinnye \u2022 \ud83e\udd64 Cseresznye k\u00f3la \u2022 \ud83e\udd5d Passion Fruit Kiwi Lime<\/li>\n<li>\ud83c\udf6c G\u00f6r\u00f6gdinnye r\u00e1g\u00f3gumi \u2022 \ud83e\udd5d Kiwi maracuja-guava \u2022 \ud83d\udc0d Mamba<\/li>\n<li>\ud83c\udf53 Bogy\u00f3kever\u00e9k \u2022 \ud83e\udd6d Maracuja Mang\u00f3 \u2022 \u2764\ufe0f Love 66<\/li>\n<\/ul>\n<p><!-- \u2753 GYIK --><\/p>\n<h2>GYIK \u2753<\/h2>\n<p><strong>K: Hogyan v\u00e1lthatok a 3 \u00edz k\u00f6z\u00f6tt?<\/strong><br \/>\nEgyszer\u0171en cs\u00fasztassa vagy forgassa el a be\u00e9p\u00edtett v\u00e1laszt\u00f3t az \u00edzek azonnali megv\u00e1ltoztat\u00e1s\u00e1hoz. Szuper k\u00f6nny\u0171! \ud83d\udd04<\/p>\n<p><strong>K: Az eszk\u00f6z \u00fajrat\u00f6lthet\u0151?<\/strong><br \/>\nIgen! Tartalmaz egy Type-C t\u00f6lt\u0151portot a gyors \u00e9s hat\u00e9kony \u00fajrat\u00f6lt\u00e9s \u00e9rdek\u00e9ben. \u26a1<\/p>\n<p><strong>K: Mennyi ideig tart a 110 000 bef\u00faj\u00e1s?<\/strong><br \/>\nA legt\u00f6bb felhaszn\u00e1l\u00f3 sz\u00e1m\u00e1ra a napi haszn\u00e1latt\u00f3l f\u00fcgg\u0151en t\u00f6bb h\u00e9tt\u0151l h\u00f3napig tart. Nagyon gazdas\u00e1gos! \u23f3<\/p>\n<p><strong>K: J\u00f3 a nagykereskedelemre?<\/strong><br \/>\nAbszol\u00fat \u2013 rendk\u00edv\u00fcl nagy kereslet, hossz\u00fa eltarthat\u00f3s\u00e1g \u00e9s kiv\u00e1l\u00f3 haszonkulcsok. \ud83d\udce6<\/p>\n<p><strong>K: Sziv\u00e1rog?<\/strong><br \/>\nNem. Z\u00e1rt h\u00e1l\u00f3-tekercs szerkezetet haszn\u00e1l a stabil teljes\u00edtm\u00e9ny \u00e9s a sziv\u00e1rg\u00e1s\u00e1ll\u00f3s\u00e1g \u00e9rdek\u00e9ben. \ud83d\udca7\u274c<\/p>\n<p><!-- \ud83c\udfaf K\u00f6vetkeztet\u00e9s --><\/p>\n<h2>T\u00f6k\u00e9letes az er\u0151s felhaszn\u00e1l\u00f3k, az \u00edzek kedvel\u0151i \u00e9s a nagykereskedelmi v\u00e1s\u00e1rl\u00f3k sz\u00e1m\u00e1ra \ud83d\udcbc<\/h2>\n<p>A <strong>Bang Legend 110K 3 az 1-ben eldobhat\u00f3 vape<\/strong> hossz\u00fa haszn\u00e1lathoz, mer\u00e9sz \u00edzekhez \u00e9s maxim\u00e1lis k\u00e9nyelemhez k\u00e9sz\u00fclt. Legyen sz\u00f3 neh\u00e9z g\u0151z\u00f6l\u0151r\u0151l, \u00edzkeres\u0151r\u0151l vagy egy legkeresettebb, nagy kapacit\u00e1s\u00fa modellt keres\u0151 vape boltr\u00f3l, ez az eszk\u00f6z kiemelked\u0151 teljes\u00edtm\u00e9nyt \u00e9s \u00e9rt\u00e9ket biztos\u00edt. \u00c9lvezze a v\u00e9gtelen \u00edzek felfedez\u00e9s\u00e9t \u00e9s az ultrahossz\u00fa \u00e9lettartamot \u2013 mindezt egyetlen nagy teljes\u00edtm\u00e9ny\u0171 k\u00e9sz\u00fcl\u00e9kben. \ud83d\udd25\ud83d\udca8<\/p>\n","protected":false},"excerpt":{"rendered":"<p>Tapasztalja meg az extr\u00e9m kitart\u00e1st \u00e9s a h\u00e1rmas \u00edz\u0171 sz\u00f3rakoz\u00e1st a Bang Legend 110K-val \u2013 amelyet a neh\u00e9z felhaszn\u00e1l\u00f3k, az \u00edzek szerelmesei \u00e9s a nagykereskedelmi v\u00e1s\u00e1rl\u00f3k sz\u00e1m\u00e1ra terveztek. Ultrahossz\u00fa, 110 000 f\u00faj\u00e1s + mesh tekercs + Type-C gyorst\u00f6lt\u00e9s. \ud83d\udca8\u2728<\/p>\n","protected":false},"featured_media":6778,"comment_status":"open","ping_status":"closed","template":"","meta":[],"product_brand":[],"product_cat":[759,346],"product_tag":[2097,2106,2115,2124,1735],"class_list":{"0":"post-25436","1":"product","2":"type-product","3":"status-publish","4":"has-post-thumbnail","6":"product_cat-100k-puffs-eldobhato-vape","7":"product_cat-bang","8":"product_tag-110k-puffs-vape","9":"product_tag-3-az-1-ben-eldobhato-vape","10":"product_tag-bang-legend","11":"product_tag-bang-legend-110000-puff","12":"product_tag-nagykereskedelmi-eldobhato-vape","14":"first","15":"instock","16":"shipping-taxable","17":"purchasable","18":"product-type-variable","19":"has-default-attributes"},"tiered_pricing_type":"fixed","tiered_pricing_fixed_rules":{"30":9.199999999999999289457264239899814128875732421875,"50":7.38999999999999968025576890795491635799407958984375,"100":6.87000000000000010658141036401502788066864013671875,"200":6.480000000000000426325641456060111522674560546875,"400":5.95999999999999996447286321199499070644378662109375},"tiered_pricing_product_settings":{"layout":"default","base_unit_name":{"singular":null,"plural":null},"default_variation":null},"tiered_pricing_minimum_quantity":10,"tiered_pricing_roles_data":[],"tiered_pricing_percentage_rules":[],"tiered_pricing_maximum_quantity":null,"tiered_pricing_quantity_step":"10","_links":{"self":[{"href":"https:\/\/stage.jrfer.com\/hu\/wp-json\/wp\/v2\/product\/25436","targetHints":{"allow":["GET"]}}],"collection":[{"href":"https:\/\/stage.jrfer.com\/hu\/wp-json\/wp\/v2\/product"}],"about":[{"href":"https:\/\/stage.jrfer.com\/hu\/wp-json\/wp\/v2\/types\/product"}],"replies":[{"embeddable":true,"href":"https:\/\/stage.jrfer.com\/hu\/wp-json\/wp\/v2\/comments?post=25436"}],"wp:featuredmedia":[{"embeddable":true,"href":"https:\/\/stage.jrfer.com\/hu\/wp-json\/wp\/v2\/media\/6778"}],"wp:attachment":[{"href":"https:\/\/stage.jrfer.com\/hu\/wp-json\/wp\/v2\/media?parent=25436"}],"wp:term":[{"taxonomy":"product_brand","embeddable":true,"href":"https:\/\/stage.jrfer.com\/hu\/wp-json\/wp\/v2\/product_brand?post=25436"},{"taxonomy":"product_cat","embeddable":true,"href":"https:\/\/stage.jrfer.com\/hu\/wp-json\/wp\/v2\/product_cat?post=25436"},{"taxonomy":"product_tag","embeddable":true,"href":"https:\/\/stage.jrfer.com\/hu\/wp-json\/wp\/v2\/product_tag?post=25436"}],"curies":[{"name":"wp","href":"https:\/\/api.w.org\/{rel}","templated":true}]}}