{"id":33466,"date":"2025-07-07T09:21:14","date_gmt":"2025-07-07T09:21:14","guid":{"rendered":"https:\/\/stage.jrfer.com\/product\/bang-blaze-4-az-1-ben-60000-puff-tobb-izu-kapcsolo-eldobhato-vape-nagykereskedelmi\/"},"modified":"2026-04-07T13:04:53","modified_gmt":"2026-04-07T13:04:53","slug":"bang-blaze-4-in-1-60000","status":"publish","type":"product","link":"https:\/\/stage.jrfer.com\/hu\/termek\/bang-blaze-4-in-1-60000\/","title":{"rendered":"Bang Blaze 4 az 1-ben 60000 Puff | t\u00f6bb \u00edz\u0171 kapcsol\u00f3 eldobhat\u00f3 vape nagykereskedelmi"},"content":{"rendered":"<h2>Mi\u00e9rt v\u00e1lassza a Bang Blaze 4 az 1-ben 60 000 puffant?<\/h2>\n<ul>\n<li><strong>60 000 bef\u00faj\u00e1s:<\/strong> Az extra hossz\u00fa \u00e9lettartam kevesebb cser\u00e9t \u00e9s jobb \u00e9rt\u00e9ket jelent \ud83d\udd25<\/li>\n<li><strong>4 az 1-ben \u00edzkapcsol\u00f3:<\/strong> Azonnal v\u00e1lthat n\u00e9gy egyedi \u00edz k\u00f6z\u00f6tt egy eszk\u00f6zben \ud83c\udf49\ud83c\udf52\ud83c\udf4a<\/li>\n<li><strong>60 ml el\u0151ret\u00f6lt\u00f6tt E-liquid:<\/strong> Hatalmas tart\u00e1ly a hosszabb kezel\u00e9sekhez, ut\u00e1nt\u00f6lt\u00e9s n\u00e9lk\u00fcl \ud83e\udd64<\/li>\n<li><strong>Intelligens digit\u00e1lis kijelz\u0151:<\/strong> val\u00f3s idej\u0171 akkumul\u00e1tor- \u00e9s e-folyad\u00e9kk\u00f6vet\u00e9s \ud83d\udcca<\/li>\n<li><strong>\u00dajrat\u00f6lthet\u0151 akkumul\u00e1tor:<\/strong> A 650 mAh-s Type-C gyorst\u00f6lt\u00e9snek k\u00f6sz\u00f6nhet\u0151en \u00fatk\u00f6zben is \u00e1ram alatt maradhat \u26a1<\/li>\n<li><strong>1,0\u03a9 mesh Coil:<\/strong> Sima g\u0151z, mer\u00e9sz \u00edz \u00e9s egyenletes felh\u0151k \ud83c\udf2c\ufe0f<\/li>\n<li><strong>Nikotin opci\u00f3k:<\/strong> 0%, 2%, 3% vagy 5% -ban kaphat\u00f3, hogy minden ig\u00e9nyt kiel\u00e9g\u00edtsen \ud83d\udcaf<\/li>\n<li><strong>Nagykeresked\u00e9sbar\u00e1t:<\/strong> \u00fczletek, forgalmaz\u00f3k \u00e9s t\u00f6meges v\u00e1s\u00e1rl\u00f3k sz\u00e1m\u00e1ra k\u00e9sz\u00fclt \ud83d\udce6<\/li>\n<\/ul>\n<h3>M\u0171szaki adatok<\/h3>\n<tbody>\n<tr>\n<td><strong>Puff kapacit\u00e1s:<\/strong><\/td>\n<td>Ak\u00e1r 60 000 f\u00faj\u00e1s<\/td>\n<\/tr>\n<tr>\n<td><strong>E-folyad\u00e9k kapacit\u00e1sa:<\/strong><\/td>\n<td>60 ml el\u0151ret\u00f6lt\u00f6tt<\/td>\n<\/tr>\n<tr>\n<td><strong>Akkumul\u00e1tor:<\/strong><\/td>\n<td>650 mAh \u00fajrat\u00f6lthet\u0151 (C t\u00edpus\u00fa gyorst\u00f6lt\u00e9s)<\/td>\n<\/tr>\n<tr>\n<td><strong>Tekercs:<\/strong><\/td>\n<td>1,0\u03a9 mesh tekercs<\/td>\n<\/tr>\n<tr>\n<td><strong>A nikotin er\u0151ss\u00e9gei:<\/strong><\/td>\n<td>0%, 2%, 3%, 5%<\/td>\n<\/tr>\n<tr>\n<td><strong>Kijelz\u0151:<\/strong><\/td>\n<td>Intelligens digit\u00e1lis k\u00e9perny\u0151 (olaj- \u00e9s akkumul\u00e1torszint)<\/td>\n<\/tr>\n<tr>\n<td><strong>\u00cdzek eszk\u00f6z\u00f6nk\u00e9nt:<\/strong><\/td>\n<td>4 \u00edz el\u0151re bet\u00f6ltve (b\u00e1rmikor v\u00e1lthat)<\/td>\n<\/tr>\n<\/tbody>\n<\/table>\n<h3>\u00cdzlehet\u0151s\u00e9gek<\/h3>\n<p>Minden <strong>Bang Blaze 4 az 1-ben<\/strong> eszk\u00f6zh\u00f6z <strong>n\u00e9gy k\u00fcl\u00f6nb\u00f6z\u0151 \u00edz<\/strong> tartozik, \u00edgy soha nem fog unatkozni \ud83c\udf89. \u00cdme a finom komb\u00f3k:<\/p>\n<ul>\n<li><strong>G\u00f6r\u00f6gdinnye j\u00e9g \/ \u00c1fonya menta \/ Fuji J\u00e9g \/ M\u00e9sz Romantika:<\/strong> h\u0171v\u00f6s, gy\u00fcm\u00f6lcs\u00f6s \u00e9s friss\u00edt\u0151 \ud83c\udf49\ud83e\uded0\ud83c\udf4b<\/li>\n<li><strong>G\u00f6r\u00f6gdinnye j\u00e9g \/ \u00c1fonya cseresznye \/ Ny\u00e1ri id\u0151 \/ Savany\u00fa mang\u00f3 anan\u00e1sz:<\/strong> tr\u00f3pusi \u00e9dess\u00e9g savany\u00fa \u00fct\u00e9ssel \ud83c\udfdd\ufe0f<\/li>\n<li><strong>\u00c1fonya j\u00e9g \/ Barack j\u00e9g \/ Sziv\u00e1rv\u00e1ny Cukorka \/ Citromos savany\u00fa narancs:<\/strong> Gy\u00fcm\u00f6lcs\u00f6s, \u00e9des \u00e9s cs\u00edp\u0151s minden egyben \ud83c\udf6c\ud83c\udf51\ud83c\udf4b<\/li>\n<li><strong>\u00c1fonya j\u00e9g \/ \u0151szibarack mang\u00f3 g\u00f6r\u00f6gdinnye \/ szenved\u00e9lycs\u00f3k \/ dinnye alma:<\/strong> l\u00e9d\u00fas egzotikus kever\u00e9kek \ud83c\udf4e\ud83e\udd6d\ud83c\udf49<\/li>\n<li><strong>\u00c1fonya m\u00e1lna \/ vegyes bogy\u00f3 \/ kaliforniai cseresznye \/ golgotagy\u00fcm\u00f6lcs mang\u00f3:<\/strong> Bogy\u00f3s illat tr\u00f3pusi fordulatokkal \ud83e\uded0\ud83c\udf52\ud83e\udd6d<\/li>\n<li><strong>\u00c1fonya M\u00e1lna \/ Sz\u0151l\u0151 j\u00e9g \/ Bogy\u00f3 j\u00e9g \/ Alo\u00e9 Mang\u00f3 dinnye:<\/strong> Friss gy\u00fcm\u00f6lcs jeges simas\u00e1ggal \u2744\ufe0f\ud83c\udf47<\/li>\n<li><strong>Energiaital \/ Eper ban\u00e1n \/ Mang\u00f3 \u0151szibarack s\u00e1rgabarack \/ Szenved\u00e9ly Gy\u00fcm\u00f6lcs Kiwi M\u00e9sz:<\/strong> energiz\u00e1l\u00f3 \u00e9s gy\u00fcm\u00f6lcs\u00f6s \u26a1\ud83c\udf4c\ud83e\udd5d<\/li>\n<li><strong>Energiaital \/ \u00c1fonya g\u00f6r\u00f6gdinnye \/ Savany\u00fa alm\u00e1s m\u00e1lna \/ Gumitartalm\u00fa Medve:<\/strong> Vid\u00e1m, sz\u00e9nsavas \u00e9s cukorkaszer\u0171 \ud83c\udf6c\ud83c\udf4f<\/li>\n<li><strong>Epermang\u00f3 \/ G\u00f6r\u00f6gdinnye r\u00e1g\u00f3gumi \/ Piros Mojito \/ Szerelem 66:<\/strong> Mer\u00e9sz gy\u00fcm\u00f6lcs\u00f6s kever\u00e9kek ment\u00e1s csavarral \ud83c\udf53\ud83c\udf49<\/li>\n<li><strong>Epermang\u00f3 \/ epres kivi \/ alm\u00e1s sz\u0151l\u0151 \/ g\u00f6r\u00f6gdinnye s\u00e1rk\u00e1nygy\u00fcm\u00f6lcs:<\/strong> egzotikus \u00e9dess\u00e9g friss\u00edt\u0151 hangulattal \ud83d\udc09\ud83c\udf47<\/li>\n<li><strong>Epres g\u00f6r\u00f6gdinnye \/ Fekete J\u00e9g \/ Tizenh\u00e1rom s\u00e1rgadinnye \/ \u00c1fonya sz\u0151l\u0151:<\/strong> gy\u00fcm\u00f6lcs\u00f6k \u00e9s jeges h\u0171v\u00f6ss\u00e9g gazdag kever\u00e9ke \u2744\ufe0f\ud83c\udf47<\/li>\n<li><strong>Epres g\u00f6r\u00f6gdinnye \/ Kiwi Szenved\u00e9ly Gy\u00fcm\u00f6lcs Guj\u00e1vafa \/ Mang\u00f3 j\u00e9g \/ G\u00f6r\u00f6gdinnye Savany\u00fa Barack:<\/strong> \u00e9des, cs\u00edp\u0151s \u00e9s tr\u00f3pusi \ud83c\udf51\ud83e\udd6d\ud83e\udd5d<\/li>\n<\/ul>\n<h3>T\u00f6k\u00e9letes neh\u00e9z felhaszn\u00e1l\u00f3k \u00e9s nagykereskedelmi v\u00e1s\u00e1rl\u00f3k sz\u00e1m\u00e1ra<\/h3>\n<p>A <strong>Bang Blaze 4 az 1-ben 60 000 Puffs<\/strong> ide\u00e1lis <strong>\u00edzkeres\u0151knek, er\u0151s g\u0151z\u00f6l\u0151knek, vape boltoknak \u00e9s nagykereskedelmi forgalmaz\u00f3knak<\/strong>. <strong>Hatalmas puffad\u00e1si kapacit\u00e1s\u00e1val, t\u00f6bbf\u00e9le \u00edz\u0171 k\u00e9nyelm\u00e9vel \u00e9s intelligens funkci\u00f3ival<\/strong> ez az eszk\u00f6z p\u00e1ratlan \u00e9rt\u00e9ket \u00e9s v\u00e1s\u00e1rl\u00f3i vonzer\u0151t k\u00edn\u00e1l. \ud83d\udce6\ud83d\udd25<\/p>\n<h3>GYIK<\/h3>\n<ul>\n<li><strong>H\u00e1ny \u00edz van egy eszk\u00f6zben?<\/strong><br \/>\nMinden eszk\u00f6z 4 el\u0151re bet\u00f6lt\u00f6tt \u00edzt tartalmaz, amelyeket b\u00e1rmikor v\u00e1lthat.<\/li>\n<li><strong>\u00dajrat\u00f6lthet\u0151?<\/strong><br \/>\nIgen, 650 mAh-s akkumul\u00e1torral \u00e9s Type-C gyorst\u00f6lt\u00e9ssel.<\/li>\n<li><strong>Mennyi ideig tart?<\/strong><br \/>\nAk\u00e1r 60 000 f\u00faj\u00e1s, a vaping st\u00edlus\u00e1t\u00f3l f\u00fcgg\u0151en.<\/li>\n<li><strong>Milyen er\u0151ss\u00e9g\u0171 nikotin \u00e9rhet\u0151 el?<\/strong><br \/>\nV\u00e1lasszon a 0%, 2%, 3% vagy 5% k\u00f6z\u00fcl az ig\u00e9nyeinek megfelel\u0151en.<\/li>\n<li><strong>Nagykereskedelemre alkalmas?<\/strong><br \/>\nIgen! A t\u00f6meges csomagol\u00e1st \u00e9s a nagy keresletet szem el\u0151tt tartva tervezt\u00e9k \u2013 t\u00f6k\u00e9letes a kiskeresked\u0151k \u00e9s a forgalmaz\u00f3k sz\u00e1m\u00e1ra.<\/li>\n<\/ul>\n","protected":false},"excerpt":{"rendered":"<p>A <strong>Bang Blaze 4 az 1-ben 60 000 Puffs<\/strong> \ud83d\udca8 <strong>hatalmas puffad\u00e1skapacit\u00e1st, 4 az 1-ben \u00edzv\u00e1lt\u00e1st \u00e9s intelligens kijelz\u0151t<\/strong> k\u00edn\u00e1l \u2013 t\u00f6k\u00e9letes a vape boltok, a forgalmaz\u00f3k \u00e9s a nagy teljes\u00edtm\u00e9nyt keres\u0151 felhaszn\u00e1l\u00f3k sz\u00e1m\u00e1ra.<\/p>\n","protected":false},"featured_media":1582,"comment_status":"open","ping_status":"closed","template":"","meta":[],"product_brand":[],"product_cat":[692,346],"product_tag":[],"class_list":{"0":"post-33466","1":"product","2":"type-product","3":"status-publish","4":"has-post-thumbnail","6":"product_cat-60000-puff-eldobhato-vape","7":"product_cat-bang","9":"first","10":"instock","11":"shipping-taxable","12":"purchasable","13":"product-type-variable","14":"has-default-attributes"},"tiered_pricing_type":"fixed","tiered_pricing_fixed_rules":{"30":8.7599999999999997868371792719699442386627197265625,"50":7.53000000000000024868995751603506505489349365234375,"100":6.79000000000000003552713678800500929355621337890625,"200":6.4199999999999999289457264239899814128875732421875,"400":5.86000000000000031974423109204508364200592041015625},"tiered_pricing_product_settings":{"layout":"default","base_unit_name":{"singular":null,"plural":null},"default_variation":null},"tiered_pricing_minimum_quantity":10,"tiered_pricing_roles_data":[],"tiered_pricing_percentage_rules":[],"tiered_pricing_maximum_quantity":null,"tiered_pricing_quantity_step":"10","_links":{"self":[{"href":"https:\/\/stage.jrfer.com\/hu\/wp-json\/wp\/v2\/product\/33466","targetHints":{"allow":["GET"]}}],"collection":[{"href":"https:\/\/stage.jrfer.com\/hu\/wp-json\/wp\/v2\/product"}],"about":[{"href":"https:\/\/stage.jrfer.com\/hu\/wp-json\/wp\/v2\/types\/product"}],"replies":[{"embeddable":true,"href":"https:\/\/stage.jrfer.com\/hu\/wp-json\/wp\/v2\/comments?post=33466"}],"wp:featuredmedia":[{"embeddable":true,"href":"https:\/\/stage.jrfer.com\/hu\/wp-json\/wp\/v2\/media\/1582"}],"wp:attachment":[{"href":"https:\/\/stage.jrfer.com\/hu\/wp-json\/wp\/v2\/media?parent=33466"}],"wp:term":[{"taxonomy":"product_brand","embeddable":true,"href":"https:\/\/stage.jrfer.com\/hu\/wp-json\/wp\/v2\/product_brand?post=33466"},{"taxonomy":"product_cat","embeddable":true,"href":"https:\/\/stage.jrfer.com\/hu\/wp-json\/wp\/v2\/product_cat?post=33466"},{"taxonomy":"product_tag","embeddable":true,"href":"https:\/\/stage.jrfer.com\/hu\/wp-json\/wp\/v2\/product_tag?post=33466"}],"curies":[{"name":"wp","href":"https:\/\/api.w.org\/{rel}","templated":true}]}}